{"id":15631,"date":"2025-11-20T15:10:25","date_gmt":"2025-11-20T14:10:25","guid":{"rendered":"https:\/\/ptm-mechatronics.com\/?post_type=product&#038;p=15631"},"modified":"2025-11-28T11:24:00","modified_gmt":"2025-11-28T10:24:00","slug":"universalmotor-fuer-fasspumpen-850-watt","status":"publish","type":"product","link":"https:\/\/ptm-mechatronics.com\/cs\/product\/universalmotor-fuer-fasspumpen-850-watt\/","title":{"rendered":"Univerz\u00e1ln\u00ed motor pro bubnov\u00e1 \u010derpadla, 850 watt\u016f"},"content":{"rendered":"<h1 data-start=\"196\" data-end=\"275\"><span style=\"font-size: 75%;\">Univerz\u00e1ln\u00ed motor pro bubnov\u00e1 \u010derpadla<br \/>\n<\/span><span style=\"font-size: 75%;\">- Kompaktn\u00ed, v\u00fdkonn\u00fd, v\u0161estrann\u00fd<\/span><\/h1>\n<p data-start=\"277\" data-end=\"588\">Univerz\u00e1ln\u00ed motor je \u00fast\u0159edn\u00edm prvkem pohonu va\u0161eho modul\u00e1rn\u00edho bubnov\u00e9ho \u010derpadla. S v\u00fdkonem 850 W, nap\u011bt\u00edm 230 V p\u0159i 50 Hz a stupn\u011bm kryt\u00ed IP24 nab\u00edz\u00ed motor spolehliv\u00fd v\u00fdkon pro nep\u0159etr\u017eit\u00fd provoz ve v\u00fdrobn\u00edm prost\u0159ed\u00ed.<\/p>\n<p data-start=\"590\" data-end=\"911\">Motor lze montovat a demontovat bez pou\u017eit\u00ed n\u00e1\u0159ad\u00ed, co\u017e nab\u00edz\u00ed maxim\u00e1ln\u00ed flexibilitu p\u0159i manipulaci a \u010di\u0161t\u011bn\u00ed. Je kompatibiln\u00ed se v\u0161emi \u010derpac\u00edmi jednotkami PTM z obchodu a p\u0159esv\u011bd\u010d\u00ed bezpe\u010dn\u00fdm, pohodln\u00fdm a hygienick\u00fdm \u010derp\u00e1n\u00edm \u0161irok\u00e9 \u0161k\u00e1ly kapalin.<\/p>","protected":false},"excerpt":{"rendered":"<p>Univerz\u00e1ln\u00ed motor s v\u00fdkonem 850 W, kompaktn\u00ed pohonn\u00e1 jednotka pro modul\u00e1rn\u00ed bubnov\u00e1 \u010derpadla od spole\u010dnosti PTM mechatronics, kterou lze instalovat bez pou\u017eit\u00ed n\u00e1\u0159ad\u00ed.<\/p>","protected":false},"featured_media":15673,"comment_status":"closed","ping_status":"closed","template":"","meta":{"_acf_changed":false},"product_brand":[],"product_cat":[3206,3224],"product_tag":[],"class_list":{"0":"post-15631","1":"product","2":"type-product","3":"status-publish","4":"has-post-thumbnail","6":"product_cat-pumpentechnik","7":"product_cat-fasspumpen","8":"product_shipping_class-karton-paketversand","9":"pa_leistung-850-watt","10":"pa_schutzart-ip24","11":"pa_spannung-230v","13":"first","14":"instock","15":"taxable","16":"shipping-taxable","17":"purchasable","18":"product-type-simple"},"bundled_by":[],"bundle_stock_status":"instock","bundle_stock_quantity":null,"bundle_virtual":false,"bundle_layout":"","bundle_add_to_cart_form_location":"","bundle_editable_in_cart":false,"bundle_sold_individually_context":"","bundle_item_grouping":"","bundle_min_size":"","bundle_max_size":"","bundle_price":[],"bundled_items":[],"bundle_sell_ids":[],"exclude_global_add_ons":[],"addons":[],"acf":[],"_links":{"self":[{"href":"https:\/\/ptm-mechatronics.com\/cs\/wp-json\/wp\/v2\/product\/15631","targetHints":{"allow":["GET"]}}],"collection":[{"href":"https:\/\/ptm-mechatronics.com\/cs\/wp-json\/wp\/v2\/product"}],"about":[{"href":"https:\/\/ptm-mechatronics.com\/cs\/wp-json\/wp\/v2\/types\/product"}],"replies":[{"embeddable":true,"href":"https:\/\/ptm-mechatronics.com\/cs\/wp-json\/wp\/v2\/comments?post=15631"}],"wp:featuredmedia":[{"embeddable":true,"href":"https:\/\/ptm-mechatronics.com\/cs\/wp-json\/wp\/v2\/media\/15673"}],"wp:attachment":[{"href":"https:\/\/ptm-mechatronics.com\/cs\/wp-json\/wp\/v2\/media?parent=15631"}],"wp:term":[{"taxonomy":"product_brand","embeddable":true,"href":"https:\/\/ptm-mechatronics.com\/cs\/wp-json\/wp\/v2\/product_brand?post=15631"},{"taxonomy":"product_cat","embeddable":true,"href":"https:\/\/ptm-mechatronics.com\/cs\/wp-json\/wp\/v2\/product_cat?post=15631"},{"taxonomy":"product_tag","embeddable":true,"href":"https:\/\/ptm-mechatronics.com\/cs\/wp-json\/wp\/v2\/product_tag?post=15631"}],"curies":[{"name":"wp","href":"https:\/\/api.w.org\/{rel}","templated":true}]}}