{"id":15629,"date":"2025-11-19T12:30:48","date_gmt":"2025-11-19T11:30:48","guid":{"rendered":"https:\/\/ptm-mechatronics.com\/?post_type=product&#038;p=15629"},"modified":"2025-12-03T12:53:28","modified_gmt":"2025-12-03T11:53:28","slug":"fasspumpe-atex","status":"publish","type":"product","link":"https:\/\/ptm-mechatronics.com\/cs\/product\/fasspumpe-atex\/","title":{"rendered":"Bubnov\u00e9 \u010derpadlo ATEX"},"content":{"rendered":"<h1 data-start=\"227\" data-end=\"303\"><span style=\"font-size: 75%;\">Sada bubnov\u00fdch \u010derpadel ATEX<\/span><\/h1>\n<p>Sada sudov\u00fdch \u010derpadel s certifikac\u00ed ATEX je ide\u00e1ln\u00edm \u0159e\u0161en\u00edm pro bezpe\u010dn\u00e9 pln\u011bn\u00ed ho\u0159lav\u00fdch kapalin v prost\u0159ed\u00ed s nebezpe\u010d\u00edm v\u00fdbuchu. Tato sada vybaven\u00e1 v\u00fdkonn\u00fdm motorem Ex (Ex II 2 G EEx de IIC T5, IP54) a robustn\u00ed \u010derpac\u00ed jednotkou (ATEX II 1\/2 G IIB T4) spl\u0148uje nejvy\u0161\u0161\u00ed bezpe\u010dnostn\u00ed po\u017eadavky. Vodiv\u00e1 hadice na rozpou\u0161t\u011bdla DN25 o d\u00e9lce 2 m a odoln\u00e1 mosazn\u00e1\/PTFE tryska \u010derpadla umo\u017e\u0148uj\u00ed bezpe\u010dnou a kontrolovanou dod\u00e1vku. Pot\u0159ebnou ochranu p\u0159ed elektrostatick\u00fdm n\u00e1bojem zaji\u0161\u0165uje tak\u00e9 kabel pro vyrovn\u00e1n\u00ed potenci\u00e1lu.<\/p>\n<p data-start=\"644\" data-end=\"1136\">Speci\u00e1ln\u00ed funkce: Motor lze bez pou\u017eit\u00ed n\u00e1\u0159ad\u00ed odd\u011blit od \u010derpac\u00ed stanice a p\u0159ipojit k jin\u00fdm \u010derpac\u00edm stanic\u00edm. To znamen\u00e1, \u017ee jeden motor lze flexibiln\u011b pou\u017e\u00edvat s n\u011bkolika \u010derpac\u00edmi stanicemi. Dal\u0161\u00ed komponenty jsou k dispozici tak\u00e9 samostatn\u011b v obchod\u011b - pro maxim\u00e1ln\u00ed modularitu a p\u0159izp\u016fsobivost.<\/p>\n<p data-start=\"644\" data-end=\"1136\">Sou\u010d\u00e1sti sady:<\/p>\n<ul>\n<li>Univerz\u00e1ln\u00ed motor Ex II 2 G EEx de IIC T5, 230V o. USP, 50 Hz, 700W<\/li>\n<li>\u010cerpac\u00ed agreg\u00e1t ATEX II 1\/2 G IIB T4, nerezov\u00e1 ocel bez t\u011bsn\u011bn\u00ed, axi\u00e1ln\u00ed, h\u0159\u00eddel z nerezov\u00e9 oceli (nerezov\u00e1 ocel)<\/li>\n<li>2 m hadice na rozpou\u0161t\u011bdla DN25<\/li>\n<li>2x mosazn\u00e9 hadicov\u00e9 spojky 1 1\/4\u2033<\/li>\n<li>D\u00e1vkovac\u00ed tryska mosaz\/PTFE<\/li>\n<li>Potenci\u00e1ln\u00ed vyrovn\u00e1vac\u00ed kabel<\/li>\n<\/ul>","protected":false},"excerpt":{"rendered":"<p>Sada sudov\u00fdch \u010derpadel pro bezpe\u010dn\u00e9 pln\u011bn\u00ed z\u0159ed\u011bn\u00fdch kyselin a louh\u016f - pln\u011b vybaven\u00e1 a p\u0159ipraven\u00e1 k okam\u017eit\u00e9mu pou\u017eit\u00ed.<\/p>","protected":false},"featured_media":15705,"comment_status":"closed","ping_status":"closed","template":"","meta":{"_acf_changed":false},"product_brand":[],"product_cat":[3206,3224],"product_tag":[3229,3230,3231,3232,3233,3234,3235,3226,3227,3228],"class_list":{"0":"post-15629","1":"product","2":"type-product","3":"status-publish","4":"has-post-thumbnail","6":"product_cat-pumpentechnik","7":"product_cat-fasspumpen","8":"product_tag-fasspumpenset-bs1","9":"product_tag-fasspumpe-verduennte-saeuren","10":"product_tag-fasspumpe-laugen","11":"product_tag-chemiepumpe-set","12":"product_tag-pp-fasspumpensystem","13":"product_tag-edelstahlwelle-fasspumpe","14":"product_tag-zapfpistole-fpm","15":"product_tag-fasspumpe-set","16":"product_tag-fasspumpen-komplettset","17":"product_tag-labor-fasspumpe","18":"product_shipping_class-karton-paketversand","19":"pa_atex-motor-ex-ii-2-g-eex-de-iic-t5","20":"pa_foerderleistung-max-100-l-min","21":"pa_leistung-700-watt","22":"pa_material-ptfe","23":"pa_material-messing","24":"pa_material-edelstahl","25":"pa_schutzart-ip54","27":"first","28":"instock","29":"taxable","30":"shipping-taxable","31":"purchasable","32":"product-type-simple"},"bundled_by":[],"bundle_stock_status":"instock","bundle_stock_quantity":null,"bundle_virtual":false,"bundle_layout":"","bundle_add_to_cart_form_location":"","bundle_editable_in_cart":false,"bundle_sold_individually_context":"","bundle_item_grouping":"","bundle_min_size":"","bundle_max_size":"","bundle_price":[],"bundled_items":[],"bundle_sell_ids":[],"exclude_global_add_ons":[],"addons":[],"acf":[],"_links":{"self":[{"href":"https:\/\/ptm-mechatronics.com\/cs\/wp-json\/wp\/v2\/product\/15629","targetHints":{"allow":["GET"]}}],"collection":[{"href":"https:\/\/ptm-mechatronics.com\/cs\/wp-json\/wp\/v2\/product"}],"about":[{"href":"https:\/\/ptm-mechatronics.com\/cs\/wp-json\/wp\/v2\/types\/product"}],"replies":[{"embeddable":true,"href":"https:\/\/ptm-mechatronics.com\/cs\/wp-json\/wp\/v2\/comments?post=15629"}],"wp:featuredmedia":[{"embeddable":true,"href":"https:\/\/ptm-mechatronics.com\/cs\/wp-json\/wp\/v2\/media\/15705"}],"wp:attachment":[{"href":"https:\/\/ptm-mechatronics.com\/cs\/wp-json\/wp\/v2\/media?parent=15629"}],"wp:term":[{"taxonomy":"product_brand","embeddable":true,"href":"https:\/\/ptm-mechatronics.com\/cs\/wp-json\/wp\/v2\/product_brand?post=15629"},{"taxonomy":"product_cat","embeddable":true,"href":"https:\/\/ptm-mechatronics.com\/cs\/wp-json\/wp\/v2\/product_cat?post=15629"},{"taxonomy":"product_tag","embeddable":true,"href":"https:\/\/ptm-mechatronics.com\/cs\/wp-json\/wp\/v2\/product_tag?post=15629"}],"curies":[{"name":"wp","href":"https:\/\/api.w.org\/{rel}","templated":true}]}}