{"id":15628,"date":"2025-11-18T15:03:55","date_gmt":"2025-11-18T14:03:55","guid":{"rendered":"https:\/\/ptm-mechatronics.com\/?post_type=product&#038;p=15628"},"modified":"2025-12-03T12:54:30","modified_gmt":"2025-12-03T11:54:30","slug":"fasspumpe-fuer-oel-neutrale-fluessigkeiten","status":"publish","type":"product","link":"https:\/\/ptm-mechatronics.com\/cs\/product\/fasspumpe-fuer-oel-neutrale-fluessigkeiten\/","title":{"rendered":"Bubnov\u00e9 \u010derpadlo na olej a neutr\u00e1ln\u00ed kapaliny"},"content":{"rendered":"<h1 data-start=\"227\" data-end=\"303\"><span style=\"font-size: 75%;\">Sada bubnov\u00fdch \u010derpadel na olej a neutr\u00e1ln\u00ed kapaliny, p\u0159ipraven\u00e1 k okam\u017eit\u00e9mu pou\u017eit\u00ed<\/span><\/h1>\n<p data-start=\"716\" data-end=\"1056\">Sada sudov\u00fdch \u010derpadel na olej je praktick\u00fdm kompletn\u00edm \u0159e\u0161en\u00edm pro jednoduch\u00e9 a bezpe\u010dn\u00e9 pln\u011bn\u00ed oleje a neutr\u00e1ln\u00edch kapalin v pr\u016fmyslov\u00e9m odv\u011btv\u00ed. D\u00edky robustn\u00edmu elektromotoru a odoln\u00e9 \u010derpac\u00ed jednotce je sada ide\u00e1ln\u00ed pro ka\u017edodenn\u00ed pou\u017eit\u00ed. D\u00edky 2 m dlouh\u00e9 hadici z PVC vyztu\u017een\u00e9 tkaninou (DN25) a kvalitn\u00ed hlin\u00edkov\u00e9 v\u00fddejn\u00ed trysce lze rychle a kontrolovan\u011b plnit i v\u011bt\u0161\u00ed mno\u017estv\u00ed. P\u0159ilo\u017een\u00fd adapt\u00e9r na sud a n\u00e1st\u011bnn\u00fd dr\u017e\u00e1k zaji\u0161\u0165uj\u00ed jednoduchou a prostorov\u011b \u00faspornou instalaci.<\/p>\n<p data-start=\"716\" data-end=\"1056\">Speci\u00e1ln\u00ed funkce: Motor lze bez pou\u017eit\u00ed n\u00e1\u0159ad\u00ed odd\u011blit od \u010derpac\u00ed stanice a p\u0159ipojit k jin\u00fdm \u010derpac\u00edm stanic\u00edm. To znamen\u00e1, \u017ee jeden motor lze flexibiln\u011b pou\u017e\u00edvat s n\u011bkolika \u010derpac\u00edmi stanicemi. Dal\u0161\u00ed komponenty jsou k dispozici tak\u00e9 samostatn\u011b v obchod\u011b - pro maxim\u00e1ln\u00ed modularitu a p\u0159izp\u016fsobivost.<\/p>\n<p data-start=\"644\" data-end=\"1136\">Sou\u010d\u00e1sti sady:<\/p>\n<ul>\n<li>Univerz\u00e1ln\u00ed motor 230V, 50Hz, 4,5 A, 850W, IP24<\/li>\n<li>\u010cerpac\u00ed agreg\u00e1t hlin\u00edkov\u00fd bez t\u011bsn\u011bn\u00ed, axi\u00e1ln\u00ed, h\u0159\u00eddel z nerezov\u00e9 oceli (Niro)<\/li>\n<li>2 m hadice z PVC DN25<\/li>\n<li>Hadicov\u00e1 spojka hlin\u00edkov\u00e1 DN25<\/li>\n<li>2x hadicov\u00e9 svorky z nerezov\u00e9 oceli<\/li>\n<li>D\u00e1vkovac\u00ed tryska hlin\u00edkov\u00e1 DN25<\/li>\n<li>Adapt\u00e9r na hlave\u0148 PP<\/li>\n<li>N\u00e1st\u011bnn\u00fd dr\u017e\u00e1k<\/li>\n<\/ul>","protected":false},"excerpt":{"rendered":"<p>Sada \u010derpadel do sud\u016f na olej pro bezpe\u010dn\u00e9 pln\u011bn\u00ed olej\u016f a neutr\u00e1ln\u00edch kapalin, p\u0159ipraven\u00e1 k okam\u017eit\u00e9mu pou\u017eit\u00ed.<\/p>","protected":false},"featured_media":15658,"comment_status":"closed","ping_status":"closed","template":"","meta":{"_acf_changed":false},"product_brand":[],"product_cat":[3206,3224],"product_tag":[],"class_list":{"0":"post-15628","1":"product","2":"type-product","3":"status-publish","4":"has-post-thumbnail","6":"product_cat-pumpentechnik","7":"product_cat-fasspumpen","8":"product_shipping_class-karton-paketversand","9":"pa_dichtung-fep","10":"pa_foerderleistung-50-80-l-min","11":"pa_leistung-850-watt","12":"pa_material-edelstahl","13":"pa_material-polypropylen-pp","14":"pa_material-alu","15":"pa_schutzart-ip24","16":"pa_spannung-230v","18":"first","19":"instock","20":"taxable","21":"shipping-taxable","22":"purchasable","23":"product-type-simple"},"bundled_by":[],"bundle_stock_status":"instock","bundle_stock_quantity":null,"bundle_virtual":false,"bundle_layout":"","bundle_add_to_cart_form_location":"","bundle_editable_in_cart":false,"bundle_sold_individually_context":"","bundle_item_grouping":"","bundle_min_size":"","bundle_max_size":"","bundle_price":[],"bundled_items":[],"bundle_sell_ids":[],"exclude_global_add_ons":[],"addons":[],"acf":[],"_links":{"self":[{"href":"https:\/\/ptm-mechatronics.com\/cs\/wp-json\/wp\/v2\/product\/15628","targetHints":{"allow":["GET"]}}],"collection":[{"href":"https:\/\/ptm-mechatronics.com\/cs\/wp-json\/wp\/v2\/product"}],"about":[{"href":"https:\/\/ptm-mechatronics.com\/cs\/wp-json\/wp\/v2\/types\/product"}],"replies":[{"embeddable":true,"href":"https:\/\/ptm-mechatronics.com\/cs\/wp-json\/wp\/v2\/comments?post=15628"}],"wp:featuredmedia":[{"embeddable":true,"href":"https:\/\/ptm-mechatronics.com\/cs\/wp-json\/wp\/v2\/media\/15658"}],"wp:attachment":[{"href":"https:\/\/ptm-mechatronics.com\/cs\/wp-json\/wp\/v2\/media?parent=15628"}],"wp:term":[{"taxonomy":"product_brand","embeddable":true,"href":"https:\/\/ptm-mechatronics.com\/cs\/wp-json\/wp\/v2\/product_brand?post=15628"},{"taxonomy":"product_cat","embeddable":true,"href":"https:\/\/ptm-mechatronics.com\/cs\/wp-json\/wp\/v2\/product_cat?post=15628"},{"taxonomy":"product_tag","embeddable":true,"href":"https:\/\/ptm-mechatronics.com\/cs\/wp-json\/wp\/v2\/product_tag?post=15628"}],"curies":[{"name":"wp","href":"https:\/\/api.w.org\/{rel}","templated":true}]}}