{"id":15627,"date":"2025-11-18T10:24:39","date_gmt":"2025-11-18T09:24:39","guid":{"rendered":"https:\/\/ptm-mechatronics.com\/?post_type=product&#038;p=15627"},"modified":"2025-12-03T12:55:20","modified_gmt":"2025-12-03T11:55:20","slug":"fasspumpe-fuer-chemikalien","status":"publish","type":"product","link":"https:\/\/ptm-mechatronics.com\/cs\/product\/fasspumpe-fuer-chemikalien\/","title":{"rendered":"Bubnov\u00e9 \u010derpadlo na chemik\u00e1lie"},"content":{"rendered":"<h1 data-start=\"227\" data-end=\"303\"><span style=\"font-size: 75%;\">Sada bubnov\u00fdch \u010derpadel na chemik\u00e1lie, p\u0159ipraven\u00e1 k okam\u017eit\u00e9mu pou\u017eit\u00ed<\/span><\/h1>\n<p data-start=\"272\" data-end=\"714\">Tato sada sudov\u00fdch \u010derpadel je ide\u00e1ln\u00edm kompletn\u00edm \u0159e\u0161en\u00edm pro bezpe\u010dnou manipulaci s agresivn\u00edmi chemik\u00e1liemi. Obsahuje v\u00fdkonn\u00fd elektromotor a chemicky odolnou \u010derpac\u00ed jednotku s vysoce kvalitn\u00ed h\u0159\u00eddel\u00ed Hastelloy C. D\u00edky tomu je sada ide\u00e1ln\u00ed pro pln\u011bn\u00ed vysoce korozivn\u00edch kyselin, louh\u016f a dal\u0161\u00edch agresivn\u00edch m\u00e9di\u00ed - jak v laborato\u0159i, tak v pr\u016fmyslov\u00e9m odv\u011btv\u00ed.<\/p>\n<p data-start=\"716\" data-end=\"1056\">Univerz\u00e1ln\u00ed chemick\u00e1 hadice o d\u00e9lce 2 m (DN25) se dv\u011bma PVDF hadicov\u00fdmi spojkami zaji\u0161\u0165uje bezpe\u010dn\u00e9 a t\u011bsn\u00e9 spojen\u00ed. Integrovan\u00e1 d\u00e1vkovac\u00ed tryska z PVDF s t\u011bsn\u011bn\u00edm FEP zaji\u0161\u0165uje p\u0159esn\u00e9 d\u00e1vkov\u00e1n\u00ed i u citliv\u00fdch m\u00e9di\u00ed. D\u00edky adapt\u00e9ru na sud a n\u00e1st\u011bnn\u00e9mu dr\u017e\u00e1ku lze sadu pou\u017e\u00edvat flexibiln\u011b a prostorov\u011b \u00fasporn\u011b.<\/p>\n<p data-start=\"716\" data-end=\"1056\">Speci\u00e1ln\u00ed funkce: Motor lze bez pou\u017eit\u00ed n\u00e1\u0159ad\u00ed odd\u011blit od \u010derpac\u00ed stanice a p\u0159ipojit k jin\u00fdm \u010derpac\u00edm stanic\u00edm. To znamen\u00e1, \u017ee jeden motor lze flexibiln\u011b pou\u017e\u00edvat s n\u011bkolika \u010derpac\u00edmi stanicemi. Dal\u0161\u00ed komponenty jsou k dispozici tak\u00e9 samostatn\u011b v obchod\u011b - pro maxim\u00e1ln\u00ed modularitu a p\u0159izp\u016fsobivost.<\/p>\n<p data-start=\"644\" data-end=\"1136\">Sou\u010d\u00e1sti sady:<\/p>\n<ul>\n<li>Univerz\u00e1ln\u00ed motor 230V, 50Hz, 4,5 A, 850W, IP24<\/li>\n<li>Bezucp\u00e1vkov\u00e1 \u010derpac\u00ed stanice, axi\u00e1ln\u00ed, <span class=\"T286Pc\" data-sfc-cp=\"\" data-complete=\"true\">Polyvinylidenfluorid (PVDF)<\/span>, Hastelloyova h\u0159\u00eddel (HC)<\/li>\n<li>2 m univerz\u00e1ln\u00ed hadice na chemik\u00e1lie DN25<\/li>\n<li>2x hadicov\u00e1 spojka PVDF DN25<\/li>\n<li>2x hadicov\u00e9 svorky z nerezov\u00e9 oceli<\/li>\n<li>D\u00e1vkovac\u00ed tryska PVDF\/FEP 1 \u00bc\u201c<\/li>\n<li>Adapt\u00e9r na hlave\u0148 PP<\/li>\n<li>N\u00e1st\u011bnn\u00fd dr\u017e\u00e1k<\/li>\n<\/ul>","protected":false},"excerpt":{"rendered":"<p>Sada \u010derpadel do sud\u016f pro bezpe\u010dn\u00e9 pln\u011bn\u00ed chemik\u00e1li\u00ed - pln\u011b vybaven\u00e1 a p\u0159ipraven\u00e1 k okam\u017eit\u00e9mu pou\u017eit\u00ed.<\/p>","protected":false},"featured_media":15657,"comment_status":"closed","ping_status":"closed","template":"","meta":{"_acf_changed":false},"product_brand":[],"product_cat":[3206,3224],"product_tag":[3251,3252,3253,3254,3255,3227,3248,3249,3250],"class_list":{"0":"post-15627","1":"product","2":"type-product","3":"status-publish","4":"has-post-thumbnail","6":"product_cat-pumpentechnik","7":"product_cat-fasspumpen","8":"product_tag-hastelloy-c-pumpwerk","9":"product_tag-zapfpistole-pvdf-fep","10":"product_tag-schlauch-dn25-chemie","11":"product_tag-fasspumpe-aggressiv","12":"product_tag-pumpwerk-dl-pvdf-hc","13":"product_tag-fasspumpen-komplettset","14":"product_tag-chemie-fasspumpe","15":"product_tag-fasspumpen-set-chemikalien","16":"product_tag-pvdf-pumpe","17":"product_shipping_class-karton-paketversand","18":"pa_dichtung-fep","19":"pa_foerderleistung-50-80-l-min","20":"pa_leistung-850-watt","21":"pa_material-hastelloy-c","22":"pa_material-polyvinylidenfluorid-pvdf","23":"pa_material-edelstahl","24":"pa_material-polypropylen-pp","25":"pa_schutzart-ip24","26":"pa_spannung-230v","28":"first","29":"instock","30":"taxable","31":"shipping-taxable","32":"purchasable","33":"product-type-simple"},"bundled_by":[],"bundle_stock_status":"instock","bundle_stock_quantity":null,"bundle_virtual":false,"bundle_layout":"","bundle_add_to_cart_form_location":"","bundle_editable_in_cart":false,"bundle_sold_individually_context":"","bundle_item_grouping":"","bundle_min_size":"","bundle_max_size":"","bundle_price":[],"bundled_items":[],"bundle_sell_ids":[],"exclude_global_add_ons":[],"addons":[],"acf":[],"_links":{"self":[{"href":"https:\/\/ptm-mechatronics.com\/cs\/wp-json\/wp\/v2\/product\/15627","targetHints":{"allow":["GET"]}}],"collection":[{"href":"https:\/\/ptm-mechatronics.com\/cs\/wp-json\/wp\/v2\/product"}],"about":[{"href":"https:\/\/ptm-mechatronics.com\/cs\/wp-json\/wp\/v2\/types\/product"}],"replies":[{"embeddable":true,"href":"https:\/\/ptm-mechatronics.com\/cs\/wp-json\/wp\/v2\/comments?post=15627"}],"wp:featuredmedia":[{"embeddable":true,"href":"https:\/\/ptm-mechatronics.com\/cs\/wp-json\/wp\/v2\/media\/15657"}],"wp:attachment":[{"href":"https:\/\/ptm-mechatronics.com\/cs\/wp-json\/wp\/v2\/media?parent=15627"}],"wp:term":[{"taxonomy":"product_brand","embeddable":true,"href":"https:\/\/ptm-mechatronics.com\/cs\/wp-json\/wp\/v2\/product_brand?post=15627"},{"taxonomy":"product_cat","embeddable":true,"href":"https:\/\/ptm-mechatronics.com\/cs\/wp-json\/wp\/v2\/product_cat?post=15627"},{"taxonomy":"product_tag","embeddable":true,"href":"https:\/\/ptm-mechatronics.com\/cs\/wp-json\/wp\/v2\/product_tag?post=15627"}],"curies":[{"name":"wp","href":"https:\/\/api.w.org\/{rel}","templated":true}]}}