{"id":15626,"date":"2025-11-18T10:02:52","date_gmt":"2025-11-18T09:02:52","guid":{"rendered":"https:\/\/ptm-mechatronics.com\/?post_type=product&#038;p=15626"},"modified":"2026-01-12T10:10:59","modified_gmt":"2026-01-12T09:10:59","slug":"fasspumpe-fuer-konzentrierte-saeuren-laugen","status":"publish","type":"product","link":"https:\/\/ptm-mechatronics.com\/cs\/product\/fasspumpe-fuer-konzentrierte-saeuren-laugen\/","title":{"rendered":"Bubnov\u00e9 \u010derpadlo pro koncentrovan\u00e9 kyseliny a z\u00e1sady"},"content":{"rendered":"<h1 data-start=\"227\" data-end=\"303\"><span style=\"font-size: 75%;\">Sada bubnov\u00fdch \u010derpadel pro koncentrovan\u00e9 kyseliny a z\u00e1sady, p\u0159ipraven\u00e1 k okam\u017eit\u00e9mu pou\u017eit\u00ed<\/span><\/h1>\n<p data-start=\"269\" data-end=\"557\">Kompletn\u00ed sada bubnov\u00fdch \u010derpadel byla speci\u00e1ln\u011b navr\u017eena pro bezpe\u010dn\u00e9 a pohodln\u00e9 \u010derp\u00e1n\u00ed koncentrovan\u00fdch kyselin a louh\u016f. D\u00edky v\u00fdkonn\u00e9mu elektromotoru, \u010derpac\u00ed jednotce a rozs\u00e1hl\u00e9mu p\u0159\u00edslu\u0161enstv\u00ed lze sadu okam\u017eit\u011b pou\u017e\u00edt - ide\u00e1ln\u00ed pro pou\u017eit\u00ed v laborato\u0159\u00edch, ve v\u00fdrob\u011b nebo v d\u00edln\u00e1ch.<\/p>\n<p data-start=\"559\" data-end=\"1126\">Chemicky odoln\u00e1 \u010derpac\u00ed jednotka z polypropylenu (PP) je vybavena h\u0159\u00eddel\u00ed Hastelloy C a je ide\u00e1ln\u00ed pro \u0161irokou \u0161k\u00e1lu m\u00e9di\u00ed - od m\u00edrn\u011b agresivn\u00edch chemik\u00e1li\u00ed a\u017e po n\u00e1ro\u010dn\u011bj\u0161\u00ed kapaliny. Vyztu\u017een\u00e1 hadice z PVC o pr\u016fm\u011bru 25 mm s PP hadicovou spojkou zaji\u0161\u0165uje spolehliv\u00fd pr\u016ftok. D\u00e1vkovac\u00ed tryska s t\u011bsn\u011bn\u00edm FPM a komponenty z materi\u00e1lu Hastelloy C zaji\u0161\u0165uje kontrolovan\u00e9 a bezpe\u010dn\u00e9 pln\u011bn\u00ed. D\u00edky adapt\u00e9ru na sud a n\u00e1st\u011bnn\u00e9mu dr\u017e\u00e1ku lze \u010derpadlo pou\u017e\u00edvat flexibiln\u011b a prostorov\u011b \u00fasporn\u011b.<\/p>\n<p data-start=\"559\" data-end=\"1126\">Speci\u00e1ln\u00ed funkce: Motor lze bez pou\u017eit\u00ed n\u00e1\u0159ad\u00ed odd\u011blit od \u010derpac\u00ed stanice a p\u0159ipojit k jin\u00fdm \u010derpac\u00edm stanic\u00edm. To znamen\u00e1, \u017ee jeden motor lze flexibiln\u011b pou\u017e\u00edvat s n\u011bkolika \u010derpac\u00edmi stanicemi. Dal\u0161\u00ed komponenty jsou k dispozici tak\u00e9 samostatn\u011b v obchod\u011b - pro maxim\u00e1ln\u00ed modularitu a p\u0159izp\u016fsobivost.<\/p>\n<p data-start=\"644\" data-end=\"1136\">Sou\u010d\u00e1sti sady:<\/p>\n<ul>\n<li data-start=\"644\" data-end=\"1136\">Univerz\u00e1ln\u00ed motor 230V, 50Hz, 4,5 A, 850W, IP24<\/li>\n<li>Bezucp\u00e1vkov\u00e1 \u010derpac\u00ed jednotka, radi\u00e1ln\u00ed, polypropylen, h\u0159\u00eddel Hastelloy (HC)<\/li>\n<li>Vyztu\u017een\u00e1 hadice z PVC, 2 m, DN25<\/li>\n<li>Hadicov\u00e1 spojka PP, DN25<\/li>\n<li>2x hadicov\u00e9 svorky z nerezov\u00e9 oceli<\/li>\n<li>D\u00e1vkovac\u00ed tryska PP\/FPM\/Hastelloy-C, DN25<\/li>\n<li>Adapt\u00e9r na hlave\u0148 PP<\/li>\n<li>N\u00e1st\u011bnn\u00fd dr\u017e\u00e1k<\/li>\n<\/ul>","protected":false},"excerpt":{"rendered":"<p>Sada sudov\u00fdch \u010derpadel pro bezpe\u010dn\u00e9 pln\u011bn\u00ed koncentrovan\u00fdch kyselin a louh\u016f - pln\u011b vybaven\u00e1 a p\u0159ipraven\u00e1 k okam\u017eit\u00e9mu pou\u017eit\u00ed.<\/p>","protected":false},"featured_media":15656,"comment_status":"closed","ping_status":"closed","template":"","meta":{"_acf_changed":false},"product_brand":[],"product_cat":[3206,3224],"product_tag":[3244,3236,3237,3238,3239,3240,3241,3242,3243],"class_list":{"0":"post-15626","1":"product","2":"type-product","3":"status-publish","4":"has-post-thumbnail","6":"product_cat-pumpentechnik","7":"product_cat-fasspumpen","8":"product_tag-fasspumpe-chemikalienbestaendig","9":"product_tag-fasspumpen-set","10":"product_tag-chemiepumpe-komplettset","11":"product_tag-fasspumpe-mit-hastelloy","12":"product_tag-zapfpistole-fpm-hc","13":"product_tag-motor-p400-a-230","14":"product_tag-pumpwerk-dl-pp-r-hc","15":"product_tag-pvc-schlauch-dn25","16":"product_tag-fassadapter-pp","17":"product_shipping_class-karton-paketversand","18":"pa_dichtung-fpm","19":"pa_foerderleistung-50-80-l-min","20":"pa_leistung-850-watt","21":"pa_material-hastelloy-c","22":"pa_material-edelstahl","23":"pa_material-polypropylen-pp","24":"pa_material-pvc","25":"pa_schutzart-ip24","26":"pa_spannung-230v","28":"first","29":"instock","30":"taxable","31":"shipping-taxable","32":"purchasable","33":"product-type-simple"},"bundled_by":[],"bundle_stock_status":"instock","bundle_stock_quantity":null,"bundle_virtual":false,"bundle_layout":"","bundle_add_to_cart_form_location":"","bundle_editable_in_cart":false,"bundle_sold_individually_context":"","bundle_item_grouping":"","bundle_min_size":"","bundle_max_size":"","bundle_price":[],"bundled_items":[],"bundle_sell_ids":[],"exclude_global_add_ons":[],"addons":[],"acf":[],"_links":{"self":[{"href":"https:\/\/ptm-mechatronics.com\/cs\/wp-json\/wp\/v2\/product\/15626","targetHints":{"allow":["GET"]}}],"collection":[{"href":"https:\/\/ptm-mechatronics.com\/cs\/wp-json\/wp\/v2\/product"}],"about":[{"href":"https:\/\/ptm-mechatronics.com\/cs\/wp-json\/wp\/v2\/types\/product"}],"replies":[{"embeddable":true,"href":"https:\/\/ptm-mechatronics.com\/cs\/wp-json\/wp\/v2\/comments?post=15626"}],"wp:featuredmedia":[{"embeddable":true,"href":"https:\/\/ptm-mechatronics.com\/cs\/wp-json\/wp\/v2\/media\/15656"}],"wp:attachment":[{"href":"https:\/\/ptm-mechatronics.com\/cs\/wp-json\/wp\/v2\/media?parent=15626"}],"wp:term":[{"taxonomy":"product_brand","embeddable":true,"href":"https:\/\/ptm-mechatronics.com\/cs\/wp-json\/wp\/v2\/product_brand?post=15626"},{"taxonomy":"product_cat","embeddable":true,"href":"https:\/\/ptm-mechatronics.com\/cs\/wp-json\/wp\/v2\/product_cat?post=15626"},{"taxonomy":"product_tag","embeddable":true,"href":"https:\/\/ptm-mechatronics.com\/cs\/wp-json\/wp\/v2\/product_tag?post=15626"}],"curies":[{"name":"wp","href":"https:\/\/api.w.org\/{rel}","templated":true}]}}