{"id":15621,"date":"2025-11-26T11:55:40","date_gmt":"2025-11-26T10:55:40","guid":{"rendered":"https:\/\/ptm-mechatronics.com\/?post_type=product&#038;p=15621"},"modified":"2025-12-03T12:48:27","modified_gmt":"2025-12-03T11:48:27","slug":"fasspumpe-fuer-verduennte-saeuren-laugen","status":"publish","type":"product","link":"https:\/\/ptm-mechatronics.com\/cs\/product\/fasspumpe-fuer-verduennte-saeuren-laugen\/","title":{"rendered":"Bubnov\u00e9 \u010derpadlo pro z\u0159ed\u011bn\u00e9 kyseliny a z\u00e1sady"},"content":{"rendered":"<h1 data-start=\"227\" data-end=\"303\"><span style=\"font-size: 75%;\">Sada bubnov\u00fdch \u010derpadel pro z\u0159ed\u011bn\u00e9 kyseliny a z\u00e1sady, p\u0159ipraven\u00e1 k okam\u017eit\u00e9mu pou\u017eit\u00ed<\/span><\/h1>\n<p data-start=\"305\" data-end=\"642\">Kompletn\u00ed sada bubnov\u00fdch \u010derpadel byla speci\u00e1ln\u011b navr\u017eena pro bezpe\u010dn\u00e9 a pohodln\u00e9 \u010derp\u00e1n\u00ed z\u0159ed\u011bn\u00fdch kyselin a louh\u016f. D\u00edky v\u00fdkonn\u00e9mu elektromotoru, \u010derpac\u00ed jednotce a rozs\u00e1hl\u00e9mu p\u0159\u00edslu\u0161enstv\u00ed lze sadu okam\u017eit\u011b pou\u017e\u00edt - ide\u00e1ln\u00ed pro pou\u017eit\u00ed v laborato\u0159\u00edch, v\u00fdrob\u011b nebo d\u00edln\u00e1ch.<\/p>\n<p data-start=\"644\" data-end=\"1136\">\u010cerpadlov\u00e1 jednotka je vyrobena z chemicky odoln\u00e9ho polypropylenu (PP) s hnac\u00ed h\u0159\u00eddel\u00ed z nerezov\u00e9 oceli, tak\u017ee je obzvl\u00e1\u0161t\u011b odoln\u00e1. Dod\u00e1van\u00e1 zes\u00edlen\u00e1 hadice z PVC (2 m, DN19) s hadicovou spojkou a hadicov\u00fdmi svorkami z nerezov\u00e9 oceli zaru\u010duje bezpe\u010dn\u00e9 a t\u011bsn\u00e9 spojen\u00ed. D\u00e1vkovac\u00ed tryska z PP s t\u011bsn\u011bn\u00edm FPM a komponenty z nerezov\u00e9 oceli zaji\u0161\u0165uje pohodln\u00e9 d\u00e1vkov\u00e1n\u00ed. Sadu dopl\u0148uje adapt\u00e9r na sud z PP a praktick\u00fd n\u00e1st\u011bnn\u00fd dr\u017e\u00e1k.<\/p>\n<p data-start=\"644\" data-end=\"1136\">Speci\u00e1ln\u00ed funkce: Motor lze bez pou\u017eit\u00ed n\u00e1\u0159ad\u00ed odd\u011blit od \u010derpac\u00ed stanice a p\u0159ipojit k jin\u00fdm \u010derpac\u00edm stanic\u00edm. To znamen\u00e1, \u017ee jeden motor lze flexibiln\u011b pou\u017e\u00edvat s n\u011bkolika \u010derpac\u00edmi stanicemi. Dal\u0161\u00ed komponenty jsou k dispozici tak\u00e9 samostatn\u011b v obchod\u011b - pro maxim\u00e1ln\u00ed modularitu a p\u0159izp\u016fsobivost.<\/p>\n<p data-start=\"644\" data-end=\"1136\">Sou\u010d\u00e1sti sady:<\/p>\n<ul>\n<li>Univerz\u00e1ln\u00ed motor 230V, 50Hz, 2,5 A, 520W, IP24<\/li>\n<li>Bezucp\u00e1vkov\u00e1 \u010derpac\u00ed jednotka, axi\u00e1ln\u00ed, polypropylen, h\u0159\u00eddel z nerezov\u00e9 oceli (Niro)<\/li>\n<li>Vyztu\u017een\u00e1 hadice z PVC, 2 m, DN19<\/li>\n<li>Hadicov\u00e1 spojka PP, DN19<\/li>\n<li>2x hadicov\u00e9 svorky z nerezov\u00e9 oceli<\/li>\n<li>D\u00e1vkovac\u00ed tryska PP\/FPM\/Niro<\/li>\n<li>Adapt\u00e9r na hlave\u0148 PP<\/li>\n<li>N\u00e1st\u011bnn\u00fd dr\u017e\u00e1k<\/li>\n<\/ul>","protected":false},"excerpt":{"rendered":"<p>Sada sudov\u00fdch \u010derpadel pro bezpe\u010dn\u00e9 pln\u011bn\u00ed z\u0159ed\u011bn\u00fdch kyselin a louh\u016f - pln\u011b vybaven\u00e1 a p\u0159ipraven\u00e1 k okam\u017eit\u00e9mu pou\u017eit\u00ed.<\/p>","protected":false},"featured_media":15655,"comment_status":"closed","ping_status":"closed","template":"","meta":{"_acf_changed":false},"product_brand":[],"product_cat":[3206,3224],"product_tag":[3235,3226,3227,3228,3229,3230,3231,3232,3233,3234],"class_list":{"0":"post-15621","1":"product","2":"type-product","3":"status-publish","4":"has-post-thumbnail","6":"product_cat-pumpentechnik","7":"product_cat-fasspumpen","8":"product_tag-zapfpistole-fpm","9":"product_tag-fasspumpe-set","10":"product_tag-fasspumpen-komplettset","11":"product_tag-labor-fasspumpe","12":"product_tag-fasspumpenset-bs1","13":"product_tag-fasspumpe-verduennte-saeuren","14":"product_tag-fasspumpe-laugen","15":"product_tag-chemiepumpe-set","16":"product_tag-pp-fasspumpensystem","17":"product_tag-edelstahlwelle-fasspumpe","18":"product_shipping_class-karton-paketversand","19":"pa_dichtung-fpm","20":"pa_foerderleistung-30-50-l-min","21":"pa_leistung-520-watt","22":"pa_material-edelstahl","23":"pa_material-polypropylen-pp","24":"pa_material-pvc","25":"pa_schutzart-ip24","26":"pa_spannung-230v","28":"first","29":"instock","30":"taxable","31":"shipping-taxable","32":"purchasable","33":"product-type-simple"},"bundled_by":[],"bundle_stock_status":"instock","bundle_stock_quantity":null,"bundle_virtual":false,"bundle_layout":"","bundle_add_to_cart_form_location":"","bundle_editable_in_cart":false,"bundle_sold_individually_context":"","bundle_item_grouping":"","bundle_min_size":"","bundle_max_size":"","bundle_price":[],"bundled_items":[],"bundle_sell_ids":[],"exclude_global_add_ons":[],"addons":[],"acf":[],"_links":{"self":[{"href":"https:\/\/ptm-mechatronics.com\/cs\/wp-json\/wp\/v2\/product\/15621","targetHints":{"allow":["GET"]}}],"collection":[{"href":"https:\/\/ptm-mechatronics.com\/cs\/wp-json\/wp\/v2\/product"}],"about":[{"href":"https:\/\/ptm-mechatronics.com\/cs\/wp-json\/wp\/v2\/types\/product"}],"replies":[{"embeddable":true,"href":"https:\/\/ptm-mechatronics.com\/cs\/wp-json\/wp\/v2\/comments?post=15621"}],"wp:featuredmedia":[{"embeddable":true,"href":"https:\/\/ptm-mechatronics.com\/cs\/wp-json\/wp\/v2\/media\/15655"}],"wp:attachment":[{"href":"https:\/\/ptm-mechatronics.com\/cs\/wp-json\/wp\/v2\/media?parent=15621"}],"wp:term":[{"taxonomy":"product_brand","embeddable":true,"href":"https:\/\/ptm-mechatronics.com\/cs\/wp-json\/wp\/v2\/product_brand?post=15621"},{"taxonomy":"product_cat","embeddable":true,"href":"https:\/\/ptm-mechatronics.com\/cs\/wp-json\/wp\/v2\/product_cat?post=15621"},{"taxonomy":"product_tag","embeddable":true,"href":"https:\/\/ptm-mechatronics.com\/cs\/wp-json\/wp\/v2\/product_tag?post=15621"}],"curies":[{"name":"wp","href":"https:\/\/api.w.org\/{rel}","templated":true}]}}