{"id":15619,"date":"2025-11-17T08:28:49","date_gmt":"2025-11-17T07:28:49","guid":{"rendered":"https:\/\/ptm-mechatronics.com\/?post_type=product&#038;p=15619"},"modified":"2026-03-09T11:09:36","modified_gmt":"2026-03-09T10:09:36","slug":"pumpwerk-fuer-faesser","status":"publish","type":"product","link":"https:\/\/ptm-mechatronics.com\/cs\/product\/pumpwerk-fuer-faesser\/","title":{"rendered":"\u010cerpac\u00ed stanice pro sudy"},"content":{"rendered":"<p data-start=\"332\" data-end=\"703\">\u010cerpac\u00ed jednotka o d\u00e9lce 700 mm je dokonal\u00fdm roz\u0161\u00ed\u0159en\u00edm va\u0161eho modul\u00e1rn\u00edho laboratorn\u00edho \u010derpadla pro mal\u00e9 n\u00e1doby a kanystry. Je ide\u00e1ln\u00ed pro pln\u011bn\u00ed \u0161irok\u00e9 \u0161k\u00e1ly kapalin v laboratorn\u00edm a v\u00fdrobn\u00edm prost\u0159ed\u00ed - a\u0165 u\u017e jde o chemik\u00e1lie, vodu nebo jin\u00e1 m\u00e9dia. D\u00edky vysoce kvalitn\u00edm materi\u00e1l\u016fm je \u010derpac\u00ed jednotka mimo\u0159\u00e1dn\u011b robustn\u00ed a odoln\u00e1.<\/p>\n<p data-start=\"705\" data-end=\"1074\">Modul\u00e1rn\u00ed konstrukce umo\u017e\u0148uje snadnou instalaci vhodn\u00e9ho elektromotoru bez pou\u017eit\u00ed n\u00e1\u0159ad\u00ed, kter\u00fd je k dispozici samostatn\u011b. Sac\u00ed potrub\u00ed je vyrobeno z chemicky odoln\u00e9ho polypropylenu (PP), hnac\u00ed h\u0159\u00eddel je vyrobena z robustn\u00ed nerezov\u00e9 oceli a t\u011bsn\u011bn\u00ed je vyrobeno z FKM (Viton). Dod\u00e1van\u00e9 vypou\u0161t\u011bc\u00ed koleno z PP zaji\u0161\u0165uje \u010dist\u00e9 vypou\u0161t\u011bn\u00ed do c\u00edlov\u00e9 n\u00e1doby.<\/p>\n<p data-start=\"1076\" data-end=\"1237\">\u010cerpac\u00ed jednotka je kompatibiln\u00ed se syst\u00e9mem laboratorn\u00edch \u010derpadel PTM mechatronics a umo\u017e\u0148uje rychlou v\u00fdm\u011bnu pro r\u016fzn\u00e9 aplikace nebo m\u00e9dia.<\/p>","protected":false},"excerpt":{"rendered":"<p>700 mm dlouh\u00e1 \u010derpac\u00ed jednotka pro modul\u00e1rn\u00ed dopln\u011bn\u00ed laboratorn\u00edch \u010derpadel PTM, chemicky odoln\u00e9 materi\u00e1ly a mont\u00e1\u017e motoru bez pou\u017eit\u00ed n\u00e1\u0159ad\u00ed.<\/p>","protected":false},"featured_media":15883,"comment_status":"closed","ping_status":"closed","template":"","meta":{"_acf_changed":false},"product_brand":[],"product_cat":[3206,3215],"product_tag":[],"class_list":{"0":"post-15619","1":"product","2":"type-product","3":"status-publish","4":"has-post-thumbnail","6":"product_cat-pumpentechnik","7":"product_cat-laborpumpen","8":"product_shipping_class-karton-paketversand","9":"pa_dichtung-fkm","10":"pa_laenge-700mm","11":"pa_material-edelstahl","12":"pa_material-polypropylen-pp","14":"first","15":"instock","16":"taxable","17":"shipping-taxable","18":"purchasable","19":"product-type-simple"},"bundled_by":[],"bundle_stock_status":"instock","bundle_stock_quantity":null,"bundle_virtual":false,"bundle_layout":"","bundle_add_to_cart_form_location":"","bundle_editable_in_cart":false,"bundle_sold_individually_context":"","bundle_item_grouping":"","bundle_min_size":"","bundle_max_size":"","bundle_price":[],"bundled_items":[],"bundle_sell_ids":[],"exclude_global_add_ons":[],"addons":[],"acf":[],"_links":{"self":[{"href":"https:\/\/ptm-mechatronics.com\/cs\/wp-json\/wp\/v2\/product\/15619","targetHints":{"allow":["GET"]}}],"collection":[{"href":"https:\/\/ptm-mechatronics.com\/cs\/wp-json\/wp\/v2\/product"}],"about":[{"href":"https:\/\/ptm-mechatronics.com\/cs\/wp-json\/wp\/v2\/types\/product"}],"replies":[{"embeddable":true,"href":"https:\/\/ptm-mechatronics.com\/cs\/wp-json\/wp\/v2\/comments?post=15619"}],"wp:featuredmedia":[{"embeddable":true,"href":"https:\/\/ptm-mechatronics.com\/cs\/wp-json\/wp\/v2\/media\/15883"}],"wp:attachment":[{"href":"https:\/\/ptm-mechatronics.com\/cs\/wp-json\/wp\/v2\/media?parent=15619"}],"wp:term":[{"taxonomy":"product_brand","embeddable":true,"href":"https:\/\/ptm-mechatronics.com\/cs\/wp-json\/wp\/v2\/product_brand?post=15619"},{"taxonomy":"product_cat","embeddable":true,"href":"https:\/\/ptm-mechatronics.com\/cs\/wp-json\/wp\/v2\/product_cat?post=15619"},{"taxonomy":"product_tag","embeddable":true,"href":"https:\/\/ptm-mechatronics.com\/cs\/wp-json\/wp\/v2\/product_tag?post=15619"}],"curies":[{"name":"wp","href":"https:\/\/api.w.org\/{rel}","templated":true}]}}