{"id":15618,"date":"2025-11-14T13:52:53","date_gmt":"2025-11-14T12:52:53","guid":{"rendered":"https:\/\/ptm-mechatronics.com\/?post_type=product&#038;p=15618"},"modified":"2026-03-09T11:10:03","modified_gmt":"2026-03-09T10:10:03","slug":"laborpumpe-fuer-ibc-container","status":"publish","type":"product","link":"https:\/\/ptm-mechatronics.com\/cs\/product\/laborpumpe-fuer-ibc-container\/","title":{"rendered":"Laboratorn\u00ed \u010derpadlo pro kontejnery IBC"},"content":{"rendered":"<p data-start=\"344\" data-end=\"712\">Toto elektrick\u00e9 laboratorn\u00ed \u010derpadlo pro IBC kontejnery je ide\u00e1ln\u00edm \u0159e\u0161en\u00edm pro \u010dist\u00e9 a efektivn\u00ed pln\u011bn\u00ed \u0161irok\u00e9 \u0161k\u00e1ly kapalin v laborato\u0159i nebo ve v\u00fdrob\u011b. Na rozd\u00edl od klasick\u00fdch ru\u010dn\u00edch \u010derpadel pracuje tento model s v\u00fdkonn\u00fdm 130wattov\u00fdm elektromotorem, kter\u00fd zaru\u010duje konstantn\u00ed rychlost v\u00fddeje a pohodlnou manipulaci.<\/p>\n<p data-start=\"714\" data-end=\"1003\">Speci\u00e1ln\u00ed funkce: Motor lze bez pou\u017eit\u00ed n\u00e1\u0159ad\u00ed odd\u011blit od \u010derpac\u00ed stanice a p\u0159ipojit k jin\u00fdm \u010derpac\u00edm stanic\u00edm. To znamen\u00e1, \u017ee jeden motor lze flexibiln\u011b pou\u017e\u00edvat s n\u011bkolika \u010derpac\u00edmi stanicemi. Dal\u0161\u00ed komponenty jsou k dispozici tak\u00e9 samostatn\u011b v obchod\u011b - pro maxim\u00e1ln\u00ed modularitu a p\u0159izp\u016fsobivost.<\/p>\n<h4 data-start=\"1005\" data-end=\"1038\">Slo\u017eky sady:<\/h4>\n<ul>\n<li data-start=\"1041\" data-end=\"1064\">\u010cerpac\u00ed stanice (1000 mm)<\/li>\n<li data-start=\"1041\" data-end=\"1064\">Sac\u00ed potrub\u00ed z PP (polypropylenu)<\/li>\n<li data-start=\"1106\" data-end=\"1139\">Hnac\u00ed h\u0159\u00eddel z nerezov\u00e9 oceli<\/li>\n<li data-start=\"1142\" data-end=\"1172\">T\u011bsn\u011bn\u00ed z FKM (Viton)<\/li>\n<li data-start=\"1175\" data-end=\"1212\">Elektrick\u00fd motor s v\u00fdkonem 130 W<\/li>\n<li data-start=\"1215\" data-end=\"1233\">V\u00fdstupn\u00ed ohyb<\/li>\n<li data-start=\"1236\" data-end=\"1289\">PP z\u00e1tka pro otvory n\u00e1dob 40-58 mm<\/li>\n<\/ul>\n<p data-start=\"1291\" data-end=\"1464\">Sada zaujme snadn\u00fdm \u010di\u0161t\u011bn\u00edm, trvanlivost\u00ed a odolnost\u00ed v\u016f\u010di chemik\u00e1li\u00edm.<\/p>","protected":false},"excerpt":{"rendered":"<p>Elektrick\u00e9 laboratorn\u00ed \u010derpadlo jako kompletn\u00ed sada s motorem, \u010derpac\u00ed jednotkou a p\u0159\u00edslu\u0161enstv\u00edm pro kontejnery IBC, p\u0159estaviteln\u00e9 bez pou\u017eit\u00ed n\u00e1\u0159ad\u00ed, modul\u00e1rn\u00ed konstrukce.<\/p>","protected":false},"featured_media":15892,"comment_status":"closed","ping_status":"closed","template":"","meta":{"_acf_changed":false},"product_brand":[],"product_cat":[3215,3206],"product_tag":[],"class_list":{"0":"post-15618","1":"product","2":"type-product","3":"status-publish","4":"has-post-thumbnail","6":"product_cat-laborpumpen","7":"product_cat-pumpentechnik","8":"product_shipping_class-karton-paketversand","9":"pa_dichtung-fkm","10":"pa_foerderleistung-0-30-l-min","11":"pa_laenge-1000mm","12":"pa_leistung-130-watt","13":"pa_material-edelstahl","14":"pa_material-polypropylen-pp","16":"first","17":"instock","18":"taxable","19":"shipping-taxable","20":"purchasable","21":"product-type-simple"},"bundled_by":[],"bundle_stock_status":"instock","bundle_stock_quantity":null,"bundle_virtual":false,"bundle_layout":"","bundle_add_to_cart_form_location":"","bundle_editable_in_cart":false,"bundle_sold_individually_context":"","bundle_item_grouping":"","bundle_min_size":"","bundle_max_size":"","bundle_price":[],"bundled_items":[],"bundle_sell_ids":[],"exclude_global_add_ons":[],"addons":[],"acf":[],"_links":{"self":[{"href":"https:\/\/ptm-mechatronics.com\/cs\/wp-json\/wp\/v2\/product\/15618","targetHints":{"allow":["GET"]}}],"collection":[{"href":"https:\/\/ptm-mechatronics.com\/cs\/wp-json\/wp\/v2\/product"}],"about":[{"href":"https:\/\/ptm-mechatronics.com\/cs\/wp-json\/wp\/v2\/types\/product"}],"replies":[{"embeddable":true,"href":"https:\/\/ptm-mechatronics.com\/cs\/wp-json\/wp\/v2\/comments?post=15618"}],"wp:featuredmedia":[{"embeddable":true,"href":"https:\/\/ptm-mechatronics.com\/cs\/wp-json\/wp\/v2\/media\/15892"}],"wp:attachment":[{"href":"https:\/\/ptm-mechatronics.com\/cs\/wp-json\/wp\/v2\/media?parent=15618"}],"wp:term":[{"taxonomy":"product_brand","embeddable":true,"href":"https:\/\/ptm-mechatronics.com\/cs\/wp-json\/wp\/v2\/product_brand?post=15618"},{"taxonomy":"product_cat","embeddable":true,"href":"https:\/\/ptm-mechatronics.com\/cs\/wp-json\/wp\/v2\/product_cat?post=15618"},{"taxonomy":"product_tag","embeddable":true,"href":"https:\/\/ptm-mechatronics.com\/cs\/wp-json\/wp\/v2\/product_tag?post=15618"}],"curies":[{"name":"wp","href":"https:\/\/api.w.org\/{rel}","templated":true}]}}