{"id":15608,"date":"2025-11-14T09:16:10","date_gmt":"2025-11-14T08:16:10","guid":{"rendered":"https:\/\/ptm-mechatronics.com\/?post_type=product&#038;p=15608"},"modified":"2025-12-15T12:41:09","modified_gmt":"2025-12-15T11:41:09","slug":"haltestopfen","status":"publish","type":"product","link":"https:\/\/ptm-mechatronics.com\/cs\/product\/haltestopfen\/","title":{"rendered":"Upev\u0148ovac\u00ed z\u00e1tka"},"content":{"rendered":"<h1 data-start=\"172\" data-end=\"234\"><span style=\"font-size: 75%;\">P\u0159\u00eddr\u017en\u00e1 z\u00e1tka z PP<br \/>\n- Stabiln\u00ed, ku\u017eelovit\u00fd, flexibiln\u00ed p\u0159i pou\u017eit\u00ed<\/span><\/h1>\n<p data-start=\"236\" data-end=\"579\">Ku\u017eelov\u00e1 z\u00e1tka z robustn\u00edho polypropylenu (PP) slou\u017e\u00ed k bezpe\u010dn\u00e9mu um\u00edst\u011bn\u00ed laboratorn\u00ed pumpy v mal\u00fdch n\u00e1dob\u00e1ch a kanystrech. D\u00edky sv\u00e9mu flexibiln\u00edmu pr\u016fm\u011bru je vhodn\u00e1 pro otvory n\u00e1dob od 40 do 58 mm a d\u00edky sv\u00e9mu k\u00f3nick\u00e9mu tvaru se spolehliv\u011b p\u0159izp\u016fsob\u00ed r\u016fzn\u00fdm otvor\u016fm n\u00e1dob.<\/p>\n<p data-start=\"581\" data-end=\"850\">Chemicky odoln\u00fd materi\u00e1l PP zaji\u0161\u0165uje dlouhou \u017eivotnost a vysokou odolnost v\u016f\u010di agresivn\u00edm m\u00e9di\u00edm. Z\u00e1tka se rychle nasazuje a snadno \u010dist\u00ed - ide\u00e1ln\u00ed pro \u010dasto se m\u011bn\u00edc\u00ed aplikace v laborato\u0159\u00edch a v\u00fdrobn\u00edch provozech.<\/p>","protected":false},"excerpt":{"rendered":"<p>Ku\u017eelov\u00e1 PP z\u00e1tka pro laboratorn\u00ed \u010derpadla s otvory n\u00e1dob od 40 do 58 mm, pro stabiln\u00ed vycentrov\u00e1n\u00ed.<\/p>","protected":false},"featured_media":15885,"comment_status":"closed","ping_status":"closed","template":"","meta":{"_acf_changed":false},"product_brand":[],"product_cat":[3215,3206],"product_tag":[],"class_list":{"0":"post-15608","1":"product","2":"type-product","3":"status-publish","4":"has-post-thumbnail","6":"product_cat-laborpumpen","7":"product_cat-pumpentechnik","8":"product_shipping_class-karton-paketversand","9":"pa_material-polypropylen-pp","11":"first","12":"instock","13":"taxable","14":"shipping-taxable","15":"purchasable","16":"product-type-simple"},"bundled_by":[],"bundle_stock_status":"instock","bundle_stock_quantity":null,"bundle_virtual":false,"bundle_layout":"","bundle_add_to_cart_form_location":"","bundle_editable_in_cart":false,"bundle_sold_individually_context":"","bundle_item_grouping":"","bundle_min_size":"","bundle_max_size":"","bundle_price":[],"bundled_items":[],"bundle_sell_ids":[],"exclude_global_add_ons":[],"addons":[],"acf":[],"_links":{"self":[{"href":"https:\/\/ptm-mechatronics.com\/cs\/wp-json\/wp\/v2\/product\/15608","targetHints":{"allow":["GET"]}}],"collection":[{"href":"https:\/\/ptm-mechatronics.com\/cs\/wp-json\/wp\/v2\/product"}],"about":[{"href":"https:\/\/ptm-mechatronics.com\/cs\/wp-json\/wp\/v2\/types\/product"}],"replies":[{"embeddable":true,"href":"https:\/\/ptm-mechatronics.com\/cs\/wp-json\/wp\/v2\/comments?post=15608"}],"wp:featuredmedia":[{"embeddable":true,"href":"https:\/\/ptm-mechatronics.com\/cs\/wp-json\/wp\/v2\/media\/15885"}],"wp:attachment":[{"href":"https:\/\/ptm-mechatronics.com\/cs\/wp-json\/wp\/v2\/media?parent=15608"}],"wp:term":[{"taxonomy":"product_brand","embeddable":true,"href":"https:\/\/ptm-mechatronics.com\/cs\/wp-json\/wp\/v2\/product_brand?post=15608"},{"taxonomy":"product_cat","embeddable":true,"href":"https:\/\/ptm-mechatronics.com\/cs\/wp-json\/wp\/v2\/product_cat?post=15608"},{"taxonomy":"product_tag","embeddable":true,"href":"https:\/\/ptm-mechatronics.com\/cs\/wp-json\/wp\/v2\/product_tag?post=15608"}],"curies":[{"name":"wp","href":"https:\/\/api.w.org\/{rel}","templated":true}]}}