{"id":15607,"date":"2025-11-13T13:24:45","date_gmt":"2025-11-13T12:24:45","guid":{"rendered":"https:\/\/ptm-mechatronics.com\/?post_type=product&#038;p=15607"},"modified":"2025-12-15T12:40:27","modified_gmt":"2025-12-15T11:40:27","slug":"auslaufbogen-fuer-laborpumpen","status":"publish","type":"product","link":"https:\/\/ptm-mechatronics.com\/cs\/product\/auslaufbogen-fuer-laborpumpen\/","title":{"rendered":"V\u00fdstupn\u00ed koleno pro laboratorn\u00ed \u010derpadla"},"content":{"rendered":"<h1><span style=\"font-size: 75%;\">V\u00fdstupn\u00ed ohyb 250 mm z PP<br \/>\n- Robustn\u00ed, p\u0159esn\u00e9 ulo\u017een\u00ed, odoln\u00e9 v\u016f\u010di chemik\u00e1li\u00edm<\/span><\/h1>\n<p data-start=\"253\" data-end=\"600\">V\u00fdstupn\u00ed koleno o d\u00e9lce 25 cm z polypropylenu (PP) je ide\u00e1ln\u00edm dopl\u0148kem modul\u00e1rn\u00edch laboratorn\u00edch \u010derpadel PTM pro mal\u00e9 n\u00e1doby a kanystry. V\u00fdstupn\u00ed koleno s p\u0159ipojovac\u00edm pr\u016fm\u011brem DN 19 a vn\u011bj\u0161\u00edm z\u00e1vitem 3\/4\u2033 zaji\u0161\u0165uje kontrolovan\u00fd a \u010dist\u00fd odtok kapaliny - bez kap\u00e1n\u00ed a rozst\u0159ikov\u00e1n\u00ed.<\/p>\n<p data-start=\"602\" data-end=\"912\">Chemicky odoln\u00fd materi\u00e1l PP (polypropylen) je obzvl\u00e1\u0161t\u011b odoln\u00fd v\u016f\u010di mnoha agresivn\u00edm m\u00e9di\u00edm, a proto je vhodn\u00fd pro \u0159adu aplikac\u00ed v laboratorn\u00edm a v\u00fdrobn\u00edm prost\u0159ed\u00ed. V\u00fdstupn\u00ed koleno lze snadno p\u0159ipojit k \u010derpac\u00ed jednotce a v p\u0159\u00edpad\u011b pot\u0159eby vym\u011bnit bez pou\u017eit\u00ed n\u00e1\u0159ad\u00ed.<\/p>","protected":false},"excerpt":{"rendered":"<p>25 cm dlouh\u00e9 v\u00fdtokov\u00e9 koleno z chemicky odoln\u00e9ho PP s DN 19 a 3\/4\u2033 z\u00e1vitem pro \u010dist\u00e9 a bezpe\u010dn\u00e9 pln\u011bn\u00ed laboratorn\u00edmi \u010derpadly PTM.<\/p>","protected":false},"featured_media":15884,"comment_status":"closed","ping_status":"closed","template":"","meta":{"_acf_changed":false},"product_brand":[],"product_cat":[3206,3215],"product_tag":[],"class_list":{"0":"post-15607","1":"product","2":"type-product","3":"status-publish","4":"has-post-thumbnail","6":"product_cat-pumpentechnik","7":"product_cat-laborpumpen","8":"product_shipping_class-karton-paketversand","9":"pa_laenge-250mm","10":"pa_material-polypropylen-pp","12":"first","13":"instock","14":"taxable","15":"shipping-taxable","16":"purchasable","17":"product-type-simple"},"bundled_by":[],"bundle_stock_status":"instock","bundle_stock_quantity":1,"bundle_virtual":false,"bundle_layout":"","bundle_add_to_cart_form_location":"","bundle_editable_in_cart":false,"bundle_sold_individually_context":"","bundle_item_grouping":"","bundle_min_size":"","bundle_max_size":"","bundle_price":[],"bundled_items":[],"bundle_sell_ids":[],"exclude_global_add_ons":[],"addons":[],"acf":[],"_links":{"self":[{"href":"https:\/\/ptm-mechatronics.com\/cs\/wp-json\/wp\/v2\/product\/15607","targetHints":{"allow":["GET"]}}],"collection":[{"href":"https:\/\/ptm-mechatronics.com\/cs\/wp-json\/wp\/v2\/product"}],"about":[{"href":"https:\/\/ptm-mechatronics.com\/cs\/wp-json\/wp\/v2\/types\/product"}],"replies":[{"embeddable":true,"href":"https:\/\/ptm-mechatronics.com\/cs\/wp-json\/wp\/v2\/comments?post=15607"}],"wp:featuredmedia":[{"embeddable":true,"href":"https:\/\/ptm-mechatronics.com\/cs\/wp-json\/wp\/v2\/media\/15884"}],"wp:attachment":[{"href":"https:\/\/ptm-mechatronics.com\/cs\/wp-json\/wp\/v2\/media?parent=15607"}],"wp:term":[{"taxonomy":"product_brand","embeddable":true,"href":"https:\/\/ptm-mechatronics.com\/cs\/wp-json\/wp\/v2\/product_brand?post=15607"},{"taxonomy":"product_cat","embeddable":true,"href":"https:\/\/ptm-mechatronics.com\/cs\/wp-json\/wp\/v2\/product_cat?post=15607"},{"taxonomy":"product_tag","embeddable":true,"href":"https:\/\/ptm-mechatronics.com\/cs\/wp-json\/wp\/v2\/product_tag?post=15607"}],"curies":[{"name":"wp","href":"https:\/\/api.w.org\/{rel}","templated":true}]}}