{"id":15596,"date":"2025-11-13T13:01:24","date_gmt":"2025-11-13T12:01:24","guid":{"rendered":"https:\/\/ptm-mechatronics.com\/?post_type=product&#038;p=15596"},"modified":"2025-12-15T13:08:04","modified_gmt":"2025-12-15T12:08:04","slug":"universalmotor-fuer-laborpumpen","status":"publish","type":"product","link":"https:\/\/ptm-mechatronics.com\/cs\/product\/universalmotor-fuer-laborpumpen\/","title":{"rendered":"Univerz\u00e1ln\u00ed motor pro laboratorn\u00ed \u010derpadla"},"content":{"rendered":"<h1 data-start=\"196\" data-end=\"275\"><span style=\"font-size: 75%;\"><strong data-start=\"196\" data-end=\"275\">Univerz\u00e1ln\u00ed motor pro laboratorn\u00ed \u010derpadla<br \/>\n<\/strong><\/span><span style=\"font-size: 75%;\">- Kompaktn\u00ed, v\u00fdkonn\u00fd, v\u0161estrann\u00fd<\/span><\/h1>\n<p data-start=\"277\" data-end=\"588\">Univerz\u00e1ln\u00ed motor je \u00fast\u0159edn\u00edm hnac\u00edm prvkem va\u0161eho modul\u00e1rn\u00edho laboratorn\u00edho \u010derpadla pro mal\u00e9 n\u00e1doby a kanystry. S v\u00fdkonem 130 W a nap\u011bt\u00edm v rozsahu 130-230 V p\u0159i 50 Hz nab\u00edz\u00ed motor spolehliv\u00fd v\u00fdkon pro nep\u0159etr\u017eit\u00fd provoz v laboratorn\u00edm nebo v\u00fdrobn\u00edm prost\u0159ed\u00ed.<\/p>\n<p data-start=\"590\" data-end=\"911\">D\u00edky kompaktn\u00ed konstrukci a stupni kryt\u00ed IP21 je motor ide\u00e1ln\u00ed pro aplikace s omezen\u00fdm prostorem - v kombinaci s odpov\u00eddaj\u00edc\u00edmi \u010derpadlov\u00fdmi jednotkami od spole\u010dnosti PTM mechatronics. Motor lze montovat a demontovat bez pou\u017eit\u00ed n\u00e1\u0159ad\u00ed, co\u017e nab\u00edz\u00ed maxim\u00e1ln\u00ed flexibilitu p\u0159i manipulaci a \u010di\u0161t\u011bn\u00ed.<\/p>\n<p data-start=\"913\" data-end=\"1078\">Je kompatibiln\u00ed se v\u0161emi \u010derpac\u00edmi stanicemi PTM z obchodu a p\u0159esv\u011bd\u010d\u00ed bezpe\u010dn\u00fdm, pohodln\u00fdm a hygienick\u00fdm \u010derp\u00e1n\u00edm nejr\u016fzn\u011bj\u0161\u00edch kapalin.<\/p>","protected":false},"excerpt":{"rendered":"<p>Univerz\u00e1ln\u00ed motor s v\u00fdkonem 130 W, kompaktn\u00ed pohonn\u00e1 jednotka pro modul\u00e1rn\u00ed laboratorn\u00ed \u010derpadla od spole\u010dnosti PTM mechatronics, kterou lze instalovat bez pou\u017eit\u00ed n\u00e1\u0159ad\u00ed.<\/p>","protected":false},"featured_media":15890,"comment_status":"closed","ping_status":"closed","template":"","meta":{"_acf_changed":false},"product_brand":[],"product_cat":[3206,3215],"product_tag":[],"class_list":{"0":"post-15596","1":"product","2":"type-product","3":"status-publish","4":"has-post-thumbnail","6":"product_cat-pumpentechnik","7":"product_cat-laborpumpen","8":"product_shipping_class-karton-paketversand","9":"pa_leistung-130-watt","10":"pa_schutzart-ip21","11":"pa_spannung-130-230v","13":"first","14":"instock","15":"taxable","16":"shipping-taxable","17":"purchasable","18":"product-type-simple"},"bundled_by":[],"bundle_stock_status":"instock","bundle_stock_quantity":null,"bundle_virtual":false,"bundle_layout":"","bundle_add_to_cart_form_location":"","bundle_editable_in_cart":false,"bundle_sold_individually_context":"","bundle_item_grouping":"","bundle_min_size":"","bundle_max_size":"","bundle_price":[],"bundled_items":[],"bundle_sell_ids":[],"exclude_global_add_ons":[],"addons":[],"acf":[],"_links":{"self":[{"href":"https:\/\/ptm-mechatronics.com\/cs\/wp-json\/wp\/v2\/product\/15596","targetHints":{"allow":["GET"]}}],"collection":[{"href":"https:\/\/ptm-mechatronics.com\/cs\/wp-json\/wp\/v2\/product"}],"about":[{"href":"https:\/\/ptm-mechatronics.com\/cs\/wp-json\/wp\/v2\/types\/product"}],"replies":[{"embeddable":true,"href":"https:\/\/ptm-mechatronics.com\/cs\/wp-json\/wp\/v2\/comments?post=15596"}],"wp:featuredmedia":[{"embeddable":true,"href":"https:\/\/ptm-mechatronics.com\/cs\/wp-json\/wp\/v2\/media\/15890"}],"wp:attachment":[{"href":"https:\/\/ptm-mechatronics.com\/cs\/wp-json\/wp\/v2\/media?parent=15596"}],"wp:term":[{"taxonomy":"product_brand","embeddable":true,"href":"https:\/\/ptm-mechatronics.com\/cs\/wp-json\/wp\/v2\/product_brand?post=15596"},{"taxonomy":"product_cat","embeddable":true,"href":"https:\/\/ptm-mechatronics.com\/cs\/wp-json\/wp\/v2\/product_cat?post=15596"},{"taxonomy":"product_tag","embeddable":true,"href":"https:\/\/ptm-mechatronics.com\/cs\/wp-json\/wp\/v2\/product_tag?post=15596"}],"curies":[{"name":"wp","href":"https:\/\/api.w.org\/{rel}","templated":true}]}}