{"id":14973,"date":"2025-09-08T13:14:41","date_gmt":"2025-09-08T11:14:41","guid":{"rendered":"https:\/\/ptm-mechatronics.com\/?post_type=product&#038;p=14973"},"modified":"2026-03-05T17:47:42","modified_gmt":"2026-03-05T16:47:42","slug":"pneumatisches-ruehrwerk-mit-deckel-fuer-30-liter-fass","status":"publish","type":"product","link":"https:\/\/ptm-mechatronics.com\/cs\/product\/pneumatisches-ruehrwerk-mit-deckel-fuer-30-liter-fass\/","title":{"rendered":"Pneumatick\u00e9 m\u00edchadlo s v\u00edkem pro 30litrov\u00fd sud"},"content":{"rendered":"<h1>M\u00edchadlo pro 30litrov\u00e9 sudy - v\u00fdkonn\u00e9, bezpe\u010dn\u00e9 a p\u0159izp\u016fsoben\u00e9 proces\u016fm<\/h1>\n<p>Toto m\u00edchadlo je ur\u010deno pro zpracov\u00e1n\u00ed velk\u00e9ho mno\u017estv\u00ed produktu ve 30litrov\u00fdch sudech. Energeticky \u00fa\u010dinn\u00fd pneumatick\u00fd pohon v kombinaci s h\u0159\u00eddel\u00ed m\u00edchadla a m\u00edchac\u00edm prvkem zaji\u0161\u0165uje v\u00fdkonn\u00e9 a z\u00e1rove\u0148 \u0161etrn\u00e9 m\u00edch\u00e1n\u00ed m\u00e9di\u00ed jak\u00e9koli viskozitn\u00ed t\u0159\u00eddy.<\/p>\n<p>V\u0161echny sou\u010d\u00e1sti, kter\u00e9 p\u0159ich\u00e1zej\u00ed do styku s m\u00e9diem - h\u0159\u00eddel m\u00edchadla, m\u00edchac\u00ed prvek a v\u00edko - jsou vyrobeny z vysoce kvalitn\u00ed nerezov\u00e9 oceli V4A (1.4404), a zaru\u010duj\u00ed tak maxim\u00e1ln\u00ed hygienu, odolnost proti korozi a trvanlivost. V\u00edko s rozsahem upnut\u00ed 300 a\u017e 400 mm je ur\u010deno pro standardizovan\u00e9 30litrov\u00e9 sudy a m\u00e1 dv\u011b up\u00ednac\u00ed za\u0159\u00edzen\u00ed, praktickou p\u0159\u00edstupovou klapku a integrovanou bezpe\u010dnostn\u00ed m\u0159\u00ed\u017eku, kter\u00e1 chr\u00e1n\u00ed p\u0159ed necht\u011bn\u00fdm z\u00e1sahem b\u011bhem provozu.<\/p>\n<p>Va\u0161e mo\u017enosti:<\/p>\n<p>Syst\u00e9m rychl\u00e9 v\u00fdm\u011bny h\u0159\u00eddele m\u00edchadla:<br \/>\nN\u00e1\u0161 rychlov\u00fdm\u011bnn\u00fd syst\u00e9m eco-Quick nab\u00edz\u00ed rychlou a \u010distou v\u00fdm\u011bnu h\u0159\u00eddele m\u00edchadla b\u011bhem n\u011bkolika sekund bez pou\u017eit\u00ed dal\u0161\u00edho n\u00e1\u0159ad\u00ed.<\/p>\n<p>Poh\u00e1rkov\u00e9 m\u00edchadlo eco-Cup nebo \u0161ikm\u00e1 lopatkov\u00e1 m\u00edcha\u010dka<br \/>\nD\u00edky lamin\u00e1rn\u00edmu m\u00edch\u00e1n\u00ed nab\u00edz\u00ed m\u00edchadlo eco-Cup homogenn\u00ed m\u00edch\u00e1n\u00ed, a to i u n\u00e1ro\u010dn\u00fdch, vysoce visk\u00f3zn\u00edch m\u00e9di\u00ed, jako jsou pasty, suspenze nebo emulze.<\/p>\n<p>M\u00edcha\u010dka se \u0161ikm\u00fdmi lopatkami zaujme axi\u00e1ln\u00edmi dopravn\u00edmi vlastnostmi s m\u00edrn\u011b radi\u00e1ln\u00ed slo\u017ekou a vytv\u00e1\u0159\u00ed turbulentn\u00ed proud\u011bn\u00ed, kter\u00e9 umo\u017e\u0148uje obzvl\u00e1\u0161t\u011b \u00fa\u010dinn\u00e9 m\u00edch\u00e1n\u00ed. D\u00edky sv\u00e9 robustn\u00ed konstrukci je ide\u00e1ln\u00ed pro vysoce visk\u00f3zn\u00ed l\u00e1tky.<\/p>\n<p>Pneumatick\u00e1 sada<br \/>\nPneumatick\u00e1 sada obsahuje modul p\u0159\u00edvodu vzduchu s uzav\u00edrac\u00edm ventilem, regul\u00e1torem filtru a manometrem pro bezpe\u010dn\u00fd a \u010dist\u00fd p\u0159\u00edvod stla\u010den\u00e9ho vzduchu mezi syst\u00e9mem a pohonem m\u00edchadla - pro dlouhodob\u00fd a spolehliv\u00fd provoz. Integrovan\u00fd filtr odpadn\u00edho vzduchu sni\u017euje provozn\u00ed hluk na pouh\u00fdch 50 dB(A) a zaji\u0161\u0165uje bezpe\u010dn\u00e9 odv\u00e1d\u011bn\u00ed odpadn\u00edho vzduchu.<\/p>\n<p>P\u0159ehled v\u00fdhod:<\/p>\n<ul>\n<li>Pneumatick\u00e9, energeticky \u00fasporn\u00e9 a v\u00fdkonn\u00e9<\/li>\n<li>Pro 30litrov\u00e9 sudy o \u00d8 300-400 mm<\/li>\n<li>H\u0159\u00eddel m\u00edchadla, m\u00edchac\u00ed element a kryt z nerezov\u00e9 oceli V4A.<\/li>\n<li>Dv\u011b up\u00ednac\u00ed za\u0159\u00edzen\u00ed pro bezpe\u010dn\u00e9 uchycen\u00ed<\/li>\n<li>S p\u0159\u00edstupovou klapkou a bezpe\u010dnostn\u00ed m\u0159\u00ed\u017ekou<\/li>\n<li>Vhodn\u00e9 pro m\u00e9dia s n\u00edzkou i vysokou viskozitou<\/li>\n<li>Homogenn\u00ed, jemn\u00e9 m\u00edch\u00e1n\u00ed<\/li>\n<li>Robustn\u00ed, hygienick\u00e9, nen\u00e1ro\u010dn\u00e9 na \u00fadr\u017ebu<\/li>\n<\/ul>","protected":false},"excerpt":{"rendered":"<p><span class=\"_fadeIn_m1hgl_8\">M\u00edchadlo <\/span><span class=\"_fadeIn_m1hgl_8\">za 30<\/span><span class=\"_fadeIn_m1hgl_8\">-<\/span><span class=\"_fadeIn_m1hgl_8\">Litr<\/span><span class=\"_fadeIn_m1hgl_8\">Sudy <\/span><span class=\"_fadeIn_m1hgl_8\">s <\/span><span class=\"_fadeIn_m1hgl_8\">V4A-<\/span><span class=\"_fadeIn_m1hgl_8\">Sou\u010d\u00e1sti, <\/span><span class=\"_fadeIn_m1hgl_8\">P\u0159\u00eddavn\u00e1 klapka <\/span><span class=\"_fadeIn_m1hgl_8\">s <\/span><span class=\"_fadeIn_m1hgl_8\">Bezpe\u010dnostn\u00ed m\u0159\u00ed\u017eka, mo\u017enost volby m\u00edchadla, <\/span><span class=\"_fadeIn_m1hgl_8\">pro <\/span><span class=\"_fadeIn_m1hgl_8\">a <\/span><span class=\"_fadeIn_m1hgl_8\">bezpe\u010dn\u00e9, <\/span><span class=\"_fadeIn_m1hgl_8\">efektivn\u00ed <\/span><span class=\"_fadeIn_m1hgl_8\">a <\/span><span class=\"_fadeIn_m1hgl_8\">hygienick\u00e9 <\/span><span class=\"_fadeIn_m1hgl_8\">Stir <\/span><span class=\"_fadeIn_m1hgl_8\">visk\u00f3zn\u011bj\u0161\u00ed <\/span><span class=\"_fadeIn_m1hgl_8\">M\u00e9dia<\/span><span class=\"_fadeIn_m1hgl_8\">.<\/span><\/p>","protected":false},"featured_media":15551,"comment_status":"open","ping_status":"closed","template":"","meta":{"_acf_changed":false},"product_brand":[],"product_cat":[595,612],"product_tag":[2637,2735,2816,2940,2954,2956,2960,2961,2962,3152],"class_list":{"0":"post-14973","1":"product","2":"type-product","3":"status-publish","4":"has-post-thumbnail","6":"product_cat-ruehrwerkstechnik","7":"product_cat-kleingebinderuehrwerke","8":"product_tag-ruehrwerk-fuer-hochviskose-medien","9":"product_tag-schragblattmischer","10":"product_tag-explosionsgeschuetztes-ruehrwerk","11":"product_tag-becherruehrorgan-eco-cup","12":"product_tag-zugabeklappe-ruehrwerk","13":"product_tag-pneumatischer-ruehrantrieb","14":"product_tag-fassruehrwerk-edelstahl","15":"product_tag-v4a-ruehrwerk-zone-1","16":"product_tag-sicherheitsgitter-ruehrsystem","17":"product_tag-v4a-ruehrwerk-zone-0-1","18":"product_shipping_class-europalette-speditionsversand","19":"pa_antriebsart-pneumatisch","20":"pa_bedien-anschlusskonzept-ohne","21":"pa_bedien-anschlusskonzept-pneumatikset","22":"pa_behaeltervolumen-30-liter","23":"pa_dichtung-ptfe","24":"pa_drehmoment-16nm","25":"pa_drehzahl-0-300-1-min","26":"pa_durchmesser-ruehrwelle-16mm","27":"pa_geeignete-fassdurchmesser-300-400mm","28":"pa_geraeuschpegel-75db","29":"pa_labs-oel-und-silikonfrei","30":"pa_laenge-ruehrwelle-ca-360mm-ab-deckeloberkante","31":"pa_material-deckel-v4a-edelstahl-1-4404","32":"pa_material-gehaeuse-aluminium-eloxiert","33":"pa_mittlerer-luftverbrauch-25l-min","34":"pa_ruehrorgan-schraegblattmischer-325mm","35":"pa_ruehrorgan-becherruehrorgan-eco-cup-320mm","36":"pa_schnellwechselsystem-mit-gewindeverbindung","37":"pa_schnellwechselsystem-mit-schnellwechselsystem","38":"pa_schutzart-ip67","39":"pa_steckverschraubung-abluft-schlauch-o10mm","40":"pa_steckverschraubung-zuluft-schlauch-o6mm","41":"pa_typ-deckelruehrwerk","42":"pa_versorgung-5-6bar","44":"first","45":"instock","46":"taxable","47":"shipping-taxable","48":"purchasable","49":"product-type-variable"},"bundled_by":[],"bundle_stock_status":"instock","bundle_stock_quantity":null,"bundle_virtual":false,"bundle_layout":"","bundle_add_to_cart_form_location":"","bundle_editable_in_cart":false,"bundle_sold_individually_context":"","bundle_item_grouping":"","bundle_min_size":"","bundle_max_size":"","bundle_price":[],"bundled_items":[],"bundle_sell_ids":[],"exclude_global_add_ons":[],"addons":[],"acf":[],"_links":{"self":[{"href":"https:\/\/ptm-mechatronics.com\/cs\/wp-json\/wp\/v2\/product\/14973","targetHints":{"allow":["GET"]}}],"collection":[{"href":"https:\/\/ptm-mechatronics.com\/cs\/wp-json\/wp\/v2\/product"}],"about":[{"href":"https:\/\/ptm-mechatronics.com\/cs\/wp-json\/wp\/v2\/types\/product"}],"replies":[{"embeddable":true,"href":"https:\/\/ptm-mechatronics.com\/cs\/wp-json\/wp\/v2\/comments?post=14973"}],"wp:featuredmedia":[{"embeddable":true,"href":"https:\/\/ptm-mechatronics.com\/cs\/wp-json\/wp\/v2\/media\/15551"}],"wp:attachment":[{"href":"https:\/\/ptm-mechatronics.com\/cs\/wp-json\/wp\/v2\/media?parent=14973"}],"wp:term":[{"taxonomy":"product_brand","embeddable":true,"href":"https:\/\/ptm-mechatronics.com\/cs\/wp-json\/wp\/v2\/product_brand?post=14973"},{"taxonomy":"product_cat","embeddable":true,"href":"https:\/\/ptm-mechatronics.com\/cs\/wp-json\/wp\/v2\/product_cat?post=14973"},{"taxonomy":"product_tag","embeddable":true,"href":"https:\/\/ptm-mechatronics.com\/cs\/wp-json\/wp\/v2\/product_tag?post=14973"}],"curies":[{"name":"wp","href":"https:\/\/api.w.org\/{rel}","templated":true}]}}