{"id":14906,"date":"2025-09-08T12:33:49","date_gmt":"2025-09-08T10:33:49","guid":{"rendered":"https:\/\/ptm-mechatronics.com\/?post_type=product&#038;p=14906"},"modified":"2026-05-04T12:28:57","modified_gmt":"2026-05-04T10:28:57","slug":"elektrisches-stativruehrwerk-fuer-30-liter-fass","status":"publish","type":"product","link":"https:\/\/ptm-mechatronics.com\/cs\/product\/elektrisches-stativruehrwerk-fuer-30-liter-fass\/","title":{"rendered":"Elektrick\u00fd stojanov\u00fd mix\u00e9r pro 30litrov\u00fd buben"},"content":{"rendered":"<h1><span style=\"font-size: 90%;\">Elektrick\u00fd stojanov\u00fd mix\u00e9r pro 30litrov\u00e9 sudy - v\u00fdkonn\u00fd, bezpe\u010dn\u00fd, ergonomick\u00fd<\/span><\/h1>\n<p>Stojanov\u00fd mix\u00e9r pro 30litrov\u00e9 sudy nebo varn\u00e9 n\u00e1doby byl vyvinut pro efektivn\u00ed a bezpe\u010dn\u00e9 zpracov\u00e1n\u00ed m\u00e9di\u00ed s n\u00edzkou a\u017e vysokou viskozitou. Skl\u00e1d\u00e1 se z v\u00fdkonn\u00e9ho elektrick\u00e9ho pohonu, pevn\u00e9ho v\u00edka z nerezov\u00e9 oceli, m\u00edchac\u00ed h\u0159\u00eddele s m\u00edchac\u00edm prvkem a stojanu s automatick\u00fdm zvedac\u00edm za\u0159\u00edzen\u00edm a ovl\u00e1dac\u00edm panelem. V\u0161echny sou\u010d\u00e1sti, kter\u00e9 p\u0159ich\u00e1zej\u00ed do styku s m\u00e9diem - h\u0159\u00eddel m\u00edchadla a m\u00edchac\u00ed prvek - jsou vyrobeny z nerezov\u00e9 oceli V4A (1.4404) a nab\u00edzej\u00ed vysokou \u00farove\u0148 hygienick\u00e9 a korozn\u00ed odolnosti.<\/p>\n<p>M\u00edchadlo je pln\u011b p\u0159izp\u016fsobeno pro pou\u017eit\u00ed ve standardizovan\u00fdch 30litrov\u00fdch sudech a nab\u00edz\u00ed rovnom\u011brn\u00fd, homogenn\u00ed v\u00fdsledek m\u00edch\u00e1n\u00ed, a to i u hou\u017eevnat\u00fdch a visk\u00f3zn\u00edch l\u00e1tek. Automatick\u00e9 zvedac\u00ed za\u0159\u00edzen\u00ed usnad\u0148uje zved\u00e1n\u00ed a spou\u0161t\u011bn\u00ed m\u00edchadla, zaji\u0161\u0165uje bezpe\u010dnou v\u00fdm\u011bnu n\u00e1dob a sni\u017euje fyzickou z\u00e1t\u011b\u017e p\u0159i ka\u017edodenn\u00ed pr\u00e1ci.<\/p>\n<p>Pro maxim\u00e1ln\u00ed bezpe\u010dnost pr\u00e1ce je m\u00edchadlo vybaveno funkc\u00ed automatick\u00e9ho vypnut\u00ed p\u0159i zvednut\u00ed v\u00edka, aby se zabr\u00e1nilo z\u00e1sahu do pohybliv\u00fdch \u010d\u00e1st\u00ed. Po spu\u0161t\u011bn\u00ed v\u00edka se proces m\u00edch\u00e1n\u00ed op\u011bt automaticky spust\u00ed pomoc\u00ed detekce n\u00e1doby - efektivn\u011b a bezpe\u010dn\u011b.<\/p>\n<p>Va\u0161e mo\u017enosti:<\/p>\n<p>Syst\u00e9m rychl\u00e9 v\u00fdm\u011bny h\u0159\u00eddele m\u00edchadla:<br \/>\nN\u00e1\u0161 rychlov\u00fdm\u011bnn\u00fd syst\u00e9m eco-Quick nab\u00edz\u00ed rychlou a \u010distou v\u00fdm\u011bnu h\u0159\u00eddele m\u00edchadla b\u011bhem n\u011bkolika sekund bez pou\u017eit\u00ed dal\u0161\u00edho n\u00e1\u0159ad\u00ed.<\/p>\n<p>Poh\u00e1rkov\u00e9 m\u00edchadlo eco-Cup nebo \u0161ikm\u00e1 lopatkov\u00e1 m\u00edcha\u010dka:<br \/>\nD\u00edky lamin\u00e1rn\u00edmu m\u00edch\u00e1n\u00ed nab\u00edz\u00ed m\u00edchadlo eco-Cup homogenn\u00ed m\u00edch\u00e1n\u00ed, a to i u n\u00e1ro\u010dn\u00fdch, vysoce visk\u00f3zn\u00edch m\u00e9di\u00ed, jako jsou pasty, suspenze nebo emulze.<\/p>\n<p>M\u00edcha\u010dka se \u0161ikm\u00fdmi lopatkami zaujme axi\u00e1ln\u00edmi dopravn\u00edmi vlastnostmi s m\u00edrn\u011b radi\u00e1ln\u00ed slo\u017ekou a vytv\u00e1\u0159\u00ed turbulentn\u00ed proud\u011bn\u00ed, kter\u00e9 umo\u017e\u0148uje obzvl\u00e1\u0161t\u011b \u00fa\u010dinn\u00e9 m\u00edch\u00e1n\u00ed. D\u00edky sv\u00e9 robustn\u00ed konstrukci je ide\u00e1ln\u00ed pro vysoce visk\u00f3zn\u00ed l\u00e1tky.<\/p>\n<p>Zap\u00edn\u00e1n\u00ed:<br \/>\nStoj\u00e1nkov\u00e1 baterie je k dispozici s mont\u00e1\u017e\u00ed na st\u011bnu i na podlahu.<\/p>\n<p>P\u0159ehled v\u00fdhod:<\/p>\n<ul>\n<li>Elektrick\u00fd pohon pro v\u00fdkonn\u00e9 m\u00edch\u00e1n\u00ed<\/li>\n<li>Optimalizov\u00e1no pro 30litrov\u00e9 sudy<\/li>\n<li>H\u0159\u00eddel m\u00edchadla a prvek z nerezov\u00e9 oceli V4A<\/li>\n<li>Automatick\u00e9 zvedac\u00ed za\u0159\u00edzen\u00ed pro ergonomickou pr\u00e1ci<\/li>\n<li>Ovl\u00e1dac\u00ed panel pro jednoduch\u00e9 ovl\u00e1d\u00e1n\u00ed<\/li>\n<li>Bezpe\u010dnostn\u00ed v\u00fd\u0159ez pro zvednut\u00ed v\u00edka<\/li>\n<li>Automatick\u00e9 restartov\u00e1n\u00ed pomoc\u00ed detekce kontejneru<\/li>\n<li>Pro m\u00e9dia s n\u00edzkou a\u017e vysokou viskozitou<\/li>\n<li>Hygienick\u00e9, bezpe\u010dn\u00e9, vhodn\u00e9 pro pr\u016fmyslov\u00e9 pou\u017eit\u00ed<\/li>\n<\/ul>\n<p>Pozn\u00e1mka: Dod\u00e1vka bez hlavn\u011b.<\/p>","protected":false},"excerpt":{"rendered":"<p><span class=\"_fadeIn_m1hgl_8\">Stojanov\u00e9 m\u00edchadlo <\/span><span class=\"_fadeIn_m1hgl_8\">pro <\/span><span class=\"_fadeIn_m1hgl_8\">30-<\/span><span class=\"_fadeIn_m1hgl_8\">Litr<\/span><span class=\"_fadeIn_m1hgl_8\">Sudy <\/span><span class=\"_fadeIn_m1hgl_8\">s elektrick\u00fdm<\/span><span class=\"_fadeIn_m1hgl_8\">\u00a0<\/span><span class=\"_fadeIn_m1hgl_8\">Pohon, <\/span><span class=\"_fadeIn_m1hgl_8\">V4A-<\/span><span class=\"_fadeIn_m1hgl_8\">Sou\u010d\u00e1sti, <\/span><span class=\"_fadeIn_m1hgl_8\">v\u00edce automatick\u00e9 <\/span><span class=\"_fadeIn_m1hgl_8\">Zvedac\u00ed za\u0159\u00edzen\u00ed, <\/span><span class=\"_fadeIn_m1hgl_8\">Bezpe\u010dnostn\u00ed vypnut\u00ed <\/span><span class=\"_fadeIn_m1hgl_8\">a <\/span><span class=\"_fadeIn_m1hgl_8\">Volebn\u00ed agita\u010dn\u00ed org\u00e1n<\/span><span class=\"_fadeIn_m1hgl_8\">\u00a0<\/span><span class=\"_fadeIn_m1hgl_8\">pro <\/span><span class=\"_fadeIn_m1hgl_8\">efektivn\u00ed, <\/span><span class=\"_fadeIn_m1hgl_8\">bezpe\u010dn\u00fd <\/span><span class=\"_fadeIn_m1hgl_8\">Stir <\/span><span class=\"_fadeIn_m1hgl_8\">s <\/span><span class=\"_fadeIn_m1hgl_8\">v\u0161echny <\/span><span class=\"_fadeIn_m1hgl_8\">viskozity, s mont\u00e1\u017e\u00ed na st\u011bnu nebo podlahu.<\/span><\/p>","protected":false},"featured_media":15565,"comment_status":"open","ping_status":"closed","template":"","meta":{"_acf_changed":false},"product_brand":[],"product_cat":[612,595],"product_tag":[2965,2966,2967,2968,3199,2969,3200,2971,2977,3173,3174,2637,2893],"class_list":{"0":"post-14906","1":"product","2":"type-product","3":"status-publish","4":"has-post-thumbnail","6":"product_cat-kleingebinderuehrwerke","7":"product_cat-ruehrwerkstechnik","8":"product_tag-pneumatisches-ruehrwerk-edelstahl","9":"product_tag-v4a-ruehrwelle-eco-cup","10":"product_tag-fassruehrwerk-mit-sicherheit","11":"product_tag-ergonomisches-ruehrwerk-industrie","12":"product_tag-edelstahl-ruehrwerk-30l","13":"product_tag-automatisches-ruehrsystem","14":"product_tag-ruehrwerk-30-liter","15":"product_tag-bedienpult-ruehrtechnik","16":"product_tag-stativruehrwerk-30-liter","17":"product_tag-ruehrwerk-elektrisch","18":"product_tag-ruehrstation-elektrisch","19":"product_tag-ruehrwerk-fuer-hochviskose-medien","20":"product_tag-ruehrwerk-mit-hebevorrichtung","21":"product_shipping_class-europalette-speditionsversand","22":"pa_antriebsart-elektrisch","23":"pa_befestigung-mit-bodenbefestigung","24":"pa_befestigung-mit-wandbefestigung","25":"pa_behaeltervolumen-30-liter","26":"pa_deckeldurchmesser-380mm","27":"pa_dichtung-ptfe","28":"pa_durchmesser-ruehrwelle-16mm","29":"pa_geeignete-fassdurchmesser-30-liter","30":"pa_gesamtbreite-440mm","31":"pa_gesamthoehe-1335mm","32":"pa_gesamttiefe-600mm","33":"pa_labs-oel-und-silikonfrei","34":"pa_laenge-ruehrwelle-ca-360mm-ab-deckeloberkante","35":"pa_material-deckel-v4a-edelstahl-1-4404","36":"pa_model-eco-station-30","37":"pa_ruehrorgan-schraegblattmischer-175mm","38":"pa_ruehrorgan-becherruehrorgan-eco-cup-170mm","39":"pa_schnellwechselsystem-mit-schnellwechselsystem","40":"pa_schnellwechselsystem-mit-gewindeverbindung","41":"pa_stativverfahrweg-500mm","42":"pa_typ-stativruehrwerk","44":"first","45":"instock","46":"taxable","47":"shipping-taxable","48":"purchasable","49":"product-type-variable"},"bundled_by":[],"bundle_stock_status":"instock","bundle_stock_quantity":null,"bundle_virtual":false,"bundle_layout":"","bundle_add_to_cart_form_location":"","bundle_editable_in_cart":false,"bundle_sold_individually_context":"","bundle_item_grouping":"","bundle_min_size":"","bundle_max_size":"","bundle_price":[],"bundled_items":[],"bundle_sell_ids":[],"exclude_global_add_ons":[],"addons":[],"acf":[],"_links":{"self":[{"href":"https:\/\/ptm-mechatronics.com\/cs\/wp-json\/wp\/v2\/product\/14906","targetHints":{"allow":["GET"]}}],"collection":[{"href":"https:\/\/ptm-mechatronics.com\/cs\/wp-json\/wp\/v2\/product"}],"about":[{"href":"https:\/\/ptm-mechatronics.com\/cs\/wp-json\/wp\/v2\/types\/product"}],"replies":[{"embeddable":true,"href":"https:\/\/ptm-mechatronics.com\/cs\/wp-json\/wp\/v2\/comments?post=14906"}],"wp:featuredmedia":[{"embeddable":true,"href":"https:\/\/ptm-mechatronics.com\/cs\/wp-json\/wp\/v2\/media\/15565"}],"wp:attachment":[{"href":"https:\/\/ptm-mechatronics.com\/cs\/wp-json\/wp\/v2\/media?parent=14906"}],"wp:term":[{"taxonomy":"product_brand","embeddable":true,"href":"https:\/\/ptm-mechatronics.com\/cs\/wp-json\/wp\/v2\/product_brand?post=14906"},{"taxonomy":"product_cat","embeddable":true,"href":"https:\/\/ptm-mechatronics.com\/cs\/wp-json\/wp\/v2\/product_cat?post=14906"},{"taxonomy":"product_tag","embeddable":true,"href":"https:\/\/ptm-mechatronics.com\/cs\/wp-json\/wp\/v2\/product_tag?post=14906"}],"curies":[{"name":"wp","href":"https:\/\/api.w.org\/{rel}","templated":true}]}}