{"id":14610,"date":"2025-09-01T22:20:37","date_gmt":"2025-09-01T20:20:37","guid":{"rendered":"https:\/\/ptm-mechatronics.com\/?post_type=product&#038;p=14610"},"modified":"2025-11-07T15:56:31","modified_gmt":"2025-11-07T14:56:31","slug":"elektrisches-ruehrwerk-mit-deckel-fuer-200-liter-fass","status":"publish","type":"product","link":"https:\/\/ptm-mechatronics.com\/cs\/product\/elektrisches-ruehrwerk-mit-deckel-fuer-200-liter-fass\/","title":{"rendered":"Elektrick\u00e9 m\u00edchadlo s v\u00edkem pro 200litrov\u00fd sud"},"content":{"rendered":"<h1 data-start=\"306\" data-end=\"391\"><span style=\"font-size: 75%;\"><span class=\"_fadeIn_m1hgl_8\">Elektrick\u00e9 m\u00edchadlo <\/span><span class=\"_fadeIn_m1hgl_8\">pro <\/span><span class=\"_fadeIn_m1hgl_8\">200-<\/span><span class=\"_fadeIn_m1hgl_8\">Litr<\/span><span class=\"_fadeIn_m1hgl_8\">Sudy - <\/span><span class=\"_fadeIn_m1hgl_8\">siln\u00fd, <\/span><span class=\"_fadeIn_m1hgl_8\">bezpe\u010dn\u00fd <\/span><span class=\"_fadeIn_m1hgl_8\">a <\/span><span class=\"_fadeIn_m1hgl_8\">procesn\u011b orientovan\u00e9<\/span><\/span><\/h1>\n<p data-start=\"393\" data-end=\"819\"><span class=\"_fadeIn_m1hgl_8\">Tento <\/span><span class=\"_fadeIn_m1hgl_8\">M\u00edchadlo<\/span> je zvl\u00e1\u0161tn\u00ed <span class=\"_fadeIn_m1hgl_8\">pro <\/span><span class=\"_fadeIn_m1hgl_8\">na <\/span><span class=\"_fadeIn_m1hgl_8\">Zpracov\u00e1n\u00ed <\/span><span class=\"_fadeIn_m1hgl_8\">velk\u00e9 <\/span><span class=\"_fadeIn_m1hgl_8\">Mno\u017estv\u00ed produktu<\/span> <span class=\"_fadeIn_m1hgl_8\">na adrese <\/span><span class=\"_fadeIn_m1hgl_8\">200-<\/span><span class=\"_fadeIn_m1hgl_8\">Litr<\/span><span class=\"_fadeIn_m1hgl_8\">Sudy<\/span> <span class=\"_fadeIn_m1hgl_8\">navr\u017een. <\/span><span class=\"_fadeIn_m1hgl_8\">Na str\u00e1nk\u00e1ch <\/span><span class=\"_fadeIn_m1hgl_8\">energeticky \u00fasporn\u00e9, <\/span><span class=\"_fadeIn_m1hgl_8\">elektroinstalace <\/span><span class=\"_fadeIn_m1hgl_8\">Pohon<\/span> <span class=\"_fadeIn_m1hgl_8\">poskytuje <\/span><span class=\"_fadeIn_m1hgl_8\">na adrese <\/span><span class=\"_fadeIn_m1hgl_8\">Kombinace <\/span><span class=\"_fadeIn_m1hgl_8\">s <\/span><span class=\"_fadeIn_m1hgl_8\">H\u0159\u00eddel a org\u00e1n m\u00edchadla<\/span>\u00a0<span class=\"_fadeIn_m1hgl_8\">pro <\/span><span class=\"_fadeIn_m1hgl_8\">jeden <\/span><span class=\"_fadeIn_m1hgl_8\">siln\u00fd, <\/span><span class=\"_fadeIn_m1hgl_8\">ale <\/span><span class=\"_fadeIn_m1hgl_8\">sou\u010dasn\u011b <\/span><span class=\"_fadeIn_m1hgl_8\">jemn\u00e9 <\/span><span class=\"_fadeIn_m1hgl_8\">M\u00edch\u00e1n\u00ed<\/span> <span class=\"_fadeIn_m1hgl_8\">z <\/span><span class=\"_fadeIn_m1hgl_8\">M\u00e9dia <\/span><span class=\"_fadeIn_m1hgl_8\">ka\u017ed\u00fd <\/span><span class=\"_fadeIn_m1hgl_8\">T\u0159\u00edda viskozity.<\/span><\/p>\n<p data-start=\"821\" data-end=\"1335\"><span class=\"_fadeIn_m1hgl_8\">V\u0161echny <\/span><span class=\"_fadeIn_m1hgl_8\">dotyk s m\u00e9dii <\/span><span class=\"_fadeIn_m1hgl_8\">Sou\u010d\u00e1sti - <\/span><span class=\"_fadeIn_m1hgl_8\">H\u0159\u00eddel m\u00edchadla, <\/span><span class=\"_fadeIn_m1hgl_8\">M\u00edchadlo <\/span><span class=\"_fadeIn_m1hgl_8\">a <\/span><span class=\"_fadeIn_m1hgl_8\">V\u00edko<\/span><span class=\"_fadeIn_m1hgl_8\"> \u2013 <\/span><span class=\"_fadeIn_m1hgl_8\">existuj\u00ed <\/span><span class=\"_fadeIn_m1hgl_8\">z <\/span><span class=\"_fadeIn_m1hgl_8\">vysok\u00e1 kvalita <\/span><span class=\"_fadeIn_m1hgl_8\">V4A <\/span><span class=\"_fadeIn_m1hgl_8\">Nerezov\u00e1 ocel (<\/span><span class=\"_fadeIn_m1hgl_8\">1.4404)<\/span> <span class=\"_fadeIn_m1hgl_8\">a <\/span><span class=\"_fadeIn_m1hgl_8\">z\u00e1ruka <\/span><span class=\"_fadeIn_m1hgl_8\">aby <\/span><span class=\"_fadeIn_m1hgl_8\">nejvy\u0161\u0161\u00ed <\/span><span class=\"_fadeIn_m1hgl_8\">Hygiena, <\/span><span class=\"_fadeIn_m1hgl_8\">Odolnost proti korozi<\/span> <span class=\"_fadeIn_m1hgl_8\">a <\/span><span class=\"_fadeIn_m1hgl_8\">Dlouh\u00e1 \u017eivotnost. <\/span><span class=\"_fadeIn_m1hgl_8\">Na str\u00e1nk\u00e1ch <\/span><span class=\"_fadeIn_m1hgl_8\">V\u00edko <\/span><span class=\"_fadeIn_m1hgl_8\">s <\/span><span class=\"_fadeIn_m1hgl_8\">jeden <\/span><span class=\"_fadeIn_m1hgl_8\">Rozsah up\u00edn\u00e1n\u00ed <\/span><span class=\"_fadeIn_m1hgl_8\">z <\/span><span class=\"_fadeIn_m1hgl_8\">500 <\/span><span class=\"_fadeIn_m1hgl_8\">do <\/span><span class=\"_fadeIn_m1hgl_8\">600 <\/span><span class=\"_fadeIn_m1hgl_8\">mm<\/span> <span class=\"_fadeIn_m1hgl_8\">je <\/span><span class=\"_fadeIn_m1hgl_8\">na adrese <\/span><span class=\"_fadeIn_m1hgl_8\">standardizovan\u00e9 <\/span><span class=\"_fadeIn_m1hgl_8\">200-<\/span><span class=\"_fadeIn_m1hgl_8\">Litr<\/span><span class=\"_fadeIn_m1hgl_8\">Sudy <\/span><span class=\"_fadeIn_m1hgl_8\">harmonizovan\u00e9 <\/span><span class=\"_fadeIn_m1hgl_8\">a <\/span><span class=\"_fadeIn_m1hgl_8\">m\u00e1 adresu <\/span><span class=\"_fadeIn_m1hgl_8\">o <\/span><span class=\"_fadeIn_m1hgl_8\">dva <\/span><span class=\"_fadeIn_m1hgl_8\">Up\u00ednac\u00ed za\u0159\u00edzen\u00ed<\/span><span class=\"_fadeIn_m1hgl_8\">, <\/span><span class=\"_fadeIn_m1hgl_8\">jeden <\/span><span class=\"_fadeIn_m1hgl_8\">praktick\u00e9 <\/span><span class=\"_fadeIn_m1hgl_8\">P\u0159\u00eddavn\u00e1 klapka<\/span> <span class=\"_fadeIn_m1hgl_8\">a <\/span><span class=\"_fadeIn_m1hgl_8\">a <\/span><span class=\"_fadeIn_m1hgl_8\">integrovan\u00fd <\/span><span class=\"_fadeIn_m1hgl_8\">Bezpe\u010dnostn\u00ed m\u0159\u00ed\u017eka<\/span><span class=\"_fadeIn_m1hgl_8\">, <\/span><span class=\"_fadeIn_m1hgl_8\">na <\/span><span class=\"_fadeIn_m1hgl_8\">s <\/span><span class=\"_fadeIn_m1hgl_8\">b\u011bh <\/span><span class=\"_fadeIn_m1hgl_8\">Operace <\/span><span class=\"_fadeIn_m1hgl_8\">p\u0159ed <\/span><span class=\"_fadeIn_m1hgl_8\">ne\u00famysln\u00e9 <\/span><span class=\"_fadeIn_m1hgl_8\">Zas\u00e1hnout <\/span><span class=\"_fadeIn_m1hgl_8\">chr\u00e1n\u00ed.<\/span><\/p>\n<h3 data-start=\"1337\" data-end=\"1549\"><span class=\"_fadeIn_m1hgl_8\" style=\"font-size: 90%;\">Va\u0161e mo\u017enosti:<\/span><\/h3>\n<p>T\u0159i \u00farovn\u011b v\u00fdkonu podle va\u0161ich po\u017eadavk\u016f:<\/p>\n<ul>\n<li>Pro kapaliny s viskozitou do 2 000 mPas.<\/li>\n<li>Pro kapaliny do viskozity 10 000 mPas.<\/li>\n<li>Pro kapaliny do viskozity 50 000 mPas.<\/li>\n<\/ul>\n<p>Syst\u00e9m rychl\u00e9 v\u00fdm\u011bny h\u0159\u00eddele m\u00edchadla:<br \/>\nNa\u0161e <a href=\"https:\/\/youtu.be\/TjagGW4DoyA?feature=shared\" target=\"_blank\" rel=\"noopener\">rychlov\u00fdm\u011bnn\u00fd syst\u00e9m eco-Quick<\/a> nab\u00edz\u00ed rychlou a \u010distou v\u00fdm\u011bnu h\u0159\u00eddele m\u00edchadla b\u011bhem n\u011bkolika sekund bez pou\u017eit\u00ed dal\u0161\u00edho n\u00e1\u0159ad\u00ed.<\/p>\n<p>Poh\u00e1rkov\u00e9 m\u00edchadlo eco-Cup nebo \u0161ikm\u00e1 lopatkov\u00e1 m\u00edcha\u010dka<br \/>\n<span class=\"_fadeIn_m1hgl_8\">Na str\u00e1nk\u00e1ch <\/span><span class=\"_fadeIn_m1hgl_8\">eko<\/span><span class=\"_fadeIn_m1hgl_8\">Poh\u00e1r <\/span><span class=\"_fadeIn_m1hgl_8\">M\u00edchadlo na poh\u00e1ry<\/span> <span class=\"_fadeIn_m1hgl_8\">nab\u00edz\u00ed <\/span><span class=\"_fadeIn_m1hgl_8\">prost\u0159ednictv\u00edm <\/span><span class=\"_fadeIn_m1hgl_8\">b\u00fdt <\/span><span class=\"_fadeIn_m1hgl_8\">lamin\u00e1rn\u00ed <\/span><span class=\"_fadeIn_m1hgl_8\">M\u00edch\u00e1n\u00ed chov\u00e1n\u00ed<\/span> <span class=\"_fadeIn_m1hgl_8\">jeden <\/span><span class=\"_fadeIn_m1hgl_8\">homogenn\u00ed <\/span><span class=\"_fadeIn_m1hgl_8\">M\u00edch\u00e1n\u00ed<\/span><span class=\"_fadeIn_m1hgl_8\"> \u2013 <\/span><span class=\"_fadeIn_m1hgl_8\">s\u00e1m <\/span><span class=\"_fadeIn_m1hgl_8\">s <\/span><span class=\"_fadeIn_m1hgl_8\">n\u00e1ro\u010dn\u00e9, <\/span><span class=\"_fadeIn_m1hgl_8\">vysoce visk\u00f3zn\u00ed <\/span><span class=\"_fadeIn_m1hgl_8\">M\u00e9dia <\/span><span class=\"_fadeIn_m1hgl_8\">jako <\/span><span class=\"_fadeIn_m1hgl_8\">Pasty, <\/span><span class=\"_fadeIn_m1hgl_8\">Pozastaven\u00ed <\/span><span class=\"_fadeIn_m1hgl_8\">nebo <\/span><span class=\"_fadeIn_m1hgl_8\">Emulze.<\/span><\/p>\n<p data-start=\"1337\" data-end=\"1549\">M\u00edcha\u010dka se \u0161ikm\u00fdmi lopatkami zaujme axi\u00e1ln\u00edmi dopravn\u00edmi vlastnostmi s m\u00edrn\u011b radi\u00e1ln\u00ed slo\u017ekou a vytv\u00e1\u0159\u00ed turbulentn\u00ed proud\u011bn\u00ed, kter\u00e9 umo\u017e\u0148uje obzvl\u00e1\u0161t\u011b \u00fa\u010dinn\u00e9 m\u00edch\u00e1n\u00ed. D\u00edky sv\u00e9 robustn\u00ed konstrukci je ide\u00e1ln\u00ed pro vysoce visk\u00f3zn\u00ed l\u00e1tky.<\/p>\n<p data-start=\"1337\" data-end=\"1549\">Frekven\u010dn\u00ed m\u011bni\u010d:<br \/>\nVyberte si voliteln\u00fd frekven\u010dn\u00ed m\u011bni\u010d p\u0159\u00edmo na spot\u0159ebi\u010di nebo pro mont\u00e1\u017e na st\u011bnu.<\/p>\n<p data-start=\"1551\" data-end=\"1582\"><span class=\"_fadeIn_m1hgl_8\">V\u00fdhody <\/span><span class=\"_fadeIn_m1hgl_8\">na adrese <\/span><span class=\"_fadeIn_m1hgl_8\">jeden <\/span><span class=\"_fadeIn_m1hgl_8\">Pohled:<\/span><\/p>\n<ul>\n<li data-start=\"1585\" data-end=\"1625\"><span class=\"_fadeIn_m1hgl_8\">Elektrick\u00e1 energie, <\/span><span class=\"_fadeIn_m1hgl_8\">energeticky efektivn\u00ed <\/span><span class=\"_fadeIn_m1hgl_8\">a <\/span><span class=\"_fadeIn_m1hgl_8\">V\u00fdkonn\u00fd<\/span><\/li>\n<li data-start=\"1585\" data-end=\"1625\"><span class=\"_fadeIn_m1hgl_8\">Pro <\/span><span class=\"_fadeIn_m1hgl_8\">200-<\/span><span class=\"_fadeIn_m1hgl_8\">Litr<\/span><span class=\"_fadeIn_m1hgl_8\">Sudy <\/span><span class=\"_fadeIn_m1hgl_8\">s <\/span><span class=\"_fadeIn_m1hgl_8\">\u00d8 <\/span><span class=\"_fadeIn_m1hgl_8\">500-<\/span><span class=\"_fadeIn_m1hgl_8\">600 <\/span><span class=\"_fadeIn_m1hgl_8\">mm<\/span><\/li>\n<li data-start=\"1585\" data-end=\"1625\"><span class=\"_fadeIn_m1hgl_8\">H\u0159\u00eddel m\u00edchadla, <\/span><span class=\"_fadeIn_m1hgl_8\">M\u00edchadlo <\/span><span class=\"_fadeIn_m1hgl_8\">a <\/span><span class=\"_fadeIn_m1hgl_8\">V\u00edko <\/span><span class=\"_fadeIn_m1hgl_8\">z <\/span><span class=\"_fadeIn_m1hgl_8\">V4A <\/span><span class=\"_fadeIn_m1hgl_8\">Nerezov\u00e1 ocel<\/span><\/li>\n<li data-start=\"1585\" data-end=\"1625\"><span class=\"_fadeIn_m1hgl_8\">Dva <\/span><span class=\"_fadeIn_m1hgl_8\">Up\u00ednac\u00ed za\u0159\u00edzen\u00ed <\/span><span class=\"_fadeIn_m1hgl_8\">pro <\/span><span class=\"_fadeIn_m1hgl_8\">bezpe\u010dn\u00fd <\/span><span class=\"_fadeIn_m1hgl_8\">Zastavte<\/span><\/li>\n<li data-start=\"1585\" data-end=\"1625\"><span class=\"_fadeIn_m1hgl_8\">S <\/span><span class=\"_fadeIn_m1hgl_8\">P\u0159\u00eddavn\u00e1 klapka <\/span><span class=\"_fadeIn_m1hgl_8\">a <\/span><span class=\"_fadeIn_m1hgl_8\">Bezpe\u010dnostn\u00ed m\u0159\u00ed\u017eka<\/span><\/li>\n<li data-start=\"1585\" data-end=\"1625\"><span class=\"_fadeIn_m1hgl_8\">Vhodn\u00e9 <\/span><span class=\"_fadeIn_m1hgl_8\">pro <\/span><span class=\"_fadeIn_m1hgl_8\">n\u00edzk\u00e1 <\/span><span class=\"_fadeIn_m1hgl_8\">a <\/span><span class=\"_fadeIn_m1hgl_8\">vysok\u00e1 viskozita <\/span><span class=\"_fadeIn_m1hgl_8\">M\u00e9dia<\/span><\/li>\n<li data-start=\"1585\" data-end=\"1625\"><span class=\"_fadeIn_m1hgl_8\">Homogenn\u00ed, <\/span><span class=\"_fadeIn_m1hgl_8\">jemn\u00e9 <\/span><span class=\"_fadeIn_m1hgl_8\">M\u00edch\u00e1n\u00ed chov\u00e1n\u00ed<\/span><\/li>\n<li data-start=\"1585\" data-end=\"1625\"><span class=\"_fadeIn_m1hgl_8\">Robustn\u00ed, <\/span><span class=\"_fadeIn_m1hgl_8\">hygienick\u00e9, <\/span><span class=\"_fadeIn_m1hgl_8\">N\u00edzk\u00e9 n\u00e1roky na \u00fadr\u017ebu<\/span><\/li>\n<\/ul>","protected":false},"excerpt":{"rendered":"<p><span class=\"_fadeIn_m1hgl_8\">M\u00edchadlo <\/span><span class=\"_fadeIn_m1hgl_8\">pro <\/span><span class=\"_fadeIn_m1hgl_8\">200-<\/span><span class=\"_fadeIn_m1hgl_8\">Litr<\/span><span class=\"_fadeIn_m1hgl_8\">Sudy <\/span><span class=\"_fadeIn_m1hgl_8\">s <\/span><span class=\"_fadeIn_m1hgl_8\">V4A-<\/span><span class=\"_fadeIn_m1hgl_8\">Sou\u010d\u00e1sti, <\/span><span class=\"_fadeIn_m1hgl_8\">P\u0159\u00eddavn\u00e1 klapka <\/span><span class=\"_fadeIn_m1hgl_8\">s <\/span><span class=\"_fadeIn_m1hgl_8\">Bezpe\u010dnostn\u00ed m\u0159\u00ed\u017eka, mo\u017enost volby m\u00edchadla, <\/span><span class=\"_fadeIn_m1hgl_8\">pro <\/span><span class=\"_fadeIn_m1hgl_8\">a <\/span><span class=\"_fadeIn_m1hgl_8\">bezpe\u010dn\u00e9, <\/span><span class=\"_fadeIn_m1hgl_8\">efektivn\u00ed <\/span><span class=\"_fadeIn_m1hgl_8\">a <\/span><span class=\"_fadeIn_m1hgl_8\">hygienick\u00e9 <\/span><span class=\"_fadeIn_m1hgl_8\">Stir <\/span><span class=\"_fadeIn_m1hgl_8\">visk\u00f3zn\u011bj\u0161\u00ed <\/span><span class=\"_fadeIn_m1hgl_8\">M\u00e9dia.<\/span><\/p>","protected":false},"featured_media":15563,"comment_status":"open","ping_status":"closed","template":"","meta":{"_acf_changed":false},"product_brand":[],"product_cat":[595,603],"product_tag":[2637,2735,2940,2954,2960,2962,2963,3171,3172],"class_list":{"0":"post-14610","1":"product","2":"type-product","3":"status-publish","4":"has-post-thumbnail","6":"product_cat-ruehrwerkstechnik","7":"product_cat-fassruehrwerke","8":"product_tag-ruehrwerk-fuer-hochviskose-medien","9":"product_tag-schragblattmischer","10":"product_tag-becherruehrorgan-eco-cup","11":"product_tag-zugabeklappe-ruehrwerk","12":"product_tag-fassruehrwerk-edelstahl","13":"product_tag-sicherheitsgitter-ruehrsystem","14":"product_tag-edelstahl-ruehrwerk-500-600-mm","15":"product_tag-ruehrwerk-200-liter","16":"product_tag-elektrischer-ruehrantrieb","17":"product_shipping_class-europalette-speditionsversand","18":"pa_antriebsart-elektrisch","19":"pa_behaeltervolumen-200-liter","20":"pa_dichtung-ptfe","21":"pa_durchmesser-ruehrwelle-20mm","22":"pa_frequenzumrichter-ohne","23":"pa_frequenzumrichter-am-geraet","24":"pa_frequenzumrichter-zur-wandmontage","25":"pa_geeignete-fassdurchmesser-500-600mm","26":"pa_labs-oel-und-silikonfrei","27":"pa_laenge-ruehrwelle-ca-780mm-ab-deckeloberkante","28":"pa_material-deckel-v4a-edelstahl-1-4404","29":"pa_motorgroessen-0-562-1-min-11kw-19nm-bis-2-000mpas","30":"pa_motorgroessen-0-411-1-min-15kw-32nm-bis-10-000mpas","31":"pa_motorgroessen-0-245-1-min-15kw-58nm-bis-50-000mpas","32":"pa_ruehrorgan-schraegblattmischer-325mm","33":"pa_ruehrorgan-becherruehrorgan-eco-cup-320mm","34":"pa_schnellwechselsystem-mit-schnellwechselsystem","35":"pa_schnellwechselsystem-mit-gewindeverbindung","36":"pa_typ-deckelruehrwerk","38":"first","39":"instock","40":"taxable","41":"shipping-taxable","42":"purchasable","43":"product-type-variable"},"bundled_by":[],"bundle_stock_status":"instock","bundle_stock_quantity":null,"bundle_virtual":false,"bundle_layout":"","bundle_add_to_cart_form_location":"","bundle_editable_in_cart":false,"bundle_sold_individually_context":"","bundle_item_grouping":"","bundle_min_size":"","bundle_max_size":"","bundle_price":[],"bundled_items":[],"bundle_sell_ids":[],"exclude_global_add_ons":[],"addons":[],"acf":[],"_links":{"self":[{"href":"https:\/\/ptm-mechatronics.com\/cs\/wp-json\/wp\/v2\/product\/14610","targetHints":{"allow":["GET"]}}],"collection":[{"href":"https:\/\/ptm-mechatronics.com\/cs\/wp-json\/wp\/v2\/product"}],"about":[{"href":"https:\/\/ptm-mechatronics.com\/cs\/wp-json\/wp\/v2\/types\/product"}],"replies":[{"embeddable":true,"href":"https:\/\/ptm-mechatronics.com\/cs\/wp-json\/wp\/v2\/comments?post=14610"}],"wp:featuredmedia":[{"embeddable":true,"href":"https:\/\/ptm-mechatronics.com\/cs\/wp-json\/wp\/v2\/media\/15563"}],"wp:attachment":[{"href":"https:\/\/ptm-mechatronics.com\/cs\/wp-json\/wp\/v2\/media?parent=14610"}],"wp:term":[{"taxonomy":"product_brand","embeddable":true,"href":"https:\/\/ptm-mechatronics.com\/cs\/wp-json\/wp\/v2\/product_brand?post=14610"},{"taxonomy":"product_cat","embeddable":true,"href":"https:\/\/ptm-mechatronics.com\/cs\/wp-json\/wp\/v2\/product_cat?post=14610"},{"taxonomy":"product_tag","embeddable":true,"href":"https:\/\/ptm-mechatronics.com\/cs\/wp-json\/wp\/v2\/product_tag?post=14610"}],"curies":[{"name":"wp","href":"https:\/\/api.w.org\/{rel}","templated":true}]}}