{"id":14503,"date":"2025-08-25T09:10:11","date_gmt":"2025-08-25T07:10:11","guid":{"rendered":"https:\/\/ptm-mechatronics.com\/?post_type=product&#038;p=14503"},"modified":"2025-11-07T15:56:13","modified_gmt":"2025-11-07T14:56:13","slug":"elektrisches-ruehrwerk-mit-traverse-fuer-ibc-container-atex","status":"publish","type":"product","link":"https:\/\/ptm-mechatronics.com\/cs\/product\/elektrisches-ruehrwerk-mit-traverse-fuer-ibc-container-atex\/","title":{"rendered":"Elektrick\u00e9 m\u00edchadlo s pojezdem pro IBC a kontejnery ATEX"},"content":{"rendered":"<h1><span style=\"font-size: 75%;\">Elektrick\u00e9 m\u00edchadlo pro IBC a kontejnery - bezpe\u010dn\u00e9 podle ATEX, flexibiln\u00ed, snadn\u00e1 instalace<\/span><\/h1>\n<p>Na\u0161e elektrick\u00e1 m\u00edchadla pro IBC a kontejnery p\u0159esv\u011bd\u010d\u00ed snadnou manipulac\u00ed a robustn\u00ed kvalitou - a to i v nebezpe\u010dn\u00fdch z\u00f3n\u00e1ch ATEX 1. D\u00edky praktick\u00e9mu p\u0159\u00ed\u010dn\u00edku z vysoce kvalitn\u00ed nerezov\u00e9 oceli V4A (1.4404) m\u016f\u017eete m\u00edchadlo rychle a bezpe\u010dn\u011b p\u0159ipevnit ke kontejneru. D\u00edky dv\u011bma rychloup\u00ednac\u00edm svork\u00e1m je instalace hotov\u00e1 b\u011bhem n\u011bkolika sekund.<\/p>\n<p>Pojezd je flexibiln\u011b nastaviteln\u00fd a vhodn\u00fd pro IBC kontejnery o objemu 600 a\u017e 1200 litr\u016f. M\u00edchadlo se dod\u00e1v\u00e1 kompletn\u011b p\u0159ipraven\u00e9 k pou\u017eit\u00ed, v\u010detn\u011b odpov\u00eddaj\u00edc\u00ed m\u00edchac\u00ed h\u0159\u00eddele a speci\u00e1ln\u011b navr\u017een\u00e9ho v\u00fdkyvn\u00e9ho m\u00edchadla eco-Cup, rovn\u011b\u017e vyroben\u00e9ho z odoln\u00e9 nerezov\u00e9 oceli V4A (1.4404).<\/p>\n<p>Voliteln\u011b lze ot\u00e1\u010dky p\u0159esn\u011b a pohodln\u011b regulovat a ode\u010d\u00edtat pomoc\u00ed frekven\u010dn\u00edho m\u011bni\u010de s ochrann\u00fdm obvodem motoru a nouzov\u00fdm zastaven\u00edm. P\u0159edmontovan\u00e1 oka pro vysokozdvi\u017en\u00fd voz\u00edk zaji\u0161\u0165uj\u00ed nekomplikovanou p\u0159epravu a jsou ide\u00e1ln\u00ed pro pou\u017eit\u00ed s vysokozdvi\u017en\u00fdm voz\u00edkem.<\/p>\n<h3 data-start=\"1337\" data-end=\"1549\"><span class=\"_fadeIn_m1hgl_8\">Va\u0161e mo\u017enosti:<\/span><\/h3>\n<p>T\u0159i \u00farovn\u011b v\u00fdkonu podle va\u0161ich po\u017eadavk\u016f:<\/p>\n<ul>\n<li>Pro kapaliny s viskozitou do 2 000 mPas.<\/li>\n<li>Pro kapaliny do viskozity 10 000 mPas.<\/li>\n<li>Pro kapaliny do viskozity 50 000 mPas.<\/li>\n<\/ul>\n<p>Syst\u00e9m rychl\u00e9 v\u00fdm\u011bny h\u0159\u00eddele m\u00edchadla:<br \/>\nNa\u0161e <a href=\"https:\/\/youtu.be\/TjagGW4DoyA?feature=shared\" target=\"_blank\" rel=\"noopener\">rychlov\u00fdm\u011bnn\u00fd syst\u00e9m eco-Quick<\/a> nab\u00edz\u00ed rychlou a \u010distou v\u00fdm\u011bnu h\u0159\u00eddele m\u00edchadla b\u011bhem n\u011bkolika sekund bez pou\u017eit\u00ed dal\u0161\u00edho n\u00e1\u0159ad\u00ed.<\/p>\n<p>Frekven\u010dn\u00ed m\u011bni\u010d:<br \/>\nVyberte si voliteln\u00fd frekven\u010dn\u00ed m\u011bni\u010d pro mont\u00e1\u017e na st\u011bnu.<\/p>\n<p>&nbsp;<\/p>\n<p>D\u016fle\u017eit\u00e9 upozorn\u011bn\u00ed:<br \/>\nProto\u017ee kontejnery IBC nejsou standardizovan\u00e9, \u017e\u00e1d\u00e1me v\u00e1s, abyste si p\u0159edem pe\u010dliv\u011b zkontrolovali rozm\u011bry kontejner\u016f. V p\u0159\u00edpad\u011b jak\u00fdchkoli dotaz\u016f n\u00e1s nev\u00e1hejte kontaktovat - r\u00e1di v\u00e1m osobn\u011b porad\u00edme!<\/p>\n<p>Rozsah dod\u00e1vky:<br \/>\nM\u00edchadlo se dod\u00e1v\u00e1 bez n\u00e1doby.<\/p>","protected":false},"excerpt":{"rendered":"<p>V\u00fdkonn\u00e9 m\u00edchadlo IBC pln\u011b vybaven\u00e9 m\u00edchac\u00ed h\u0159\u00eddel\u00ed, m\u00edchac\u00edm prvkem a pojezdem. Elektromotor je k dispozici ve t\u0159ech v\u00fdkonov\u00fdch variant\u00e1ch.<\/p>","protected":false},"featured_media":15561,"comment_status":"open","ping_status":"closed","template":"","meta":{"_acf_changed":false},"product_brand":[],"product_cat":[595,614],"product_tag":[3168,3169,3170,2816,2854,2867,3159,3166,3167],"class_list":{"0":"post-14503","1":"product","2":"type-product","3":"status-publish","4":"has-post-thumbnail","6":"product_cat-ruehrwerkstechnik","7":"product_cat-containerruehrwerke","8":"product_tag-ibc-ruehrwerk-edelstahl","9":"product_tag-v4a-ruehrwerk","10":"product_tag-ruehrwerk-mit-traverse","11":"product_tag-explosionsgeschuetztes-ruehrwerk","12":"product_tag-frequenzumrichter-ruehrwerk","13":"product_tag-atex-ruehrwerk-elektrisch","14":"product_tag-eco-cup-ruehrorgan","15":"product_tag-elektrisches-ibc-ruehrwerk","16":"product_tag-ruehrwerk-fuer-container","17":"product_shipping_class-europalette-speditionsversand","18":"pa_antriebsart-elektrisch","19":"pa_atex-zone-122122","20":"pa_atex-gas-ex-db-eb-iic-t4-gb","21":"pa_behaeltervolumen-ibc","22":"pa_durchmesser-ruehrwelle-25mm","23":"pa_frequenzumrichter-ohne","24":"pa_frequenzumrichter-zur-wandmontage","25":"pa_geeignete-ibc-groessen-600-1200-liter","26":"pa_laenge-ruehrwelle-ca-795mm-ab-deckeloberkante","27":"pa_material-traverse-v4a-edelstahl-1-4404","28":"pa_motorart-stirnradgetriebemotor","29":"pa_motorgroessen-0-411-1-min-15kw-32nm-bis-2-000mpas","30":"pa_motorgroessen-0-245-1-min-15kw-58nm-bis-10-000mpas","31":"pa_motorgroessen-0-337-1-min-3kw-85nm-bis-50-000mpas","32":"pa_ruehrorgan-becherruehrorgan-eco-cup-500mm","33":"pa_schaltart-dreieck-stern","34":"pa_schnellwechselsystem-mit-gewindeverbindung","35":"pa_schnellwechselsystem-mit-schnellwechselsystem","36":"pa_typ-traversenruehrwerk","38":"first","39":"instock","40":"taxable","41":"shipping-taxable","42":"purchasable","43":"product-type-variable"},"bundled_by":[],"bundle_stock_status":"instock","bundle_stock_quantity":null,"bundle_virtual":false,"bundle_layout":"","bundle_add_to_cart_form_location":"","bundle_editable_in_cart":false,"bundle_sold_individually_context":"","bundle_item_grouping":"","bundle_min_size":"","bundle_max_size":"","bundle_price":[],"bundled_items":[],"bundle_sell_ids":[],"exclude_global_add_ons":[],"addons":[],"acf":[],"_links":{"self":[{"href":"https:\/\/ptm-mechatronics.com\/cs\/wp-json\/wp\/v2\/product\/14503","targetHints":{"allow":["GET"]}}],"collection":[{"href":"https:\/\/ptm-mechatronics.com\/cs\/wp-json\/wp\/v2\/product"}],"about":[{"href":"https:\/\/ptm-mechatronics.com\/cs\/wp-json\/wp\/v2\/types\/product"}],"replies":[{"embeddable":true,"href":"https:\/\/ptm-mechatronics.com\/cs\/wp-json\/wp\/v2\/comments?post=14503"}],"wp:featuredmedia":[{"embeddable":true,"href":"https:\/\/ptm-mechatronics.com\/cs\/wp-json\/wp\/v2\/media\/15561"}],"wp:attachment":[{"href":"https:\/\/ptm-mechatronics.com\/cs\/wp-json\/wp\/v2\/media?parent=14503"}],"wp:term":[{"taxonomy":"product_brand","embeddable":true,"href":"https:\/\/ptm-mechatronics.com\/cs\/wp-json\/wp\/v2\/product_brand?post=14503"},{"taxonomy":"product_cat","embeddable":true,"href":"https:\/\/ptm-mechatronics.com\/cs\/wp-json\/wp\/v2\/product_cat?post=14503"},{"taxonomy":"product_tag","embeddable":true,"href":"https:\/\/ptm-mechatronics.com\/cs\/wp-json\/wp\/v2\/product_tag?post=14503"}],"curies":[{"name":"wp","href":"https:\/\/api.w.org\/{rel}","templated":true}]}}