{"id":14473,"date":"2025-08-25T08:34:18","date_gmt":"2025-08-25T06:34:18","guid":{"rendered":"https:\/\/ptm-mechatronics.com\/?post_type=product&#038;p=14473"},"modified":"2026-03-09T10:18:52","modified_gmt":"2026-03-09T09:18:52","slug":"elektro-pneumatisches-stativruehrwerk-fuer-ibc-container","status":"publish","type":"product","link":"https:\/\/ptm-mechatronics.com\/cs\/product\/elektro-pneumatisches-stativruehrwerk-fuer-ibc-container\/","title":{"rendered":"Elektropneumatick\u00fd stojanov\u00fd mix\u00e9r pro IBC a kontejnery"},"content":{"rendered":"<h1 data-start=\"188\" data-end=\"272\"><span style=\"font-size: 90%;\"><span class=\"_fadeIn_m1hgl_8\">Stojanov\u00e9 m\u00edchadlo <\/span><span class=\"_fadeIn_m1hgl_8\">pro <\/span><span class=\"_fadeIn_m1hgl_8\">IBC <\/span><span class=\"_fadeIn_m1hgl_8\">a <\/span><span class=\"_fadeIn_m1hgl_8\">Kontejner - <\/span><span class=\"_fadeIn_m1hgl_8\">siln\u00fd, <\/span><span class=\"_fadeIn_m1hgl_8\">bezpe\u010dn\u00fd <\/span><span class=\"_fadeIn_m1hgl_8\">a <\/span><span class=\"_fadeIn_m1hgl_8\">Ergonomick\u00e9 <\/span><span class=\"_fadeIn_m1hgl_8\">m\u00edchat<\/span><\/span><\/h1>\n<p data-start=\"274\" data-end=\"737\"><span class=\"_fadeIn_m1hgl_8\">Na\u0161e <\/span><span class=\"_fadeIn_m1hgl_8\">Stojanov\u00e9 m\u00edchadlo <\/span><span class=\"_fadeIn_m1hgl_8\">pro <\/span><span class=\"_fadeIn_m1hgl_8\">IBC <\/span><span class=\"_fadeIn_m1hgl_8\">a <\/span><span class=\"_fadeIn_m1hgl_8\">Kontejner<\/span> <span class=\"_fadeIn_m1hgl_8\">byl <\/span><span class=\"_fadeIn_m1hgl_8\">zejm\u00e9na <\/span><span class=\"_fadeIn_m1hgl_8\">pro <\/span><span class=\"_fadeIn_m1hgl_8\">na <\/span><span class=\"_fadeIn_m1hgl_8\">v\u00fdkonn\u00fd <\/span><span class=\"_fadeIn_m1hgl_8\">a <\/span><span class=\"_fadeIn_m1hgl_8\">spolehliv\u00fd proces <\/span><span class=\"_fadeIn_m1hgl_8\">Stir <\/span><span class=\"_fadeIn_m1hgl_8\">z <\/span><span class=\"_fadeIn_m1hgl_8\">n\u00edzk\u00e1 <\/span><span class=\"_fadeIn_m1hgl_8\">do <\/span><span class=\"_fadeIn_m1hgl_8\">vysoce visk\u00f3zn\u00ed <\/span><span class=\"_fadeIn_m1hgl_8\">M\u00e9dia<\/span> <span class=\"_fadeIn_m1hgl_8\">vyvinut\u00fd. <\/span><span class=\"_fadeIn_m1hgl_8\">Vybaven\u00ed <\/span><span class=\"_fadeIn_m1hgl_8\">s <\/span><span class=\"_fadeIn_m1hgl_8\">jeden <\/span><span class=\"_fadeIn_m1hgl_8\">siln\u00fd, <\/span><span class=\"_fadeIn_m1hgl_8\">elektroinstalace <\/span><span class=\"_fadeIn_m1hgl_8\">Pohon<\/span><span class=\"_fadeIn_m1hgl_8\">, <\/span><span class=\"_fadeIn_m1hgl_8\">jeden <\/span><span class=\"_fadeIn_m1hgl_8\">robustn\u00ed <\/span><span class=\"_fadeIn_m1hgl_8\">Kryc\u00ed syst\u00e9m<\/span> <span class=\"_fadeIn_m1hgl_8\">a <\/span><span class=\"_fadeIn_m1hgl_8\">jeden <\/span><span class=\"_fadeIn_m1hgl_8\">stabiln\u00ed <\/span><span class=\"_fadeIn_m1hgl_8\">Stativ <\/span><span class=\"_fadeIn_m1hgl_8\">s <\/span><span class=\"_fadeIn_m1hgl_8\">Automatick\u00e9 pneumatick\u00e9 <\/span><span class=\"_fadeIn_m1hgl_8\">Zvedac\u00ed za\u0159\u00edzen\u00ed<\/span><span class=\"_fadeIn_m1hgl_8\">, <\/span><span class=\"_fadeIn_m1hgl_8\">je <\/span><span class=\"_fadeIn_m1hgl_8\">tento <\/span><span class=\"_fadeIn_m1hgl_8\">M\u00edchadlo <\/span><span class=\"_fadeIn_m1hgl_8\">ide\u00e1ln\u00ed <\/span><span class=\"_fadeIn_m1hgl_8\">pro <\/span><span class=\"_fadeIn_m1hgl_8\">na <\/span><span class=\"_fadeIn_m1hgl_8\">pr\u016fmyslov\u00e9 <\/span><span class=\"_fadeIn_m1hgl_8\">Nep\u0159etr\u017eit\u00fd provoz <\/span><span class=\"_fadeIn_m1hgl_8\">na adrese <\/span><span class=\"_fadeIn_m1hgl_8\">na <\/span><span class=\"_fadeIn_m1hgl_8\">Chemie, <\/span><span class=\"_fadeIn_m1hgl_8\">Potraviny, <\/span><span class=\"_fadeIn_m1hgl_8\">Farmaceutick\u00e9 <\/span><span class=\"_fadeIn_m1hgl_8\">a <\/span><span class=\"_fadeIn_m1hgl_8\">Kosmetick\u00fd pr\u016fmysl<\/span> <span class=\"_fadeIn_m1hgl_8\">vhodn\u00e9.<\/span><\/p>\n<p data-start=\"739\" data-end=\"1149\"><span class=\"_fadeIn_m1hgl_8\">Na str\u00e1nk\u00e1ch <\/span><span class=\"_fadeIn_m1hgl_8\">integrovan\u00fd <\/span><span class=\"_fadeIn_m1hgl_8\">H\u0159\u00eddel m\u00edchadla<\/span> <span class=\"_fadeIn_m1hgl_8\">a <\/span><span class=\"_fadeIn_m1hgl_8\">na <\/span><span class=\"_fadeIn_m1hgl_8\">osv\u011bd\u010den\u00e9 <\/span><span class=\"_fadeIn_m1hgl_8\">Skl\u00e1dac\u00ed<\/span><span class=\"_fadeIn_m1hgl_8\">M\u00edchadlo na poh\u00e1ry <\/span><span class=\"_fadeIn_m1hgl_8\">eko<\/span><span class=\"_fadeIn_m1hgl_8\">Poh\u00e1r<\/span><span class=\"_fadeIn_m1hgl_8\"> \u2013 <\/span><span class=\"_fadeIn_m1hgl_8\">oba <\/span><span class=\"_fadeIn_m1hgl_8\">vyrobeno <\/span><span class=\"_fadeIn_m1hgl_8\">z <\/span><span class=\"_fadeIn_m1hgl_8\">vysok\u00e1 kvalita <\/span><span class=\"_fadeIn_m1hgl_8\">V4A <\/span><span class=\"_fadeIn_m1hgl_8\">Nerezov\u00e1 ocel (<\/span><span class=\"_fadeIn_m1hgl_8\">1.4404)<\/span><span class=\"_fadeIn_m1hgl_8\"> \u2013 <\/span><span class=\"_fadeIn_m1hgl_8\">z\u00e1ruka <\/span><span class=\"_fadeIn_m1hgl_8\">jeden <\/span><span class=\"_fadeIn_m1hgl_8\">efektivn\u00ed <\/span><span class=\"_fadeIn_m1hgl_8\">M\u00edch\u00e1n\u00ed<\/span> <span class=\"_fadeIn_m1hgl_8\">z <\/span><span class=\"_fadeIn_m1hgl_8\">Kapaliny <\/span><span class=\"_fadeIn_m1hgl_8\">a <\/span><span class=\"_fadeIn_m1hgl_8\">visk\u00f3zn\u00ed <\/span><span class=\"_fadeIn_m1hgl_8\">L\u00e1tky <\/span><span class=\"_fadeIn_m1hgl_8\">p\u0159\u00edmo <\/span><span class=\"_fadeIn_m1hgl_8\">v <\/span><span class=\"_fadeIn_m1hgl_8\">IBC <\/span><span class=\"_fadeIn_m1hgl_8\">nebo <\/span><span class=\"_fadeIn_m1hgl_8\">Kontejner. <\/span><span class=\"_fadeIn_m1hgl_8\">Na str\u00e1nk\u00e1ch <\/span><span class=\"_fadeIn_m1hgl_8\">Komponenty <\/span><span class=\"_fadeIn_m1hgl_8\">jsou <\/span><span class=\"_fadeIn_m1hgl_8\">optim\u00e1ln\u00ed <\/span><span class=\"_fadeIn_m1hgl_8\">na sebe navz\u00e1jem <\/span><span class=\"_fadeIn_m1hgl_8\">harmonizovan\u00e9 <\/span><span class=\"_fadeIn_m1hgl_8\">a <\/span><span class=\"_fadeIn_m1hgl_8\">poskytnout <\/span><span class=\"_fadeIn_m1hgl_8\">pro <\/span><span class=\"_fadeIn_m1hgl_8\">a <\/span><span class=\"_fadeIn_m1hgl_8\">i, <\/span><span class=\"_fadeIn_m1hgl_8\">homogenn\u00ed <\/span><span class=\"_fadeIn_m1hgl_8\">Motivuj\u00edc\u00ed v\u00fdsledek - <\/span><span class=\"_fadeIn_m1hgl_8\">tak\u00e9 <\/span><span class=\"_fadeIn_m1hgl_8\">s <\/span><span class=\"_fadeIn_m1hgl_8\">n\u00e1ro\u010dn\u00e9 <\/span><span class=\"_fadeIn_m1hgl_8\">M\u00e9dia.<\/span><\/p>\n<p data-start=\"1151\" data-end=\"1431\"><span class=\"_fadeIn_m1hgl_8\">Na str\u00e1nk\u00e1ch <\/span><span class=\"_fadeIn_m1hgl_8\">automatick\u00e9 <\/span><span class=\"_fadeIn_m1hgl_8\">Zvedac\u00ed za\u0159\u00edzen\u00ed<\/span> <span class=\"_fadeIn_m1hgl_8\">umo\u017e\u0148uje <\/span><span class=\"_fadeIn_m1hgl_8\">jeden <\/span><span class=\"_fadeIn_m1hgl_8\">pohodln\u011bj\u0161\u00ed <\/span><span class=\"_fadeIn_m1hgl_8\">a <\/span><span class=\"_fadeIn_m1hgl_8\">ergonomick\u00e9 <\/span><span class=\"_fadeIn_m1hgl_8\">Zm\u011bna kontejneru<\/span><span class=\"_fadeIn_m1hgl_8\">, <\/span><span class=\"_fadeIn_m1hgl_8\">sn\u00ed\u017een\u00fd <\/span><span class=\"_fadeIn_m1hgl_8\">fyzick\u00fd <\/span><span class=\"_fadeIn_m1hgl_8\">Zat\u00ed\u017een\u00ed <\/span><span class=\"_fadeIn_m1hgl_8\">a <\/span><span class=\"_fadeIn_m1hgl_8\">zv\u00fd\u0161en\u00fd <\/span><span class=\"_fadeIn_m1hgl_8\">na <\/span><span class=\"_fadeIn_m1hgl_8\">Bezpe\u010dnost pr\u00e1ce. <\/span><span class=\"_fadeIn_m1hgl_8\">O str\u00e1nk\u00e1ch <\/span><span class=\"_fadeIn_m1hgl_8\">a <\/span><span class=\"_fadeIn_m1hgl_8\">intuitivn\u00ed <\/span><span class=\"_fadeIn_m1hgl_8\">provozuschopn\u00fd <\/span><span class=\"_fadeIn_m1hgl_8\">Ovl\u00e1dac\u00ed panel <\/span><span class=\"_fadeIn_m1hgl_8\">na adrese <\/span><span class=\"_fadeIn_m1hgl_8\">Stativ<\/span> <span class=\"_fadeIn_m1hgl_8\">listy <\/span><span class=\"_fadeIn_m1hgl_8\">s\u00e1m <\/span><span class=\"_fadeIn_m1hgl_8\">na <\/span><span class=\"_fadeIn_m1hgl_8\">cel\u00fd <\/span><span class=\"_fadeIn_m1hgl_8\">Proces m\u00edch\u00e1n\u00ed <\/span><span class=\"_fadeIn_m1hgl_8\">efektivn\u00ed <\/span><span class=\"_fadeIn_m1hgl_8\">ovl\u00e1d\u00e1n\u00ed.<\/span><\/p>\n<p data-start=\"1433\" data-end=\"1758\"><span class=\"_fadeIn_m1hgl_8\">Pro <\/span><span class=\"_fadeIn_m1hgl_8\">dal\u0161\u00ed <\/span><span class=\"_fadeIn_m1hgl_8\">Zabezpe\u010den\u00ed <\/span><span class=\"_fadeIn_m1hgl_8\">poskytuje <\/span><span class=\"_fadeIn_m1hgl_8\">na <\/span><span class=\"_fadeIn_m1hgl_8\">integrovan\u00fd <\/span><span class=\"_fadeIn_m1hgl_8\">automatick\u00e9 <\/span><span class=\"_fadeIn_m1hgl_8\">Vypnut\u00ed m\u00edchadla <\/span><span class=\"_fadeIn_m1hgl_8\">na <\/span><span class=\"_fadeIn_m1hgl_8\">Zved\u00e1n\u00ed <\/span><span class=\"_fadeIn_m1hgl_8\">o <\/span><span class=\"_fadeIn_m1hgl_8\">V\u00ed\u010dka<\/span><span class=\"_fadeIn_m1hgl_8\">, <\/span><span class=\"_fadeIn_m1hgl_8\">na adrese <\/span><span class=\"_fadeIn_m1hgl_8\">na <\/span><span class=\"_fadeIn_m1hgl_8\">Dos\u00e1hnout <\/span><span class=\"_fadeIn_m1hgl_8\">na adrese <\/span><span class=\"_fadeIn_m1hgl_8\">pohybliv\u00e9 <\/span><span class=\"_fadeIn_m1hgl_8\">D\u00edly <\/span><span class=\"_fadeIn_m1hgl_8\">na <\/span><span class=\"_fadeIn_m1hgl_8\">zabr\u00e1nit. <\/span><span class=\"_fadeIn_m1hgl_8\">Na <\/span><span class=\"_fadeIn_m1hgl_8\">Sn\u00ed\u017een\u00ed <\/span><span class=\"_fadeIn_m1hgl_8\">rozpozn\u00e1v\u00e1 <\/span><span class=\"_fadeIn_m1hgl_8\">na <\/span><span class=\"_fadeIn_m1hgl_8\">Syst\u00e9m <\/span><span class=\"_fadeIn_m1hgl_8\">na <\/span><span class=\"_fadeIn_m1hgl_8\">Kontejner <\/span><span class=\"_fadeIn_m1hgl_8\">automaticky <\/span><span class=\"_fadeIn_m1hgl_8\">a <\/span><span class=\"_fadeIn_m1hgl_8\">za\u010d\u00edn\u00e1 <\/span><span class=\"_fadeIn_m1hgl_8\">na <\/span><span class=\"_fadeIn_m1hgl_8\">Proces m\u00edch\u00e1n\u00ed <\/span><span class=\"_fadeIn_m1hgl_8\">nez\u00e1visl\u00fd - <\/span><span class=\"_fadeIn_m1hgl_8\">pro <\/span><span class=\"_fadeIn_m1hgl_8\">jeden <\/span><span class=\"_fadeIn_m1hgl_8\">bez t\u0159en\u00ed, <\/span><span class=\"_fadeIn_m1hgl_8\">\u0159\u00edzen\u00e9 <\/span><span class=\"_fadeIn_m1hgl_8\">Pr\u016fb\u011bh procesu.<\/span><\/p>\n<h3 data-start=\"1337\" data-end=\"1549\"><span class=\"_fadeIn_m1hgl_8\">Va\u0161e mo\u017enosti:<\/span><\/h3>\n<p>T\u0159i \u00farovn\u011b v\u00fdkonu podle va\u0161ich po\u017eadavk\u016f:<\/p>\n<ul>\n<li>Pro kapaliny s viskozitou do 2 000 mPas.<\/li>\n<li>Pro kapaliny do viskozity 10 000 mPas.<\/li>\n<li>Pro kapaliny do viskozity 50 000 mPas.<\/li>\n<\/ul>\n<p>Syst\u00e9m rychl\u00e9 v\u00fdm\u011bny h\u0159\u00eddele m\u00edchadla:<br \/>\nNa\u0161e <a href=\"https:\/\/youtu.be\/TjagGW4DoyA?feature=shared\" target=\"_blank\" rel=\"noopener\">rychlov\u00fdm\u011bnn\u00fd syst\u00e9m eco-Quick<\/a> nab\u00edz\u00ed rychlou a \u010distou v\u00fdm\u011bnu h\u0159\u00eddele m\u00edchadla b\u011bhem n\u011bkolika sekund bez pou\u017eit\u00ed dal\u0161\u00edho n\u00e1\u0159ad\u00ed.<\/p>\n<p data-start=\"1760\" data-end=\"1791\"><span class=\"_fadeIn_m1hgl_8\">V\u00fdhody <\/span><span class=\"_fadeIn_m1hgl_8\">na adrese <\/span><span class=\"_fadeIn_m1hgl_8\">jeden <\/span><span class=\"_fadeIn_m1hgl_8\">Pohled:<\/span><\/p>\n<ul>\n<li data-start=\"1794\" data-end=\"1835\"><span class=\"_fadeIn_m1hgl_8\">V\u00fdkonn\u011bj\u0161\u00ed, <\/span><span class=\"_fadeIn_m1hgl_8\">elektrick\u00fd <\/span><span class=\"_fadeIn_m1hgl_8\">Pohon<\/span><\/li>\n<li data-start=\"1794\" data-end=\"1835\"><span class=\"_fadeIn_m1hgl_8\">Robustn\u011bj\u0161\u00ed <\/span><span class=\"_fadeIn_m1hgl_8\">Nerezov\u00e1 ocel (<\/span><span class=\"_fadeIn_m1hgl_8\">V4A \/ <\/span><span class=\"_fadeIn_m1hgl_8\">1.4404) <\/span><span class=\"_fadeIn_m1hgl_8\">pro <\/span><span class=\"_fadeIn_m1hgl_8\">H\u0159\u00eddel m\u00edchadla <\/span><span class=\"_fadeIn_m1hgl_8\">a <\/span><span class=\"_fadeIn_m1hgl_8\">M\u00edchadlo<\/span><\/li>\n<li data-start=\"1794\" data-end=\"1835\"><span class=\"_fadeIn_m1hgl_8\">Skl\u00e1dac\u00ed<\/span><span class=\"_fadeIn_m1hgl_8\">M\u00edchadlo na poh\u00e1ry <\/span><span class=\"_fadeIn_m1hgl_8\">eko<\/span><span class=\"_fadeIn_m1hgl_8\">Poh\u00e1r <\/span><span class=\"_fadeIn_m1hgl_8\">pro <\/span><span class=\"_fadeIn_m1hgl_8\">efektivn\u00ed <\/span><span class=\"_fadeIn_m1hgl_8\">Sm\u011bs<\/span><\/li>\n<li data-start=\"1794\" data-end=\"1835\"><span class=\"_fadeIn_m1hgl_8\">Vhodn\u00e9 <\/span><span class=\"_fadeIn_m1hgl_8\">pro <\/span><span class=\"_fadeIn_m1hgl_8\">n\u00edzk\u00e1 <\/span><span class=\"_fadeIn_m1hgl_8\">do <\/span><span class=\"_fadeIn_m1hgl_8\">vysok\u00e1 viskozita <\/span><span class=\"_fadeIn_m1hgl_8\">M\u00e9dia<\/span><\/li>\n<li data-start=\"1794\" data-end=\"1835\"><span class=\"_fadeIn_m1hgl_8\">Automatick\u00e9 <\/span><span class=\"_fadeIn_m1hgl_8\">Zvedac\u00ed za\u0159\u00edzen\u00ed <\/span><span class=\"_fadeIn_m1hgl_8\">pro <\/span><span class=\"_fadeIn_m1hgl_8\">ergonomick\u00e9 <\/span><span class=\"_fadeIn_m1hgl_8\">Pracovn\u00ed str\u00e1nky<\/span><\/li>\n<li data-start=\"1794\" data-end=\"1835\"><span class=\"_fadeIn_m1hgl_8\">Integrovan\u00fd <\/span><span class=\"_fadeIn_m1hgl_8\">Bezpe\u010dnostn\u00ed vypnut\u00ed <\/span><span class=\"_fadeIn_m1hgl_8\">na <\/span><span class=\"_fadeIn_m1hgl_8\">Zved\u00e1n\u00ed v\u00edka<\/span><\/li>\n<li data-start=\"1794\" data-end=\"1835\"><span class=\"_fadeIn_m1hgl_8\">Automatick\u00e9 <\/span><span class=\"_fadeIn_m1hgl_8\">Start <\/span><span class=\"_fadeIn_m1hgl_8\">prost\u0159ednictv\u00edm <\/span><span class=\"_fadeIn_m1hgl_8\">Detekce kontejner\u016f<\/span><\/li>\n<li data-start=\"1794\" data-end=\"1835\"><span class=\"_fadeIn_m1hgl_8\">Praktick\u00e1 str\u00e1nka <\/span><span class=\"_fadeIn_m1hgl_8\">Ovl\u00e1dac\u00ed panel <\/span><span class=\"_fadeIn_m1hgl_8\">pro <\/span><span class=\"_fadeIn_m1hgl_8\">jednoduch\u00fd <\/span><span class=\"_fadeIn_m1hgl_8\">\u0158\u00eddic\u00ed syst\u00e9m<\/span><\/li>\n<li data-start=\"1794\" data-end=\"1835\"><span class=\"_fadeIn_m1hgl_8\">Ide\u00e1ln\u00ed <\/span><span class=\"_fadeIn_m1hgl_8\">pro <\/span><span class=\"_fadeIn_m1hgl_8\">IBC <\/span><span class=\"_fadeIn_m1hgl_8\">a <\/span><span class=\"_fadeIn_m1hgl_8\">Kontejner<\/span><\/li>\n<\/ul>\n<p data-start=\"1794\" data-end=\"1835\">Rozsah dod\u00e1vky bez kontejneru, bez paletov\u00e9ho voz\u00edku<\/p>","protected":false},"excerpt":{"rendered":"<p><span class=\"_fadeIn_m1hgl_8\">Stojanov\u00e9 m\u00edchadlo <\/span><span class=\"_fadeIn_m1hgl_8\">pro <\/span><span class=\"_fadeIn_m1hgl_8\">IBC <\/span><span class=\"_fadeIn_m1hgl_8\">a <\/span><span class=\"_fadeIn_m1hgl_8\">Kontejner <\/span><span class=\"_fadeIn_m1hgl_8\">s <\/span><span class=\"_fadeIn_m1hgl_8\">pneumatick\u00e9 <\/span><span class=\"_fadeIn_m1hgl_8\">Pohon, <\/span><span class=\"_fadeIn_m1hgl_8\">v\u00edce automatick\u00e9 <\/span><span class=\"_fadeIn_m1hgl_8\">Zvedac\u00ed za\u0159\u00edzen\u00ed, <\/span><span class=\"_fadeIn_m1hgl_8\">Bezpe\u010dnostn\u00ed vypnut\u00ed <\/span><span class=\"_fadeIn_m1hgl_8\">a <\/span><span class=\"_fadeIn_m1hgl_8\">V4A-<\/span><span class=\"_fadeIn_m1hgl_8\">Nerezov\u00e1 ocel<\/span><span class=\"_fadeIn_m1hgl_8\">Sou\u010d\u00e1sti, <\/span><span class=\"_fadeIn_m1hgl_8\">optim\u00e1ln\u00ed <\/span><span class=\"_fadeIn_m1hgl_8\">na adrese <\/span><span class=\"_fadeIn_m1hgl_8\">na <\/span><span class=\"_fadeIn_m1hgl_8\">efektivn\u00ed <\/span><span class=\"_fadeIn_m1hgl_8\">a <\/span><span class=\"_fadeIn_m1hgl_8\">bezpe\u010dn\u00fd <\/span><span class=\"_fadeIn_m1hgl_8\">Stir <\/span><span class=\"_fadeIn_m1hgl_8\">z <\/span><span class=\"_fadeIn_m1hgl_8\">n\u00edzk\u00e1 <\/span><span class=\"_fadeIn_m1hgl_8\">do <\/span><span class=\"_fadeIn_m1hgl_8\">vysoce visk\u00f3zn\u00ed <\/span><span class=\"_fadeIn_m1hgl_8\">M\u00e9dia <\/span><span class=\"_fadeIn_m1hgl_8\">koordinovan\u00e9.<\/span><\/p>","protected":false},"featured_media":15559,"comment_status":"open","ping_status":"closed","template":"","meta":{"_acf_changed":false},"product_brand":[],"product_cat":[595,614],"product_tag":[2894,2895,2897,2898,3155,3165,2637,2890,2891,2893],"class_list":{"0":"post-14473","1":"product","2":"type-product","3":"status-publish","4":"has-post-thumbnail","6":"product_cat-ruehrwerkstechnik","7":"product_cat-containerruehrwerke","8":"product_tag-edelstahl-ruehrwerk-v4a","9":"product_tag-ruehrwerk-mit-sicherheitsabschaltung","10":"product_tag-automatisches-stativruehrwerk","11":"product_tag-ruehrwerk-mit-bedienpult","12":"product_tag-ibc-ruehrwerk","13":"product_tag-elektro-pneumatisches-ruehrwerk","14":"product_tag-ruehrwerk-fuer-hochviskose-medien","15":"product_tag-stativruehrwerk-ibc","16":"product_tag-container-ruehrwerk","17":"product_tag-ruehrwerk-mit-hebevorrichtung","18":"product_shipping_class-sonderpalette-speditionsversand","19":"pa_antriebsart-elektrisch","20":"pa_behaeltervolumen-ibc","21":"pa_deckeldurchmesser-fuer-ibc-oeffnungen-dn150-und-dn225-geeignet","22":"pa_dichtung-ptfe","23":"pa_durchmesser-ruehrwelle-25mm","24":"pa_geeignete-container-600-1200-liter-ibc","25":"pa_gesamtbreite-1290mm","26":"pa_gesamthoehe-2825mm","27":"pa_labs-oel-und-silikonfrei","28":"pa_laenge-ruehrwelle-ca-739mm-ab-deckeloberkante","29":"pa_material-deckel-v4a-edelstahl-1-4404","30":"pa_model-eco-station-ibc","31":"pa_motorgroessen-0-411-1-min-15kw-32nm-bis-2-000mpas","32":"pa_motorgroessen-0-245-1-min-15kw-58nm-bis-10-000mpas","33":"pa_motorgroessen-0-337-1-min-3kw-85nm-bis-50-000mpas","34":"pa_ruehrorgan-becherruehrorgan-eco-cup-500mm","35":"pa_schnellwechselsystem-mit-gewindeverbindung","36":"pa_schnellwechselsystem-mit-schnellwechselsystem","37":"pa_stativverfahrweg-1200mm","38":"pa_typ-stativruehrwerk","40":"first","41":"instock","42":"taxable","43":"shipping-taxable","44":"purchasable","45":"product-type-variable"},"bundled_by":[],"bundle_stock_status":"instock","bundle_stock_quantity":null,"bundle_virtual":false,"bundle_layout":"","bundle_add_to_cart_form_location":"","bundle_editable_in_cart":false,"bundle_sold_individually_context":"","bundle_item_grouping":"","bundle_min_size":"","bundle_max_size":"","bundle_price":[],"bundled_items":[],"bundle_sell_ids":[],"exclude_global_add_ons":[],"addons":[],"acf":[],"_links":{"self":[{"href":"https:\/\/ptm-mechatronics.com\/cs\/wp-json\/wp\/v2\/product\/14473","targetHints":{"allow":["GET"]}}],"collection":[{"href":"https:\/\/ptm-mechatronics.com\/cs\/wp-json\/wp\/v2\/product"}],"about":[{"href":"https:\/\/ptm-mechatronics.com\/cs\/wp-json\/wp\/v2\/types\/product"}],"replies":[{"embeddable":true,"href":"https:\/\/ptm-mechatronics.com\/cs\/wp-json\/wp\/v2\/comments?post=14473"}],"wp:featuredmedia":[{"embeddable":true,"href":"https:\/\/ptm-mechatronics.com\/cs\/wp-json\/wp\/v2\/media\/15559"}],"wp:attachment":[{"href":"https:\/\/ptm-mechatronics.com\/cs\/wp-json\/wp\/v2\/media?parent=14473"}],"wp:term":[{"taxonomy":"product_brand","embeddable":true,"href":"https:\/\/ptm-mechatronics.com\/cs\/wp-json\/wp\/v2\/product_brand?post=14473"},{"taxonomy":"product_cat","embeddable":true,"href":"https:\/\/ptm-mechatronics.com\/cs\/wp-json\/wp\/v2\/product_cat?post=14473"},{"taxonomy":"product_tag","embeddable":true,"href":"https:\/\/ptm-mechatronics.com\/cs\/wp-json\/wp\/v2\/product_tag?post=14473"}],"curies":[{"name":"wp","href":"https:\/\/api.w.org\/{rel}","templated":true}]}}