{"id":14428,"date":"2025-07-25T09:35:54","date_gmt":"2025-07-25T07:35:54","guid":{"rendered":"https:\/\/ptm-mechatronics.com\/?post_type=product&#038;p=14428"},"modified":"2026-03-09T10:20:09","modified_gmt":"2026-03-09T09:20:09","slug":"ruehrwerk-mit-traverse-fuer-ibc-container","status":"publish","type":"product","link":"https:\/\/ptm-mechatronics.com\/cs\/product\/ruehrwerk-mit-traverse-fuer-ibc-container\/","title":{"rendered":"Pneumatick\u00e9 m\u00edchadlo s pojezdem pro IBC a kontejnery"},"content":{"rendered":"<h1 data-start=\"186\" data-end=\"280\"><span style=\"font-size: 90%;\">Pneumatick\u00e9 m\u00edchadlo IBC s p\u0159\u00ed\u010dn\u00fdm nosn\u00edkem z nerezov\u00e9 oceli - flexibiln\u00ed, v\u00fdkonn\u00e9, snadn\u00e1 instalace<\/span><\/h1>\n<p data-start=\"282\" data-end=\"621\">Na\u0161e v\u00fdkonn\u00e1 pneumatick\u00e1 m\u00edchadla pro IBC a kontejnery jsou ide\u00e1ln\u00edm \u0159e\u0161en\u00edm pro spolehliv\u00e9 m\u00edch\u00e1n\u00ed v pr\u016fmyslu a v\u00fdrob\u011b. Robustn\u00ed p\u0159\u00ed\u010dn\u00edk z nerezov\u00e9 oceli V4A 1.4404 lze rychle a bezpe\u010dn\u011b namontovat na n\u00e1dobu - dv\u011b rychloup\u00ednac\u00ed svorky umo\u017e\u0148uj\u00ed jeho upevn\u011bn\u00ed b\u011bhem n\u011bkolika sekund.<\/p>\n<p data-start=\"623\" data-end=\"975\">D\u00edky variabiln\u00edmu rozsahu nastaven\u00ed je m\u00edchadlo vhodn\u00e9 pro IBC kontejnery od 600 do 1200 litr\u016f. Sou\u010d\u00e1st\u00ed dod\u00e1vky je odpov\u00eddaj\u00edc\u00ed h\u0159\u00eddel m\u00edchadla a speci\u00e1ln\u011b navr\u017een\u00e9 v\u00fdkyvn\u00e9 m\u00edchadlo eco-Cup - rovn\u011b\u017e z nerezov\u00e9 oceli V4A - pro \u00fa\u010dinn\u00e9 a \u0161etrn\u00e9 m\u00edch\u00e1n\u00ed m\u00e9di\u00ed s n\u00edzkou a\u017e vysokou viskozitou.<\/p>\n<h3 data-start=\"1337\" data-end=\"1549\"><span class=\"_fadeIn_m1hgl_8\">Va\u0161e mo\u017enosti:<\/span><\/h3>\n<p>Syst\u00e9m rychl\u00e9 v\u00fdm\u011bny h\u0159\u00eddele m\u00edchadla:<br \/>\nN\u00e1\u0161 rychlov\u00fdm\u011bnn\u00fd syst\u00e9m eco-Quick nab\u00edz\u00ed rychlou a \u010distou v\u00fdm\u011bnu h\u0159\u00eddele m\u00edchadla b\u011bhem n\u011bkolika sekund bez pou\u017eit\u00ed dal\u0161\u00edho n\u00e1\u0159ad\u00ed.<\/p>\n<p data-start=\"1337\" data-end=\"1549\">Koncepce fungov\u00e1n\u00ed:<br \/>\nStoj\u00e1nkov\u00fd mix\u00e9r je voliteln\u011b k dispozici s pneumatickou sadou (uzav\u00edrac\u00ed ventil, regul\u00e1tor filtru a manometr) nebo ovl\u00e1dac\u00edm panelem DGUV. Ovl\u00e1dac\u00ed panel DGUV nab\u00edz\u00ed bezpe\u010dnost pr\u00e1ce v souladu s UVV s nouzov\u00fdm zastaven\u00edm s \u0159\u00edzen\u00fdm op\u011btovn\u00fdm spu\u0161t\u011bn\u00edm, dvojitou kontrolou n\u00e1doby a p\u0159ehledn\u00fdm a bezpe\u010dn\u00fdm uspo\u0159\u00e1d\u00e1n\u00edm ovl\u00e1dac\u00edch prvk\u016f.<\/p>\n<p data-start=\"623\" data-end=\"975\">Pozn\u00e1mka: Vzhledem k tomu, \u017ee IBC nejsou standardizovan\u00e9, doporu\u010dujeme p\u0159edem zkontrolovat rozm\u011bry. N\u00e1\u0161 t\u00fdm PTM v\u00e1m s v\u00fdb\u011brem r\u00e1d pom\u016f\u017ee.<\/p>\n<p data-start=\"1118\" data-end=\"1150\">Rozsah dod\u00e1vky bez kontejneru.<\/p>","protected":false},"excerpt":{"rendered":"<p>Pneumatick\u00e9 m\u00edchadlo IBC s p\u0159\u00ed\u010dn\u00fdm nosn\u00edkem z nerezov\u00e9 oceli, kter\u00e9 je p\u0159ipraveno k okam\u017eit\u00e9mu pou\u017eit\u00ed a lze jej flexibiln\u011b namontovat na n\u00e1doby o objemu 600-1200 litr\u016f - v\u010detn\u011b h\u0159\u00eddele m\u00edchadla a m\u00edchadla eco-Cup.<\/p>","protected":false},"featured_media":15558,"comment_status":"open","ping_status":"closed","template":"","meta":{"_acf_changed":false},"product_brand":[],"product_cat":[614,595],"product_tag":[2892,3155,3159,3160,3161,3162,2517,2743,2891],"class_list":{"0":"post-14428","1":"product","2":"type-product","3":"status-publish","4":"has-post-thumbnail","6":"product_cat-containerruehrwerke","7":"product_cat-ruehrwerkstechnik","8":"product_tag-pneumatisches-ruehrwerk","9":"product_tag-ibc-ruehrwerk","10":"product_tag-eco-cup-ruehrorgan","11":"product_tag-ruehrwelle-ibc","12":"product_tag-ibc-ruehrtechnik","13":"product_tag-schnellspanner-ruehrwerk","14":"product_tag-edelstahl-ruehrwerk","15":"product_tag-ruehrwerk-v4a","16":"product_tag-container-ruehrwerk","17":"product_shipping_class-karton-paketversand","18":"pa_antriebsart-pneumatisch","19":"pa_atex-zone-122122","20":"pa_bedien-anschlusskonzept-ohne","21":"pa_bedien-anschlusskonzept-pneumatikset","22":"pa_bedien-anschlusskonzept-dguv-schalttafel","23":"pa_behaeltervolumen-ibc","24":"pa_dichtung-ptfe","25":"pa_drehmoment-32nm","26":"pa_drehzahl-0-300-1-min","27":"pa_durchmesser-ruehrwelle-25mm","28":"pa_ex-gas-ex-ii-2-g-ex-h-iic-t5-gb-x","29":"pa_ex-staub-ex-ii-2-d-ex-h-iiic-t100c-db-x","30":"pa_geeignete-ibc-groessen-600-1200-liter","31":"pa_geraeuschpegel-75db","32":"pa_labs-oel-und-silikonfrei","33":"pa_laenge-ruehrwelle-ca-795mm-ab-deckeloberkante","34":"pa_material-gehaeuse-aluminium-eloxiert","35":"pa_material-traverse-v4a-edelstahl-1-4404","36":"pa_mittlerer-luftverbrauch-200l-min","37":"pa_ruehrorgan-becherruehrorgan-eco-cup-500mm","38":"pa_schnellwechselsystem-mit-gewindeverbindung","39":"pa_schnellwechselsystem-mit-schnellwechselsystem","40":"pa_schutzart-ip67","41":"pa_steckverschraubung-abluft-schlauch-o12mm","42":"pa_steckverschraubung-zuluft-schlauch-o8mm","43":"pa_typ-traversenruehrwerk","44":"pa_versorgung-5-6bar","46":"first","47":"instock","48":"taxable","49":"shipping-taxable","50":"purchasable","51":"product-type-variable"},"bundled_by":[],"bundle_stock_status":"instock","bundle_stock_quantity":null,"bundle_virtual":false,"bundle_layout":"","bundle_add_to_cart_form_location":"","bundle_editable_in_cart":false,"bundle_sold_individually_context":"","bundle_item_grouping":"","bundle_min_size":"","bundle_max_size":"","bundle_price":[],"bundled_items":[],"bundle_sell_ids":[],"exclude_global_add_ons":[],"addons":[],"acf":[],"_links":{"self":[{"href":"https:\/\/ptm-mechatronics.com\/cs\/wp-json\/wp\/v2\/product\/14428","targetHints":{"allow":["GET"]}}],"collection":[{"href":"https:\/\/ptm-mechatronics.com\/cs\/wp-json\/wp\/v2\/product"}],"about":[{"href":"https:\/\/ptm-mechatronics.com\/cs\/wp-json\/wp\/v2\/types\/product"}],"replies":[{"embeddable":true,"href":"https:\/\/ptm-mechatronics.com\/cs\/wp-json\/wp\/v2\/comments?post=14428"}],"wp:featuredmedia":[{"embeddable":true,"href":"https:\/\/ptm-mechatronics.com\/cs\/wp-json\/wp\/v2\/media\/15558"}],"wp:attachment":[{"href":"https:\/\/ptm-mechatronics.com\/cs\/wp-json\/wp\/v2\/media?parent=14428"}],"wp:term":[{"taxonomy":"product_brand","embeddable":true,"href":"https:\/\/ptm-mechatronics.com\/cs\/wp-json\/wp\/v2\/product_brand?post=14428"},{"taxonomy":"product_cat","embeddable":true,"href":"https:\/\/ptm-mechatronics.com\/cs\/wp-json\/wp\/v2\/product_cat?post=14428"},{"taxonomy":"product_tag","embeddable":true,"href":"https:\/\/ptm-mechatronics.com\/cs\/wp-json\/wp\/v2\/product_tag?post=14428"}],"curies":[{"name":"wp","href":"https:\/\/api.w.org\/{rel}","templated":true}]}}