{"id":14421,"date":"2025-07-25T09:20:21","date_gmt":"2025-07-25T07:20:21","guid":{"rendered":"https:\/\/ptm-mechatronics.com\/?post_type=product&#038;p=14421"},"modified":"2025-11-07T15:56:02","modified_gmt":"2025-11-07T14:56:02","slug":"ruehrwerk-mit-traverse-fuer-ibc-container-atex","status":"publish","type":"product","link":"https:\/\/ptm-mechatronics.com\/cs\/product\/ruehrwerk-mit-traverse-fuer-ibc-container-atex\/","title":{"rendered":"Pneumatick\u00e9 m\u00edchadlo s pojezdem pro IBC a kontejnery - ATEX"},"content":{"rendered":"<h1 data-start=\"194\" data-end=\"290\"><span style=\"font-size: 75%;\">Pneumatick\u00e9 m\u00edchadlo IBC s p\u0159\u00ed\u010dn\u00fdm nosn\u00edkem z nerezov\u00e9 oceli - bezpe\u010dn\u00e9 podle ATEX, flexibiln\u00ed, snadn\u00e1 instalace<\/span><\/h1>\n<p data-start=\"292\" data-end=\"535\">Na\u0161e v\u00fdkonn\u00e1 pneumatick\u00e1 m\u00edchadla pro IBC a kontejnery jsou speci\u00e1ln\u011b navr\u017eena pro nep\u0159etr\u017eit\u00e9 pr\u016fmyslov\u00e9 pou\u017eit\u00ed a nab\u00edzej\u00ed maxim\u00e1ln\u00ed bezpe\u010dnost a \u00fa\u010dinnost - dokonce i v nebezpe\u010dn\u00fdch z\u00f3n\u00e1ch ATEX 1.<\/p>\n<p data-start=\"537\" data-end=\"871\">Robustn\u00ed p\u0159\u00ed\u010dn\u00edk z vysoce kvalitn\u00ed nerezov\u00e9 oceli V4A 1.4404 lze snadno a rychle p\u0159ipevnit ke kontejneru. M\u00edchadlo se bezpe\u010dn\u011b upevn\u00ed b\u011bhem n\u011bkolika sekund pomoc\u00ed dvou praktick\u00fdch rychloup\u00ednac\u00edch svorek. D\u00edky variabiln\u00edmu rozsahu nastaven\u00ed je syst\u00e9m vhodn\u00fd pro IBC kontejnery o objemu 600 a\u017e 1200 litr\u016f.<\/p>\n<p data-start=\"873\" data-end=\"1102\">M\u00edchadlo se dod\u00e1v\u00e1 p\u0159ipraven\u00e9 k pou\u017eit\u00ed s p\u0159izp\u016fsobenou m\u00edchac\u00ed h\u0159\u00eddel\u00ed a osv\u011bd\u010den\u00fdm v\u00fdkyvn\u00fdm m\u00edchadlem eco-Cup - oboj\u00ed z nerezov\u00e9 oceli V4A - pro homogenn\u00ed v\u00fdsledky s m\u00e9dii s n\u00edzkou a\u017e vysokou viskozitou.<\/p>\n<h3 data-start=\"1337\" data-end=\"1549\"><span class=\"_fadeIn_m1hgl_8\">Va\u0161e mo\u017enosti:<\/span><\/h3>\n<p>Syst\u00e9m rychl\u00e9 v\u00fdm\u011bny h\u0159\u00eddele m\u00edchadla:<br \/>\nNa\u0161e <a href=\"https:\/\/youtu.be\/TjagGW4DoyA?feature=shared\" target=\"_blank\" rel=\"noopener\">rychlov\u00fdm\u011bnn\u00fd syst\u00e9m eco-Quick<\/a> nab\u00edz\u00ed rychlou a \u010distou v\u00fdm\u011bnu h\u0159\u00eddele m\u00edchadla b\u011bhem n\u011bkolika sekund bez pou\u017eit\u00ed dal\u0161\u00edho n\u00e1\u0159ad\u00ed.<\/p>\n<p data-start=\"1337\" data-end=\"1549\">Koncepce fungov\u00e1n\u00ed:<br \/>\nM\u00edchadlo je voliteln\u011b k dispozici s pneumatickou sadou (uzav\u00edrac\u00ed ventil, regul\u00e1tor filtru a manometr) nebo s ovl\u00e1dac\u00edm panelem DGUV. . <a href=\"https:\/\/ptm-mechatronics.com\/cs\/product\/dguv-schalttafel\/\" target=\"_blank\" rel=\"noopener\">Ovl\u00e1dac\u00ed panel DGUV<\/a> nab\u00edz\u00ed bezpe\u010dnost pr\u00e1ce podle UVV s <a href=\"https:\/\/ptm-mechatronics.com\/cs\/grundlagen-guide\/not-aus\/\" target=\"_blank\" rel=\"noopener\">Nouzov\u00e9 zastaven\u00ed<\/a> s \u0159\u00edzen\u00fdm op\u011btovn\u00fdm spu\u0161t\u011bn\u00edm, dvojitou kontrolou z\u00e1sobn\u00edku a p\u0159ehledn\u00fdm a bezpe\u010dn\u00fdm uspo\u0159\u00e1d\u00e1n\u00edm ovl\u00e1dac\u00edch prvk\u016f.<\/p>\n<p data-start=\"873\" data-end=\"1102\">Pozn\u00e1mka: Kontejnery IBC nejsou standardizovan\u00e9. Zkontrolujte si pros\u00edm p\u0159edem rozm\u011bry sv\u00e9ho kontejneru. R\u00e1di v\u00e1m porad\u00edme osobn\u011b.<\/p>\n<p data-start=\"1237\" data-end=\"1269\">Rozsah dod\u00e1vky bez kontejneru.<\/p>","protected":false},"excerpt":{"rendered":"<p>Pneumatick\u00e9 m\u00edchadlo IBC s p\u0159\u00ed\u010dn\u00fdm nosn\u00edkem z nerezov\u00e9 oceli pro z\u00f3nu ATEX 1, kter\u00e9 lze flexibiln\u011b namontovat na n\u00e1doby o objemu 600-1200 litr\u016f a je p\u0159ipraveno k okam\u017eit\u00e9mu pou\u017eit\u00ed s m\u00edchac\u00ed h\u0159\u00eddel\u00ed a m\u00edchadlem eco-Cup.<\/p>","protected":false},"featured_media":15557,"comment_status":"open","ping_status":"closed","template":"","meta":{"_acf_changed":false},"product_brand":[],"product_cat":[595,614],"product_tag":[3157,3158,3159,2517,2707,2814,2892,2896,3155,3156],"class_list":{"0":"post-14421","1":"product","2":"type-product","3":"status-publish","4":"has-post-thumbnail","6":"product_cat-ruehrwerkstechnik","7":"product_cat-containerruehrwerke","8":"product_tag-zone-1-ruehrwerk","9":"product_tag-v4a-traverse","10":"product_tag-eco-cup-ruehrorgan","11":"product_tag-edelstahl-ruehrwerk","12":"product_tag-ruehrtechnik-industrie","13":"product_tag-atex-ruehrwerk","14":"product_tag-pneumatisches-ruehrwerk","15":"product_tag-ibc-ruehrwerk-atex","16":"product_tag-ibc-ruehrwerk","17":"product_tag-ruehrwerk-container","18":"product_shipping_class-karton-paketversand","19":"pa_antriebsart-pneumatisch","20":"pa_atex-zone-122122","21":"pa_bedien-anschlusskonzept-ohne","22":"pa_bedien-anschlusskonzept-pneumatikset","23":"pa_bedien-anschlusskonzept-dguv-schalttafel","24":"pa_behaeltervolumen-ibc","25":"pa_dichtung-ptfe","26":"pa_drehmoment-32nm","27":"pa_drehzahl-0-300-1-min","28":"pa_durchmesser-ruehrwelle-25mm","29":"pa_ex-gas-ex-ii-2-g-ex-h-iic-t5-gb-x","30":"pa_ex-staub-ex-ii-2-d-ex-h-iiic-t100c-db-x","31":"pa_geeignete-ibc-groessen-600-1200-liter","32":"pa_geraeuschpegel-75db","33":"pa_labs-oel-und-silikonfrei","34":"pa_laenge-ruehrwelle-ca-795mm-ab-deckeloberkante","35":"pa_material-gehaeuse-aluminium-eloxiert","36":"pa_material-traverse-v4a-edelstahl-1-4404","37":"pa_mittlerer-luftverbrauch-200l-min","38":"pa_ruehrorgan-becherruehrorgan-eco-cup-500mm","39":"pa_schnellwechselsystem-mit-gewindeverbindung","40":"pa_schnellwechselsystem-mit-schnellwechselsystem","41":"pa_schutzart-ip67","42":"pa_steckverschraubung-abluft-schlauch-o12mm","43":"pa_steckverschraubung-zuluft-schlauch-o8mm","44":"pa_typ-traversenruehrwerk","45":"pa_versorgung-5-6bar","47":"first","48":"instock","49":"taxable","50":"shipping-taxable","51":"purchasable","52":"product-type-variable"},"bundled_by":[],"bundle_stock_status":"instock","bundle_stock_quantity":null,"bundle_virtual":false,"bundle_layout":"","bundle_add_to_cart_form_location":"","bundle_editable_in_cart":false,"bundle_sold_individually_context":"","bundle_item_grouping":"","bundle_min_size":"","bundle_max_size":"","bundle_price":[],"bundled_items":[],"bundle_sell_ids":[],"exclude_global_add_ons":[],"addons":[],"acf":[],"_links":{"self":[{"href":"https:\/\/ptm-mechatronics.com\/cs\/wp-json\/wp\/v2\/product\/14421","targetHints":{"allow":["GET"]}}],"collection":[{"href":"https:\/\/ptm-mechatronics.com\/cs\/wp-json\/wp\/v2\/product"}],"about":[{"href":"https:\/\/ptm-mechatronics.com\/cs\/wp-json\/wp\/v2\/types\/product"}],"replies":[{"embeddable":true,"href":"https:\/\/ptm-mechatronics.com\/cs\/wp-json\/wp\/v2\/comments?post=14421"}],"wp:featuredmedia":[{"embeddable":true,"href":"https:\/\/ptm-mechatronics.com\/cs\/wp-json\/wp\/v2\/media\/15557"}],"wp:attachment":[{"href":"https:\/\/ptm-mechatronics.com\/cs\/wp-json\/wp\/v2\/media?parent=14421"}],"wp:term":[{"taxonomy":"product_brand","embeddable":true,"href":"https:\/\/ptm-mechatronics.com\/cs\/wp-json\/wp\/v2\/product_brand?post=14421"},{"taxonomy":"product_cat","embeddable":true,"href":"https:\/\/ptm-mechatronics.com\/cs\/wp-json\/wp\/v2\/product_cat?post=14421"},{"taxonomy":"product_tag","embeddable":true,"href":"https:\/\/ptm-mechatronics.com\/cs\/wp-json\/wp\/v2\/product_tag?post=14421"}],"curies":[{"name":"wp","href":"https:\/\/api.w.org\/{rel}","templated":true}]}}