{"id":14041,"date":"2025-07-18T10:01:00","date_gmt":"2025-07-18T08:01:00","guid":{"rendered":"https:\/\/ptm-mechatronics.com\/?post_type=product&#038;p=14041"},"modified":"2025-11-07T15:55:17","modified_gmt":"2025-11-07T14:55:17","slug":"filterkatuschen","status":"publish","type":"product","link":"https:\/\/ptm-mechatronics.com\/cs\/product\/filterkatuschen\/","title":{"rendered":"Filtra\u010dn\u00ed kazety"},"content":{"rendered":"<h1 data-start=\"198\" data-end=\"281\"><span style=\"font-size: 75%;\">N\u00e1hradn\u00ed filtra\u010dn\u00ed vlo\u017eka pro sadu filtr\u016f ods\u00e1van\u00e9ho vzduchu - \u010dist\u00e1, bezpe\u010dn\u00e1, vhodn\u00e1 pro \u010dist\u00e9 prostory<\/span><\/h1>\n<p data-start=\"283\" data-end=\"724\">Tato n\u00e1hradn\u00ed filtra\u010dn\u00ed vlo\u017eka je speci\u00e1ln\u011b navr\u017eena pro sadu filtr\u016f v\u00fdfukov\u00e9ho vzduchu pohon\u016f PTM a spolehliv\u011b zaji\u0161\u0165uje \u00fa\u010dinn\u00e9 odlu\u010dov\u00e1n\u00ed \u010d\u00e1stic v citliv\u00fdch v\u00fdrobn\u00edch prostorech. D\u00edky sv\u00e9 vysoce kvalitn\u00ed filtra\u010dn\u00ed struktu\u0159e sni\u017euje mno\u017estv\u00ed ne\u010distot ve vzduchu a podporuje st\u00e1lou kvalitu vzduchu - zejm\u00e9na v \u010dist\u00fdch prostor\u00e1ch nebo v hygienicky citliv\u00fdch prost\u0159ed\u00edch, jako jsou farmaceutick\u00e9, potravin\u00e1\u0159sk\u00e9 nebo laboratorn\u00ed technologie.<\/p>\n<p data-start=\"726\" data-end=\"1025\">Filtr lze snadno a rychle vym\u011bnit a obnovuje pln\u00fd v\u00fdkon v\u00fdfukov\u00e9ho syst\u00e9mu. Filtra\u010dn\u00ed kazeta je ide\u00e1ln\u011b p\u0159izp\u016fsobena modulu p\u0159\u00edvodu vzduchu PTM a p\u0159isp\u00edv\u00e1 k bezpe\u010dnosti, dlouh\u00e9 \u017eivotnosti a energetick\u00e9 \u00fa\u010dinnosti cel\u00e9ho syst\u00e9mu.<\/p>","protected":false},"excerpt":{"rendered":"<p>N\u00e1hradn\u00ed filtra\u010dn\u00ed vlo\u017eky pro filtra\u010dn\u00ed bal\u00ed\u010dek PTM pro ods\u00e1van\u00fd vzduch Cleanroom pro \u010dist\u00fd ods\u00e1van\u00fd vzduch a spolehlivou separaci \u010d\u00e1stic - ide\u00e1ln\u00ed pro \u010dist\u00e9 prostory a hygienick\u00e9 aplikace.<\/p>","protected":false},"featured_media":15549,"comment_status":"closed","ping_status":"closed","template":"","meta":{"_acf_changed":false},"product_brand":[],"product_cat":[2745],"product_tag":[3143,3144,3145,3146,3147,3148,3149,3150,3151],"class_list":{"0":"post-14041","1":"product","2":"type-product","3":"status-publish","4":"has-post-thumbnail","6":"product_cat-ersatzteile","7":"product_tag-ersatzfilter-abluftpaket","8":"product_tag-abluftfilter-reinraum","9":"product_tag-filterkartusche-ptm-antrieb","10":"product_tag-abluftfilter-ersatzteil","11":"product_tag-hygienischer-abluftfilter","12":"product_tag-abluft-filterkupplung","13":"product_tag-druckluftfilter-ersatz","14":"product_tag-abluftfilter-industrie","15":"product_tag-reinraum-ersatzfilter","16":"product_shipping_class-karton-paketversand","18":"first","19":"instock","20":"taxable","21":"shipping-taxable","22":"purchasable","23":"product-type-variable"},"bundled_by":[],"bundle_stock_status":"instock","bundle_stock_quantity":null,"bundle_virtual":false,"bundle_layout":"","bundle_add_to_cart_form_location":"","bundle_editable_in_cart":false,"bundle_sold_individually_context":"","bundle_item_grouping":"","bundle_min_size":"","bundle_max_size":"","bundle_price":[],"bundled_items":[],"bundle_sell_ids":[],"exclude_global_add_ons":[],"addons":[],"acf":[],"_links":{"self":[{"href":"https:\/\/ptm-mechatronics.com\/cs\/wp-json\/wp\/v2\/product\/14041","targetHints":{"allow":["GET"]}}],"collection":[{"href":"https:\/\/ptm-mechatronics.com\/cs\/wp-json\/wp\/v2\/product"}],"about":[{"href":"https:\/\/ptm-mechatronics.com\/cs\/wp-json\/wp\/v2\/types\/product"}],"replies":[{"embeddable":true,"href":"https:\/\/ptm-mechatronics.com\/cs\/wp-json\/wp\/v2\/comments?post=14041"}],"wp:featuredmedia":[{"embeddable":true,"href":"https:\/\/ptm-mechatronics.com\/cs\/wp-json\/wp\/v2\/media\/15549"}],"wp:attachment":[{"href":"https:\/\/ptm-mechatronics.com\/cs\/wp-json\/wp\/v2\/media?parent=14041"}],"wp:term":[{"taxonomy":"product_brand","embeddable":true,"href":"https:\/\/ptm-mechatronics.com\/cs\/wp-json\/wp\/v2\/product_brand?post=14041"},{"taxonomy":"product_cat","embeddable":true,"href":"https:\/\/ptm-mechatronics.com\/cs\/wp-json\/wp\/v2\/product_cat?post=14041"},{"taxonomy":"product_tag","embeddable":true,"href":"https:\/\/ptm-mechatronics.com\/cs\/wp-json\/wp\/v2\/product_tag?post=14041"}],"curies":[{"name":"wp","href":"https:\/\/api.w.org\/{rel}","templated":true}]}}