{"id":14021,"date":"2025-07-17T09:40:00","date_gmt":"2025-07-17T07:40:00","guid":{"rendered":"https:\/\/ptm-mechatronics.com\/?post_type=product&#038;p=14021"},"modified":"2025-11-07T15:55:17","modified_gmt":"2025-11-07T14:55:17","slug":"ruehrwellen-fuer-ibc-fuer-schnellmischer-mit-gewindenabe","status":"publish","type":"product","link":"https:\/\/ptm-mechatronics.com\/cs\/product\/ruehrwellen-fuer-ibc-fuer-schnellmischer-mit-gewindenabe\/","title":{"rendered":"M\u00edchac\u00ed h\u0159\u00eddele pro IBC pro vysokorychlostn\u00ed m\u00edcha\u010dky se z\u00e1vitov\u00fdm n\u00e1bojem"},"content":{"rendered":"<h1 data-start=\"178\" data-end=\"265\"><span style=\"font-size: 75%;\">H\u0159\u00eddele m\u00edchadel z nerezov\u00e9 oceli V4A se z\u00e1vitov\u00fdm n\u00e1bojem - robustn\u00ed, p\u0159esn\u00e9, vhodn\u00e9 pro vysok\u00e9 rychlosti.<\/span><\/h1>\n<p data-start=\"267\" data-end=\"562\">Na\u0161e m\u00edchac\u00ed h\u0159\u00eddele vyroben\u00e9 z vysoce kvalitn\u00ed nerezov\u00e9 oceli V4A 1.4404 p\u0159esv\u011bd\u010d\u00ed vysokou odolnost\u00ed proti korozi, stabilitou a dlouhou \u017eivotnost\u00ed - ide\u00e1ln\u00ed pro hygienicky n\u00e1ro\u010dn\u00e9 aplikace. D\u00edky patentovan\u00e9mu z\u00e1vitov\u00e9mu n\u00e1boji je lze bezpe\u010dn\u011b a p\u0159esn\u011b namontovat na pohony PTM.<\/p>\n<p data-start=\"564\" data-end=\"750\">Tato h\u0159\u00eddel m\u00edchadla byla speci\u00e1ln\u011b vyvinuta pro pou\u017eit\u00ed s vysokorychlostn\u00edmi m\u00edchadly s ot\u00e1\u010dkami nad 600 ot\/min a nab\u00edz\u00ed maxim\u00e1ln\u00ed plynulost chodu a spolehlivost procesu p\u0159i vysok\u00e9m zat\u00ed\u017een\u00ed.<\/p>\n<p data-start=\"752\" data-end=\"914\">P\u0159i v\u00fdb\u011bru si pros\u00edm pov\u0161imn\u011bte p\u0159\u00edslu\u0161n\u00e9ho pr\u016fm\u011bru h\u0159\u00eddele pro v\u00e1\u0161 pohon. V p\u0159\u00edpad\u011b jak\u00fdchkoli dotaz\u016f v\u00e1m n\u00e1\u0161 z\u00e1kaznick\u00fd servis PTM r\u00e1d porad\u00ed.<\/p>","protected":false},"excerpt":{"rendered":"<p>H\u0159\u00eddel m\u00edchadla z nerezov\u00e9 oceli V4A 1.4404 se z\u00e1vitov\u00fdm n\u00e1bojem pro vysokorychlostn\u00ed m\u00edcha\u010dky s ot\u00e1\u010dkami nad 600 ot\/min - robustn\u00ed, p\u0159esn\u00e1 a odoln\u00e1.<\/p>","protected":false},"featured_media":15364,"comment_status":"closed","ping_status":"closed","template":"","meta":{"_acf_changed":false},"product_brand":[],"product_cat":[651,595],"product_tag":[3119,3123,3125,3128,3132,3133,3134,3135,3116,3117],"class_list":{"0":"post-14021","1":"product","2":"type-product","3":"status-publish","4":"has-post-thumbnail","6":"product_cat-ruehrwellen","7":"product_cat-ruehrwerkstechnik","8":"product_tag-gewindenabe-ptm","9":"product_tag-hygienische-ruehrwelle","10":"product_tag-ruehrwelle-industrie","11":"product_tag-edelstahlruehrwelle-1-4404","12":"product_tag-ruehrwelle-schnellmischer","13":"product_tag-hochdrehzahl-ruehrwelle","14":"product_tag-ruehrwelle-600-u-min","15":"product_tag-ptm-ruehrwelle","16":"product_tag-ruehrwelle-edelstahl","17":"product_tag-v4a-ruehrwelle","18":"product_shipping_class-karton-paketversand","19":"pa_gewinde-m16","20":"pa_material-v4a-edelstahl-1-4404","21":"pa_patentnummer-20-2020-107-558","23":"first","24":"instock","25":"taxable","26":"shipping-taxable","27":"purchasable","28":"product-type-variable"},"bundled_by":[],"bundle_stock_status":"instock","bundle_stock_quantity":null,"bundle_virtual":false,"bundle_layout":"","bundle_add_to_cart_form_location":"","bundle_editable_in_cart":false,"bundle_sold_individually_context":"","bundle_item_grouping":"","bundle_min_size":"","bundle_max_size":"","bundle_price":[],"bundled_items":[],"bundle_sell_ids":[],"exclude_global_add_ons":[],"addons":[],"acf":[],"_links":{"self":[{"href":"https:\/\/ptm-mechatronics.com\/cs\/wp-json\/wp\/v2\/product\/14021","targetHints":{"allow":["GET"]}}],"collection":[{"href":"https:\/\/ptm-mechatronics.com\/cs\/wp-json\/wp\/v2\/product"}],"about":[{"href":"https:\/\/ptm-mechatronics.com\/cs\/wp-json\/wp\/v2\/types\/product"}],"replies":[{"embeddable":true,"href":"https:\/\/ptm-mechatronics.com\/cs\/wp-json\/wp\/v2\/comments?post=14021"}],"wp:featuredmedia":[{"embeddable":true,"href":"https:\/\/ptm-mechatronics.com\/cs\/wp-json\/wp\/v2\/media\/15364"}],"wp:attachment":[{"href":"https:\/\/ptm-mechatronics.com\/cs\/wp-json\/wp\/v2\/media?parent=14021"}],"wp:term":[{"taxonomy":"product_brand","embeddable":true,"href":"https:\/\/ptm-mechatronics.com\/cs\/wp-json\/wp\/v2\/product_brand?post=14021"},{"taxonomy":"product_cat","embeddable":true,"href":"https:\/\/ptm-mechatronics.com\/cs\/wp-json\/wp\/v2\/product_cat?post=14021"},{"taxonomy":"product_tag","embeddable":true,"href":"https:\/\/ptm-mechatronics.com\/cs\/wp-json\/wp\/v2\/product_tag?post=14021"}],"curies":[{"name":"wp","href":"https:\/\/api.w.org\/{rel}","templated":true}]}}