{"id":13925,"date":"2025-07-08T09:48:12","date_gmt":"2025-07-08T07:48:12","guid":{"rendered":"https:\/\/ptm-mechatronics.com\/?post_type=product&#038;p=13925"},"modified":"2025-11-07T15:55:17","modified_gmt":"2025-11-07T14:55:17","slug":"ruehrwellen-mit-schnellwechselsystem","status":"publish","type":"product","link":"https:\/\/ptm-mechatronics.com\/cs\/product\/ruehrwellen-mit-schnellwechselsystem\/","title":{"rendered":"M\u00edchac\u00ed h\u0159\u00eddele s rychlov\u00fdm\u011bnn\u00fdm syst\u00e9mem"},"content":{"rendered":"<h1 data-start=\"209\" data-end=\"318\"><span style=\"font-size: 75%;\">H\u0159\u00eddel m\u00edchadla z nerezov\u00e9 oceli V4A 1.4404 s rychlov\u00fdm\u011bnn\u00fdm syst\u00e9mem eco-Quick - hygienick\u00e1, kompatibiln\u00ed, \u00fa\u010dinn\u00e1.<\/span><\/h1>\n<p data-start=\"320\" data-end=\"573\">Na\u0161e m\u00edchac\u00ed h\u0159\u00eddele z vysoce kvalitn\u00ed nerezov\u00e9 oceli V4A 1.4404 jsou obzvl\u00e1\u0161t\u011b odoln\u00e9 proti korozi, trvanliv\u00e9 a spl\u0148uj\u00ed nejvy\u0161\u0161\u00ed hygienick\u00e9 po\u017eadavky - ide\u00e1ln\u00ed pro pou\u017eit\u00ed v citliv\u00fdch oblastech, jako je potravin\u00e1\u0159sk\u00fd, kosmetick\u00fd a farmaceutick\u00fd pr\u016fmysl.<\/p>\n<p data-start=\"575\" data-end=\"815\">D\u00edky patentovan\u00e9mu rychlov\u00fdm\u011bnn\u00e9mu syst\u00e9mu eco-Quick lze h\u0159\u00eddele p\u0159ipojit ke v\u0161em vhodn\u00fdm pohon\u016fm PTM bez pou\u017eit\u00ed n\u00e1\u0159ad\u00ed a b\u011bhem n\u011bkolika sekund. To \u0161et\u0159\u00ed \u010das p\u0159i v\u00fdm\u011bn\u011b m\u00edchadel a zvy\u0161uje efektivitu procesu.<\/p>\n<p data-start=\"817\" data-end=\"1023\">Pro ka\u017ed\u00fd pohon PTM nab\u00edz\u00edme spr\u00e1vn\u00fd pr\u016fm\u011br h\u0159\u00eddele - p\u0159i v\u00fdb\u011bru v\u011bnujte pozornost kompatibilit\u011b. V p\u0159\u00edpad\u011b jak\u00fdchkoli dotaz\u016f se nev\u00e1hejte obr\u00e1tit na n\u00e1\u0161 z\u00e1kaznick\u00fd servis PTM: <a href=\"tel:+498134257970\">+49 8134 25 797 0<\/a>.<\/p>\n<p data-start=\"817\" data-end=\"1023\">\u010c\u00edsla patent\u016f:<br \/>\npro 10litrov\u00fd sud: 20 2020 107 551<br \/>\npro 30litrov\u00fd sud: 20 2020 107 552<br \/>\npro 60litrov\u00fd sud: 20 2020 107 553<br \/>\npro 100litrov\u00fd sud: 20 2020 107 554<br \/>\npro 200litrov\u00fd sud: 20 2020 107 555<br \/>\npro 600 litr\u016f IBC: 20 2020 107 556<br \/>\npro 1000 litr\u016f IBC: 20 2020 107 557<\/p>","protected":false},"excerpt":{"rendered":"<p>H\u0159\u00eddel m\u00edchadla z nerezov\u00e9 oceli V4A 1.4404 s rychlov\u00fdm\u011bnn\u00fdm syst\u00e9mem eco-Quick pro hygienick\u00e9 a p\u0159esn\u00e9 p\u0159ipojen\u00ed k pohon\u016fm m\u00edchadla PTM bez pou\u017eit\u00ed n\u00e1\u0159ad\u00ed.<\/p>","protected":false},"featured_media":15365,"comment_status":"closed","ping_status":"closed","template":"","meta":{"_acf_changed":false},"product_brand":[],"product_cat":[651],"product_tag":[3117,3121,3123,3126,3127,3128,3129,3130,3131,3116],"class_list":{"0":"post-13925","1":"product","2":"type-product","3":"status-publish","4":"has-post-thumbnail","6":"product_cat-ruehrwellen","7":"product_tag-v4a-ruehrwelle","8":"product_tag-ptm-ruehrwellen","9":"product_tag-hygienische-ruehrwelle","10":"product_tag-eco-quick-ruehrwelle","11":"product_tag-schnellwechselsystem-ptm","12":"product_tag-edelstahlruehrwelle-1-4404","13":"product_tag-ruehrwelle-lebensmittelindustrie","14":"product_tag-ruehrwelle-pharma","15":"product_tag-schnellwechsel-ruehrwelle","16":"product_tag-ruehrwelle-edelstahl","17":"product_shipping_class-karton-paketversand","18":"pa_material-v4a-edelstahl-1-4404","20":"first","21":"instock","22":"taxable","23":"shipping-taxable","24":"purchasable","25":"product-type-variable"},"bundled_by":[],"bundle_stock_status":"instock","bundle_stock_quantity":null,"bundle_virtual":false,"bundle_layout":"","bundle_add_to_cart_form_location":"","bundle_editable_in_cart":false,"bundle_sold_individually_context":"","bundle_item_grouping":"","bundle_min_size":"","bundle_max_size":"","bundle_price":[],"bundled_items":[],"bundle_sell_ids":[],"exclude_global_add_ons":[],"addons":[],"acf":[],"_links":{"self":[{"href":"https:\/\/ptm-mechatronics.com\/cs\/wp-json\/wp\/v2\/product\/13925","targetHints":{"allow":["GET"]}}],"collection":[{"href":"https:\/\/ptm-mechatronics.com\/cs\/wp-json\/wp\/v2\/product"}],"about":[{"href":"https:\/\/ptm-mechatronics.com\/cs\/wp-json\/wp\/v2\/types\/product"}],"replies":[{"embeddable":true,"href":"https:\/\/ptm-mechatronics.com\/cs\/wp-json\/wp\/v2\/comments?post=13925"}],"wp:featuredmedia":[{"embeddable":true,"href":"https:\/\/ptm-mechatronics.com\/cs\/wp-json\/wp\/v2\/media\/15365"}],"wp:attachment":[{"href":"https:\/\/ptm-mechatronics.com\/cs\/wp-json\/wp\/v2\/media?parent=13925"}],"wp:term":[{"taxonomy":"product_brand","embeddable":true,"href":"https:\/\/ptm-mechatronics.com\/cs\/wp-json\/wp\/v2\/product_brand?post=13925"},{"taxonomy":"product_cat","embeddable":true,"href":"https:\/\/ptm-mechatronics.com\/cs\/wp-json\/wp\/v2\/product_cat?post=13925"},{"taxonomy":"product_tag","embeddable":true,"href":"https:\/\/ptm-mechatronics.com\/cs\/wp-json\/wp\/v2\/product_tag?post=13925"}],"curies":[{"name":"wp","href":"https:\/\/api.w.org\/{rel}","templated":true}]}}