{"id":13916,"date":"2025-07-08T09:21:15","date_gmt":"2025-07-08T07:21:15","guid":{"rendered":"https:\/\/ptm-mechatronics.com\/?post_type=product&#038;p=13916"},"modified":"2025-11-07T15:55:17","modified_gmt":"2025-11-07T14:55:17","slug":"ruehrwellen-mit-gewindenabe","status":"publish","type":"product","link":"https:\/\/ptm-mechatronics.com\/cs\/product\/ruehrwellen-mit-gewindenabe\/","title":{"rendered":"M\u00edchac\u00ed h\u0159\u00eddele se z\u00e1vitov\u00fdm n\u00e1bojem"},"content":{"rendered":"<h1 data-start=\"221\" data-end=\"305\"><span style=\"font-size: 75%;\">H\u0159\u00eddel m\u00edchadla z nerezov\u00e9 oceli V4A 1.4404 se z\u00e1vitov\u00fdm n\u00e1bojem - p\u0159esn\u00e1, robustn\u00ed, kompatibiln\u00ed<\/span><\/h1>\n<p data-start=\"307\" data-end=\"568\">Na\u0161e m\u00edchac\u00ed h\u0159\u00eddele z vysoce kvalitn\u00ed nerezov\u00e9 oceli V4A 1.4404 se vyzna\u010duj\u00ed vynikaj\u00edc\u00ed odolnost\u00ed proti korozi, trvanlivost\u00ed a hygienick\u00fdm povrchem - ide\u00e1ln\u00ed pro n\u00e1ro\u010dn\u00e9 aplikace v potravin\u00e1\u0159sk\u00e9m, farmaceutick\u00e9m a chemick\u00e9m pr\u016fmyslu.<\/p>\n<p data-start=\"570\" data-end=\"837\">H\u0159\u00eddele lze rychle a bezpe\u010dn\u011b p\u0159ipojit ke v\u0161em pohon\u016fm m\u00edchadel PTM pomoc\u00ed patentovan\u00e9ho z\u00e1vitov\u00e9ho n\u00e1boje. Pro ka\u017ed\u00fd pohon m\u00e1me vhodn\u00fd pr\u016fm\u011br h\u0159\u00eddele - vyberte si pr\u016fm\u011br podle konstrukce va\u0161eho pohonu.<\/p>\n<p data-start=\"839\" data-end=\"1001\">P\u0159esn\u011b vyroben\u00e9 h\u0159\u00eddele z nerezov\u00e9 oceli zaji\u0161\u0165uj\u00ed stabiln\u00ed provoz s n\u00edzk\u00fdmi vibracemi a jsou ide\u00e1ln\u00ed pro m\u00e9dia s n\u00edzkou i vysokou viskozitou.<\/p>\n<p data-start=\"1003\" data-end=\"1103\">M\u00e1te-li jak\u00e9koli dotazy ohledn\u011b v\u00fdb\u011bru spr\u00e1vn\u00e9 h\u0159\u00eddele m\u00edchadla, n\u00e1\u0161 z\u00e1kaznick\u00fd servis PTM v\u00e1m r\u00e1d pom\u016f\u017ee: <a href=\"tel:+498134257970\">+49 8134 25 797 0<\/a>.<\/p>\n<p data-start=\"1003\" data-end=\"1103\">\u010c\u00edsla patent\u016f:<br \/>\npro 10litrov\u00fd sud: 20 2020 107 551<br \/>\npro 30litrov\u00fd sud: 20 2020 107 552<br \/>\npro 60litrov\u00fd sud: 20 2020 107 553<br \/>\npro 100litrov\u00fd sud: 20 2020 107 554<br \/>\npro 200litrov\u00fd sud: 20 2020 107 555<br \/>\npro 600 litr\u016f IBC: 20 2020 107 556<br \/>\npro 1000 litr\u016f IBC: 20 2020 107 557<\/p>","protected":false},"excerpt":{"rendered":"<p>H\u0159\u00eddel m\u00edchadla z nerezov\u00e9 oceli V4A 1.4404 se z\u00e1vitov\u00fdm n\u00e1bojem pro bezpe\u010dn\u00e9 a p\u0159esn\u011b l\u00edcuj\u00edc\u00ed spojen\u00ed s pohony PTM - odoln\u00e9 proti korozi, hygienick\u00e9 a p\u0159esn\u00e9.<\/p>","protected":false},"featured_media":15364,"comment_status":"closed","ping_status":"closed","template":"","meta":{"_acf_changed":false},"product_brand":[],"product_cat":[651],"product_tag":[3121,3122,3123,3124,3125,3116,3117,3118,3119,3120],"class_list":{"0":"post-13916","1":"product","2":"type-product","3":"status-publish","4":"has-post-thumbnail","6":"product_cat-ruehrwellen","7":"product_tag-ptm-ruehrwellen","8":"product_tag-edelstahlruehrwelle-gewinde","9":"product_tag-hygienische-ruehrwelle","10":"product_tag-ruehrwelle-fuer-antrieb","11":"product_tag-ruehrwelle-industrie","12":"product_tag-ruehrwelle-edelstahl","13":"product_tag-v4a-ruehrwelle","14":"product_tag-edelstahlwelle-ruehrwerk","15":"product_tag-gewindenabe-ptm","16":"product_tag-ruehrwelle-1-4404","17":"product_shipping_class-karton-paketversand","18":"pa_material-v4a-edelstahl-1-4404","20":"first","21":"instock","22":"taxable","23":"shipping-taxable","24":"purchasable","25":"product-type-variable"},"bundled_by":[],"bundle_stock_status":"instock","bundle_stock_quantity":null,"bundle_virtual":false,"bundle_layout":"","bundle_add_to_cart_form_location":"","bundle_editable_in_cart":false,"bundle_sold_individually_context":"","bundle_item_grouping":"","bundle_min_size":"","bundle_max_size":"","bundle_price":[],"bundled_items":[],"bundle_sell_ids":[],"exclude_global_add_ons":[],"addons":[],"acf":[],"_links":{"self":[{"href":"https:\/\/ptm-mechatronics.com\/cs\/wp-json\/wp\/v2\/product\/13916","targetHints":{"allow":["GET"]}}],"collection":[{"href":"https:\/\/ptm-mechatronics.com\/cs\/wp-json\/wp\/v2\/product"}],"about":[{"href":"https:\/\/ptm-mechatronics.com\/cs\/wp-json\/wp\/v2\/types\/product"}],"replies":[{"embeddable":true,"href":"https:\/\/ptm-mechatronics.com\/cs\/wp-json\/wp\/v2\/comments?post=13916"}],"wp:featuredmedia":[{"embeddable":true,"href":"https:\/\/ptm-mechatronics.com\/cs\/wp-json\/wp\/v2\/media\/15364"}],"wp:attachment":[{"href":"https:\/\/ptm-mechatronics.com\/cs\/wp-json\/wp\/v2\/media?parent=13916"}],"wp:term":[{"taxonomy":"product_brand","embeddable":true,"href":"https:\/\/ptm-mechatronics.com\/cs\/wp-json\/wp\/v2\/product_brand?post=13916"},{"taxonomy":"product_cat","embeddable":true,"href":"https:\/\/ptm-mechatronics.com\/cs\/wp-json\/wp\/v2\/product_cat?post=13916"},{"taxonomy":"product_tag","embeddable":true,"href":"https:\/\/ptm-mechatronics.com\/cs\/wp-json\/wp\/v2\/product_tag?post=13916"}],"curies":[{"name":"wp","href":"https:\/\/api.w.org\/{rel}","templated":true}]}}