{"id":13886,"date":"2025-06-30T09:58:43","date_gmt":"2025-06-30T07:58:43","guid":{"rendered":"https:\/\/ptm-mechatronics.com\/?post_type=product&#038;p=13886"},"modified":"2025-11-07T15:55:03","modified_gmt":"2025-11-07T14:55:03","slug":"drosselventil-metall","status":"publish","type":"product","link":"https:\/\/ptm-mechatronics.com\/cs\/product\/drosselventil-metall\/","title":{"rendered":"Kovov\u00fd \u0161krtic\u00ed ventil"},"content":{"rendered":"<h2 data-start=\"198\" data-end=\"297\"><span style=\"font-size: 75%;\">\u0160krtic\u00ed klapka z chromovan\u00e9ho zinkov\u00e9ho odlitku pro pneumatick\u00e9 pohony - p\u0159esn\u00e1, robustn\u00ed, odoln\u00e1<\/span><\/h2>\n<p data-start=\"299\" data-end=\"670\">Chromovan\u00fd \u0161krtic\u00ed ventil z lit\u00e9ho zinku umo\u017e\u0148uje jemnou regulaci mno\u017estv\u00ed vzduchu pro pneumatick\u00e9 motory PTM a pohony m\u00edchadel (typ 450-3600) a zaji\u0161\u0165uje p\u0159esn\u00e9 nastaven\u00ed ot\u00e1\u010dek podle po\u017eadavk\u016f procesu. Chromovan\u00fd materi\u00e1l z lit\u00e9ho zinku nab\u00edz\u00ed vysokou pevnost a odolnost proti korozi, co\u017e je ide\u00e1ln\u00ed pro n\u00e1ro\u010dn\u00e9 pr\u016fmyslov\u00e9 aplikace.<\/p>\n<p data-start=\"672\" data-end=\"961\">Ventil je pohodln\u011b namontov\u00e1n na p\u0159ipojovac\u00edm bloku, co\u017e umo\u017e\u0148uje prostorov\u011b \u00faspornou a bezpe\u010dnou integraci do syst\u00e9mu stla\u010den\u00e9ho vzduchu. D\u00edky p\u0159esn\u00e9 regulaci pr\u016ftoku vzduchu lze spolehliv\u011b \u0159\u00eddit jak citliv\u00e9 sm\u011b\u0161ovac\u00ed procesy, tak procesy n\u00e1ro\u010dn\u00e9 na v\u00fdkon.<\/p>\n<p data-start=\"963\" data-end=\"1200\">Tento \u0161krtic\u00ed ventil je kompaktn\u00ed, odoln\u00fd a m\u00e1lo se opot\u0159ebov\u00e1v\u00e1 a je ide\u00e1ln\u00edm dopl\u0148kem v\u0161ech pneumatick\u00fdch pohon\u016f a pohon\u016f m\u00edchadel PTM, pokud je vy\u017eadov\u00e1na maxim\u00e1ln\u00ed provozn\u00ed spolehlivost, p\u0159esn\u00e1 ovladatelnost a jednoduch\u00e1 instalace.<\/p>","protected":false},"excerpt":{"rendered":"<p>\u0160krtic\u00ed ventil z chromovan\u00e9ho zinkov\u00e9ho odlitku pro mont\u00e1\u017e na p\u0159ipojovac\u00ed blok pro p\u0159esnou regulaci mno\u017estv\u00ed vzduchu pro pneumatick\u00e9 motory a pohony m\u00edchadel - robustn\u00ed a odoln\u00fd.<\/p>","protected":false},"featured_media":15546,"comment_status":"closed","ping_status":"closed","template":"","meta":{"_acf_changed":false},"product_brand":[],"product_cat":[2745],"product_tag":[3091,3092,3093,3094,3095,3096,3087,3088,3089,3090],"class_list":{"0":"post-13886","1":"product","2":"type-product","3":"status-publish","4":"has-post-thumbnail","6":"product_cat-ersatzteile","7":"product_tag-luftmengenregler-pneumatisch","8":"product_tag-ruehrwerksantrieb-drosselventil","9":"product_tag-regelventil-industrie","10":"product_tag-druckluftsteuerung-antrieb","11":"product_tag-langlebiges-druckluftventil","12":"product_tag-zinkgussventil-pneumatisch","13":"product_tag-drosselventil-zinkguss","14":"product_tag-verchromtes-drosselventil","15":"product_tag-anschlussblock-drosselventil","16":"product_tag-druckluftventil-ptm","17":"product_shipping_class-karton-paketversand","18":"pa_anschluss-einbau-auf-anschlussblock","19":"pa_schlauchdurchmesser-6mm","20":"pa_schlauchdurchmesser-8mm","22":"first","23":"instock","24":"taxable","25":"shipping-taxable","26":"purchasable","27":"product-type-simple"},"bundled_by":[],"bundle_stock_status":"instock","bundle_stock_quantity":null,"bundle_virtual":false,"bundle_layout":"","bundle_add_to_cart_form_location":"","bundle_editable_in_cart":false,"bundle_sold_individually_context":"","bundle_item_grouping":"","bundle_min_size":"","bundle_max_size":"","bundle_price":[],"bundled_items":[],"bundle_sell_ids":[],"exclude_global_add_ons":[],"addons":[],"acf":[],"_links":{"self":[{"href":"https:\/\/ptm-mechatronics.com\/cs\/wp-json\/wp\/v2\/product\/13886","targetHints":{"allow":["GET"]}}],"collection":[{"href":"https:\/\/ptm-mechatronics.com\/cs\/wp-json\/wp\/v2\/product"}],"about":[{"href":"https:\/\/ptm-mechatronics.com\/cs\/wp-json\/wp\/v2\/types\/product"}],"replies":[{"embeddable":true,"href":"https:\/\/ptm-mechatronics.com\/cs\/wp-json\/wp\/v2\/comments?post=13886"}],"wp:featuredmedia":[{"embeddable":true,"href":"https:\/\/ptm-mechatronics.com\/cs\/wp-json\/wp\/v2\/media\/15546"}],"wp:attachment":[{"href":"https:\/\/ptm-mechatronics.com\/cs\/wp-json\/wp\/v2\/media?parent=13886"}],"wp:term":[{"taxonomy":"product_brand","embeddable":true,"href":"https:\/\/ptm-mechatronics.com\/cs\/wp-json\/wp\/v2\/product_brand?post=13886"},{"taxonomy":"product_cat","embeddable":true,"href":"https:\/\/ptm-mechatronics.com\/cs\/wp-json\/wp\/v2\/product_cat?post=13886"},{"taxonomy":"product_tag","embeddable":true,"href":"https:\/\/ptm-mechatronics.com\/cs\/wp-json\/wp\/v2\/product_tag?post=13886"}],"curies":[{"name":"wp","href":"https:\/\/api.w.org\/{rel}","templated":true}]}}