{"id":13863,"date":"2025-06-30T09:05:44","date_gmt":"2025-06-30T07:05:44","guid":{"rendered":"https:\/\/ptm-mechatronics.com\/?post_type=product&#038;p=13863"},"modified":"2025-11-07T15:55:05","modified_gmt":"2025-11-07T14:55:05","slug":"drosselventil-fuer-edelstahlantriebe","status":"publish","type":"product","link":"https:\/\/ptm-mechatronics.com\/cs\/product\/drosselventil-fuer-edelstahlantriebe\/","title":{"rendered":"\u0160krtic\u00ed ventil pro pohony z nerezov\u00e9 oceli"},"content":{"rendered":"<h2 data-start=\"232\" data-end=\"304\"><span style=\"font-size: 75%;\">\u0160krtic\u00ed ventil pro pneumatick\u00e9 pohony - kompaktn\u00ed, p\u0159esn\u00fd, nastaviteln\u00fd<\/span><\/h2>\n<p data-start=\"306\" data-end=\"732\">\u0160krtic\u00ed ventil (zp\u011btn\u00fd ventil, jehlov\u00fd ventil) umo\u017e\u0148uje jemnou regulaci mno\u017estv\u00ed vzduchu pro pneumatick\u00e9 motory PTM z nerezov\u00e9 oceli a pohony m\u00edchadel. Je integrov\u00e1n p\u0159\u00edmo do veden\u00ed stla\u010den\u00e9ho vzduchu a umo\u017e\u0148uje p\u0159esn\u00e9 nastaven\u00ed ot\u00e1\u010dek prost\u0159ednictv\u00edm \u0159\u00edzen\u00e9ho pr\u016ftoku vzduchu. D\u00edky tomu lze pohony optimalizovat podle p\u0159\u00edslu\u0161n\u00fdch procesn\u00edch po\u017eadavk\u016f - a\u0165 u\u017e jde o citliv\u00e9 procesy m\u00edch\u00e1n\u00ed, nebo o energeticky n\u00e1ro\u010dn\u00e9 aplikace.<\/p>\n<p data-start=\"734\" data-end=\"987\">Ventil je kompaktn\u00ed, robustn\u00ed a snadno se instaluje, ide\u00e1ln\u00ed pro pr\u016fmyslov\u00e9 prost\u0159ed\u00ed s vysok\u00fdmi n\u00e1roky na spolehlivost a regulaci. Je vhodn\u00fd pro trval\u00e9 pou\u017eit\u00ed v automatizovan\u00fdch procesech m\u00edch\u00e1n\u00ed a pohonu.<\/p>","protected":false},"excerpt":{"rendered":"<p>\u0160krtic\u00ed ventil pro p\u0159esnou regulaci mno\u017estv\u00ed vzduchu pro pneumatick\u00e9 motory z nerezov\u00e9 oceli a pohony m\u00edchadel - ide\u00e1ln\u00ed pro regulaci ot\u00e1\u010dek v pr\u016fmyslov\u00e9m provozu.<\/p>","protected":false},"featured_media":15544,"comment_status":"closed","ping_status":"closed","template":"","meta":{"_acf_changed":false},"product_brand":[],"product_cat":[2745],"product_tag":[3082,3083,3084,3075,3076,3077,3078,3079,3080,3081],"class_list":{"0":"post-13863","1":"product","2":"type-product","3":"status-publish","4":"has-post-thumbnail","6":"product_cat-ersatzteile","7":"product_tag-pneumatikventil-feinregelbar","8":"product_tag-luftmengenventil-industrie","9":"product_tag-drosselventil-mischtechnik","10":"product_tag-drosselventil-druckluftmotor","11":"product_tag-luftmengenregler-ptm","12":"product_tag-regelventil-pneumatischer-antrieb","13":"product_tag-luftsteuerung-ruehrwerk","14":"product_tag-drehzahlregelung-pneumatik","15":"product_tag-drosselventil-ruehrwerksantrieb","16":"product_tag-druckluftregelventil-ptm","17":"product_shipping_class-karton-paketversand","18":"pa_anschluss-einbau-in-zuluftleitung","20":"first","21":"instock","22":"taxable","23":"shipping-taxable","24":"purchasable","25":"product-type-variable"},"bundled_by":[],"bundle_stock_status":"instock","bundle_stock_quantity":null,"bundle_virtual":false,"bundle_layout":"","bundle_add_to_cart_form_location":"","bundle_editable_in_cart":false,"bundle_sold_individually_context":"","bundle_item_grouping":"","bundle_min_size":"","bundle_max_size":"","bundle_price":[],"bundled_items":[],"bundle_sell_ids":[],"exclude_global_add_ons":[],"addons":[],"acf":[],"_links":{"self":[{"href":"https:\/\/ptm-mechatronics.com\/cs\/wp-json\/wp\/v2\/product\/13863","targetHints":{"allow":["GET"]}}],"collection":[{"href":"https:\/\/ptm-mechatronics.com\/cs\/wp-json\/wp\/v2\/product"}],"about":[{"href":"https:\/\/ptm-mechatronics.com\/cs\/wp-json\/wp\/v2\/types\/product"}],"replies":[{"embeddable":true,"href":"https:\/\/ptm-mechatronics.com\/cs\/wp-json\/wp\/v2\/comments?post=13863"}],"wp:featuredmedia":[{"embeddable":true,"href":"https:\/\/ptm-mechatronics.com\/cs\/wp-json\/wp\/v2\/media\/15544"}],"wp:attachment":[{"href":"https:\/\/ptm-mechatronics.com\/cs\/wp-json\/wp\/v2\/media?parent=13863"}],"wp:term":[{"taxonomy":"product_brand","embeddable":true,"href":"https:\/\/ptm-mechatronics.com\/cs\/wp-json\/wp\/v2\/product_brand?post=13863"},{"taxonomy":"product_cat","embeddable":true,"href":"https:\/\/ptm-mechatronics.com\/cs\/wp-json\/wp\/v2\/product_cat?post=13863"},{"taxonomy":"product_tag","embeddable":true,"href":"https:\/\/ptm-mechatronics.com\/cs\/wp-json\/wp\/v2\/product_tag?post=13863"}],"curies":[{"name":"wp","href":"https:\/\/api.w.org\/{rel}","templated":true}]}}