{"id":13854,"date":"2025-06-23T12:01:04","date_gmt":"2025-06-23T10:01:04","guid":{"rendered":"https:\/\/ptm-mechatronics.com\/?post_type=product&#038;p=13854"},"modified":"2025-11-07T15:55:05","modified_gmt":"2025-11-07T14:55:05","slug":"frequenzumrichter-und-motorschutzschalter-montiert-auf-motorwinkel","status":"publish","type":"product","link":"https:\/\/ptm-mechatronics.com\/cs\/product\/frequenzumrichter-und-motorschutzschalter-montiert-auf-motorwinkel\/","title":{"rendered":"Frekven\u010dn\u00ed m\u011bni\u010d a ochrann\u00fd sp\u00edna\u010d motoru namontovan\u00e9 na dr\u017e\u00e1ku motoru"},"content":{"rendered":"<div id=\"tab-description\" class=\"woocommerce-Tabs-panel woocommerce-Tabs-panel--description panel entry-content active\" role=\"tabpanel\" aria-labelledby=\"tab-title-description\">\n<h2 data-start=\"240\" data-end=\"337\">Frekven\u010dn\u00ed m\u011bni\u010d s integrovan\u00fdm ochrann\u00fdm sp\u00edna\u010dem motoru - p\u0159edmontovan\u00fd, bezpe\u010dn\u00fd, p\u0159ipraven\u00fd k p\u0159ipojen\u00ed<\/h2>\n<p data-start=\"339\" data-end=\"671\">Elektrick\u00e9 pohony m\u00edchadel PTM lze bezpe\u010dn\u011b \u0159\u00eddit a regulovat pomoc\u00ed frekven\u010dn\u00edho m\u011bni\u010de s integrovan\u00fdm ochrann\u00fdm sp\u00edna\u010dem motoru. Integrovan\u00fd displej zobrazuje provozn\u00ed \u00fadaje, jako jsou ot\u00e1\u010dky, frekvence, proud motoru a dal\u0161\u00ed parametry. Pohon lze parametrizovat p\u0159\u00edmo prost\u0159ednictv\u00edm menu.<\/p>\n<p data-start=\"673\" data-end=\"1006\">Maxim\u00e1ln\u00ed bezpe\u010dnost zaji\u0161\u0165uje integrovan\u00e9 nouzov\u00e9 zastaven\u00ed, kter\u00e9 vypne syst\u00e9m v souladu s technick\u00fdmi \u00fadaji. <a href=\"https:\/\/de.wikipedia.org\/wiki\/Unfallverh%C3%BCtungsvorschriften\" target=\"_blank\" rel=\"noopener\">UVV<\/a> zaji\u0161t\u011bno. Frekven\u010dn\u00ed m\u011bni\u010d je p\u0159edem smontov\u00e1n s mont\u00e1\u017en\u00edm dr\u017e\u00e1kem pro snadnou instalaci. Sou\u010d\u00e1st\u00ed dod\u00e1vky je tak\u00e9 3metrov\u00fd kabel pro p\u0159ipojen\u00ed frekven\u010dn\u00edho m\u011bni\u010de k motoru.<\/p>\n<\/div>","protected":false},"excerpt":{"rendered":"<p>Frekven\u010dn\u00ed m\u011bni\u010d s integrovan\u00fdm ochrann\u00fdm sp\u00edna\u010dem motoru, displejem, nouzov\u00fdm zastaven\u00edm a 3 m kabelem - p\u0159edmontovan\u00fd s mont\u00e1\u017en\u00edm dr\u017e\u00e1kem pro bezpe\u010dn\u00e9 \u0159\u00edzen\u00ed elektrick\u00fdch pohon\u016f.<\/p>","protected":false},"featured_media":15542,"comment_status":"open","ping_status":"closed","template":"","meta":{"_acf_changed":false},"product_brand":[],"product_cat":[595,1421],"product_tag":[3070,3071,3072,3073,3074,2854,3066,3067,3068,3069],"class_list":{"0":"post-13854","1":"product","2":"type-product","3":"status-publish","4":"has-post-thumbnail","6":"product_cat-ruehrwerkstechnik","7":"product_cat-zubehoer-ruehrwerkstechnik","8":"product_tag-frequenzumrichter-display","9":"product_tag-ruehrwerksantrieb-steuern","10":"product_tag-frequenzumrichter-3m-kabel","11":"product_tag-uvv-konform","12":"product_tag-frequenzumrichter-vormontiert","13":"product_tag-frequenzumrichter-ruehrwerk","14":"product_tag-motorschutzschalter-integriert","15":"product_tag-ptm-frequenzumrichter","16":"product_tag-antriebsregelung-elektrisch","17":"product_tag-not-aus-frequenzumrichter","18":"product_shipping_class-karton-paketversand","19":"pa_montage-motorwinkel","21":"first","22":"instock","23":"taxable","24":"shipping-taxable","25":"purchasable","26":"product-type-variable"},"bundled_by":[],"bundle_stock_status":"instock","bundle_stock_quantity":null,"bundle_virtual":false,"bundle_layout":"","bundle_add_to_cart_form_location":"","bundle_editable_in_cart":false,"bundle_sold_individually_context":"","bundle_item_grouping":"","bundle_min_size":"","bundle_max_size":"","bundle_price":[],"bundled_items":[],"bundle_sell_ids":[],"exclude_global_add_ons":[],"addons":[],"acf":[],"_links":{"self":[{"href":"https:\/\/ptm-mechatronics.com\/cs\/wp-json\/wp\/v2\/product\/13854","targetHints":{"allow":["GET"]}}],"collection":[{"href":"https:\/\/ptm-mechatronics.com\/cs\/wp-json\/wp\/v2\/product"}],"about":[{"href":"https:\/\/ptm-mechatronics.com\/cs\/wp-json\/wp\/v2\/types\/product"}],"replies":[{"embeddable":true,"href":"https:\/\/ptm-mechatronics.com\/cs\/wp-json\/wp\/v2\/comments?post=13854"}],"wp:featuredmedia":[{"embeddable":true,"href":"https:\/\/ptm-mechatronics.com\/cs\/wp-json\/wp\/v2\/media\/15542"}],"wp:attachment":[{"href":"https:\/\/ptm-mechatronics.com\/cs\/wp-json\/wp\/v2\/media?parent=13854"}],"wp:term":[{"taxonomy":"product_brand","embeddable":true,"href":"https:\/\/ptm-mechatronics.com\/cs\/wp-json\/wp\/v2\/product_brand?post=13854"},{"taxonomy":"product_cat","embeddable":true,"href":"https:\/\/ptm-mechatronics.com\/cs\/wp-json\/wp\/v2\/product_cat?post=13854"},{"taxonomy":"product_tag","embeddable":true,"href":"https:\/\/ptm-mechatronics.com\/cs\/wp-json\/wp\/v2\/product_tag?post=13854"}],"curies":[{"name":"wp","href":"https:\/\/api.w.org\/{rel}","templated":true}]}}