{"id":13740,"date":"2025-05-27T11:00:30","date_gmt":"2025-05-27T09:00:30","guid":{"rendered":"https:\/\/ptm-mechatronics.com\/?post_type=product&#038;p=13740"},"modified":"2025-11-07T15:54:49","modified_gmt":"2025-11-07T14:54:49","slug":"hdpe-ruehrorgan-fuer-container","status":"publish","type":"product","link":"https:\/\/ptm-mechatronics.com\/cs\/product\/hdpe-ruehrorgan-fuer-container\/","title":{"rendered":"Plastov\u00e9 m\u00edchadlo HDPE 450 mm, sklopn\u00e9"},"content":{"rendered":"<h1 data-start=\"215\" data-end=\"309\"><span style=\"font-size: 75%;\">HDPE v\u00fdkyvn\u00e9 m\u00edchadlo \u00d8450 mm pro IBC - lehk\u00e9, odoln\u00e9 proti chemik\u00e1li\u00edm, chyt\u0159e navr\u017een\u00e9<\/span><\/h1>\n<p data-start=\"311\" data-end=\"767\">Kloubov\u00fd m\u00edchac\u00ed disk HDPE \u00d8450 mm byl speci\u00e1ln\u011b vyvinut pro pou\u017eit\u00ed v kontejnerech IBC s otvory od DN160 a nab\u00edz\u00ed \u00fa\u010dinn\u00e9 a bezpe\u010dn\u00e9 \u0159e\u0161en\u00ed pro m\u00edch\u00e1n\u00ed \u0161irok\u00e9 \u0161k\u00e1ly m\u00e9di\u00ed - od kapalin s n\u00edzkou viskozitou a\u017e po hust\u0161\u00ed l\u00e1tky. M\u00edchac\u00ed disk je vyroben z HDPE odoln\u00e9ho v\u016f\u010di chemik\u00e1li\u00edm (nap\u0159. chloru) a zaujme svou n\u00edzkou hmotnost\u00ed a vysokou odolnost\u00ed v\u016f\u010di agresivn\u00edm l\u00e1tk\u00e1m.<\/p>\n<p data-start=\"769\" data-end=\"1189\">V\u00fdkyvn\u00e9 m\u00edchadlo je namontov\u00e1no na dut\u00e9m plastov\u00e9m h\u0159\u00eddeli s vnit\u0159n\u00ed h\u0159\u00eddel\u00ed z nerezov\u00e9 oceli a m\u00e1 upevn\u011bn\u00ed M16 pro bezpe\u010dn\u00e9 a stabiln\u00ed p\u0159ipojen\u00ed k pohonn\u00e9mu syst\u00e9mu. D\u00edky v\u00fdkyvn\u00e9mu mechanismu lze m\u00edchadlo snadno zasunout do otvoru IBC (od DN160) a po oto\u010den\u00ed se automaticky rozlo\u017e\u00ed na pln\u00fd pr\u016fm\u011br - bez jak\u00e9hokoli ru\u010dn\u00edho z\u00e1sahu.<\/p>\n<p data-start=\"1191\" data-end=\"1371\">Tato d\u016fmysln\u00e1 konstrukce zaji\u0161\u0165uje prostorov\u011b \u00faspornou manipulaci, rychlou p\u0159ipravenost k pou\u017eit\u00ed a homogenn\u00ed v\u00fdsledek m\u00edch\u00e1n\u00ed s minim\u00e1ln\u00edm \u00fasil\u00edm.<\/p>","protected":false},"excerpt":{"rendered":"<p>HDPE v\u00fdkyvn\u00e9 m\u00edchadlo \u00d8450 mm s upevn\u011bn\u00edm M16 a vnit\u0159n\u00ed h\u0159\u00eddel\u00ed z nerezov\u00e9 oceli pro otvory IBC od DN160, automaticky se rozkl\u00e1d\u00e1 p\u0159i ot\u00e1\u010den\u00ed - ide\u00e1ln\u00ed pro \u00fa\u010dinn\u00e9 m\u00edch\u00e1n\u00ed v IBC kontejnerech odoln\u00e9 v\u016f\u010di chemik\u00e1li\u00edm.<\/p>","protected":false},"featured_media":15538,"comment_status":"closed","ping_status":"closed","template":"","meta":{"_acf_changed":false},"product_brand":[],"product_cat":[1421,631],"product_tag":[2990,2991,2992,2993,2983,2994,2984,2985,2986,2987,2988,2989],"class_list":{"0":"post-13740","1":"product","2":"type-product","3":"status-publish","4":"has-post-thumbnail","6":"product_cat-zubehoer-ruehrwerkstechnik","7":"product_cat-ruehrorgane","8":"product_tag-ruehrorgan-mit-m16-befestigung","9":"product_tag-kunststoff-hohlwelle","10":"product_tag-ruehrorgan-fuer-ibc-behaelter","11":"product_tag-kunststoff-ruehrorgan","12":"product_tag-hdpe-ruehrorgan","13":"product_tag-ruehrorgan-chlorbestaendig","14":"product_tag-klappruehrorgan-ibc","15":"product_tag-ruehrscheibe-dn160","16":"product_tag-ruehrorgan-o450-mm","17":"product_tag-hdpe-ruehrfluegel","18":"product_tag-ruehrwerk-ibc-container","19":"product_tag-chemikalienbestaendiges-ruehrorgan","20":"product_shipping_class-karton-paketversand","21":"pa_durchmesser-450mm","22":"pa_material-hdpe","23":"pa_oeffnung-dn160-und-dn225","25":"first","26":"instock","27":"taxable","28":"shipping-taxable","29":"purchasable","30":"product-type-simple"},"bundled_by":[],"bundle_stock_status":"instock","bundle_stock_quantity":null,"bundle_virtual":false,"bundle_layout":"","bundle_add_to_cart_form_location":"","bundle_editable_in_cart":false,"bundle_sold_individually_context":"","bundle_item_grouping":"","bundle_min_size":"","bundle_max_size":"","bundle_price":[],"bundled_items":[],"bundle_sell_ids":[],"exclude_global_add_ons":[],"addons":[],"acf":[],"_links":{"self":[{"href":"https:\/\/ptm-mechatronics.com\/cs\/wp-json\/wp\/v2\/product\/13740","targetHints":{"allow":["GET"]}}],"collection":[{"href":"https:\/\/ptm-mechatronics.com\/cs\/wp-json\/wp\/v2\/product"}],"about":[{"href":"https:\/\/ptm-mechatronics.com\/cs\/wp-json\/wp\/v2\/types\/product"}],"replies":[{"embeddable":true,"href":"https:\/\/ptm-mechatronics.com\/cs\/wp-json\/wp\/v2\/comments?post=13740"}],"wp:featuredmedia":[{"embeddable":true,"href":"https:\/\/ptm-mechatronics.com\/cs\/wp-json\/wp\/v2\/media\/15538"}],"wp:attachment":[{"href":"https:\/\/ptm-mechatronics.com\/cs\/wp-json\/wp\/v2\/media?parent=13740"}],"wp:term":[{"taxonomy":"product_brand","embeddable":true,"href":"https:\/\/ptm-mechatronics.com\/cs\/wp-json\/wp\/v2\/product_brand?post=13740"},{"taxonomy":"product_cat","embeddable":true,"href":"https:\/\/ptm-mechatronics.com\/cs\/wp-json\/wp\/v2\/product_cat?post=13740"},{"taxonomy":"product_tag","embeddable":true,"href":"https:\/\/ptm-mechatronics.com\/cs\/wp-json\/wp\/v2\/product_tag?post=13740"}],"curies":[{"name":"wp","href":"https:\/\/api.w.org\/{rel}","templated":true}]}}