{"id":13531,"date":"2025-05-08T10:40:22","date_gmt":"2025-05-08T08:40:22","guid":{"rendered":"https:\/\/ptm-mechatronics.com\/?post_type=product&#038;p=13531"},"modified":"2026-05-04T10:53:35","modified_gmt":"2026-05-04T08:53:35","slug":"elektr-ruehrwerksantrieb-atex-mit-schnellwechselsystem","status":"publish","type":"product","link":"https:\/\/ptm-mechatronics.com\/cs\/product\/elektr-ruehrwerksantrieb-atex-mit-schnellwechselsystem\/","title":{"rendered":"Elektrick\u00fd pohon m\u00edchadla ATEX s rychlov\u00fdm\u011bnn\u00fdm syst\u00e9mem"},"content":{"rendered":"<p data-start=\"124\" data-end=\"216\"><span class=\"_fadeIn_pfttw_8\">Elektrick\u00e9 <\/span><span class=\"_fadeIn_pfttw_8\">Pohony m\u00edchadel - <\/span><span class=\"_fadeIn_pfttw_8\">ATEX-<\/span><span class=\"_fadeIn_pfttw_8\">certifikovan\u00e9, <\/span><span class=\"_fadeIn_pfttw_8\">V\u00fdkonn\u00fd <\/span><span class=\"_fadeIn_pfttw_8\">a <\/span><span class=\"_fadeIn_pfttw_8\">Flexibiln\u00ed <\/span><span class=\"_fadeIn_pfttw_8\">ovladateln\u00fd<\/span><\/p>\n<p data-start=\"218\" data-end=\"588\"><span class=\"_fadeIn_pfttw_8\">Na\u0161e <\/span><span class=\"_fadeIn_pfttw_8\">elektroinstalace <\/span><span class=\"_fadeIn_pfttw_8\">Pohony m\u00edchadel<\/span> <span class=\"_fadeIn_pfttw_8\">jsou <\/span><span class=\"_fadeIn_pfttw_8\">na <\/span><span class=\"_fadeIn_pfttw_8\">ide\u00e1ln\u00ed <\/span><span class=\"_fadeIn_pfttw_8\">\u0158e\u0161en\u00ed <\/span><span class=\"_fadeIn_pfttw_8\">pro <\/span><span class=\"_fadeIn_pfttw_8\">n\u00e1ro\u010dn\u00e9 <\/span><span class=\"_fadeIn_pfttw_8\">pr\u016fmyslov\u00e9 <\/span><span class=\"_fadeIn_pfttw_8\">Procesy m\u00edch\u00e1n\u00ed<\/span><span class=\"_fadeIn_pfttw_8\">, <\/span><span class=\"_fadeIn_pfttw_8\">s <\/span><span class=\"_fadeIn_pfttw_8\">ty <\/span><span class=\"_fadeIn_pfttw_8\">oba <\/span><span class=\"_fadeIn_pfttw_8\">Vysok\u00fd v\u00fdkon<\/span> <span class=\"_fadeIn_pfttw_8\">jako <\/span><span class=\"_fadeIn_pfttw_8\">tak\u00e9 <\/span><span class=\"_fadeIn_pfttw_8\">spolehlivost <\/span><span class=\"_fadeIn_pfttw_8\">a <\/span><span class=\"_fadeIn_pfttw_8\">Zabezpe\u010den\u00ed<\/span> <span class=\"_fadeIn_pfttw_8\">zeptal se <\/span><span class=\"_fadeIn_pfttw_8\">jsou. <\/span><span class=\"_fadeIn_pfttw_8\">Vyrobeno <\/span><span class=\"_fadeIn_pfttw_8\">pro <\/span><span class=\"_fadeIn_pfttw_8\">na <\/span><span class=\"_fadeIn_pfttw_8\">Nep\u0159etr\u017eit\u00fd provoz<\/span> <span class=\"_fadeIn_pfttw_8\">pod <\/span><span class=\"_fadeIn_pfttw_8\">hard <\/span><span class=\"_fadeIn_pfttw_8\">Podm\u00ednky, <\/span><span class=\"_fadeIn_pfttw_8\">kreslit <\/span><span class=\"_fadeIn_pfttw_8\">je <\/span><span class=\"_fadeIn_pfttw_8\">s\u00e1m <\/span><span class=\"_fadeIn_pfttw_8\">prost\u0159ednictv\u00edm <\/span><span class=\"_fadeIn_pfttw_8\">jejich <\/span><span class=\"_fadeIn_pfttw_8\">Robustnost<\/span><span class=\"_fadeIn_pfttw_8\">, <\/span><span class=\"_fadeIn_pfttw_8\">Dlouhov\u011bkost<\/span> <span class=\"_fadeIn_pfttw_8\">a <\/span><span class=\"_fadeIn_pfttw_8\">flexibiln\u00ed <\/span><span class=\"_fadeIn_pfttw_8\">Pou\u017eitelnost<\/span> <span class=\"_fadeIn_pfttw_8\">z.<\/span><\/p>\n<p data-start=\"590\" data-end=\"1011\"><span class=\"_fadeIn_pfttw_8\">Zejm\u00e9na <\/span><span class=\"_fadeIn_pfttw_8\">je t\u0159eba zd\u016fraznit: <\/span><span class=\"_fadeIn_pfttw_8\">Tyto str\u00e1nky <\/span><span class=\"_fadeIn_pfttw_8\">Pohonn\u00e9 jednotky <\/span><span class=\"_fadeIn_pfttw_8\">jsou <\/span><span class=\"_fadeIn_pfttw_8\">ATEX-<\/span><span class=\"_fadeIn_pfttw_8\">certifikovan\u00e9 <\/span><span class=\"_fadeIn_pfttw_8\">pro <\/span><span class=\"_fadeIn_pfttw_8\">Z\u00f3na <\/span><span class=\"_fadeIn_pfttw_8\">0\/<\/span><span class=\"_fadeIn_pfttw_8\">1<\/span> <span class=\"_fadeIn_pfttw_8\">a <\/span><span class=\"_fadeIn_pfttw_8\">aby <\/span><span class=\"_fadeIn_pfttw_8\">tak\u00e9 <\/span><span class=\"_fadeIn_pfttw_8\">pro <\/span><span class=\"_fadeIn_pfttw_8\">na <\/span><span class=\"_fadeIn_pfttw_8\">Pou\u017eijte <\/span><span class=\"_fadeIn_pfttw_8\">na adrese <\/span><span class=\"_fadeIn_pfttw_8\">prost\u0159ed\u00ed s nebezpe\u010d\u00edm v\u00fdbuchu <\/span><span class=\"_fadeIn_pfttw_8\">Oblasti<\/span> <span class=\"_fadeIn_pfttw_8\">vhodn\u00e9 - <\/span><span class=\"_fadeIn_pfttw_8\">o <\/span><span class=\"_fadeIn_pfttw_8\">na adrese <\/span><span class=\"_fadeIn_pfttw_8\">na <\/span><span class=\"_fadeIn_pfttw_8\">Chemie, <\/span><span class=\"_fadeIn_pfttw_8\">Farmaceutick\u00e9 <\/span><span class=\"_fadeIn_pfttw_8\">nebo <\/span><span class=\"_fadeIn_pfttw_8\">Potravin\u00e1\u0159sk\u00fd pr\u016fmysl<\/span><span class=\"_fadeIn_pfttw_8\">. <\/span><span class=\"_fadeIn_pfttw_8\">Na adrese <\/span><span class=\"_fadeIn_pfttw_8\">Kombinace <\/span><span class=\"_fadeIn_pfttw_8\">s <\/span><span class=\"_fadeIn_pfttw_8\">jeden <\/span><span class=\"_fadeIn_pfttw_8\">samostatn\u011b <\/span><span class=\"_fadeIn_pfttw_8\">k dispozici na <\/span><span class=\"_fadeIn_pfttw_8\">Frekven\u010dn\u00ed m\u011bni\u010d<\/span> <span class=\"_fadeIn_pfttw_8\">opustit <\/span><span class=\"_fadeIn_pfttw_8\">s\u00e1m <\/span><span class=\"_fadeIn_pfttw_8\">na <\/span><span class=\"_fadeIn_pfttw_8\">Pohonn\u00e9 jednotky <\/span><span class=\"_fadeIn_pfttw_8\">p\u0159esn\u00fd <\/span><span class=\"_fadeIn_pfttw_8\">regulovat, <\/span><span class=\"_fadeIn_pfttw_8\">limit <\/span><span class=\"_fadeIn_pfttw_8\">a <\/span><span class=\"_fadeIn_pfttw_8\">P\u0159e\u010dt\u011bte si<\/span><span class=\"_fadeIn_pfttw_8\">, <\/span><span class=\"_fadeIn_pfttw_8\">bez <\/span><span class=\"_fadeIn_pfttw_8\">\u017ee <\/span><span class=\"_fadeIn_pfttw_8\">na <\/span><span class=\"_fadeIn_pfttw_8\">Frekven\u010dn\u00ed m\u011bni\u010d <\/span><span class=\"_fadeIn_pfttw_8\">v <\/span><span class=\"_fadeIn_pfttw_8\">Motor <\/span><span class=\"_fadeIn_pfttw_8\">integrovan\u00fd <\/span><span class=\"_fadeIn_pfttw_8\">b\u00fdt <\/span><span class=\"_fadeIn_pfttw_8\">mus\u00ed.<\/span><\/p>\n<p data-start=\"590\" data-end=\"1011\">S integrovan\u00fdm <a href=\"https:\/\/youtu.be\/TjagGW4DoyA?si=47p3rr-tFkZz2McY\" target=\"_blank\" rel=\"noopener\">rychlov\u00fdm\u011bnn\u00fd syst\u00e9m eco-Quick<\/a> m\u016f\u017eete vym\u011bnit h\u0159\u00eddele m\u00edchadel b\u011bhem n\u011bkolika sekund bez pou\u017eit\u00ed dal\u0161\u00edho n\u00e1\u0159ad\u00ed.<\/p>\n<p data-start=\"1013\" data-end=\"1044\"><span class=\"_fadeIn_pfttw_8\">V\u00fdhody <\/span><span class=\"_fadeIn_pfttw_8\">na adrese <\/span><span class=\"_fadeIn_pfttw_8\">jeden <\/span><span class=\"_fadeIn_pfttw_8\">Pohled:<\/span><\/p>\n<ul>\n<li data-start=\"1047\" data-end=\"1079\"><span class=\"_fadeIn_pfttw_8\">ATEX-<\/span><span class=\"_fadeIn_pfttw_8\">certifikovan\u00e9 <\/span><span class=\"_fadeIn_pfttw_8\">pro <\/span><span class=\"_fadeIn_pfttw_8\">Z\u00f3na <\/span><span class=\"_fadeIn_pfttw_8\">0\/<\/span><span class=\"_fadeIn_pfttw_8\">1<\/span><\/li>\n<li data-start=\"1047\" data-end=\"1079\"><span class=\"_fadeIn_pfttw_8\">V\u00fdkonn\u011bj\u0161\u00ed, <\/span><span class=\"_fadeIn_pfttw_8\">elektrick\u00fd <\/span><span class=\"_fadeIn_pfttw_8\">Pohon m\u00edchadla<\/span><\/li>\n<li data-start=\"1047\" data-end=\"1079\"><span class=\"_fadeIn_pfttw_8\">Zejm\u00e9na <\/span><span class=\"_fadeIn_pfttw_8\">Odoln\u00e9 <\/span><span class=\"_fadeIn_pfttw_8\">a <\/span><span class=\"_fadeIn_pfttw_8\">N\u00edzk\u00e9 n\u00e1roky na \u00fadr\u017ebu<\/span><\/li>\n<li data-start=\"1047\" data-end=\"1079\"><span class=\"_fadeIn_pfttw_8\">K<\/span><span class=\"_fadeIn_pfttw_8\">ompatibiln\u00ed <\/span><span class=\"_fadeIn_pfttw_8\">s <\/span><span class=\"_fadeIn_pfttw_8\">extern\u00ed <\/span><span class=\"_fadeIn_pfttw_8\">Frekven\u010dn\u00ed m\u011bni\u010d<\/span><\/li>\n<li data-start=\"1047\" data-end=\"1079\"><span class=\"_fadeIn_pfttw_8\">Jednoduch\u00e9 <\/span><span class=\"_fadeIn_pfttw_8\">Na\u0159\u00edzen\u00ed <\/span><span class=\"_fadeIn_pfttw_8\">a <\/span><span class=\"_fadeIn_pfttw_8\">\u0158\u00eddic\u00ed syst\u00e9m <\/span><span class=\"_fadeIn_pfttw_8\">mo\u017en\u00e9<\/span><\/li>\n<li data-start=\"1047\" data-end=\"1079\"><span class=\"_fadeIn_pfttw_8\">Robustn\u00ed <\/span><span class=\"_fadeIn_pfttw_8\">Proveden\u00ed <\/span><span class=\"_fadeIn_pfttw_8\">pro <\/span><span class=\"_fadeIn_pfttw_8\">Nep\u0159etr\u017eit\u00fd provoz<\/span><\/li>\n<li data-start=\"1047\" data-end=\"1079\"><span class=\"_fadeIn_pfttw_8\">Flexibiln\u00ed <\/span><span class=\"_fadeIn_pfttw_8\">pou\u017eiteln\u00e9 <\/span><span class=\"_fadeIn_pfttw_8\">na adrese <\/span><span class=\"_fadeIn_pfttw_8\">prost\u0159ed\u00ed s nebezpe\u010d\u00edm v\u00fdbuchu <\/span><span class=\"_fadeIn_pfttw_8\">Prost\u0159ed\u00ed<\/span><\/li>\n<\/ul>","protected":false},"excerpt":{"rendered":"<p><span class=\"_fadeIn_pfttw_8\">L<\/span><span class=\"_fadeIn_pfttw_8\">anglebige, <\/span><span class=\"_fadeIn_pfttw_8\">elektroinstalace <\/span><span class=\"_fadeIn_pfttw_8\">Pohony m\u00edchadel s <\/span><span class=\"_fadeIn_pfttw_8\">vysok\u00e1 <\/span><span class=\"_fadeIn_pfttw_8\">V\u00fdkon <\/span><span class=\"_fadeIn_pfttw_8\">a <\/span><span class=\"_fadeIn_pfttw_8\">Robustnost, certifikov\u00e1no pro z\u00f3nu ATEX 0\/1, <\/span><span class=\"_fadeIn_pfttw_8\">prost\u0159ednictv\u00edm extern\u00edch <\/span><span class=\"_fadeIn_pfttw_8\">Frekven\u010dn\u00ed m\u011bni\u010d <\/span><span class=\"_fadeIn_pfttw_8\">jednoduch\u00fd <\/span><span class=\"_fadeIn_pfttw_8\">pravidlo-, <\/span><span class=\"_fadeIn_pfttw_8\">da\u0148 <\/span><span class=\"_fadeIn_pfttw_8\">a <\/span><span class=\"_fadeIn_pfttw_8\">\u010diteln\u00fd - <\/span><span class=\"_fadeIn_pfttw_8\">ide\u00e1ln\u00ed <\/span><span class=\"_fadeIn_pfttw_8\">pro <\/span><span class=\"_fadeIn_pfttw_8\">na <\/span><span class=\"_fadeIn_pfttw_8\">pr\u016fmyslov\u00e9 <\/span><span class=\"_fadeIn_pfttw_8\">Nep\u0159etr\u017eit\u00fd provoz.<\/span><\/p>","protected":false},"featured_media":15536,"comment_status":"open","ping_status":"closed","template":"","meta":{"_acf_changed":false},"product_brand":[],"product_cat":[595,632],"product_tag":[2867,2868,2869,2578,2861,2862,2863,2864,2865,2866],"class_list":{"0":"post-13531","1":"product","2":"type-product","3":"status-publish","4":"has-post-thumbnail","6":"product_cat-ruehrwerkstechnik","7":"product_cat-ruehrwerksantriebe","8":"product_tag-atex-ruehrwerk-elektrisch","9":"product_tag-ex-geschuetzter-antrieb-ruehrtechnik","10":"product_tag-atex-ruehrwerksantrieb-zone-0-1","11":"product_tag-explosionsgeschuetzter-ruehrantrieb","12":"product_tag-elektrischer-ruehrmotor-atex","13":"product_tag-ruehrwerksantrieb-mit-atex-zulassung","14":"product_tag-frequenzumrichter-optional","15":"product_tag-ruehrantrieb-elektrisch-industrie","16":"product_tag-robuster-atex-motor","17":"product_tag-zone-1-ruehrantrieb","18":"product_shipping_class-karton-paketversand","19":"pa_antriebsart-elektrisch","20":"pa_atex-zone-0-1","21":"pa_atex-motor-ex-ii-2d-ex-h-iiic-t120c","22":"pa_atex-zonentrennung-ex-ii-1-2-g-ex-h-iic-t5-ga-gb","23":"pa_model-e-drive","24":"pa_motor-spannung-230-400v","25":"pa_nabe-gewinde-m16","26":"pa_schaltart-dreieck-stern","28":"first","29":"instock","30":"taxable","31":"shipping-taxable","32":"purchasable","33":"product-type-variable"},"bundled_by":[],"bundle_stock_status":"instock","bundle_stock_quantity":null,"bundle_virtual":false,"bundle_layout":"","bundle_add_to_cart_form_location":"","bundle_editable_in_cart":false,"bundle_sold_individually_context":"","bundle_item_grouping":"","bundle_min_size":"","bundle_max_size":"","bundle_price":[],"bundled_items":[],"bundle_sell_ids":[],"exclude_global_add_ons":[],"addons":[],"acf":[],"_links":{"self":[{"href":"https:\/\/ptm-mechatronics.com\/cs\/wp-json\/wp\/v2\/product\/13531","targetHints":{"allow":["GET"]}}],"collection":[{"href":"https:\/\/ptm-mechatronics.com\/cs\/wp-json\/wp\/v2\/product"}],"about":[{"href":"https:\/\/ptm-mechatronics.com\/cs\/wp-json\/wp\/v2\/types\/product"}],"replies":[{"embeddable":true,"href":"https:\/\/ptm-mechatronics.com\/cs\/wp-json\/wp\/v2\/comments?post=13531"}],"wp:featuredmedia":[{"embeddable":true,"href":"https:\/\/ptm-mechatronics.com\/cs\/wp-json\/wp\/v2\/media\/15536"}],"wp:attachment":[{"href":"https:\/\/ptm-mechatronics.com\/cs\/wp-json\/wp\/v2\/media?parent=13531"}],"wp:term":[{"taxonomy":"product_brand","embeddable":true,"href":"https:\/\/ptm-mechatronics.com\/cs\/wp-json\/wp\/v2\/product_brand?post=13531"},{"taxonomy":"product_cat","embeddable":true,"href":"https:\/\/ptm-mechatronics.com\/cs\/wp-json\/wp\/v2\/product_cat?post=13531"},{"taxonomy":"product_tag","embeddable":true,"href":"https:\/\/ptm-mechatronics.com\/cs\/wp-json\/wp\/v2\/product_tag?post=13531"}],"curies":[{"name":"wp","href":"https:\/\/api.w.org\/{rel}","templated":true}]}}