{"id":13457,"date":"2025-04-11T09:36:24","date_gmt":"2025-04-11T07:36:24","guid":{"rendered":"https:\/\/ptm-mechatronics.com\/?post_type=product&#038;p=13457"},"modified":"2025-11-07T15:54:50","modified_gmt":"2025-11-07T14:54:50","slug":"elektr-ruehrwerksantrieb-mit-gewindenabe-m16","status":"publish","type":"product","link":"https:\/\/ptm-mechatronics.com\/cs\/product\/elektr-ruehrwerksantrieb-mit-gewindenabe-m16\/","title":{"rendered":"Elektrick\u00fd pohon m\u00edchadla se z\u00e1vitov\u00fdm n\u00e1bojem M16"},"content":{"rendered":"<p data-start=\"207\" data-end=\"291\"><span class=\"_fadeIn_pfttw_8\">Elektrick\u00e9 <\/span><span class=\"_fadeIn_pfttw_8\">Pohony m\u00edchadel - <\/span><span class=\"_fadeIn_pfttw_8\">siln\u00fd, <\/span><span class=\"_fadeIn_pfttw_8\">Odoln\u00e9 <\/span><span class=\"_fadeIn_pfttw_8\">a <\/span><span class=\"_fadeIn_pfttw_8\">Flexibiln\u00ed <\/span><span class=\"_fadeIn_pfttw_8\">ovladateln\u00fd<\/span><\/p>\n<p data-start=\"293\" data-end=\"625\"><span class=\"_fadeIn_pfttw_8\">Na\u0161e <\/span><span class=\"_fadeIn_pfttw_8\">elektroinstalace <\/span><span class=\"_fadeIn_pfttw_8\">Pohony m\u00edchadel<\/span> <span class=\"_fadeIn_pfttw_8\">p\u0159esv\u011bd\u010dit <\/span><span class=\"_fadeIn_pfttw_8\">prost\u0159ednictv\u00edm <\/span><span class=\"_fadeIn_pfttw_8\">vysok\u00e1 <\/span><span class=\"_fadeIn_pfttw_8\">V\u00fdkon<\/span><span class=\"_fadeIn_pfttw_8\">, <\/span><span class=\"_fadeIn_pfttw_8\">Robustnost<\/span> <span class=\"_fadeIn_pfttw_8\">a <\/span><span class=\"_fadeIn_pfttw_8\">jeden <\/span><span class=\"_fadeIn_pfttw_8\">dlouh\u00fd <\/span><span class=\"_fadeIn_pfttw_8\">\u017divotnost<\/span><span class=\"_fadeIn_pfttw_8\">, <\/span><span class=\"_fadeIn_pfttw_8\">co <\/span><span class=\"_fadeIn_pfttw_8\">je <\/span><span class=\"_fadeIn_pfttw_8\">ide\u00e1ln\u00ed <\/span><span class=\"_fadeIn_pfttw_8\">pro <\/span><span class=\"_fadeIn_pfttw_8\">na <\/span><span class=\"_fadeIn_pfttw_8\">pr\u016fmyslov\u00e9 <\/span><span class=\"_fadeIn_pfttw_8\">Nep\u0159etr\u017eit\u00fd provoz<\/span> <span class=\"_fadeIn_pfttw_8\">d\u011bl\u00e1 - <\/span><span class=\"_fadeIn_pfttw_8\">tak\u00e9 <\/span><span class=\"_fadeIn_pfttw_8\">pod <\/span><span class=\"_fadeIn_pfttw_8\">n\u00e1ro\u010dn\u00e9 <\/span><span class=\"_fadeIn_pfttw_8\">Podm\u00ednky. <\/span><span class=\"_fadeIn_pfttw_8\">Vy <\/span><span class=\"_fadeIn_pfttw_8\">jsou <\/span><span class=\"_fadeIn_pfttw_8\">V\u0161estrann\u00fd <\/span><span class=\"_fadeIn_pfttw_8\">pou\u017eiteln\u00e9 <\/span><span class=\"_fadeIn_pfttw_8\">na adrese <\/span><span class=\"_fadeIn_pfttw_8\">Oblasti <\/span><span class=\"_fadeIn_pfttw_8\">jako <\/span><span class=\"_fadeIn_pfttw_8\">Chemie, <\/span><span class=\"_fadeIn_pfttw_8\">Farmaceutick\u00e9 p\u0159\u00edpravky, <\/span><span class=\"_fadeIn_pfttw_8\">Potraviny <\/span><span class=\"_fadeIn_pfttw_8\">a <\/span><span class=\"_fadeIn_pfttw_8\">Procesn\u00ed in\u017een\u00fdrstv\u00ed<\/span><span class=\"_fadeIn_pfttw_8\">.<\/span><\/p>\n<p data-start=\"627\" data-end=\"909\"><span class=\"_fadeIn_pfttw_8\">Na adrese <\/span><span class=\"_fadeIn_pfttw_8\">Kombinace <\/span><span class=\"_fadeIn_pfttw_8\">s <\/span><span class=\"_fadeIn_pfttw_8\">jeden <\/span><span class=\"_fadeIn_pfttw_8\">samostatn\u011b <\/span><span class=\"_fadeIn_pfttw_8\">k dispozici na <\/span><span class=\"_fadeIn_pfttw_8\">Frekven\u010dn\u00ed m\u011bni\u010d<\/span> <span class=\"_fadeIn_pfttw_8\">opustit <\/span><span class=\"_fadeIn_pfttw_8\">s\u00e1m <\/span><span class=\"_fadeIn_pfttw_8\">na <\/span><span class=\"_fadeIn_pfttw_8\">Pohonn\u00e9 jednotky <\/span><span class=\"_fadeIn_pfttw_8\">p\u0159esn\u00fd <\/span><span class=\"_fadeIn_pfttw_8\">regulovat, <\/span><span class=\"_fadeIn_pfttw_8\">limit <\/span><span class=\"_fadeIn_pfttw_8\">a <\/span><span class=\"_fadeIn_pfttw_8\">P\u0159e\u010dt\u011bte si<\/span><span class=\"_fadeIn_pfttw_8\">. <\/span><span class=\"_fadeIn_pfttw_8\">Tak\u017ee <\/span><span class=\"_fadeIn_pfttw_8\">m\u016f\u017ee <\/span><span class=\"_fadeIn_pfttw_8\">Rychlost <\/span><span class=\"_fadeIn_pfttw_8\">a <\/span><span class=\"_fadeIn_pfttw_8\">V\u00fdkon <\/span><span class=\"_fadeIn_pfttw_8\">individu\u00e1ln\u00ed <\/span><span class=\"_fadeIn_pfttw_8\">na adrese <\/span><span class=\"_fadeIn_pfttw_8\">na <\/span><span class=\"_fadeIn_pfttw_8\">p\u0159\u00edslu\u0161n\u00e9 <\/span><span class=\"_fadeIn_pfttw_8\">Proces <\/span><span class=\"_fadeIn_pfttw_8\">na m\u00edru <\/span><span class=\"_fadeIn_pfttw_8\">st\u00e1t se - <\/span><span class=\"_fadeIn_pfttw_8\">cel\u00fd <\/span><span class=\"_fadeIn_pfttw_8\">bez <\/span><span class=\"_fadeIn_pfttw_8\">propracovan\u00e9 <\/span><span class=\"_fadeIn_pfttw_8\">Integrace technologi\u00ed <\/span><span class=\"_fadeIn_pfttw_8\">v <\/span><span class=\"_fadeIn_pfttw_8\">Motor <\/span><span class=\"_fadeIn_pfttw_8\">sama o sob\u011b.<\/span><\/p>\n<p data-start=\"911\" data-end=\"942\"><span class=\"_fadeIn_pfttw_8\">V\u00fdhody <\/span><span class=\"_fadeIn_pfttw_8\">na adrese <\/span><span class=\"_fadeIn_pfttw_8\">jeden <\/span><span class=\"_fadeIn_pfttw_8\">Pohled:<\/span><\/p>\n<ul>\n<li data-start=\"945\" data-end=\"994\"><span class=\"_fadeIn_pfttw_8\">V\u00fdkonn\u011bj\u0161\u00ed, <\/span><span class=\"_fadeIn_pfttw_8\">elektrick\u00fd <\/span><span class=\"_fadeIn_pfttw_8\">Pohon m\u00edchadla<\/span><\/li>\n<li data-start=\"945\" data-end=\"994\"><span class=\"_fadeIn_pfttw_8\">Zejm\u00e9na <\/span><span class=\"_fadeIn_pfttw_8\">Odoln\u00e9 <\/span><span class=\"_fadeIn_pfttw_8\">a <\/span><span class=\"_fadeIn_pfttw_8\">robustn\u00ed<\/span><\/li>\n<li data-start=\"945\" data-end=\"994\"><span class=\"_fadeIn_pfttw_8\">Ide\u00e1ln\u00ed <\/span><span class=\"_fadeIn_pfttw_8\">pro <\/span><span class=\"_fadeIn_pfttw_8\">na <\/span><span class=\"_fadeIn_pfttw_8\">Nep\u0159etr\u017eit\u00fd provoz<\/span><\/li>\n<li data-start=\"945\" data-end=\"994\"><span class=\"_fadeIn_pfttw_8\">Kompatibiln\u00ed <\/span><span class=\"_fadeIn_pfttw_8\">s <\/span><span class=\"_fadeIn_pfttw_8\">extern\u00ed <\/span><span class=\"_fadeIn_pfttw_8\">Frekven\u010dn\u00ed m\u011bni\u010de<\/span><\/li>\n<li data-start=\"945\" data-end=\"994\"><span class=\"_fadeIn_pfttw_8\">Jednoduch\u00e9 <\/span><span class=\"_fadeIn_pfttw_8\">Na\u0159\u00edzen\u00ed <\/span><span class=\"_fadeIn_pfttw_8\">a <\/span><span class=\"_fadeIn_pfttw_8\">Kontrola (<\/span><span class=\"_fadeIn_pfttw_8\">nepovinn\u00e9)<\/span><\/li>\n<li data-start=\"945\" data-end=\"994\"><span class=\"_fadeIn_pfttw_8\">Flexibiln\u00ed <\/span><span class=\"_fadeIn_pfttw_8\">pou\u017eiteln\u00e9 <\/span><span class=\"_fadeIn_pfttw_8\">na adrese <\/span><span class=\"_fadeIn_pfttw_8\">Pr\u016fmyslov\u00e9 prost\u0159ed\u00ed<\/span><\/li>\n<\/ul>","protected":false},"excerpt":{"rendered":"<p><span class=\"_fadeIn_pfttw_8\">L<\/span><span class=\"_fadeIn_pfttw_8\">anglebige, <\/span><span class=\"_fadeIn_pfttw_8\">elektroinstalace <\/span><span class=\"_fadeIn_pfttw_8\">Pohony m\u00edchadel s <\/span><span class=\"_fadeIn_pfttw_8\">vysok\u00e1 <\/span><span class=\"_fadeIn_pfttw_8\">V\u00fdkon <\/span><span class=\"_fadeIn_pfttw_8\">a <\/span><span class=\"_fadeIn_pfttw_8\">Robustnost, <\/span><span class=\"_fadeIn_pfttw_8\">prost\u0159ednictv\u00edm extern\u00edch <\/span><span class=\"_fadeIn_pfttw_8\">Frekven\u010dn\u00ed m\u011bni\u010d <\/span><span class=\"_fadeIn_pfttw_8\">jednoduch\u00fd <\/span><span class=\"_fadeIn_pfttw_8\">pravidlo-, <\/span><span class=\"_fadeIn_pfttw_8\">da\u0148 <\/span><span class=\"_fadeIn_pfttw_8\">a <\/span><span class=\"_fadeIn_pfttw_8\">\u010diteln\u00fd - <\/span><span class=\"_fadeIn_pfttw_8\">ide\u00e1ln\u00ed <\/span><span class=\"_fadeIn_pfttw_8\">pro <\/span><span class=\"_fadeIn_pfttw_8\">na <\/span><span class=\"_fadeIn_pfttw_8\">pr\u016fmyslov\u00e9 <\/span><span class=\"_fadeIn_pfttw_8\">Nep\u0159etr\u017eit\u00fd provoz.<\/span><\/p>","protected":false},"featured_media":15419,"comment_status":"open","ping_status":"closed","template":"","meta":{"_acf_changed":false},"product_brand":[],"product_cat":[595,632],"product_tag":[2624,2852,2853,2854,2855,2856,2857,2858,2859,2860],"class_list":{"0":"post-13457","1":"product","2":"type-product","3":"status-publish","4":"has-post-thumbnail","6":"product_cat-ruehrwerkstechnik","7":"product_cat-ruehrwerksantriebe","8":"product_tag-industrieller-ruehrwerksantrieb","9":"product_tag-elektrischer-ruehrwerksantrieb","10":"product_tag-ruehrwerksmotor-elektrisch","11":"product_tag-frequenzumrichter-ruehrwerk","12":"product_tag-regelbarer-ruehrantrieb","13":"product_tag-robuster-ruehrmotor","14":"product_tag-langlebiger-ruehrmotor","15":"product_tag-antriebstechnik-ruehrwerk","16":"product_tag-ruehrantrieb-steuern","17":"product_tag-elektrischer-antrieb-industrie","18":"product_shipping_class-karton-paketversand","19":"pa_antriebsart-elektrisch","20":"pa_model-e-drive","21":"pa_motor-spannung-230-400v","22":"pa_nabe-gewinde-m16","23":"pa_schaltart-dreieck-stern","25":"first","26":"instock","27":"taxable","28":"shipping-taxable","29":"purchasable","30":"product-type-variable"},"bundled_by":[],"bundle_stock_status":"instock","bundle_stock_quantity":null,"bundle_virtual":false,"bundle_layout":"","bundle_add_to_cart_form_location":"","bundle_editable_in_cart":false,"bundle_sold_individually_context":"","bundle_item_grouping":"","bundle_min_size":"","bundle_max_size":"","bundle_price":[],"bundled_items":[],"bundle_sell_ids":[],"exclude_global_add_ons":[],"addons":[],"acf":[],"_links":{"self":[{"href":"https:\/\/ptm-mechatronics.com\/cs\/wp-json\/wp\/v2\/product\/13457","targetHints":{"allow":["GET"]}}],"collection":[{"href":"https:\/\/ptm-mechatronics.com\/cs\/wp-json\/wp\/v2\/product"}],"about":[{"href":"https:\/\/ptm-mechatronics.com\/cs\/wp-json\/wp\/v2\/types\/product"}],"replies":[{"embeddable":true,"href":"https:\/\/ptm-mechatronics.com\/cs\/wp-json\/wp\/v2\/comments?post=13457"}],"wp:featuredmedia":[{"embeddable":true,"href":"https:\/\/ptm-mechatronics.com\/cs\/wp-json\/wp\/v2\/media\/15419"}],"wp:attachment":[{"href":"https:\/\/ptm-mechatronics.com\/cs\/wp-json\/wp\/v2\/media?parent=13457"}],"wp:term":[{"taxonomy":"product_brand","embeddable":true,"href":"https:\/\/ptm-mechatronics.com\/cs\/wp-json\/wp\/v2\/product_brand?post=13457"},{"taxonomy":"product_cat","embeddable":true,"href":"https:\/\/ptm-mechatronics.com\/cs\/wp-json\/wp\/v2\/product_cat?post=13457"},{"taxonomy":"product_tag","embeddable":true,"href":"https:\/\/ptm-mechatronics.com\/cs\/wp-json\/wp\/v2\/product_tag?post=13457"}],"curies":[{"name":"wp","href":"https:\/\/api.w.org\/{rel}","templated":true}]}}