{"id":13435,"date":"2025-04-07T09:56:22","date_gmt":"2025-04-07T07:56:22","guid":{"rendered":"https:\/\/ptm-mechatronics.com\/?post_type=product&#038;p=13435"},"modified":"2025-11-07T15:54:40","modified_gmt":"2025-11-07T14:54:40","slug":"wellendichtring-ptfe-fda-weiss","status":"publish","type":"product","link":"https:\/\/ptm-mechatronics.com\/cs\/product\/wellendichtring-ptfe-fda-weiss\/","title":{"rendered":"Olejov\u00e9 t\u011bsn\u011bn\u00ed PTFE FDA b\u00edl\u00e9"},"content":{"rendered":"<p class=\"\" data-start=\"187\" data-end=\"307\">PTFE t\u011bsn\u011bn\u00ed h\u0159\u00eddele b\u00edl\u00e9 (v souladu s FDA) pro pneumatick\u00e9 motory PTM - hygienick\u00e9 t\u011bsn\u011bn\u00ed pro nejvy\u0161\u0161\u00ed n\u00e1roky<\/p>\n<p class=\"\" data-start=\"309\" data-end=\"733\">B\u00edl\u00e9 PTFE t\u011bsn\u011bn\u00ed h\u0159\u00eddele (vyhovuje FDA) spl\u0148uje nejvy\u0161\u0161\u00ed po\u017eadavky na hygienu, chemickou odolnost a teplotn\u00ed stabilitu. Pou\u017eit\u00fd materi\u00e1l PTFE potravin\u00e1\u0159sk\u00e9 kvality je schv\u00e1len v souladu se sm\u011brnicemi FDA, a proto je ide\u00e1ln\u00ed pro aplikace v potravin\u00e1\u0159sk\u00e9m, kosmetick\u00e9m a farmaceutick\u00e9m pr\u016fmyslu.<\/p>\n<p class=\"\" data-start=\"735\" data-end=\"1054\">D\u00edky sv\u00e9mu povrchu s n\u00edzk\u00fdm t\u0159en\u00edm, odoln\u00e9mu proti opot\u0159eben\u00ed a vynikaj\u00edc\u00ed odolnosti v\u016f\u010di agresivn\u00edm m\u00e9di\u00edm, \u010distic\u00edm prost\u0159edk\u016fm a vysok\u00fdm teplot\u00e1m je t\u011bsnic\u00ed krou\u017eek ide\u00e1ln\u00ed pro pou\u017eit\u00ed v hygienicky citliv\u00fdch procesech - a\u0165 u\u017e pro preventivn\u00ed \u00fadr\u017ebu nebo jako n\u00e1hradn\u00ed d\u00edl s dlouhou \u017eivotnost\u00ed.<\/p>\n<p class=\"\" data-start=\"1056\" data-end=\"1087\">P\u0159ehled v\u00fdhod:<\/p>\n<ul>\n<li data-start=\"1090\" data-end=\"1124\">Vhodn\u00e9 pro pneumatick\u00e9 motory PTM<\/li>\n<li data-start=\"1090\" data-end=\"1124\">PTFE b\u00edl\u00fd, v souladu s FDA<\/li>\n<li data-start=\"1090\" data-end=\"1124\">Bezpe\u010dn\u00e9 pro potraviny a hygienick\u00e9<\/li>\n<li data-start=\"1090\" data-end=\"1124\">Odolnost v\u016f\u010di chemik\u00e1li\u00edm a teplot\u00e1m<\/li>\n<li data-start=\"1090\" data-end=\"1124\">N\u00edzk\u00e9 t\u0159en\u00ed a odolnost proti opot\u0159eben\u00ed<\/li>\n<li data-start=\"1090\" data-end=\"1124\">Ide\u00e1ln\u00ed pro aplikace, kde je d\u016fle\u017eit\u00e1 hygiena<\/li>\n<li data-start=\"1090\" data-end=\"1124\">Snadn\u00e1 \u00fadr\u017eba a odolnost<\/li>\n<\/ul>","protected":false},"excerpt":{"rendered":"<p>Hygienick\u00e9 t\u011bsn\u011bn\u00ed odoln\u00e9 v\u016f\u010di chemik\u00e1li\u00edm a teplot\u00e1m, ide\u00e1ln\u00ed pro pou\u017eit\u00ed v potravin\u00e1\u0159sk\u00e9m, farmaceutick\u00e9m a kosmetick\u00e9m pr\u016fmyslu.<\/p>","protected":false},"featured_media":15374,"comment_status":"open","ping_status":"closed","template":"","meta":{"_acf_changed":false},"product_brand":[],"product_cat":[2745],"product_tag":[2809,2810,2811,2812,2813,2790,2805,2806,2807,2808],"class_list":{"0":"post-13435","1":"product","2":"type-product","3":"status-publish","4":"has-post-thumbnail","6":"product_cat-ersatzteile","7":"product_tag-ruehrwerksantrieb-fda-konform","8":"product_tag-wellendichtring-pharmaindustrie","9":"product_tag-ptfe-weiss-dichtung","10":"product_tag-fda-konforme-ruehrwerksdichtung","11":"product_tag-lebensmitteltechnik-dichtungsring","12":"product_tag-ptm-ersatzteile-kaufen","13":"product_tag-ptfe-wellendichtring-weiss","14":"product_tag-fda-dichtung-ptm","15":"product_tag-ptfe-dichtungsring-lebensmittel","16":"product_tag-hygienedichtung-druckluftmotor","17":"product_shipping_class-karton-paketversand","19":"first","20":"instock","21":"taxable","22":"shipping-taxable","23":"purchasable","24":"product-type-variable"},"bundled_by":[],"bundle_stock_status":"instock","bundle_stock_quantity":null,"bundle_virtual":false,"bundle_layout":"","bundle_add_to_cart_form_location":"","bundle_editable_in_cart":false,"bundle_sold_individually_context":"","bundle_item_grouping":"","bundle_min_size":"","bundle_max_size":"","bundle_price":[],"bundled_items":[],"bundle_sell_ids":[],"exclude_global_add_ons":[],"addons":[],"acf":[],"_links":{"self":[{"href":"https:\/\/ptm-mechatronics.com\/cs\/wp-json\/wp\/v2\/product\/13435","targetHints":{"allow":["GET"]}}],"collection":[{"href":"https:\/\/ptm-mechatronics.com\/cs\/wp-json\/wp\/v2\/product"}],"about":[{"href":"https:\/\/ptm-mechatronics.com\/cs\/wp-json\/wp\/v2\/types\/product"}],"replies":[{"embeddable":true,"href":"https:\/\/ptm-mechatronics.com\/cs\/wp-json\/wp\/v2\/comments?post=13435"}],"wp:featuredmedia":[{"embeddable":true,"href":"https:\/\/ptm-mechatronics.com\/cs\/wp-json\/wp\/v2\/media\/15374"}],"wp:attachment":[{"href":"https:\/\/ptm-mechatronics.com\/cs\/wp-json\/wp\/v2\/media?parent=13435"}],"wp:term":[{"taxonomy":"product_brand","embeddable":true,"href":"https:\/\/ptm-mechatronics.com\/cs\/wp-json\/wp\/v2\/product_brand?post=13435"},{"taxonomy":"product_cat","embeddable":true,"href":"https:\/\/ptm-mechatronics.com\/cs\/wp-json\/wp\/v2\/product_cat?post=13435"},{"taxonomy":"product_tag","embeddable":true,"href":"https:\/\/ptm-mechatronics.com\/cs\/wp-json\/wp\/v2\/product_tag?post=13435"}],"curies":[{"name":"wp","href":"https:\/\/api.w.org\/{rel}","templated":true}]}}