{"id":13432,"date":"2025-04-07T09:42:20","date_gmt":"2025-04-07T07:42:20","guid":{"rendered":"https:\/\/ptm-mechatronics.com\/?post_type=product&#038;p=13432"},"modified":"2025-11-07T15:54:40","modified_gmt":"2025-11-07T14:54:40","slug":"wellendichtring-ptfe-schwarz","status":"publish","type":"product","link":"https:\/\/ptm-mechatronics.com\/cs\/product\/wellendichtring-ptfe-schwarz\/","title":{"rendered":"T\u011bsn\u011bn\u00ed h\u0159\u00eddele PTFE \u010dern\u00e9"},"content":{"rendered":"<p class=\"\" data-start=\"184\" data-end=\"311\">Olejov\u00e9 t\u011bsn\u011bn\u00ed PTFE\/EPDM \u010dern\u00e9 pro pneumatick\u00e9 motory PTM - univerz\u00e1ln\u00ed vysoce v\u00fdkonn\u00e9 t\u011bsn\u011bn\u00ed pro pr\u016fmyslov\u00e9 aplikace<\/p>\n<p class=\"\" data-start=\"313\" data-end=\"784\">\u010cern\u00e9 olejov\u00e9 t\u011bsn\u011bn\u00ed PTFE\/EPDM nab\u00edz\u00ed vynikaj\u00edc\u00ed kombinaci chemick\u00e9 odolnosti, tepeln\u00e9 odolnosti a mechanick\u00e9 odolnosti. Kombinace PTFE (polytetrafluorethylen) a EPDM (ethylen-propylen-dienov\u00fd kau\u010duk) zaji\u0161\u0165uje n\u00edzk\u00e9 t\u0159en\u00ed a dlouhou \u017eivotnost t\u011bsn\u011bn\u00ed i v n\u00e1ro\u010dn\u00fdch provozn\u00edch podm\u00ednk\u00e1ch.<\/p>\n<p class=\"\" data-start=\"786\" data-end=\"1104\">D\u00edky vysok\u00e9 odolnosti v\u016f\u010di olej\u016fm, chemik\u00e1li\u00edm, par\u00e1m a \u010distic\u00edm prost\u0159edk\u016fm je toto h\u0159\u00eddelov\u00e9 t\u011bsn\u011bn\u00ed ide\u00e1ln\u00ed pro pou\u017eit\u00ed v potravin\u00e1\u0159sk\u00e9m, chemick\u00e9m, farmaceutick\u00e9m a zpracovatelsk\u00e9m pr\u016fmyslu. Je ide\u00e1ln\u00ed pro preventivn\u00ed \u00fadr\u017ebu nebo jako n\u00e1hradn\u00ed d\u00edl pro zaji\u0161t\u011bn\u00ed bezprobl\u00e9mov\u00e9ho provozu.<\/p>\n<p class=\"\" data-start=\"1106\" data-end=\"1137\">P\u0159ehled v\u00fdhod:<\/p>\n<ul>\n<li data-start=\"1140\" data-end=\"1187\">Vhodn\u00e9 pro pneumatick\u00e9 motory a pohony PTM<\/li>\n<li data-start=\"1140\" data-end=\"1187\">Vysoce kvalitn\u00ed kombinace PTFE\/EPDM<\/li>\n<li data-start=\"1140\" data-end=\"1187\">Odolnost v\u016f\u010di chemik\u00e1li\u00edm, vod\u011b a par\u00e1m<\/li>\n<li data-start=\"1140\" data-end=\"1187\">Vysok\u00e1 teplotn\u00ed tolerance<\/li>\n<li data-start=\"1140\" data-end=\"1187\">N\u00edzk\u00e9 t\u0159en\u00ed a odolnost proti opot\u0159eben\u00ed<\/li>\n<li data-start=\"1140\" data-end=\"1187\">Pro hygienicky n\u00e1ro\u010dn\u00e9 procesy<\/li>\n<li data-start=\"1140\" data-end=\"1187\">Snadn\u00e1 \u00fadr\u017eba a odolnost<\/li>\n<\/ul>","protected":false},"excerpt":{"rendered":"<p>Odoln\u00e9 t\u011bsn\u011bn\u00ed s n\u00edzk\u00fdm t\u0159en\u00edm a vysokou odolnost\u00ed v\u016f\u010di chemik\u00e1li\u00edm, par\u00e1m a teplot\u00e1m - ide\u00e1ln\u00ed pro pr\u016fmyslovou \u00fadr\u017ebu a hygienick\u00e9 aplikace.<\/p>","protected":false},"featured_media":15373,"comment_status":"open","ping_status":"closed","template":"","meta":{"_acf_changed":false},"product_brand":[],"product_cat":[2745],"product_tag":[2801,2802,2803,2804,2780,2789,2797,2798,2799,2800],"class_list":{"0":"post-13432","1":"product","2":"type-product","3":"status-publish","4":"has-post-thumbnail","6":"product_cat-ersatzteile","7":"product_tag-epdm-dichtung-ruehrwerk","8":"product_tag-hygienedichtung-antriebstechnik","9":"product_tag-langlebige-wellendichtung","10":"product_tag-chemikalienbestaendige-dichtung","11":"product_tag-ptm-ersatzteil-kaufen","12":"product_tag-ruehrwerksantrieb-dichtung","13":"product_tag-ptfe-epdm-wellendichtring","14":"product_tag-wellendichtung-schwarz-ptm","15":"product_tag-dichtung-druckluftmotor-ptm","16":"product_tag-industrie-wellendichtring-ptfe","17":"product_shipping_class-karton-paketversand","19":"first","20":"instock","21":"taxable","22":"shipping-taxable","23":"purchasable","24":"product-type-variable"},"bundled_by":[],"bundle_stock_status":"instock","bundle_stock_quantity":null,"bundle_virtual":false,"bundle_layout":"","bundle_add_to_cart_form_location":"","bundle_editable_in_cart":false,"bundle_sold_individually_context":"","bundle_item_grouping":"","bundle_min_size":"","bundle_max_size":"","bundle_price":[],"bundled_items":[],"bundle_sell_ids":[],"exclude_global_add_ons":[],"addons":[],"acf":[],"_links":{"self":[{"href":"https:\/\/ptm-mechatronics.com\/cs\/wp-json\/wp\/v2\/product\/13432","targetHints":{"allow":["GET"]}}],"collection":[{"href":"https:\/\/ptm-mechatronics.com\/cs\/wp-json\/wp\/v2\/product"}],"about":[{"href":"https:\/\/ptm-mechatronics.com\/cs\/wp-json\/wp\/v2\/types\/product"}],"replies":[{"embeddable":true,"href":"https:\/\/ptm-mechatronics.com\/cs\/wp-json\/wp\/v2\/comments?post=13432"}],"wp:featuredmedia":[{"embeddable":true,"href":"https:\/\/ptm-mechatronics.com\/cs\/wp-json\/wp\/v2\/media\/15373"}],"wp:attachment":[{"href":"https:\/\/ptm-mechatronics.com\/cs\/wp-json\/wp\/v2\/media?parent=13432"}],"wp:term":[{"taxonomy":"product_brand","embeddable":true,"href":"https:\/\/ptm-mechatronics.com\/cs\/wp-json\/wp\/v2\/product_brand?post=13432"},{"taxonomy":"product_cat","embeddable":true,"href":"https:\/\/ptm-mechatronics.com\/cs\/wp-json\/wp\/v2\/product_cat?post=13432"},{"taxonomy":"product_tag","embeddable":true,"href":"https:\/\/ptm-mechatronics.com\/cs\/wp-json\/wp\/v2\/product_tag?post=13432"}],"curies":[{"name":"wp","href":"https:\/\/api.w.org\/{rel}","templated":true}]}}