{"id":13424,"date":"2025-04-04T09:51:39","date_gmt":"2025-04-04T07:51:39","guid":{"rendered":"https:\/\/ptm-mechatronics.com\/?post_type=product&#038;p=13424"},"modified":"2025-11-07T15:54:39","modified_gmt":"2025-11-07T14:54:39","slug":"wellendichtring-nbr","status":"publish","type":"product","link":"https:\/\/ptm-mechatronics.com\/cs\/product\/wellendichtring-nbr\/","title":{"rendered":"T\u011bsn\u011bn\u00ed h\u0159\u00eddele NBR"},"content":{"rendered":"<p class=\"\" data-start=\"208\" data-end=\"309\">H\u0159\u00eddelov\u00e9 t\u011bsn\u011bn\u00ed NBR pro pneumatick\u00e9 motory a pohony PTM - osv\u011bd\u010den\u00e9 t\u011bsnic\u00ed \u0159e\u0161en\u00ed pro \u00fadr\u017ebu<\/p>\n<p class=\"\" data-start=\"311\" data-end=\"641\">H\u0159\u00eddelov\u00e9 t\u011bsn\u011bn\u00ed NBR je speci\u00e1ln\u011b navr\u017eeno pro \u00fadr\u017ebu a servis pneumatick\u00fdch motor\u016f PTM a pohon\u016f m\u00edchadel. Je vyrobeno z robustn\u00ed nitrilov\u00e9 pry\u017ee (NBR) a poskytuje spolehliv\u00e9 t\u011bsn\u011bn\u00ed proti olej\u016fm, tuk\u016fm a jin\u00fdm neagresivn\u00edm m\u00e9di\u00edm - ide\u00e1ln\u00ed pro nep\u0159etr\u017eit\u00e9 pr\u016fmyslov\u00e9 pou\u017eit\u00ed.<\/p>\n<p class=\"\" data-start=\"643\" data-end=\"964\">D\u00edky dobr\u00e9 odolnosti proti ot\u011bru a teplotn\u00ed odolnosti a\u017e do cca +100 \u00b0C je h\u0159\u00eddelov\u00e9 t\u011bsn\u011bn\u00ed z NBR ide\u00e1ln\u00ed pro standardn\u00ed aplikace ve stroj\u00edrenstv\u00ed a stroj\u00edrenstv\u00ed. Pom\u00e1h\u00e1 p\u0159edch\u00e1zet net\u011bsnostem, sni\u017eovat opot\u0159eben\u00ed a trvale zvy\u0161ovat \u017eivotnost motor\u016f a pohon\u016f PTM.<\/p>\n<p class=\"\" data-start=\"966\" data-end=\"997\">P\u0159ehled v\u00fdhod:<\/p>\n<ul>\n<li data-start=\"1000\" data-end=\"1034\">Pro motory\/pohony PTM<\/li>\n<li data-start=\"1000\" data-end=\"1034\">Robustn\u00ed materi\u00e1l NBR<\/li>\n<li data-start=\"1000\" data-end=\"1034\">Odolnost v\u016f\u010di olej\u016fm a tuk\u016fm<\/li>\n<li data-start=\"1000\" data-end=\"1034\">Ide\u00e1ln\u00ed pro standardn\u00ed aplikace<\/li>\n<li data-start=\"1000\" data-end=\"1034\">Pro \u00fadr\u017ebu a v\u00fdm\u011bnu<\/li>\n<li data-start=\"1000\" data-end=\"1034\">Dobr\u00e1 ochrana proti opot\u0159eben\u00ed<\/li>\n<\/ul>","protected":false},"excerpt":{"rendered":"<p>Spolehliv\u00e9 t\u011bsn\u011bn\u00ed proti olej\u016fm a tuk\u016fm, ide\u00e1ln\u00ed pro standardn\u00ed pr\u016fmyslov\u00e9 aplikace.<\/p>","protected":false},"featured_media":15371,"comment_status":"open","ping_status":"closed","template":"","meta":{"_acf_changed":false},"product_brand":[],"product_cat":[2745],"product_tag":[2790,2791,2792,2793,2794,2795,2796,2787,2788,2789],"class_list":{"0":"post-13424","1":"product","2":"type-product","3":"status-publish","4":"has-post-thumbnail","6":"product_cat-ersatzteile","7":"product_tag-ptm-ersatzteile-kaufen","8":"product_tag-wellendichtung-nbr","9":"product_tag-ptm-wartungsdichtung","10":"product_tag-nitrilkautschuk-dichtungsring","11":"product_tag-ptm-motor-dichtung","12":"product_tag-ruehrwerk-wellendichtring","13":"product_tag-industrie-dichtung-nbr","14":"product_tag-nbr-wellendichtring-ptm","15":"product_tag-dichtung-druckluftmotor","16":"product_tag-ruehrwerksantrieb-dichtung","17":"product_shipping_class-karton-paketversand","19":"first","20":"instock","21":"taxable","22":"shipping-taxable","23":"purchasable","24":"product-type-variable"},"bundled_by":[],"bundle_stock_status":"instock","bundle_stock_quantity":null,"bundle_virtual":false,"bundle_layout":"","bundle_add_to_cart_form_location":"","bundle_editable_in_cart":false,"bundle_sold_individually_context":"","bundle_item_grouping":"","bundle_min_size":"","bundle_max_size":"","bundle_price":[],"bundled_items":[],"bundle_sell_ids":[],"exclude_global_add_ons":[],"addons":[],"acf":[],"_links":{"self":[{"href":"https:\/\/ptm-mechatronics.com\/cs\/wp-json\/wp\/v2\/product\/13424","targetHints":{"allow":["GET"]}}],"collection":[{"href":"https:\/\/ptm-mechatronics.com\/cs\/wp-json\/wp\/v2\/product"}],"about":[{"href":"https:\/\/ptm-mechatronics.com\/cs\/wp-json\/wp\/v2\/types\/product"}],"replies":[{"embeddable":true,"href":"https:\/\/ptm-mechatronics.com\/cs\/wp-json\/wp\/v2\/comments?post=13424"}],"wp:featuredmedia":[{"embeddable":true,"href":"https:\/\/ptm-mechatronics.com\/cs\/wp-json\/wp\/v2\/media\/15371"}],"wp:attachment":[{"href":"https:\/\/ptm-mechatronics.com\/cs\/wp-json\/wp\/v2\/media?parent=13424"}],"wp:term":[{"taxonomy":"product_brand","embeddable":true,"href":"https:\/\/ptm-mechatronics.com\/cs\/wp-json\/wp\/v2\/product_brand?post=13424"},{"taxonomy":"product_cat","embeddable":true,"href":"https:\/\/ptm-mechatronics.com\/cs\/wp-json\/wp\/v2\/product_cat?post=13424"},{"taxonomy":"product_tag","embeddable":true,"href":"https:\/\/ptm-mechatronics.com\/cs\/wp-json\/wp\/v2\/product_tag?post=13424"}],"curies":[{"name":"wp","href":"https:\/\/api.w.org\/{rel}","templated":true}]}}