{"id":13335,"date":"2025-03-31T11:08:31","date_gmt":"2025-03-31T09:08:31","guid":{"rendered":"https:\/\/ptm-mechatronics.com\/?post_type=product&#038;p=13335"},"modified":"2026-02-23T13:00:12","modified_gmt":"2026-02-23T12:00:12","slug":"schraegblattmischer-klappbar","status":"publish","type":"product","link":"https:\/\/ptm-mechatronics.com\/cs\/product\/schraegblattmischer-klappbar\/","title":{"rendered":"\u0160ikm\u00fd m\u00edchac\u00ed n\u016f\u017e, sklopn\u00fd"},"content":{"rendered":"<p class=\"\" data-start=\"136\" data-end=\"226\">M\u00edcha\u010dka se \u0161ikm\u00fdmi lopatkami - v\u00fdkonn\u00e9 m\u00edch\u00e1n\u00ed pro visk\u00f3zn\u00ed m\u00e9dia a n\u00e1ro\u010dn\u00e9 procesy<\/p>\n<p class=\"\" data-start=\"228\" data-end=\"580\">M\u00edcha\u010dka se \u0161ikm\u00fdmi lopatkami zaujme axi\u00e1ln\u00edmi dopravn\u00edmi vlastnostmi s m\u00edrn\u011b radi\u00e1ln\u00ed slo\u017ekou a vytv\u00e1\u0159\u00ed turbulentn\u00ed proud\u011bn\u00ed, kter\u00e9 umo\u017e\u0148uje obzvl\u00e1\u0161t\u011b \u00fa\u010dinn\u00e9 m\u00edch\u00e1n\u00ed. D\u00edky sv\u00e9 robustn\u00ed konstrukci je ide\u00e1ln\u00ed pro vysoce visk\u00f3zn\u00ed l\u00e1tky a \u0161irokou \u0161k\u00e1lu pr\u016fmyslov\u00fdch aplikac\u00ed.<\/p>\n<p class=\"\" data-start=\"582\" data-end=\"773\">Typick\u00e9 aplikace zahrnuj\u00ed homogenizaci, dispergaci a suspendov\u00e1n\u00ed \u0161irok\u00e9 \u0161k\u00e1ly m\u00e9di\u00ed - od chemick\u00fdch proces\u016f a\u017e po v\u00fdrobu potravin a kosmetiky.<\/p>\n<p data-start=\"582\" data-end=\"773\">Skl\u00e1dac\u00ed m\u00edcha\u010dka se p\u0159i ot\u00e1\u010den\u00ed automaticky odst\u0159edivou silou rozkl\u00e1d\u00e1 z \u00d850 mm na \u00d8150 nebo 200 mm, \u010d\u00edm\u017e umo\u017e\u0148uje v\u00fdkonn\u00e9 m\u00edch\u00e1n\u00ed i p\u0159i \u00fazk\u00fdch otvorech n\u00e1dob.<\/p>\n<p class=\"\" data-start=\"775\" data-end=\"806\">P\u0159ehled v\u00fdhod:<\/p>\n<ul>\n<li data-start=\"809\" data-end=\"846\">Axi\u00e1ln\u00ed a\u017e m\u00edrn\u011b radi\u00e1ln\u00ed doprava<\/li>\n<li data-start=\"809\" data-end=\"846\">Turbulentn\u00ed proud\u011bn\u00ed pro intenzivn\u00ed m\u00edch\u00e1n\u00ed<\/li>\n<li data-start=\"809\" data-end=\"846\">Vhodn\u00e9 pro visk\u00f3zn\u00ed m\u00e9dia<\/li>\n<li data-start=\"809\" data-end=\"846\">Ide\u00e1ln\u00ed pro homogenizaci, dispergaci a suspendov\u00e1n\u00ed<\/li>\n<li data-start=\"809\" data-end=\"846\">V\u0161estrann\u00e9 pou\u017eit\u00ed<\/li>\n<li data-start=\"809\" data-end=\"846\">Vysok\u00e1 spolehlivost procesu<\/li>\n<\/ul>","protected":false},"excerpt":{"rendered":"<p>Axi\u00e1ln\u00ed (m\u00edrn\u011b radi\u00e1ln\u00ed) m\u00edchadlo s turbulentn\u00edm proud\u011bn\u00edm, ide\u00e1ln\u00ed pro homogenizaci, dispergaci a suspendov\u00e1n\u00ed i vysoce visk\u00f3zn\u00edch l\u00e1tek.<\/p>","protected":false},"featured_media":15348,"comment_status":"closed","ping_status":"closed","template":"","meta":{"_acf_changed":false},"product_brand":[],"product_cat":[631,595],"product_tag":[2727,2728,2729,2730,2731,2732,2733,2706,2715,2735,2726],"class_list":{"0":"post-13335","1":"product","2":"type-product","3":"status-publish","4":"has-post-thumbnail","6":"product_cat-ruehrorgane","7":"product_cat-ruehrwerkstechnik","8":"product_tag-ruehrwerk-viskose-medien","9":"product_tag-ruehrtechnik-homogenisieren","10":"product_tag-dispergieren-ruehrwerk","11":"product_tag-suspendieren-mischtechnik","12":"product_tag-industrielles-ruehrwerkzeug","13":"product_tag-turbulente-stroemung","14":"product_tag-mischtechnik-industrie","15":"product_tag-ruehrorgan-kaufen","16":"product_tag-ruehrorgan-axial","17":"product_tag-schragblattmischer","18":"product_tag-schraegblattruehrer","19":"product_shipping_class-karton-paketversand","20":"pa_blatt-4-blaettrig-28x2","21":"pa_blattanstellung-1060","22":"pa_gewicht-03kg","23":"pa_material-v4a-edelstahl-1-4571","24":"pa_oberflaeche-glasperlengestrahlt","25":"pa_schiebenabe-20mm","27":"first","28":"instock","29":"taxable","30":"shipping-taxable","31":"purchasable","32":"product-type-variable"},"bundled_by":[],"bundle_stock_status":"instock","bundle_stock_quantity":null,"bundle_virtual":false,"bundle_layout":"","bundle_add_to_cart_form_location":"","bundle_editable_in_cart":false,"bundle_sold_individually_context":"","bundle_item_grouping":"","bundle_min_size":"","bundle_max_size":"","bundle_price":[],"bundled_items":[],"bundle_sell_ids":[],"exclude_global_add_ons":[],"addons":[],"acf":[],"_links":{"self":[{"href":"https:\/\/ptm-mechatronics.com\/cs\/wp-json\/wp\/v2\/product\/13335","targetHints":{"allow":["GET"]}}],"collection":[{"href":"https:\/\/ptm-mechatronics.com\/cs\/wp-json\/wp\/v2\/product"}],"about":[{"href":"https:\/\/ptm-mechatronics.com\/cs\/wp-json\/wp\/v2\/types\/product"}],"replies":[{"embeddable":true,"href":"https:\/\/ptm-mechatronics.com\/cs\/wp-json\/wp\/v2\/comments?post=13335"}],"wp:featuredmedia":[{"embeddable":true,"href":"https:\/\/ptm-mechatronics.com\/cs\/wp-json\/wp\/v2\/media\/15348"}],"wp:attachment":[{"href":"https:\/\/ptm-mechatronics.com\/cs\/wp-json\/wp\/v2\/media?parent=13335"}],"wp:term":[{"taxonomy":"product_brand","embeddable":true,"href":"https:\/\/ptm-mechatronics.com\/cs\/wp-json\/wp\/v2\/product_brand?post=13335"},{"taxonomy":"product_cat","embeddable":true,"href":"https:\/\/ptm-mechatronics.com\/cs\/wp-json\/wp\/v2\/product_cat?post=13335"},{"taxonomy":"product_tag","embeddable":true,"href":"https:\/\/ptm-mechatronics.com\/cs\/wp-json\/wp\/v2\/product_tag?post=13335"}],"curies":[{"name":"wp","href":"https:\/\/api.w.org\/{rel}","templated":true}]}}