{"id":13312,"date":"2025-03-31T10:12:27","date_gmt":"2025-03-31T08:12:27","guid":{"rendered":"https:\/\/ptm-mechatronics.com\/?post_type=product&#038;p=13312"},"modified":"2025-11-07T15:54:32","modified_gmt":"2025-11-07T14:54:32","slug":"scheibenruehrer","status":"publish","type":"product","link":"https:\/\/ptm-mechatronics.com\/cs\/product\/scheibenruehrer\/","title":{"rendered":"Diskov\u00e9 m\u00edchadlo"},"content":{"rendered":"<p class=\"\" data-start=\"123\" data-end=\"202\">Diskov\u00e9 m\u00edchadlo - v\u00fdkonn\u00e9 st\u0159ih\u00e1n\u00ed pro \u00fa\u010dinn\u00e9 zply\u0148ov\u00e1n\u00ed a emulgaci<\/p>\n<p class=\"\" data-start=\"204\" data-end=\"491\">Diskov\u00e9 m\u00edchadlo je v\u00fdkonn\u00e9, radi\u00e1ln\u011b se pohybuj\u00edc\u00ed m\u00edchadlo, kter\u00e9 vytv\u00e1\u0159\u00ed siln\u00e9 smykov\u00e9 s\u00edly, zejm\u00e9na v oblasti p\u0159\u00edm\u00e9ho v\u00fdstupn\u00edho proudu. D\u00edky t\u011bmto vlastnostem je ide\u00e1ln\u00ed pro procesn\u011b orientovan\u00e9 aplikace s vysok\u00fdm p\u0159\u00edkonem energie.<\/p>\n<p class=\"\" data-start=\"493\" data-end=\"805\">V praxi se diskov\u00e9 m\u00edchadlo \u010dasto pou\u017e\u00edv\u00e1 k provzdu\u0161\u0148ov\u00e1n\u00ed kapalin, nap\u0159\u00edklad v chemick\u00e9m pr\u016fmyslu, biotechnologi\u00edch nebo p\u0159i \u010di\u0161t\u011bn\u00ed odpadn\u00edch vod. Vynik\u00e1 tak\u00e9 vysokou \u00fa\u010dinnost\u00ed a rovnom\u011brnou disperz\u00ed p\u0159i emulgaci nem\u00edsiteln\u00fdch f\u00e1z\u00ed.<\/p>\n<p class=\"\" data-start=\"807\" data-end=\"838\">P\u0159ehled v\u00fdhod:<\/p>\n<ul>\n<li data-start=\"841\" data-end=\"874\">Radi\u00e1ln\u00ed dopravn\u00edk se chov\u00e1 jako m\u00edcha\u010dka<\/li>\n<li data-start=\"841\" data-end=\"874\">Siln\u00e9 smykov\u00e9 s\u00edly<\/li>\n<li data-start=\"841\" data-end=\"874\">Ide\u00e1ln\u00ed pro fumigaci<\/li>\n<li data-start=\"841\" data-end=\"874\">\u00da\u010dinn\u00e1 emulgace<\/li>\n<li data-start=\"841\" data-end=\"874\">V\u0161estrann\u00e9 pou\u017eit\u00ed<\/li>\n<li data-start=\"841\" data-end=\"874\">Pr\u016fmyslov\u00e1 kvalita<\/li>\n<\/ul>","protected":false},"excerpt":{"rendered":"<p>Radi\u00e1ln\u00ed dopravn\u00ed m\u00edchadlo se siln\u00fdmi smykov\u00fdmi silami ve v\u00fdstupn\u00ed oblasti, ide\u00e1ln\u00ed pro zply\u0148ovac\u00ed procesy a emulgaci r\u016fzn\u00fdch f\u00e1z\u00ed v pr\u016fmyslov\u00fdch aplikac\u00edch.<\/p>","protected":false},"featured_media":15531,"comment_status":"closed","ping_status":"closed","template":"","meta":{"_acf_changed":false},"product_brand":[],"product_cat":[595,631],"product_tag":[2717,2718,2719,2720,2721,2722,2723,2724,2510],"class_list":{"0":"post-13312","1":"product","2":"type-product","3":"status-publish","4":"has-post-thumbnail","6":"product_cat-ruehrwerkstechnik","7":"product_cat-ruehrorgane","8":"product_tag-ruehrorgan-radial","9":"product_tag-ruehrwerk-begasung","10":"product_tag-emulgieren-ruehrtechnik","11":"product_tag-ruehrorgan-mit-scherkraeften","12":"product_tag-ruehrwerk-emulsion","13":"product_tag-industrie-ruehrtechnik","14":"product_tag-ruehrwerkzeug-kaufen","15":"product_tag-mischtechnik-scherung","16":"product_tag-scheibenruehrer","17":"product_shipping_class-karton-paketversand","18":"pa_material-v4a-edelstahl-1-4404","19":"pa_schiebenabe-20mm","21":"first","22":"instock","23":"taxable","24":"shipping-taxable","25":"purchasable","26":"product-type-variable"},"bundled_by":[],"bundle_stock_status":"instock","bundle_stock_quantity":null,"bundle_virtual":false,"bundle_layout":"","bundle_add_to_cart_form_location":"","bundle_editable_in_cart":false,"bundle_sold_individually_context":"","bundle_item_grouping":"","bundle_min_size":"","bundle_max_size":"","bundle_price":[],"bundled_items":[],"bundle_sell_ids":[],"exclude_global_add_ons":[],"addons":[],"acf":[],"_links":{"self":[{"href":"https:\/\/ptm-mechatronics.com\/cs\/wp-json\/wp\/v2\/product\/13312","targetHints":{"allow":["GET"]}}],"collection":[{"href":"https:\/\/ptm-mechatronics.com\/cs\/wp-json\/wp\/v2\/product"}],"about":[{"href":"https:\/\/ptm-mechatronics.com\/cs\/wp-json\/wp\/v2\/types\/product"}],"replies":[{"embeddable":true,"href":"https:\/\/ptm-mechatronics.com\/cs\/wp-json\/wp\/v2\/comments?post=13312"}],"wp:featuredmedia":[{"embeddable":true,"href":"https:\/\/ptm-mechatronics.com\/cs\/wp-json\/wp\/v2\/media\/15531"}],"wp:attachment":[{"href":"https:\/\/ptm-mechatronics.com\/cs\/wp-json\/wp\/v2\/media?parent=13312"}],"wp:term":[{"taxonomy":"product_brand","embeddable":true,"href":"https:\/\/ptm-mechatronics.com\/cs\/wp-json\/wp\/v2\/product_brand?post=13312"},{"taxonomy":"product_cat","embeddable":true,"href":"https:\/\/ptm-mechatronics.com\/cs\/wp-json\/wp\/v2\/product_cat?post=13312"},{"taxonomy":"product_tag","embeddable":true,"href":"https:\/\/ptm-mechatronics.com\/cs\/wp-json\/wp\/v2\/product_tag?post=13312"}],"curies":[{"name":"wp","href":"https:\/\/api.w.org\/{rel}","templated":true}]}}