{"id":13303,"date":"2025-03-31T09:56:54","date_gmt":"2025-03-31T07:56:54","guid":{"rendered":"https:\/\/ptm-mechatronics.com\/?post_type=product&#038;p=13303"},"modified":"2025-11-07T15:54:31","modified_gmt":"2025-11-07T14:54:31","slug":"becherruehrorgan-eco-disc","status":"publish","type":"product","link":"https:\/\/ptm-mechatronics.com\/cs\/product\/becherruehrorgan-eco-disc\/","title":{"rendered":"M\u00edchadlo na \u0161\u00e1lky eco-Disc"},"content":{"rendered":"<h2 data-start=\"102\" data-end=\"193\"><span style=\"font-size: 75%;\">\u00da\u010dinn\u00e9 m\u00edch\u00e1n\u00ed s minim\u00e1ln\u00edm smykem - kbel\u00edkov\u00e1 m\u00edchadla pro citliv\u00e9 procesy m\u00edch\u00e1n\u00ed<\/span><\/h2>\n<p class=\"\" data-start=\"195\" data-end=\"482\">Na\u0161e vysoce kvalitn\u00ed k\u00e1dinky vyroben\u00e9 z vysoce kvalitn\u00ed nerezov\u00e9 oceli V4A 1.4404 nab\u00edzej\u00ed \u0161etrn\u00e9, ale \u00fa\u010dinn\u00e9 m\u00edch\u00e1n\u00ed - i p\u0159i n\u00edzk\u00fdch ot\u00e1\u010dk\u00e1ch. D\u00edky sv\u00e9 speci\u00e1ln\u00ed konstrukci jsou ide\u00e1ln\u00ed pro citliv\u00e1 m\u00e9dia a jemn\u00e9 sm\u011bsi, kde jsou vy\u017eadov\u00e1ny n\u00edzk\u00e9 smykov\u00e9 s\u00edly.<\/p>\n<p class=\"\" data-start=\"484\" data-end=\"861\">D\u00edky sv\u00e9 funkci n\u00edzkoot\u00e1\u010dkov\u00fdch m\u00edchadel vytv\u00e1\u0159ej\u00ed poh\u00e1rov\u00e1 m\u00edchadla lamin\u00e1rn\u00ed proud\u011bn\u00ed s axi\u00e1ln\u00edm pohybem, co\u017e zaru\u010duje rovnom\u011brn\u00e9 m\u00edch\u00e1n\u00ed, kter\u00e9 je \u0161etrn\u00e9 k produktu. To z nich \u010din\u00ed ide\u00e1ln\u00ed \u0159e\u0161en\u00ed pro aplikace ve farmaceutick\u00e9m, potravin\u00e1\u0159sk\u00e9m a kosmetick\u00e9m pr\u016fmyslu i v dal\u0161\u00edch oblastech, kde je integrita produktu nejvy\u0161\u0161\u00ed prioritou.<\/p>\n<p class=\"\" data-start=\"863\" data-end=\"892\">P\u0159ehled v\u00fdhod:<\/p>\n<ul>\n<li data-start=\"895\" data-end=\"944\">Efektivn\u00ed m\u00edch\u00e1n\u00ed p\u0159i n\u00edzk\u00fdch ot\u00e1\u010dk\u00e1ch<\/li>\n<li data-start=\"895\" data-end=\"944\">Vhodn\u00e9 zejm\u00e9na pro citliv\u00e1 m\u00e9dia<\/li>\n<li data-start=\"895\" data-end=\"944\">Minim\u00e1ln\u00ed st\u0159ih chr\u00e1n\u00ed strukturu v\u00fdrobku<\/li>\n<li data-start=\"895\" data-end=\"944\">Lamin\u00e1rn\u00ed proud\u011bn\u00ed s axi\u00e1ln\u00edm dopravn\u00edm profilem<\/li>\n<li data-start=\"895\" data-end=\"944\">Ide\u00e1ln\u00ed pro n\u00e1ro\u010dn\u00e9 procesy m\u00edch\u00e1n\u00ed v citliv\u00fdch pr\u016fmyslov\u00fdch odv\u011btv\u00edch.<\/li>\n<\/ul>","protected":false},"excerpt":{"rendered":"<p>Efektivn\u00ed a \u0161etrn\u00e9 m\u00edch\u00e1n\u00ed p\u0159i n\u00edzk\u00fdch rychlostech d\u00edky lamin\u00e1rn\u00edmu proud\u011bn\u00ed s axi\u00e1ln\u00ed dopravou - ide\u00e1ln\u00ed pro citliv\u00e9 sm\u011bsi s minim\u00e1ln\u00edm smykov\u00fdm nap\u011bt\u00edm.<\/p>","protected":false},"featured_media":15530,"comment_status":"closed","ping_status":"closed","template":"","meta":{"_acf_changed":false},"product_brand":[],"product_cat":[595,631],"product_tag":[2712,2713,2714,2715,2705,2706,2707,2708,2709,2710,2711],"class_list":{"0":"post-13303","1":"product","2":"type-product","3":"status-publish","4":"has-post-thumbnail","6":"product_cat-ruehrwerkstechnik","7":"product_cat-ruehrorgane","8":"product_tag-ruehrsystem-laminar","9":"product_tag-mischtechnik-geringe-scherung","10":"product_tag-langsamlaeufer-ruehrwerk","11":"product_tag-ruehrorgan-axial","12":"product_tag-becherruehrorgan","13":"product_tag-ruehrorgan-kaufen","14":"product_tag-ruehrtechnik-industrie","15":"product_tag-mischtechnik-schonend","16":"product_tag-ruehrwerkzeug-sensibel","17":"product_tag-ruehrorgan-niedrige-drehzahl","18":"product_tag-ruehrwerk-pharma","19":"product_shipping_class-karton-paketversand","20":"pa_material-v4a-edelstahl-1-4404","22":"first","23":"instock","24":"taxable","25":"shipping-taxable","26":"purchasable","27":"product-type-variable"},"bundled_by":[],"bundle_stock_status":"instock","bundle_stock_quantity":null,"bundle_virtual":false,"bundle_layout":"","bundle_add_to_cart_form_location":"","bundle_editable_in_cart":false,"bundle_sold_individually_context":"","bundle_item_grouping":"","bundle_min_size":"","bundle_max_size":"","bundle_price":[],"bundled_items":[],"bundle_sell_ids":[],"exclude_global_add_ons":[],"addons":[],"acf":[],"_links":{"self":[{"href":"https:\/\/ptm-mechatronics.com\/cs\/wp-json\/wp\/v2\/product\/13303","targetHints":{"allow":["GET"]}}],"collection":[{"href":"https:\/\/ptm-mechatronics.com\/cs\/wp-json\/wp\/v2\/product"}],"about":[{"href":"https:\/\/ptm-mechatronics.com\/cs\/wp-json\/wp\/v2\/types\/product"}],"replies":[{"embeddable":true,"href":"https:\/\/ptm-mechatronics.com\/cs\/wp-json\/wp\/v2\/comments?post=13303"}],"wp:featuredmedia":[{"embeddable":true,"href":"https:\/\/ptm-mechatronics.com\/cs\/wp-json\/wp\/v2\/media\/15530"}],"wp:attachment":[{"href":"https:\/\/ptm-mechatronics.com\/cs\/wp-json\/wp\/v2\/media?parent=13303"}],"wp:term":[{"taxonomy":"product_brand","embeddable":true,"href":"https:\/\/ptm-mechatronics.com\/cs\/wp-json\/wp\/v2\/product_brand?post=13303"},{"taxonomy":"product_cat","embeddable":true,"href":"https:\/\/ptm-mechatronics.com\/cs\/wp-json\/wp\/v2\/product_cat?post=13303"},{"taxonomy":"product_tag","embeddable":true,"href":"https:\/\/ptm-mechatronics.com\/cs\/wp-json\/wp\/v2\/product_tag?post=13303"}],"curies":[{"name":"wp","href":"https:\/\/api.w.org\/{rel}","templated":true}]}}