{"id":13289,"date":"2025-03-28T08:12:18","date_gmt":"2025-03-28T07:12:18","guid":{"rendered":"https:\/\/ptm-mechatronics.com\/?post_type=product&#038;p=13289"},"modified":"2025-11-07T15:54:20","modified_gmt":"2025-11-07T14:54:20","slug":"dissolverscheibe","status":"publish","type":"product","link":"https:\/\/ptm-mechatronics.com\/cs\/product\/dissolverscheibe\/","title":{"rendered":"Rozpou\u0161t\u011bc\u00ed disk"},"content":{"rendered":"<p data-start=\"168\" data-end=\"476\">Rozpou\u0161t\u011bc\u00ed m\u00edchadlo je ide\u00e1ln\u00edm \u0159e\u0161en\u00edm pro n\u00e1ro\u010dn\u00e9 m\u00edchac\u00ed procesy v pr\u016fmyslu. D\u00edky sv\u00e9 speci\u00e1ln\u00ed geometrii a siln\u00fdm smykov\u00fdm sil\u00e1m zaji\u0161\u0165uje homogenn\u00ed m\u00edch\u00e1n\u00ed \u0161irok\u00e9 \u0161k\u00e1ly materi\u00e1l\u016f - od vysoce visk\u00f3zn\u00edch kapalin a\u017e po pastovit\u00e9 l\u00e1tky.<\/p>\n<h3 data-start=\"478\" data-end=\"513\">Vlastnosti a v\u00fdhody:<\/h3>\n<ul data-start=\"514\" data-end=\"1013\">\n<li data-start=\"514\" data-end=\"611\">Vysok\u00fd smykov\u00fd efekt - rychl\u00e1 a rovnom\u011brn\u00e1 disperze pevn\u00fdch l\u00e1tek a kapalin<\/li>\n<li data-start=\"612\" data-end=\"683\">\u00da\u010dinn\u00e9 m\u00edch\u00e1n\u00ed - optim\u00e1ln\u00ed homogenita bez tvorby hrudek<\/li>\n<li data-start=\"684\" data-end=\"779\">Robustn\u00ed konstrukce - vysoce kvalitn\u00ed materi\u00e1ly pro dlouhou \u017eivotnost a vysokou odolnost<\/li>\n<li data-start=\"780\" data-end=\"897\">V\u0161estrann\u00e9 pou\u017eit\u00ed - Vhodn\u00e9 pro barvy, laky, lepidla, kosmetiku, chemik\u00e1lie a mnoho dal\u0161\u00edho.<\/li>\n<li data-start=\"898\" data-end=\"1013\">P\u0159izp\u016fsoben\u00ed - k dispozici v r\u016fzn\u00fdch pr\u016fm\u011brech a proveden\u00edch pro specifick\u00e9 po\u017eadavky<\/li>\n<\/ul>\n<h3 data-start=\"1015\" data-end=\"1040\">Funk\u010dnost:<\/h3>\n<p data-start=\"1041\" data-end=\"1315\">D\u00edky vysok\u00e9 rychlosti a speci\u00e1ln\u011b tvarovan\u00e9mu m\u00edchac\u00edmu n\u00e1stroji vytv\u00e1\u0159\u00ed rozpou\u0161t\u011b\u010d intenzivn\u00ed turbulence, kter\u00e9 umo\u017e\u0148uj\u00ed rychl\u00e9 rozm\u011bln\u011bn\u00ed a distribuci \u010d\u00e1stic. Vznikaj\u00ed tak mimo\u0159\u00e1dn\u011b jemn\u00e9 disperze s optim\u00e1ln\u00edmi zpracovatelsk\u00fdmi vlastnostmi.<\/p>\n<h3 data-start=\"1317\" data-end=\"1346\">Oblasti pou\u017eit\u00ed:<\/h3>\n<ul data-start=\"1347\" data-end=\"1478\">\n<li data-start=\"1347\" data-end=\"1370\">Chemick\u00fd pr\u016fmysl<\/li>\n<li data-start=\"1371\" data-end=\"1401\">V\u00fdroba barev a lak\u016f<\/li>\n<li data-start=\"1402\" data-end=\"1443\">V\u00fdroba potravin a kosmetiky<\/li>\n<li data-start=\"1444\" data-end=\"1478\">Stavebn\u00ed chemie a technologie lepen\u00ed<\/li>\n<\/ul>\n<p data-start=\"1480\" data-end=\"1623\">S rozpou\u0161t\u011bc\u00edm m\u00edchadlem z\u00edsk\u00e1te spolehliv\u00e9, v\u00fdkonn\u00e9 a \u00fasporn\u00e9 \u0159e\u0161en\u00ed pro va\u0161e m\u00edchac\u00ed procesy.<\/p>","protected":false},"excerpt":{"rendered":"<p>Rozpou\u0161t\u011bc\u00ed m\u00edchadlo s vysok\u00fdmi smykov\u00fdmi silami pro \u00fa\u010dinn\u00e9 m\u00edch\u00e1n\u00ed a homogenn\u00ed disperzi.<\/p>","protected":false},"featured_media":15529,"comment_status":"open","ping_status":"closed","template":"","meta":{"_acf_changed":false},"product_brand":[],"product_cat":[595,631,1421],"product_tag":[2506,2496,2507,2497,2508,2498,2509,2499,2500,2501,2502,2503,2504,2505,2495],"class_list":{"0":"post-13289","1":"product","2":"type-product","3":"status-publish","4":"has-post-thumbnail","6":"product_cat-ruehrwerkstechnik","7":"product_cat-ruehrorgane","8":"product_cat-zubehoer-ruehrwerkstechnik","9":"product_tag-kosmetikproduktion","10":"product_tag-ruehrorgan","11":"product_tag-bauchemie","12":"product_tag-industriemischer","13":"product_tag-hochviskose-fluessigkeiten","14":"product_tag-hochleistungsmischer","15":"product_tag-effiziente-mischprozesse","16":"product_tag-scherkraefte","17":"product_tag-dispergieren","18":"product_tag-homogene-durchmischung","19":"product_tag-mischtechnik","20":"product_tag-ruehrwerkzeug","21":"product_tag-lack-und-farbherstellung","22":"product_tag-chemische-industrie","23":"product_tag-dissolver","24":"product_shipping_class-karton-paketversand","25":"pa_material-v4a-edelstahl-1-4571","26":"pa_montage-schiebenabe","28":"first","29":"outofstock","30":"taxable","31":"shipping-taxable","32":"product-type-simple"},"bundled_by":[],"bundle_stock_status":"outofstock","bundle_stock_quantity":null,"bundle_virtual":false,"bundle_layout":"","bundle_add_to_cart_form_location":"","bundle_editable_in_cart":false,"bundle_sold_individually_context":"","bundle_item_grouping":"","bundle_min_size":"","bundle_max_size":"","bundle_price":[],"bundled_items":[],"bundle_sell_ids":[],"exclude_global_add_ons":[],"addons":[],"acf":[],"_links":{"self":[{"href":"https:\/\/ptm-mechatronics.com\/cs\/wp-json\/wp\/v2\/product\/13289","targetHints":{"allow":["GET"]}}],"collection":[{"href":"https:\/\/ptm-mechatronics.com\/cs\/wp-json\/wp\/v2\/product"}],"about":[{"href":"https:\/\/ptm-mechatronics.com\/cs\/wp-json\/wp\/v2\/types\/product"}],"replies":[{"embeddable":true,"href":"https:\/\/ptm-mechatronics.com\/cs\/wp-json\/wp\/v2\/comments?post=13289"}],"wp:featuredmedia":[{"embeddable":true,"href":"https:\/\/ptm-mechatronics.com\/cs\/wp-json\/wp\/v2\/media\/15529"}],"wp:attachment":[{"href":"https:\/\/ptm-mechatronics.com\/cs\/wp-json\/wp\/v2\/media?parent=13289"}],"wp:term":[{"taxonomy":"product_brand","embeddable":true,"href":"https:\/\/ptm-mechatronics.com\/cs\/wp-json\/wp\/v2\/product_brand?post=13289"},{"taxonomy":"product_cat","embeddable":true,"href":"https:\/\/ptm-mechatronics.com\/cs\/wp-json\/wp\/v2\/product_cat?post=13289"},{"taxonomy":"product_tag","embeddable":true,"href":"https:\/\/ptm-mechatronics.com\/cs\/wp-json\/wp\/v2\/product_tag?post=13289"}],"curies":[{"name":"wp","href":"https:\/\/api.w.org\/{rel}","templated":true}]}}