{"id":13183,"date":"2025-03-25T10:36:17","date_gmt":"2025-03-25T09:36:17","guid":{"rendered":"https:\/\/ptm-mechatronics.com\/?post_type=product&#038;p=13183"},"modified":"2025-11-07T15:54:22","modified_gmt":"2025-11-07T14:54:22","slug":"ruehrwerksantrieb-eco-seal-g1-inox-mit-platzsparender-befestigung-und-gewindenabe","status":"publish","type":"product","link":"https:\/\/ptm-mechatronics.com\/cs\/product\/ruehrwerksantrieb-eco-seal-g1-inox-mit-platzsparender-befestigung-und-gewindenabe\/","title":{"rendered":"Pohon m\u00edchadla eco-Seal G1\u2033 INOX s prostorov\u011b \u00faspornou mont\u00e1\u017e\u00ed a z\u00e1vitov\u00fdm n\u00e1bojem"},"content":{"rendered":"<h2><span style=\"font-size: 75%;\">Pohon m\u00edchadla ATEX pro mal\u00e9 z\u00e1sobn\u00edky a tlakov\u00e9 n\u00e1dr\u017ee - Kompaktn\u00ed, v\u00fdkonn\u00fd a nev\u00fdbu\u0161n\u00fd<\/span><\/h2>\n<p class=\"\" data-start=\"160\" data-end=\"631\">Energeticky \u00fa\u010dinn\u00fd pohon m\u00edchadla s certifikac\u00ed ATEX z vysoce kvalitn\u00ed nerezov\u00e9 oceli V4A 1.4404 byl speci\u00e1ln\u011b vyvinut pro pou\u017eit\u00ed v mal\u00fdch z\u00e1sobn\u00edc\u00edch a tlakov\u00fdch n\u00e1dr\u017e\u00edch a nab\u00edz\u00ed spolehliv\u00e9 \u0159e\u0161en\u00ed pro hygienick\u00e9, v\u00fdbu\u0161n\u00e9 a prostorov\u011b kritick\u00e9 aplikace. D\u00edky inovativn\u00ed p\u0159\u00edrub\u011b pro odd\u011blen\u00ed z\u00f3n je mo\u017en\u00fd provoz v z\u00f3n\u00e1ch ATEX 0\/1 - ide\u00e1ln\u00ed pro aplikace v chemick\u00e9m, potravin\u00e1\u0159sk\u00e9m nebo farmaceutick\u00e9m pr\u016fmyslu, kde je vy\u017eadov\u00e1na maxim\u00e1ln\u00ed bezpe\u010dnost a hygiena.<\/p>\n<h3 class=\"\" data-start=\"633\" data-end=\"712\"><span style=\"font-size: 75%;\">\u00daspora m\u00edsta a v\u00fdkon - speci\u00e1ln\u011b navr\u017eeno pro mal\u00e9 kontejnery<\/span><\/h3>\n<p class=\"\" data-start=\"713\" data-end=\"987\">D\u00edky p\u0159ipojovac\u00edmu pr\u016fm\u011bru 35 a\u017e 50 mm pohon dokonale zapad\u00e1 do standardn\u00edho otvoru tlakov\u00fdch n\u00e1dr\u017e\u00ed. Dod\u00e1van\u00e1 pojistn\u00e1 matice z nerezov\u00e9 oceli umo\u017e\u0148uje jednoduchou a bezpe\u010dnou instalaci zespodu, a to i ve st\u00edsn\u011bn\u00fdch prostor\u00e1ch.<\/p>\n<p class=\"\" data-start=\"989\" data-end=\"1217\">Navzdory kompaktn\u00ed konstrukci pohon p\u0159esv\u011bd\u010d\u00ed vysok\u00fdm to\u010div\u00fdm momentem a zajist\u00ed homogenn\u00ed v\u00fdsledek m\u00edch\u00e1n\u00ed i u vysoce visk\u00f3zn\u00edch m\u00e9di\u00ed. Bez probl\u00e9m\u016f lze realizovat i p\u0159etlakov\u00e9 a vakuov\u00e9 aplikace.<\/p>\n<p class=\"\" data-start=\"1219\" data-end=\"1510\">Jeho \u010dist\u011b mechanick\u00e1 konstrukce zaji\u0161\u0165uje mimo\u0159\u00e1dnou robustnost, je nen\u00e1ro\u010dn\u00e1 na \u00fadr\u017ebu a zaru\u010duje dlouhou \u017eivotnost. D\u00edky n\u00edzk\u00e9 hlu\u010dnosti a prostorov\u011b \u00fasporn\u00e9 konstrukci je ide\u00e1ln\u00edm \u0159e\u0161en\u00edm pro kompaktn\u00ed, hygienick\u00e9 m\u00edchac\u00ed procesy v n\u00e1ro\u010dn\u00fdch podm\u00ednk\u00e1ch.<\/p>\n<h3 class=\"\" data-start=\"1517\" data-end=\"1551\">P\u0159ehled v\u00fdhod<\/h3>\n<ul>\n<li data-start=\"1554\" data-end=\"1585\">Vhodn\u00e9 pro z\u00f3ny ATEX 0\/1<\/li>\n<li data-start=\"1554\" data-end=\"1585\">Kompatibiln\u00ed s mal\u00fdmi n\u00e1dobami (p\u0159ipojen\u00ed 35-50 mm)<\/li>\n<li data-start=\"1554\" data-end=\"1585\">Vyrobeno z vysoce kvalitn\u00ed nerezov\u00e9 oceli V4A 1.4404<\/li>\n<li data-start=\"1554\" data-end=\"1585\">Pro nejvy\u0161\u0161\u00ed hygienick\u00e9 po\u017eadavky<\/li>\n<li data-start=\"1554\" data-end=\"1585\">Vysok\u00fd to\u010div\u00fd moment pro vysoce visk\u00f3zn\u00ed m\u00e9dia<\/li>\n<li data-start=\"1554\" data-end=\"1585\">Pro p\u0159etlak a podtlak<\/li>\n<li data-start=\"1554\" data-end=\"1585\">N\u00edzk\u00e1 hlu\u010dnost, \u00faspora m\u00edsta, robustnost<\/li>\n<\/ul>","protected":false},"excerpt":{"rendered":"<p>Energeticky \u00fa\u010dinn\u00fd pohon m\u00edchadla s certifikac\u00ed ATEX z vysoce kvalitn\u00ed nerezov\u00e9 oceli V4A 1.4404 pro mal\u00e9 z\u00e1sobn\u00edky a tlakov\u00e9 n\u00e1dr\u017ee - kompaktn\u00ed konstrukce, vysok\u00fd kroutic\u00ed moment, vhodn\u00fd pro z\u00f3ny ATEX 0\/1, v\u010detn\u011b pojistn\u00e9 matice pro snadnou instalaci.<\/p>","protected":false},"featured_media":15525,"comment_status":"open","ping_status":"closed","template":"","meta":{"_acf_changed":false},"product_brand":[],"product_cat":[595,632],"product_tag":[2679,2669,2680,2670,2682,2671,2683,2672,2684,2673,2685,2674,2686,2675,2687,2665,2676,2688,2666,2677,2667,2678,2668],"class_list":{"0":"post-13183","1":"product","2":"type-product","3":"status-publish","4":"has-post-thumbnail","6":"product_cat-ruehrwerkstechnik","7":"product_cat-ruehrwerksantriebe","8":"product_tag-hygienischer-ruehrwerksantrieb-edelstahl","9":"product_tag-kompakter-ruehrwerksmotor-edelstahl","10":"product_tag-ruehrwerksantrieb-mit-kontermutter-v4a","11":"product_tag-explosionsgeschuetzter-ruehrwerksantrieb-1-4404","12":"product_tag-ruehrmotor-druckbehaelter-hygienisch","13":"product_tag-ruehrwerk-zone-0-edelstahl","14":"product_tag-kleiner-atex-ruehrantrieb-v4a","15":"product_tag-zonentrennflansch-ruehrantrieb-hygienisch","16":"product_tag-langlebiger-edelstahl-ruehrwerksmotor","17":"product_tag-v4a-edelstahl-ruehrwerksantrieb","18":"product_tag-ruehrwerksmotor-pharmaindustrie-edelstahl","19":"product_tag-ruehrwerk-fuer-hochviskose-medien-v4a","20":"product_tag-lebensmittelkonformer-ruehrwerksantrieb-v4a","21":"product_tag-platzsparender-edelstahl-ruehrwerksmotor","22":"product_tag-sterilisierbarer-ruehrantrieb-1-4404","23":"product_tag-atex-ruehrwerksantrieb-v4a","24":"product_tag-geraeuscharmer-ruehrantrieb-v4a","25":"product_tag-reinraum-ruehrwerksmotor-din-14644","26":"product_tag-hygienischer-ruehrwerksmotor-edelstahl-1-4404","27":"product_tag-unterdruck-ruehrwerksmotor-edelstahl","28":"product_tag-ruehrwerksmotor-kleinbehaelter-edelstahl","29":"product_tag-ueberdruck-ruehrwerk-1-4404","30":"product_tag-ruehrwerksantrieb-drucktank-v4a","31":"product_shipping_class-karton-paketversand","32":"pa_antriebsart-pneumatisch","33":"pa_antriebswelle-ptm-gewindenabe-m12","34":"pa_atex-zone-0-1","35":"pa_dichtung-ptfe","36":"pa_drehzahl-0-300-1-min","37":"pa_ex-gas-ex-ii-1-2-g-ex-h-iic-t5-ga-gb","38":"pa_ex-staub-ex-ii-1-2-d-ex-h-iiic-t100c-da-db","39":"pa_geraeuschpegel-75db","40":"pa_labs-oel-und-silikonfrei","41":"pa_material-gehaeuse-v4a-edelstahl-1-4404-elektropoliert","42":"pa_model-eco-seal-atex-zone-0-1-edelstahl","43":"pa_schutzart-ip67","44":"pa_steckverschraubung-abluft-schlauch-o10mm","45":"pa_steckverschraubung-zuluft-schlauch-o6mm","46":"pa_versorgung-5-6bar","48":"first","49":"instock","50":"taxable","51":"shipping-taxable","52":"purchasable","53":"product-type-variable"},"bundled_by":[],"bundle_stock_status":"instock","bundle_stock_quantity":null,"bundle_virtual":false,"bundle_layout":"","bundle_add_to_cart_form_location":"","bundle_editable_in_cart":false,"bundle_sold_individually_context":"","bundle_item_grouping":"","bundle_min_size":"","bundle_max_size":"","bundle_price":[],"bundled_items":[],"bundle_sell_ids":[],"exclude_global_add_ons":[],"addons":[],"acf":[],"_links":{"self":[{"href":"https:\/\/ptm-mechatronics.com\/cs\/wp-json\/wp\/v2\/product\/13183","targetHints":{"allow":["GET"]}}],"collection":[{"href":"https:\/\/ptm-mechatronics.com\/cs\/wp-json\/wp\/v2\/product"}],"about":[{"href":"https:\/\/ptm-mechatronics.com\/cs\/wp-json\/wp\/v2\/types\/product"}],"replies":[{"embeddable":true,"href":"https:\/\/ptm-mechatronics.com\/cs\/wp-json\/wp\/v2\/comments?post=13183"}],"wp:featuredmedia":[{"embeddable":true,"href":"https:\/\/ptm-mechatronics.com\/cs\/wp-json\/wp\/v2\/media\/15525"}],"wp:attachment":[{"href":"https:\/\/ptm-mechatronics.com\/cs\/wp-json\/wp\/v2\/media?parent=13183"}],"wp:term":[{"taxonomy":"product_brand","embeddable":true,"href":"https:\/\/ptm-mechatronics.com\/cs\/wp-json\/wp\/v2\/product_brand?post=13183"},{"taxonomy":"product_cat","embeddable":true,"href":"https:\/\/ptm-mechatronics.com\/cs\/wp-json\/wp\/v2\/product_cat?post=13183"},{"taxonomy":"product_tag","embeddable":true,"href":"https:\/\/ptm-mechatronics.com\/cs\/wp-json\/wp\/v2\/product_tag?post=13183"}],"curies":[{"name":"wp","href":"https:\/\/api.w.org\/{rel}","templated":true}]}}