{"id":13148,"date":"2025-03-24T11:43:05","date_gmt":"2025-03-24T10:43:05","guid":{"rendered":"https:\/\/ptm-mechatronics.com\/?post_type=product&#038;p=13148"},"modified":"2025-11-07T15:54:08","modified_gmt":"2025-11-07T14:54:08","slug":"ruehrwerksantrieb-eco-seal-inox-atex-zone-0-1-mit-gewindenabe","status":"publish","type":"product","link":"https:\/\/ptm-mechatronics.com\/cs\/product\/ruehrwerksantrieb-eco-seal-inox-atex-zone-0-1-mit-gewindenabe\/","title":{"rendered":"Pohon m\u00edchadla eco-Seal INOX, ATEX z\u00f3na 0\/1, se z\u00e1vitov\u00fdm n\u00e1bojem"},"content":{"rendered":"<p><span style=\"font-size: 105%;\">Pohon m\u00edchadla ATEX z nerezov\u00e9 oceli V4A - vhodn\u00fd pro \u010dist\u00e9 prostory, potraviny a l\u00e9\u010diva, z\u00f3na 0\/1<\/span><\/p>\n<p class=\"\" data-start=\"194\" data-end=\"618\">Energeticky \u00fa\u010dinn\u00fd pohon m\u00edchadla s certifikac\u00ed ATEX byl speci\u00e1ln\u011b vyvinut pro n\u00e1ro\u010dn\u00e9 pr\u016fmyslov\u00e9 procesy m\u00edch\u00e1n\u00ed v hygienicky citliv\u00fdch a v\u00fdbu\u0161n\u00fdch oblastech. D\u00edky vrtac\u00edmu vzoru PTM lze pohon rychle a snadno integrovat do st\u00e1vaj\u00edc\u00edch syst\u00e9m\u016f. D\u00edky integrovan\u00e9 p\u0159\u00edrub\u011b pro odd\u011blen\u00ed z\u00f3n je provoz v z\u00f3n\u00e1ch ATEX 0\/1 spolehliv\u00fd a bezpe\u010dn\u00fd.<\/p>\n<p class=\"\" data-start=\"620\" data-end=\"1032\">D\u00edky vysok\u00e9mu to\u010div\u00e9mu momentu zaji\u0161\u0165uje pohon rovnom\u011brn\u00e9 a homogenn\u00ed m\u00edch\u00e1n\u00ed i u vysoce visk\u00f3zn\u00edch m\u00e9di\u00ed. Syst\u00e9m tak\u00e9 snadno zvl\u00e1d\u00e1 aplikace v podm\u00ednk\u00e1ch pozitivn\u00edho nebo negativn\u00edho tlaku. Kompaktn\u00ed, tich\u00fd design \u0161et\u0159\u00ed m\u00edsto a zlep\u0161uje pracovn\u00ed prost\u0159ed\u00ed, zat\u00edmco \u010dist\u011b mechanick\u00e1 konstrukce znamen\u00e1 maxim\u00e1ln\u00ed robustnost a bez\u00fadr\u017ebovost.<\/p>\n<p class=\"\" data-start=\"1034\" data-end=\"1090\">Pohon je vyroben z nerezov\u00e9 oceli V4A 1.4404:<\/p>\n<ul>\n<li data-start=\"1093\" data-end=\"1131\">farmaceutick\u00fd a potravin\u00e1\u0159sk\u00fd pr\u016fmysl,<\/li>\n<li data-start=\"1093\" data-end=\"1131\">odoln\u00e9 v\u016f\u010di kyselin\u00e1m a chemik\u00e1li\u00edm,<\/li>\n<li data-start=\"1093\" data-end=\"1131\">sterilizovateln\u00e9 a<\/li>\n<li data-start=\"1093\" data-end=\"1131\">Vodot\u011bsnost IP67.<\/li>\n<\/ul>\n<p class=\"\" data-start=\"1225\" data-end=\"1652\">Povrch je elektrolyticky le\u0161t\u011bn\u00fd, aby se minimalizovalo ulp\u00edv\u00e1n\u00ed z\u00e1rodk\u016f a umo\u017enilo se snadn\u00e9 \u010di\u0161t\u011bn\u00ed. Inovativn\u00ed konstrukce s m\u011bkk\u00fdmi okraji zabra\u0148uje zne\u010di\u0161t\u011bn\u00ed roh\u016f a pod\u0159ez\u00e1n\u00ed, a spl\u0148uje tak nejvy\u0161\u0161\u00ed po\u017eadavky na technologie \u010dist\u00fdch prostor (klasifikov\u00e1no podle DIN 14644). Pro trvale hygienick\u00e9 ozna\u010dov\u00e1n\u00ed jsou etikety m\u00edsto b\u011b\u017en\u00fdch samolepek grav\u00edrov\u00e1ny laserem.<\/p>\n<p class=\"\" data-start=\"1654\" data-end=\"1899\">Tento pohon m\u00edchadel je ide\u00e1ln\u00edm \u0159e\u0161en\u00edm pro pr\u016fmyslov\u00e1 odv\u011btv\u00ed s nejvy\u0161\u0161\u00edmi n\u00e1roky na bezpe\u010dnost, hygienu a \u00fa\u010dinnost - nap\u0159. ve farmaceutick\u00e9m pr\u016fmyslu, potravin\u00e1\u0159stv\u00ed, v\u00fdrob\u011b kosmetiky nebo chemick\u00e9m pr\u016fmyslu.<\/p>","protected":false},"excerpt":{"rendered":"<p>Energeticky \u00fa\u010dinn\u00fd pohon m\u00edchadla s certifikac\u00ed ATEX z elektrolyticky le\u0161t\u011bn\u00e9 nerezov\u00e9 oceli V4A - hygienick\u00fd, robustn\u00ed, tich\u00fd a ide\u00e1ln\u00ed pro vysoce visk\u00f3zn\u00ed m\u00e9dia a aplikace v \u010dist\u00fdch prostor\u00e1ch a z\u00f3n\u00e1ch s nebezpe\u010d\u00edm v\u00fdbuchu.<\/p>","protected":false},"featured_media":15518,"comment_status":"open","ping_status":"closed","template":"","meta":{"_acf_changed":false},"product_brand":[],"product_cat":[595,632],"product_tag":[2637,2648,2638,2649,2576,2639,2609,2640,2641,2642,2626,2643,2633,2644,2634,2645,2635,2646,2636,2647],"class_list":{"0":"post-13148","1":"product","2":"type-product","3":"status-publish","4":"has-post-thumbnail","6":"product_cat-ruehrwerkstechnik","7":"product_cat-ruehrwerksantriebe","8":"product_tag-ruehrwerk-fuer-hochviskose-medien","9":"product_tag-wartungsarmer-antrieb","10":"product_tag-v4a-edelstahl-ruehrwerksmotor","11":"product_tag-geraeuscharmer-ruehrantrieb","12":"product_tag-energieeffizienter-ruehrwerksmotor","13":"product_tag-lebensmittelkonformer-ruehrwerksantrieb","14":"product_tag-ruehrwerksmotor-fuer-reinraeume","15":"product_tag-pharma-ruehrwerk","16":"product_tag-ip68-ruehrwerksmotor","17":"product_tag-sterilisierbarer-ruehrantrieb","18":"product_tag-platzsparender-ruehrwerksmotor","19":"product_tag-chemikalienbestaendiger-antrieb","20":"product_tag-atex-ruehrwerksantrieb","21":"product_tag-elektropolierter-edelstahlmotor","22":"product_tag-explosionsgeschuetzter-antrieb","23":"product_tag-hygienischer-ruehrwerksantrieb","24":"product_tag-ruehrwerksmotor-zone-0","25":"product_tag-soft-edge-design-antrieb","26":"product_tag-zonentrennflansch-ruehrwerk","27":"product_tag-din-14644-ruehrwerk","28":"product_shipping_class-karton-paketversand","29":"pa_antriebsart-pneumatisch","30":"pa_antriebswelle-eco-seal-450-900-m12","31":"pa_antriebswelle-eco-seal-1800-3600-m16","32":"pa_atex-zone-0-1","33":"pa_dichtung-ptfe-fda-konform","34":"pa_durchmesser-108mm","35":"pa_ex-gas-ex-ii-1-2-g-ex-h-iic-t5-ga-gb","36":"pa_ex-staub-ex-ii-1-2-d-ex-h-iiic-t100c-da-db","37":"pa_geraeuschpegel-75db","38":"pa_labs-oel-und-silikonfrei","39":"pa_material-gehaeuse-v4a-edelstahl-1-4404-elektropoliert","40":"pa_model-eco-seal-atex-zone-0-1-edelstahl","41":"pa_reinraumklassifizierung-iso1-nach-din14644","42":"pa_schutzart-ip67","43":"pa_steckverschraubung-abluft-schlauch-o10mm","44":"pa_steckverschraubung-zuluft-schlauch-o6mm","45":"pa_versorgung-5-6bar","47":"first","48":"instock","49":"taxable","50":"shipping-taxable","51":"purchasable","52":"product-type-variable"},"bundled_by":[],"bundle_stock_status":"instock","bundle_stock_quantity":null,"bundle_virtual":false,"bundle_layout":"","bundle_add_to_cart_form_location":"","bundle_editable_in_cart":false,"bundle_sold_individually_context":"","bundle_item_grouping":"","bundle_min_size":"","bundle_max_size":"","bundle_price":[],"bundled_items":[],"bundle_sell_ids":[],"exclude_global_add_ons":[],"addons":[],"acf":[],"_links":{"self":[{"href":"https:\/\/ptm-mechatronics.com\/cs\/wp-json\/wp\/v2\/product\/13148","targetHints":{"allow":["GET"]}}],"collection":[{"href":"https:\/\/ptm-mechatronics.com\/cs\/wp-json\/wp\/v2\/product"}],"about":[{"href":"https:\/\/ptm-mechatronics.com\/cs\/wp-json\/wp\/v2\/types\/product"}],"replies":[{"embeddable":true,"href":"https:\/\/ptm-mechatronics.com\/cs\/wp-json\/wp\/v2\/comments?post=13148"}],"wp:featuredmedia":[{"embeddable":true,"href":"https:\/\/ptm-mechatronics.com\/cs\/wp-json\/wp\/v2\/media\/15518"}],"wp:attachment":[{"href":"https:\/\/ptm-mechatronics.com\/cs\/wp-json\/wp\/v2\/media?parent=13148"}],"wp:term":[{"taxonomy":"product_brand","embeddable":true,"href":"https:\/\/ptm-mechatronics.com\/cs\/wp-json\/wp\/v2\/product_brand?post=13148"},{"taxonomy":"product_cat","embeddable":true,"href":"https:\/\/ptm-mechatronics.com\/cs\/wp-json\/wp\/v2\/product_cat?post=13148"},{"taxonomy":"product_tag","embeddable":true,"href":"https:\/\/ptm-mechatronics.com\/cs\/wp-json\/wp\/v2\/product_tag?post=13148"}],"curies":[{"name":"wp","href":"https:\/\/api.w.org\/{rel}","templated":true}]}}