{"id":13123,"date":"2025-03-20T10:04:30","date_gmt":"2025-03-20T09:04:30","guid":{"rendered":"https:\/\/ptm-mechatronics.com\/?post_type=product&#038;p=13123"},"modified":"2025-11-07T15:54:08","modified_gmt":"2025-11-07T14:54:08","slug":"ruehrwerksantrieb-eco-seal-atex-zone-0-1-mit-gewindenabe","status":"publish","type":"product","link":"https:\/\/ptm-mechatronics.com\/cs\/product\/ruehrwerksantrieb-eco-seal-atex-zone-0-1-mit-gewindenabe\/","title":{"rendered":"Pohon m\u00edchadla eco-Seal, ATEX z\u00f3na 0\/1, se z\u00e1vitov\u00fdm n\u00e1bojem"},"content":{"rendered":"<h3 data-start=\"0\" data-end=\"106\">Energeticky \u00fa\u010dinn\u00fd pohon m\u00edchadla s certifikac\u00ed ATEX - v\u00fdkonn\u00fd, bezpe\u010dn\u00fd a udr\u017eiteln\u00fd<\/h3>\n<p data-start=\"108\" data-end=\"475\">Energeticky \u00fa\u010dinn\u00fd pohon m\u00edchadla s certifikac\u00ed ATEX byl speci\u00e1ln\u011b vyvinut pro pou\u017eit\u00ed v prost\u0159ed\u00ed s nebezpe\u010d\u00edm v\u00fdbuchu a d\u00edky vrtac\u00edmu vzoru PTM jej lze snadno a p\u0159\u00edmo instalovat. D\u00edky integrovan\u00e9 p\u0159\u00edrub\u011b pro odd\u011blen\u00ed z\u00f3n je navr\u017een pro bezpe\u010dn\u00fd provoz v z\u00f3n\u00e1ch ATEX 0\/1 a spl\u0148uje nejvy\u0161\u0161\u00ed bezpe\u010dnostn\u00ed standardy.<\/p>\n<p data-start=\"477\" data-end=\"953\">D\u00edky vysok\u00e9mu to\u010div\u00e9mu momentu zaji\u0161\u0165uje pohon homogenn\u00ed v\u00fdsledek m\u00edch\u00e1n\u00ed i u vysoce visk\u00f3zn\u00edch m\u00e9di\u00ed. Lze jej pou\u017e\u00edt i v aplikac\u00edch s pozitivn\u00edm a negativn\u00edm tlakem, co\u017e jej \u010din\u00ed obzvl\u00e1\u0161t\u011b univerz\u00e1ln\u00edm. Jeho tich\u00fd a prostorov\u011b \u00fasporn\u00fd design zaji\u0161\u0165uje optim\u00e1ln\u00ed integraci do st\u00e1vaj\u00edc\u00edch syst\u00e9m\u016f, zat\u00edmco \u010dist\u011b mechanick\u00e1 konstrukce znamen\u00e1 v\u00fdjime\u010dnou robustnost, odolnost a nen\u00e1ro\u010dnou \u00fadr\u017ebu.<\/p>\n<p data-start=\"955\" data-end=\"1102\">Jeho vysok\u00e1 energetick\u00e1 \u00fa\u010dinnost sni\u017euje spot\u0159ebu energie, optimalizuje provoz a p\u0159isp\u00edv\u00e1 k udr\u017eitelnosti v\u00fdrobn\u00edch proces\u016f.<\/p>\n<h3 data-start=\"1104\" data-end=\"1139\">Vlastnosti a v\u00fdhody:<\/h3>\n<ul>\n<li data-start=\"1140\" data-end=\"1713\">Certifikace ATEX pro z\u00f3ny 0\/1 - maxim\u00e1ln\u00ed bezpe\u010dnost v prost\u0159ed\u00ed s nebezpe\u010d\u00edm v\u00fdbuchu<\/li>\n<li data-start=\"1140\" data-end=\"1713\">Energeticky \u00fasporn\u00e9 a v\u00fdkonn\u00e9 - Vysok\u00e1 \u00fa\u010dinnost pro optimalizaci proces\u016f a sn\u00ed\u017een\u00ed spot\u0159eby energie<\/li>\n<li data-start=\"1140\" data-end=\"1713\">Vysok\u00fd kroutic\u00ed moment - perfektn\u00ed v\u00fdsledky i u vysoce visk\u00f3zn\u00edch m\u00e9di\u00ed<\/li>\n<li data-start=\"1140\" data-end=\"1713\">Aplikace s pozitivn\u00edm a negativn\u00edm tlakem - V\u0161estrann\u00e9 pou\u017eit\u00ed pro r\u016fzn\u00e9 procesn\u00ed po\u017eadavky<\/li>\n<li data-start=\"1140\" data-end=\"1713\">\u00daspora m\u00edsta a n\u00edzk\u00e1 hlu\u010dnost - Kompaktn\u00ed design pro snadnou integraci<\/li>\n<li data-start=\"1140\" data-end=\"1713\">Extr\u00e9mn\u011b robustn\u00ed a nen\u00e1ro\u010dn\u00e1 \u00fadr\u017eba - \u010dist\u011b mechanick\u00e1 konstrukce pro maxim\u00e1ln\u00ed spolehlivost<\/li>\n<\/ul>\n<p data-start=\"1715\" data-end=\"1892\">Tento vysoce kvalitn\u00ed, energeticky \u00fa\u010dinn\u00fd pohon m\u00edchadel ATEX je ide\u00e1ln\u00edm \u0159e\u0161en\u00edm pro pr\u016fmyslov\u00e9 aplikace, kter\u00e9 vy\u017eaduj\u00ed \u00fa\u010dinnost, bezpe\u010dnost a udr\u017eitelnost.<\/p>","protected":false},"excerpt":{"rendered":"<p>V\u00fdkonn\u00fd a \u00fa\u010dinn\u00fd pohon m\u00edchadla s p\u0159\u00edrubou pro odd\u011blen\u00ed z\u00f3n ATEX 0\/1 pro snadnou instalaci na st\u00e1vaj\u00edc\u00ed syst\u00e9my.<\/p>","protected":false},"featured_media":15514,"comment_status":"open","ping_status":"closed","template":"","meta":{"_acf_changed":false},"product_brand":[],"product_cat":[595,632],"product_tag":[2625,2626,2627,2575,2628,2576,2629,2581,2630,2585,2620,2631,2588,2621,2632,2599,2622,2600,2623,2624],"class_list":{"0":"post-13123","1":"product","2":"type-product","3":"status-publish","4":"has-post-thumbnail","6":"product_cat-ruehrwerkstechnik","7":"product_cat-ruehrwerksantriebe","8":"product_tag-robuster-ruehrwerksmotor","9":"product_tag-platzsparender-ruehrwerksmotor","10":"product_tag-ruehrwerksmotor-fuer-explosionsgefaehrdete-bereiche","11":"product_tag-atex-zertifizierter-ruehrwerksantrieb","12":"product_tag-ptm-bohrbild-ruehrwerksantrieb","13":"product_tag-energieeffizienter-ruehrwerksmotor","14":"product_tag-ruehrwerksmotor-fuer-ueber-und-unterdruckanwendungen","15":"product_tag-geraeuscharmer-ruehrwerksantrieb","16":"product_tag-wartungsarmer-ruehrwerksmotor","17":"product_tag-langlebiger-ruehrwerksmotor","18":"product_tag-ruehrwerksantrieb-fuer-zone-0-1","19":"product_tag-zuverlaessiger-ruehrwerksmotor-fuer-industrieanwendungen","20":"product_tag-leistungsstarker-ruehrwerksantrieb","21":"product_tag-atex-ruehrwerksmotor-mit-zonentrennflansch","22":"product_tag-nachhaltiger-antrieb-fuer-ruehrwerke","23":"product_tag-explosionsgeschuetzter-ruehrwerksmotor","24":"product_tag-nachhaltiger-ruehrwerksmotor","25":"product_tag-ruehrwerksmotor-fuer-hochviskose-medien","26":"product_tag-ruehrwerksmotor-mit-optimiertem-energieverbrauch","27":"product_tag-industrieller-ruehrwerksantrieb","28":"product_shipping_class-karton-paketversand","29":"pa_antriebsart-pneumatisch","30":"pa_antriebswelle-eco-seal-450-900-m12","31":"pa_antriebswelle-eco-seal-1800-3600-m16","32":"pa_atex-zone-0-1","33":"pa_dichtung-ptfe","34":"pa_durchmesser-108mm","35":"pa_ex-gas-ex-ii-1-2-g-ex-h-iic-t5-ga-gb","36":"pa_ex-staub-ex-ii-1-2-d-ex-h-iiic-t100c-da-db","37":"pa_geraeuschpegel-75db","38":"pa_labs-oel-und-silikonfrei","39":"pa_material-gehaeuse-aluminium-eloxiert","40":"pa_model-eco-seal-atex-zone-0-1","41":"pa_schutzart-ip67","42":"pa_steckverschraubung-abluft-eco-seal-1800-3600-schlauch-o12mm","43":"pa_steckverschraubung-abluft-eco-seal-450-900-schlauch-o10mm","44":"pa_steckverschraubung-zuluft-eco-seal-450-900-schlauch-o6mm","45":"pa_steckverschraubung-zuluft-eco-seal-1800-3600-schlauch-o8mm","46":"pa_versorgung-5-6bar","48":"first","49":"instock","50":"taxable","51":"shipping-taxable","52":"purchasable","53":"product-type-variable"},"bundled_by":[],"bundle_stock_status":"instock","bundle_stock_quantity":null,"bundle_virtual":false,"bundle_layout":"","bundle_add_to_cart_form_location":"","bundle_editable_in_cart":false,"bundle_sold_individually_context":"","bundle_item_grouping":"","bundle_min_size":"","bundle_max_size":"","bundle_price":[],"bundled_items":[],"bundle_sell_ids":[],"exclude_global_add_ons":[],"addons":[],"acf":[],"_links":{"self":[{"href":"https:\/\/ptm-mechatronics.com\/cs\/wp-json\/wp\/v2\/product\/13123","targetHints":{"allow":["GET"]}}],"collection":[{"href":"https:\/\/ptm-mechatronics.com\/cs\/wp-json\/wp\/v2\/product"}],"about":[{"href":"https:\/\/ptm-mechatronics.com\/cs\/wp-json\/wp\/v2\/types\/product"}],"replies":[{"embeddable":true,"href":"https:\/\/ptm-mechatronics.com\/cs\/wp-json\/wp\/v2\/comments?post=13123"}],"wp:featuredmedia":[{"embeddable":true,"href":"https:\/\/ptm-mechatronics.com\/cs\/wp-json\/wp\/v2\/media\/15514"}],"wp:attachment":[{"href":"https:\/\/ptm-mechatronics.com\/cs\/wp-json\/wp\/v2\/media?parent=13123"}],"wp:term":[{"taxonomy":"product_brand","embeddable":true,"href":"https:\/\/ptm-mechatronics.com\/cs\/wp-json\/wp\/v2\/product_brand?post=13123"},{"taxonomy":"product_cat","embeddable":true,"href":"https:\/\/ptm-mechatronics.com\/cs\/wp-json\/wp\/v2\/product_cat?post=13123"},{"taxonomy":"product_tag","embeddable":true,"href":"https:\/\/ptm-mechatronics.com\/cs\/wp-json\/wp\/v2\/product_tag?post=13123"}],"curies":[{"name":"wp","href":"https:\/\/api.w.org\/{rel}","templated":true}]}}