{"id":13114,"date":"2025-03-20T08:55:26","date_gmt":"2025-03-20T07:55:26","guid":{"rendered":"https:\/\/ptm-mechatronics.com\/?post_type=product&#038;p=13114"},"modified":"2025-11-07T15:53:57","modified_gmt":"2025-11-07T14:53:57","slug":"ruehrwerksantrieb-eco-drive-inox-atex-zone-1-mit-schnellwechselsystem","status":"publish","type":"product","link":"https:\/\/ptm-mechatronics.com\/cs\/product\/ruehrwerksantrieb-eco-drive-inox-atex-zone-1-mit-schnellwechselsystem\/","title":{"rendered":"Pohon m\u00edchadla eco-Drive INOX, ATEX z\u00f3na 1, s rychlov\u00fdm\u011bnn\u00fdm syst\u00e9mem"},"content":{"rendered":"<h3 data-start=\"0\" data-end=\"96\">Pohon m\u00edchadla s certifikac\u00ed ATEX - Hygienick\u00fd, v\u00fdkonn\u00fd a energeticky \u00fa\u010dinn\u00fd<\/h3>\n<p data-start=\"98\" data-end=\"479\">Energeticky \u00fa\u010dinn\u00fd pohon m\u00edchadla s certifikac\u00ed ATEX byl speci\u00e1ln\u011b vyvinut pro n\u00e1ro\u010dn\u00e9 procesy m\u00edch\u00e1n\u00ed, homogenizace a m\u00edch\u00e1n\u00ed v hygienicky citliv\u00fdch prost\u0159ed\u00edch. D\u00edky vysok\u00e9mu to\u010div\u00e9mu momentu pohon zaji\u0161\u0165uje homogenn\u00ed v\u00fdsledek m\u00edch\u00e1n\u00ed, a to i u vysoce visk\u00f3zn\u00edch m\u00e9di\u00ed a v extr\u00e9mn\u00edch podm\u00ednk\u00e1ch. S <a href=\"https:\/\/youtu.be\/TjagGW4DoyA?si=CQpfB4Wyt__Ab7Mg\" target=\"_blank\" rel=\"noopener\">rychlov\u00fdm\u011bnn\u00fd syst\u00e9m eco-Quick<\/a> vym\u011bnit m\u00edchadla b\u011bhem n\u011bkolika sekund bez pou\u017eit\u00ed dal\u0161\u00edho n\u00e1\u0159ad\u00ed.<\/p>\n<p data-start=\"481\" data-end=\"749\">Vzor otvor\u016f PTM umo\u017e\u0148uje p\u0159\u00edmou mont\u00e1\u017e pohonu, zat\u00edmco jeho tich\u00fd a prostorov\u011b \u00fasporn\u00fd design umo\u017e\u0148uje flexibiln\u00ed integraci do st\u00e1vaj\u00edc\u00edch syst\u00e9m\u016f. D\u00edky \u010dist\u011b mechanick\u00e9mu proveden\u00ed je tak\u00e9 mimo\u0159\u00e1dn\u011b robustn\u00ed a nen\u00e1ro\u010dn\u00fd na \u00fadr\u017ebu.<\/p>\n<p data-start=\"751\" data-end=\"883\">Pohon m\u00edchadla je vyroben z vysoce kvalitn\u00ed nerezov\u00e9 oceli V4A 1.4404 a spl\u0148uje nejvy\u0161\u0161\u00ed hygienick\u00e9 a bezpe\u010dnostn\u00ed normy:<\/p>\n<ul>\n<li data-start=\"885\" data-end=\"1535\">Vyhovuje po\u017eadavk\u016fm farmaceutick\u00e9ho a potravin\u00e1\u0159sk\u00e9ho pr\u016fmyslu - ide\u00e1ln\u00ed pro potravin\u00e1\u0159sk\u00e9 a farmaceutick\u00e9 aplikace a aplikace v \u010dist\u00fdch prostor\u00e1ch<\/li>\n<li data-start=\"885\" data-end=\"1535\">Odolnost v\u016f\u010di kyselin\u00e1m a chemik\u00e1li\u00edm - Odolnost v\u016f\u010di agresivn\u00edm m\u00e9di\u00edm<\/li>\n<li data-start=\"885\" data-end=\"1535\">Sterilizovateln\u00e9 a vodot\u011bsn\u00e9 s kryt\u00edm IP67 - pro maxim\u00e1ln\u00ed hygienu a trvanlivost<\/li>\n<li data-start=\"885\" data-end=\"1535\">\u010cist\u00fd prostor klasifikovan\u00fd podle DIN 14644 - Pro nejvy\u0161\u0161\u00ed po\u017eadavky na \u010distotu<\/li>\n<li data-start=\"885\" data-end=\"1535\">Design s m\u011bkk\u00fdmi okraji - \u017e\u00e1dn\u00e9 zne\u010di\u0161t\u011bn\u00e9 rohy nebo pod\u0159\u00edznut\u00ed pro optim\u00e1ln\u00ed \u010distitelnost<\/li>\n<li data-start=\"885\" data-end=\"1535\">Elektricky le\u0161t\u011bn\u00fd povrch - minimalizuje ulp\u00edv\u00e1n\u00ed z\u00e1rodk\u016f a usnad\u0148uje \u010di\u0161t\u011bn\u00ed<\/li>\n<li data-start=\"885\" data-end=\"1535\">Hygienick\u00e9 laserov\u00e9 grav\u00edrov\u00e1n\u00ed m\u00edsto n\u00e1lepek - odoln\u00e9 proti od\u011bru a trvanliv\u00e9, ide\u00e1ln\u00ed pro steriln\u00ed prost\u0159ed\u00ed.<\/li>\n<\/ul>\n<p data-start=\"1537\" data-end=\"1717\">Tento pohon m\u00edchadla je ide\u00e1ln\u00edm \u0159e\u0161en\u00edm pro ka\u017ed\u00e9ho, kdo hled\u00e1 vysoce v\u00fdkonnou, hygienickou a odolnou m\u00edchac\u00ed technologii pro hygienicky kritick\u00e9 aplikace.<\/p>","protected":false},"excerpt":{"rendered":"<p>Pohon m\u00edchadla s certifikac\u00ed ATEX - v\u00fdkonn\u00e9, energeticky \u00fasporn\u00e9 a bez\u00fadr\u017ebov\u00e9 \u0159e\u0161en\u00ed pro pr\u016fmyslov\u00e9 m\u00edchac\u00ed procesy, ide\u00e1ln\u00ed pro vysoce visk\u00f3zn\u00ed m\u00e9dia a prost\u0159ed\u00ed s nebezpe\u010d\u00edm v\u00fdbuchu.<\/p>","protected":false},"featured_media":15511,"comment_status":"open","ping_status":"closed","template":"","meta":{"_acf_changed":false},"product_brand":[],"product_cat":[595,632],"product_tag":[2602,2585,2603,2604,2594,2605,2595,2606,2596,2607,2597,2608,2598,2609,2599,2610,2600,2611,2575,2601,2612,2576],"class_list":{"0":"post-13114","1":"product","2":"type-product","3":"status-publish","4":"has-post-thumbnail","6":"product_cat-ruehrwerkstechnik","7":"product_cat-ruehrwerksantriebe","8":"product_tag-ruehrwerksmotor-fuer-pharmaindustrie","9":"product_tag-langlebiger-ruehrwerksmotor","10":"product_tag-saeurebestaendiger-ruehrwerksmotor","11":"product_tag-chemikalienbestaendiger-ruehrwerksmotor","12":"product_tag-hygienischer-ruehrwerksmotor","13":"product_tag-ip68-wasserdichter-ruehrwerksmotor","14":"product_tag-ruehrwerksmotor-aus-v4a-edelstahl","15":"product_tag-sterilisierbarer-ruehrwerksmotor","16":"product_tag-elektropolierter-edelstahl-ruehrwerksmotor","17":"product_tag-vibrationsarmer-ruehrwerksantrieb","18":"product_tag-reinraum-ruehrwerksmotor-iso-1","19":"product_tag-soft-edge-design-ruehrwerksmotor","20":"product_tag-din-14644-ruehrwerksantrieb","21":"product_tag-ruehrwerksmotor-fuer-reinraeume","22":"product_tag-explosionsgeschuetzter-ruehrwerksmotor","23":"product_tag-hygienische-lasergravur-ruehrwerksmotor","24":"product_tag-ruehrwerksmotor-fuer-hochviskose-medien","25":"product_tag-edelstahl-ruehrwerksantrieb-fuer-reinraum","26":"product_tag-atex-zertifizierter-ruehrwerksantrieb","27":"product_tag-ruehrwerksmotor-fuer-lebensmittelindustrie","28":"product_tag-hygienischer-antrieb-fuer-pharmaindustrie","29":"product_tag-energieeffizienter-ruehrwerksmotor","30":"product_shipping_class-karton-paketversand","31":"pa_antriebsart-pneumatisch","32":"pa_antriebswelle-eco-drive-450-900-eco-quick-v2","33":"pa_antriebswelle-eco-drive-450-900-eco-quick-v3","34":"pa_atex-zone-122122","35":"pa_dichtung-ptfe-fda-konform","36":"pa_durchmesser-eco-drive-450-900-108mm","37":"pa_durchmesser-eco-drive-1800-3600-169mm","38":"pa_ex-gas-ex-ii-2-g-ex-h-iic-t5-gb-x","39":"pa_ex-staub-ex-ii-2-d-ex-h-iiic-t100c-db-x","40":"pa_geraeuschpegel-75db","41":"pa_labs-oel-und-silikonfrei","42":"pa_material-gehaeuse-v4a-edelstahl-1-4404-elektropoliert","43":"pa_model-eco-drive-atex-zone-1-edelstahl","44":"pa_reinraumklassifizierung-iso1-nach-din14644","45":"pa_schutzart-ip67","46":"pa_steckverschraubung-abluft-eco-drive-450-900-schlauch-o10mm","47":"pa_steckverschraubung-abluft-eco-drive-1800-3600-schlauch-o12mm","48":"pa_steckverschraubung-zuluft-eco-drive-450-900-schlauch-o6mm","49":"pa_steckverschraubung-zuluft-eco-drive-1800-3600-schlauch-o8mm","50":"pa_versorgung-5-6bar","52":"first","53":"instock","54":"taxable","55":"shipping-taxable","56":"purchasable","57":"product-type-variable"},"bundled_by":[],"bundle_stock_status":"instock","bundle_stock_quantity":null,"bundle_virtual":false,"bundle_layout":"","bundle_add_to_cart_form_location":"","bundle_editable_in_cart":false,"bundle_sold_individually_context":"","bundle_item_grouping":"","bundle_min_size":"","bundle_max_size":"","bundle_price":[],"bundled_items":[],"bundle_sell_ids":[],"exclude_global_add_ons":[],"addons":[],"acf":[],"_links":{"self":[{"href":"https:\/\/ptm-mechatronics.com\/cs\/wp-json\/wp\/v2\/product\/13114","targetHints":{"allow":["GET"]}}],"collection":[{"href":"https:\/\/ptm-mechatronics.com\/cs\/wp-json\/wp\/v2\/product"}],"about":[{"href":"https:\/\/ptm-mechatronics.com\/cs\/wp-json\/wp\/v2\/types\/product"}],"replies":[{"embeddable":true,"href":"https:\/\/ptm-mechatronics.com\/cs\/wp-json\/wp\/v2\/comments?post=13114"}],"wp:featuredmedia":[{"embeddable":true,"href":"https:\/\/ptm-mechatronics.com\/cs\/wp-json\/wp\/v2\/media\/15511"}],"wp:attachment":[{"href":"https:\/\/ptm-mechatronics.com\/cs\/wp-json\/wp\/v2\/media?parent=13114"}],"wp:term":[{"taxonomy":"product_brand","embeddable":true,"href":"https:\/\/ptm-mechatronics.com\/cs\/wp-json\/wp\/v2\/product_brand?post=13114"},{"taxonomy":"product_cat","embeddable":true,"href":"https:\/\/ptm-mechatronics.com\/cs\/wp-json\/wp\/v2\/product_cat?post=13114"},{"taxonomy":"product_tag","embeddable":true,"href":"https:\/\/ptm-mechatronics.com\/cs\/wp-json\/wp\/v2\/product_tag?post=13114"}],"curies":[{"name":"wp","href":"https:\/\/api.w.org\/{rel}","templated":true}]}}