{"id":13091,"date":"2025-03-19T12:16:46","date_gmt":"2025-03-19T11:16:46","guid":{"rendered":"https:\/\/ptm-mechatronics.com\/?post_type=product&#038;p=13091"},"modified":"2025-11-07T15:53:57","modified_gmt":"2025-11-07T14:53:57","slug":"ruehrwerksantrieb-eco-drive-inox-atex-zone-1-mit-schnellwechselsystem-2","status":"publish","type":"product","link":"https:\/\/ptm-mechatronics.com\/cs\/product\/ruehrwerksantrieb-eco-drive-inox-atex-zone-1-mit-schnellwechselsystem-2\/","title":{"rendered":"Pohon m\u00edchadla eco-Drive, ATEX z\u00f3na 1, s rychlov\u00fdm\u011bnn\u00fdm syst\u00e9mem"},"content":{"rendered":"<h3 data-start=\"63\" data-end=\"155\">Pohon m\u00edchadla s certifikac\u00ed ATEX - v\u00fdkonn\u00fd, energeticky \u00fasporn\u00fd a robustn\u00ed<\/h3>\n<p data-start=\"157\" data-end=\"396\">Energeticky \u00fa\u010dinn\u00fd pohon m\u00edchadla p\u0159esv\u011bd\u010d\u00ed sv\u00fdm vysok\u00fdm v\u00fdkonem a v\u0161estrannost\u00ed. D\u00edky certifikaci ATEX je ide\u00e1ln\u00ed pro pou\u017eit\u00ed v prost\u0159ed\u00ed s nebezpe\u010d\u00edm v\u00fdbuchu a nab\u00edz\u00ed maxim\u00e1ln\u00ed bezpe\u010dnost.<\/p>\n<ul>\n<li data-start=\"398\" data-end=\"1252\">P\u0159\u00edm\u00e1 mont\u00e1\u017e: Pohon lze snadno namontovat pomoc\u00ed vrtac\u00edho vzoru PTM, co\u017e umo\u017e\u0148uje rychlou a snadnou integraci do st\u00e1vaj\u00edc\u00edch syst\u00e9m\u016f m\u00edchadel.<\/li>\n<li data-start=\"398\" data-end=\"1252\">Rychl\u00e1 v\u00fdm\u011bna h\u0159\u00eddele m\u00edchadla: D\u00edky rychlov\u00fdm\u011bnn\u00e9mu syst\u00e9mu eco-Quick m\u016f\u017eete m\u00edchadla vym\u011bnit b\u011bhem n\u011bkolika sekund jedin\u00fdm pohybem.<\/li>\n<li data-start=\"398\" data-end=\"1252\">Vysok\u00e1 \u00fa\u010dinnost a v\u00fdkon: D\u00edky vysok\u00e9mu to\u010div\u00e9mu momentu zaji\u0161\u0165uje pohon m\u00edchadla homogenn\u00ed v\u00fdsledek m\u00edch\u00e1n\u00ed i u vysoce visk\u00f3zn\u00edch m\u00e9di\u00ed.<\/li>\n<li data-start=\"398\" data-end=\"1252\">\u00daspora m\u00edsta a n\u00edzk\u00e1 hlu\u010dnost: Kompaktn\u00ed design umo\u017e\u0148uje \u00faspornou instalaci a n\u00edzk\u00e1 hlu\u010dnost zaji\u0161\u0165uje p\u0159\u00edjemn\u00e9 pracovn\u00ed prost\u0159ed\u00ed.<\/li>\n<li data-start=\"398\" data-end=\"1252\">Mimo\u0159\u00e1dn\u011b robustn\u00ed: D\u00edky \u010dist\u011b mechanick\u00e9 konstrukci je pohon mimo\u0159\u00e1dn\u011b robustn\u00ed, nen\u00e1ro\u010dn\u00fd na \u00fadr\u017ebu a odoln\u00fd.<\/li>\n<\/ul>\n<p data-start=\"1254\" data-end=\"1418\">Tento v\u00fdkonn\u00fd pohon m\u00edchadla je ide\u00e1ln\u00ed volbou pro pr\u016fmyslov\u00e9 aplikace, kde je nejd\u016fle\u017eit\u011bj\u0161\u00ed \u00fa\u010dinnost, bezpe\u010dnost a odolnost.<\/p>","protected":false},"excerpt":{"rendered":"<p>Pohon m\u00edchadla s certifikac\u00ed ATEX - v\u00fdkonn\u00e9, energeticky \u00fasporn\u00e9 a bez\u00fadr\u017ebov\u00e9 \u0159e\u0161en\u00ed pro pr\u016fmyslov\u00e9 m\u00edchac\u00ed procesy, ide\u00e1ln\u00ed pro vysoce visk\u00f3zn\u00ed m\u00e9dia a prost\u0159ed\u00ed s nebezpe\u010d\u00edm v\u00fdbuchu. Se syst\u00e9mem rychl\u00e9 v\u00fdm\u011bny h\u0159\u00eddel\u00ed m\u00edchadla.<\/p>","protected":false},"featured_media":15507,"comment_status":"open","ping_status":"closed","template":"","meta":{"_acf_changed":false},"product_brand":[],"product_cat":[595,632],"product_tag":[2581,2592,2582,2583,2584,2585,2575,2586,2576,2587,2577,2588,2578,2589,2579,2590,2580,2591],"class_list":{"0":"post-13091","1":"product","2":"type-product","3":"status-publish","4":"has-post-thumbnail","6":"product_cat-ruehrwerkstechnik","7":"product_cat-ruehrwerksantriebe","8":"product_tag-geraeuscharmer-ruehrwerksantrieb","9":"product_tag-praeziser-ruehrwerksantrieb","10":"product_tag-ruehrwerksmotor-fuer-industrieanwendungen","11":"product_tag-effizienter-ruehrwerksantrieb","12":"product_tag-industrieller-ruehrantrieb","13":"product_tag-langlebiger-ruehrwerksmotor","14":"product_tag-atex-zertifizierter-ruehrwerksantrieb","15":"product_tag-ruehrwerksantrieb-fuer-mischprozesse","16":"product_tag-energieeffizienter-ruehrwerksmotor","17":"product_tag-sicherer-ruehrwerksmotor","18":"product_tag-ruehrwerksantrieb-fuer-hochviskose-medien","19":"product_tag-leistungsstarker-ruehrwerksantrieb","20":"product_tag-explosionsgeschuetzter-ruehrantrieb","21":"product_tag-vibrationsarmer-ruehrantrieb","22":"product_tag-ruehrantrieb-mit-hohem-drehmoment","23":"product_tag-ruehrwerksmotor-fuer-chemische-industrie","24":"product_tag-robuster-und-wartungsarmer-ruehrwerksmotor","25":"product_tag-atex-konformer-ruehrwerksmotor","26":"product_shipping_class-karton-paketversand","27":"pa_antriebsart-pneumatisch","28":"pa_antriebswelle-eco-drive-450-900-eco-quick-v2","29":"pa_antriebswelle-eco-drive-450-900-eco-quick-v3","30":"pa_atex-zone-122122","31":"pa_dichtung-ptfe","32":"pa_durchmesser-eco-drive-450-900-108mm","33":"pa_durchmesser-eco-drive-1800-3600-169mm","34":"pa_ex-gas-ex-ii-2-g-ex-h-iic-t5-gb-x","35":"pa_ex-staub-ex-ii-2-d-ex-h-iiic-t100c-db-x","36":"pa_geraeuschpegel-75db","37":"pa_labs-oel-und-silikonfrei","38":"pa_material-gehaeuse-aluminium-eloxiert","39":"pa_model-eco-drive-atex-zone-1","40":"pa_schutzart-ip67","41":"pa_steckverschraubung-abluft-eco-drive-450-900-schlauch-o10mm","42":"pa_steckverschraubung-abluft-eco-drive-1800-3600-schlauch-o12mm","43":"pa_steckverschraubung-zuluft-eco-drive-450-900-schlauch-o6mm","44":"pa_steckverschraubung-zuluft-eco-drive-1800-3600-schlauch-o8mm","45":"pa_versorgung-5-6bar","47":"first","48":"instock","49":"taxable","50":"shipping-taxable","51":"purchasable","52":"product-type-variable"},"bundled_by":[],"bundle_stock_status":"instock","bundle_stock_quantity":null,"bundle_virtual":false,"bundle_layout":"","bundle_add_to_cart_form_location":"","bundle_editable_in_cart":false,"bundle_sold_individually_context":"","bundle_item_grouping":"","bundle_min_size":"","bundle_max_size":"","bundle_price":[],"bundled_items":[],"bundle_sell_ids":[],"exclude_global_add_ons":[],"addons":[],"acf":[],"_links":{"self":[{"href":"https:\/\/ptm-mechatronics.com\/cs\/wp-json\/wp\/v2\/product\/13091","targetHints":{"allow":["GET"]}}],"collection":[{"href":"https:\/\/ptm-mechatronics.com\/cs\/wp-json\/wp\/v2\/product"}],"about":[{"href":"https:\/\/ptm-mechatronics.com\/cs\/wp-json\/wp\/v2\/types\/product"}],"replies":[{"embeddable":true,"href":"https:\/\/ptm-mechatronics.com\/cs\/wp-json\/wp\/v2\/comments?post=13091"}],"wp:featuredmedia":[{"embeddable":true,"href":"https:\/\/ptm-mechatronics.com\/cs\/wp-json\/wp\/v2\/media\/15507"}],"wp:attachment":[{"href":"https:\/\/ptm-mechatronics.com\/cs\/wp-json\/wp\/v2\/media?parent=13091"}],"wp:term":[{"taxonomy":"product_brand","embeddable":true,"href":"https:\/\/ptm-mechatronics.com\/cs\/wp-json\/wp\/v2\/product_brand?post=13091"},{"taxonomy":"product_cat","embeddable":true,"href":"https:\/\/ptm-mechatronics.com\/cs\/wp-json\/wp\/v2\/product_cat?post=13091"},{"taxonomy":"product_tag","embeddable":true,"href":"https:\/\/ptm-mechatronics.com\/cs\/wp-json\/wp\/v2\/product_tag?post=13091"}],"curies":[{"name":"wp","href":"https:\/\/api.w.org\/{rel}","templated":true}]}}