{"id":13066,"date":"2025-03-10T09:43:10","date_gmt":"2025-03-10T08:43:10","guid":{"rendered":"https:\/\/ptm-mechatronics.com\/?post_type=product&#038;p=13066"},"modified":"2026-05-07T10:43:01","modified_gmt":"2026-05-07T08:43:01","slug":"kolben-serviceset-fuer-ptm-druckluftmotoren-und-antriebe","status":"publish","type":"product","link":"https:\/\/ptm-mechatronics.com\/cs\/product\/kolben-serviceset-fuer-ptm-druckluftmotoren-und-antriebe\/","title":{"rendered":"Servisn\u00ed sada p\u00edst\u016f pro pneumatick\u00e9 motory a pohony PTM"},"content":{"rendered":"<p data-start=\"158\" data-end=\"481\">Zajist\u011bte spolehliv\u00fd a dlouhodob\u00fd v\u00fdkon sv\u00e9ho pneumatick\u00e9ho motoru nebo pohonu PTM pomoc\u00ed na\u0161\u00ed vysoce kvalitn\u00ed servisn\u00ed sady p\u00edst\u016f. Tato sada n\u00e1hradn\u00edch d\u00edl\u016f je speci\u00e1ln\u011b navr\u017eena pro pneumatick\u00e9 motory a pohony PTM a umo\u017e\u0148uje efektivn\u00ed \u00fadr\u017ebu pro optimalizaci \u017eivotnosti a v\u00fdkonu va\u0161eho pohonu.<\/p>\n<p data-start=\"158\" data-end=\"481\">Sada se skl\u00e1d\u00e1 z podrobn\u00e9ho servisn\u00edho n\u00e1vodu, n\u00e1hradn\u00edch p\u00edst\u016f s pom\u016fckou pro zasunut\u00ed a maziva v z\u00e1vislosti na modelu pohonu. Pomoc s v\u00fdm\u011bnou p\u00edst\u016f najdete tak\u00e9 v na\u0161em videu \u201e<a href=\"https:\/\/youtu.be\/RxvrSIWG86M?si=pGI6yubvJ-mvYXet\" target=\"_blank\" rel=\"noopener\">V\u00fdm\u011bna p\u00edstu pro motor stla\u010den\u00e9ho vzduchu<\/a>\u201e.<\/p>\n<p data-start=\"483\" data-end=\"507\">Vlastnosti:<\/p>\n<ul>\n<li data-start=\"508\" data-end=\"725\">Perfektn\u011b se hod\u00ed pro pneumatick\u00e9 motory a pohony PTM<\/li>\n<li data-start=\"508\" data-end=\"725\">Vysoce kvalitn\u00ed materi\u00e1ly pro maxim\u00e1ln\u00ed odolnost<\/li>\n<li data-start=\"508\" data-end=\"725\">Jednoduch\u00e1 mont\u00e1\u017e pro rychlou opravu<\/li>\n<\/ul>\n<p>Sady slu\u017eeb podle modelu naleznete v oblasti pro stahov\u00e1n\u00ed.<\/p>","protected":false},"excerpt":{"rendered":"<p>Vysoce kvalitn\u00ed servisn\u00ed sada p\u00edst\u016f pro pneumatick\u00e9 motory PTM - p\u0159esn\u00e9 ulo\u017een\u00ed, odolnost a snadn\u00e1 instalace pro optim\u00e1ln\u00ed v\u00fdkon motoru.<\/p>","protected":false},"featured_media":15499,"comment_status":"open","ping_status":"closed","template":"","meta":{"_acf_changed":false},"product_brand":[],"product_cat":[2745],"product_tag":[2543,2746,2535,2536,2537,2538,2539,2540,2541,2542],"class_list":{"0":"post-13066","1":"product","2":"type-product","3":"status-publish","4":"has-post-thumbnail","6":"product_cat-ersatzteile","7":"product_tag-pneumatischer-antrieb-ersatzteile","8":"product_tag-serviceset-kolben","9":"product_tag-kolbenkitt-ptm","10":"product_tag-kolbenkit-druckluftmotor","11":"product_tag-ersatzteile-druckluftmotor","12":"product_tag-ptm-motor-wartung","13":"product_tag-ptm-ersatzteile","14":"product_tag-ptm-kolben-reparatur","15":"product_tag-ptm-pneumatikmotor","16":"product_tag-ptm-motor-kolbenwechsel","17":"product_shipping_class-karton-paketversand","19":"first","20":"instock","21":"taxable","22":"shipping-taxable","23":"purchasable","24":"product-type-variable"},"bundled_by":[],"bundle_stock_status":"instock","bundle_stock_quantity":null,"bundle_virtual":false,"bundle_layout":"","bundle_add_to_cart_form_location":"","bundle_editable_in_cart":false,"bundle_sold_individually_context":"","bundle_item_grouping":"","bundle_min_size":"","bundle_max_size":"","bundle_price":[],"bundled_items":[],"bundle_sell_ids":[],"exclude_global_add_ons":[],"addons":[],"acf":[],"_links":{"self":[{"href":"https:\/\/ptm-mechatronics.com\/cs\/wp-json\/wp\/v2\/product\/13066","targetHints":{"allow":["GET"]}}],"collection":[{"href":"https:\/\/ptm-mechatronics.com\/cs\/wp-json\/wp\/v2\/product"}],"about":[{"href":"https:\/\/ptm-mechatronics.com\/cs\/wp-json\/wp\/v2\/types\/product"}],"replies":[{"embeddable":true,"href":"https:\/\/ptm-mechatronics.com\/cs\/wp-json\/wp\/v2\/comments?post=13066"}],"wp:featuredmedia":[{"embeddable":true,"href":"https:\/\/ptm-mechatronics.com\/cs\/wp-json\/wp\/v2\/media\/15499"}],"wp:attachment":[{"href":"https:\/\/ptm-mechatronics.com\/cs\/wp-json\/wp\/v2\/media?parent=13066"}],"wp:term":[{"taxonomy":"product_brand","embeddable":true,"href":"https:\/\/ptm-mechatronics.com\/cs\/wp-json\/wp\/v2\/product_brand?post=13066"},{"taxonomy":"product_cat","embeddable":true,"href":"https:\/\/ptm-mechatronics.com\/cs\/wp-json\/wp\/v2\/product_cat?post=13066"},{"taxonomy":"product_tag","embeddable":true,"href":"https:\/\/ptm-mechatronics.com\/cs\/wp-json\/wp\/v2\/product_tag?post=13066"}],"curies":[{"name":"wp","href":"https:\/\/api.w.org\/{rel}","templated":true}]}}