{"id":13023,"date":"2025-02-12T09:52:34","date_gmt":"2025-02-12T08:52:34","guid":{"rendered":"https:\/\/ptm-mechatronics.com\/?post_type=product&#038;p=13023"},"modified":"2026-03-09T10:23:35","modified_gmt":"2026-03-09T09:23:35","slug":"hobbock-fixierung-fuer-kleingebindestative","status":"publish","type":"product","link":"https:\/\/ptm-mechatronics.com\/cs\/product\/hobbock-fixierung-fuer-kleingebindestative\/","title":{"rendered":"Fixace Hobbock pro mal\u00e9 v\u00e1zac\u00ed stojany"},"content":{"rendered":"<h1 data-start=\"90\" data-end=\"188\"><span style=\"font-size: 90%;\">Univerz\u00e1ln\u00ed fixace pro mal\u00e9 v\u00e1zac\u00ed stojany - ide\u00e1ln\u00ed pro m\u00edchac\u00ed stojany PTM a laborato\u0159e<\/span><\/h1>\n<p data-start=\"190\" data-end=\"577\">Maxim\u00e1ln\u00ed flexibilita va\u0161eho m\u00edchadla! Na\u0161e vysoce kvalitn\u00ed upevn\u011bn\u00ed pro mal\u00e9 v\u00e1zac\u00ed stojany lze snadno namontovat pod jak\u00fdkoli PTM. <a href=\"https:\/\/ptm-mechatronics.com\/cs\/product\/stativruehrwerk-fuer-30-liter-fass-antrieb-atex-zone-1\/\" target=\"_blank\" rel=\"noopener\">Stojanov\u00e9 m\u00edchadlo pro 30litrov\u00e9 sudy<\/a> nebo <a href=\"https:\/\/ptm-mechatronics.com\/cs\/product\/stativruehrwerk-fuer-kleingebinde-antrieb-atex-zone-1\/\" target=\"_blank\" rel=\"noopener\">Stojanov\u00e9 mix\u00e9ry pro mal\u00e9 n\u00e1doby a laborato\u0159e<\/a> lze namontovat. Poskytuje bezpe\u010dn\u00fd a stabiln\u00ed \u00falo\u017en\u00fd prostor a\u017e pro t\u0159i r\u016fzn\u00e9 p\u0159eddefinovan\u00e9 plechov\u00e9 z\u00e1sobn\u00edky nebo varn\u00e9 desky, co\u017e umo\u017e\u0148uje efektivn\u00ed a flexibiln\u00ed pr\u00e1ci.<\/p>\n<p data-start=\"579\" data-end=\"759\">D\u00edky p\u0159esn\u00e9mu up\u00ednac\u00edmu dr\u017e\u00e1ku z\u016fst\u00e1vaj\u00ed n\u00e1doby spolehliv\u011b zafixov\u00e1ny na m\u00edst\u011b - bez prot\u00e1\u010den\u00ed nebo sklouz\u00e1v\u00e1n\u00ed. Ide\u00e1ln\u00ed pro pr\u016fmyslov\u00e9 aplikace, laborato\u0159e a v\u00fdrobu.<\/p>\n<ul>\n<li data-start=\"761\" data-end=\"946\">Jednoduch\u00e1 instalace a univerz\u00e1ln\u00ed kompatibilita<\/li>\n<li data-start=\"761\" data-end=\"946\">Bezpe\u010dn\u00e9 upevn\u011bn\u00ed odoln\u00e9 proti pooto\u010den\u00ed pro r\u016fzn\u00e9 velikosti n\u00e1dob<\/li>\n<li data-start=\"761\" data-end=\"946\">Ide\u00e1ln\u00ed pro stojanov\u00e9 m\u00edcha\u010dky PTM a laboratorn\u00ed pou\u017eit\u00ed<\/li>\n<\/ul>\n<p data-start=\"948\" data-end=\"1070\">Po zakoupen\u00ed v\u00e1s budeme kontaktovat, abychom v\u00e1m p\u0159izp\u016fsobili vhodn\u00e9 velikosti kontejner\u016f.<\/p>\n<p data-start=\"948\" data-end=\"1070\">Rozsah dod\u00e1vky bez stojanu\/stavn\u00e9ho mix\u00e9ru<\/p>","protected":false},"excerpt":{"rendered":"<p>Upevn\u011bn\u00ed pro mal\u00e9 v\u00e1zac\u00ed stojany zaji\u0161\u0165uje a\u017e t\u0159i n\u00e1doby proti zkroucen\u00ed a lze je snadno namontovat pod stojanov\u00e9 m\u00edcha\u010dky PTM.<\/p>","protected":false},"featured_media":15493,"comment_status":"open","ping_status":"closed","template":"","meta":{"_acf_changed":false},"product_brand":[],"product_cat":[595,612],"product_tag":[2492,2493,2494,2489,2490,2491],"class_list":{"0":"post-13023","1":"product","2":"type-product","3":"status-publish","4":"has-post-thumbnail","6":"product_cat-ruehrwerkstechnik","7":"product_cat-kleingebinderuehrwerke","8":"product_tag-kleingebinde-ruehrwerk","9":"product_tag-laborruehrwerk-halterung","10":"product_tag-verdrehsichere-fixierung-behaelter","11":"product_tag-fixierung-fuer-kleingebindestative","12":"product_tag-stativruehrwerk-fixierung","13":"product_tag-ptm-stativruehrwerk-zubehoer","14":"product_shipping_class-europalette-speditionsversand","15":"pa_typ-stativruehrwerk","17":"first","18":"instock","19":"taxable","20":"shipping-taxable","21":"purchasable","22":"product-type-simple"},"bundled_by":[],"bundle_stock_status":"instock","bundle_stock_quantity":null,"bundle_virtual":false,"bundle_layout":"","bundle_add_to_cart_form_location":"","bundle_editable_in_cart":false,"bundle_sold_individually_context":"","bundle_item_grouping":"","bundle_min_size":"","bundle_max_size":"","bundle_price":[],"bundled_items":[],"bundle_sell_ids":[],"exclude_global_add_ons":[],"addons":[],"acf":[],"_links":{"self":[{"href":"https:\/\/ptm-mechatronics.com\/cs\/wp-json\/wp\/v2\/product\/13023","targetHints":{"allow":["GET"]}}],"collection":[{"href":"https:\/\/ptm-mechatronics.com\/cs\/wp-json\/wp\/v2\/product"}],"about":[{"href":"https:\/\/ptm-mechatronics.com\/cs\/wp-json\/wp\/v2\/types\/product"}],"replies":[{"embeddable":true,"href":"https:\/\/ptm-mechatronics.com\/cs\/wp-json\/wp\/v2\/comments?post=13023"}],"wp:featuredmedia":[{"embeddable":true,"href":"https:\/\/ptm-mechatronics.com\/cs\/wp-json\/wp\/v2\/media\/15493"}],"wp:attachment":[{"href":"https:\/\/ptm-mechatronics.com\/cs\/wp-json\/wp\/v2\/media?parent=13023"}],"wp:term":[{"taxonomy":"product_brand","embeddable":true,"href":"https:\/\/ptm-mechatronics.com\/cs\/wp-json\/wp\/v2\/product_brand?post=13023"},{"taxonomy":"product_cat","embeddable":true,"href":"https:\/\/ptm-mechatronics.com\/cs\/wp-json\/wp\/v2\/product_cat?post=13023"},{"taxonomy":"product_tag","embeddable":true,"href":"https:\/\/ptm-mechatronics.com\/cs\/wp-json\/wp\/v2\/product_tag?post=13023"}],"curies":[{"name":"wp","href":"https:\/\/api.w.org\/{rel}","templated":true}]}}