{"id":12842,"date":"2025-01-22T10:29:24","date_gmt":"2025-01-22T09:29:24","guid":{"rendered":"https:\/\/ptm-mechatronics.com\/?post_type=product&#038;p=12842"},"modified":"2026-03-09T11:15:52","modified_gmt":"2026-03-09T10:15:52","slug":"druckluftmotor-inox-pmo3600-mit-anschlussblock","status":"publish","type":"product","link":"https:\/\/ptm-mechatronics.com\/cs\/product\/druckluftmotor-inox-pmo3600-mit-anschlussblock\/","title":{"rendered":"Vzduchov\u00fd motor INOX, PMO3600 s p\u0159ipojovac\u00edm blokem"},"content":{"rendered":"<div id=\"tab-description\" class=\"woocommerce-Tabs-panel woocommerce-Tabs-panel--description panel entry-content active\" role=\"tabpanel\" aria-labelledby=\"tab-title-description\">\n<div id=\"tab-description\" class=\"woocommerce-Tabs-panel woocommerce-Tabs-panel--description panel entry-content active\" role=\"tabpanel\" aria-labelledby=\"tab-title-description\">\n<div id=\"tab-description\" class=\"woocommerce-Tabs-panel woocommerce-Tabs-panel--description panel entry-content active\" role=\"tabpanel\" aria-labelledby=\"tab-title-description\">\n<h1><span style=\"font-size: 90%;\">Pneumatick\u00e9 motory PTM - Efektivn\u00ed, odoln\u00e9 a v\u0161estrann\u00e9 \u0159e\u0161en\u00ed pohonu<\/span><\/h1>\n<p>Pneumatick\u00e9 motory PTM jsou z\u00e1rukou maxim\u00e1ln\u00ed \u00fa\u010dinnosti a v\u00fdjime\u010dn\u00e9ho v\u00fdkonu v pr\u016fmyslov\u00fdch aplikac\u00edch. D\u00edky sv\u00e9 robustn\u00ed, \u010dist\u011b mechanick\u00e9 konstrukci a inovativn\u00ed technologii radi\u00e1ln\u00edch p\u00edst\u016f nab\u00edzej\u00ed spolehliv\u00e9 \u0159e\u0161en\u00ed pro pohony stroj\u016f a za\u0159\u00edzen\u00ed i pro p\u0159esn\u00e9 rota\u010dn\u00ed a oto\u010dn\u00e9 pohyby. Integrovan\u00e1 svorkovnice zaji\u0161\u0165uje del\u0161\u00ed \u017eivotnost v\u00fdrobku pro aplikace v jednom sm\u011bru ot\u00e1\u010den\u00ed (s n\u00e1bojem proti sm\u011bru hodinov\u00fdch ru\u010di\u010dek).<\/p>\n<h4>D\u016fle\u017eit\u00e9 vlastnosti pneumatick\u00fdch motor\u016f PTM<\/h4>\n<ul>\n<li>\u00da\u010dinn\u00e1 technologie: radi\u00e1ln\u00ed p\u00edstov\u00fd princip pro maxim\u00e1ln\u00ed \u00fa\u010dinnost a minim\u00e1ln\u00ed spot\u0159ebu vzduchu.<\/li>\n<li>Vysok\u00e1 nosnost: Mo\u017enost ot\u00e1\u010den\u00ed ve sm\u011bru i proti sm\u011bru hodinov\u00fdch ru\u010di\u010dek, lze nakl\u00e1dat i v klidu.<\/li>\n<li>Kompaktn\u00ed proveden\u00ed: Snadn\u00e1 integrace i tam, kde je m\u00e1lo m\u00edsta.<\/li>\n<li>\u00dasporn\u00e9: Modern\u00ed, energeticky \u00fasporn\u00e1 alternativa ke konven\u010dn\u00edm lamelov\u00fdm motor\u016fm.<\/li>\n<\/ul>\n<h3>Model INOX - zejm\u00e9na pro n\u00e1ro\u010dn\u00e9 aplikace<\/h3>\n<p>Model INOX je pr\u00e9miov\u00e1 verze pro prost\u0159ed\u00ed s p\u0159\u00edsn\u00fdmi bezpe\u010dnostn\u00edmi a hygienick\u00fdmi po\u017eadavky:<\/p>\n<ul>\n<li>Certifikace ATEX: Ochrana proti v\u00fdbuchu pro z\u00f3ny 1, 2, 21 a 22.<\/li>\n<li>Shoda s p\u0159edpisy pro potravin\u00e1\u0159sk\u00fd a farmaceutick\u00fd pr\u016fmysl: Vhodn\u00e9 pro odv\u011btv\u00ed s nejvy\u0161\u0161\u00edmi hygienick\u00fdmi po\u017eadavky.<\/li>\n<li>T\u0159\u00edda \u010distoty ISO1: ide\u00e1ln\u00ed pro \u010dist\u00e9 prostory podle normy DIN 14644.<\/li>\n<li>Vodot\u011bsnost a odolnost: T\u0159\u00edda kryt\u00ed IP67, odolnost v\u016f\u010di kyselin\u00e1m a chemik\u00e1li\u00edm.<\/li>\n<\/ul>\n<h4>Pro\u010d si vybrat vzduchov\u00e9 motory PTM?<\/h4>\n<p>Pneumatick\u00e9 motory PTM v\u00e1m poskytnou v\u00fdkonn\u00e1, odoln\u00e1 a energeticky \u00fa\u010dinn\u00e1 \u0159e\u0161en\u00ed, kter\u00e1 sni\u017euj\u00ed n\u00e1klady a zvy\u0161uj\u00ed produktivitu. Model INOX je obzvl\u00e1\u0161t\u011b p\u016fsobiv\u00fd v odv\u011btv\u00edch, jako je potravin\u00e1\u0159sk\u00e1 v\u00fdroba, farmaceutick\u00fd pr\u016fmysl a dal\u0161\u00ed aplikace, kter\u00e9 jsou kritick\u00e9 z hlediska hygieny.<\/p>\n<\/div>\n<\/div>\n<\/div>","protected":false},"excerpt":{"rendered":"<p>V\u00fdkonn\u00e9, energeticky \u00fasporn\u00e9 a s minim\u00e1ln\u00ed spot\u0159ebou vzduchu. Nab\u00edz\u00ed vysokou \u00fa\u010dinnost a vysok\u00fd to\u010div\u00fd moment. Certifik\u00e1t ATEX, vyhovuje potravin\u00e1\u0159sk\u00fdm a farmaceutick\u00fdm p\u0159edpis\u016fm, je vhodn\u00fd do \u010dist\u00fdch prostor t\u0159\u00eddy ISO1, je vod\u011bodoln\u00fd podle IP67 a odoln\u00fd v\u016f\u010di kyselin\u00e1m a chemik\u00e1li\u00edm. Ide\u00e1ln\u00ed \u0159e\u0161en\u00ed pro n\u00e1ro\u010dn\u00e9 aplikace s nejvy\u0161\u0161\u00edmi po\u017eadavky na hygienu a v\u00fdkon. Vybaveno p\u0159ipojovac\u00edm blokem pro dlouhodob\u00fd v\u00fdkon v jednom sm\u011bru ot\u00e1\u010den\u00ed.<\/p>","protected":false},"featured_media":15382,"comment_status":"open","ping_status":"closed","template":"","meta":{"_acf_changed":false},"product_brand":[],"product_cat":[428,560],"product_tag":[],"class_list":{"0":"post-12842","1":"product","2":"type-product","3":"status-publish","4":"has-post-thumbnail","6":"product_cat-antriebstechnik","7":"product_cat-druckluftmotor-inox","8":"product_shipping_class-karton-paketversand","9":"pa_antriebsart-pneumatisch","10":"pa_antriebswelle-edelstahl-o19mm-mit-passfeder-6n9","11":"pa_atex-zone-122122","12":"pa_dichtung-ptfe-fda-konform","13":"pa_ex-gas-ex-ii-2-g-ex-h-iic-t5-gb-x","14":"pa_ex-staub-ex-ii-2-d-ex-h-iiic-t100c-db-x","15":"pa_geraeuschpegel-75db","16":"pa_labs-oel-und-silikonfrei","17":"pa_material-gehaeuse-v4a-edelstahl-1-4404-elektropoliert","18":"pa_model-pmo-3600-inox","19":"pa_reinraumklassifizierung-iso1-nach-din14644","20":"pa_schutzart-ip67","21":"pa_steckverschraubung-abluft-schlauch-o12mm","22":"pa_steckverschraubung-zuluft-schlauch-o8mm","23":"pa_versorgung-5-6bar","25":"first","26":"instock","27":"taxable","28":"shipping-taxable","29":"purchasable","30":"product-type-variable"},"bundled_by":[],"bundle_stock_status":"instock","bundle_stock_quantity":null,"bundle_virtual":false,"bundle_layout":"","bundle_add_to_cart_form_location":"","bundle_editable_in_cart":false,"bundle_sold_individually_context":"","bundle_item_grouping":"","bundle_min_size":"","bundle_max_size":"","bundle_price":[],"bundled_items":[],"bundle_sell_ids":[],"exclude_global_add_ons":[],"addons":[],"acf":[],"_links":{"self":[{"href":"https:\/\/ptm-mechatronics.com\/cs\/wp-json\/wp\/v2\/product\/12842","targetHints":{"allow":["GET"]}}],"collection":[{"href":"https:\/\/ptm-mechatronics.com\/cs\/wp-json\/wp\/v2\/product"}],"about":[{"href":"https:\/\/ptm-mechatronics.com\/cs\/wp-json\/wp\/v2\/types\/product"}],"replies":[{"embeddable":true,"href":"https:\/\/ptm-mechatronics.com\/cs\/wp-json\/wp\/v2\/comments?post=12842"}],"wp:featuredmedia":[{"embeddable":true,"href":"https:\/\/ptm-mechatronics.com\/cs\/wp-json\/wp\/v2\/media\/15382"}],"wp:attachment":[{"href":"https:\/\/ptm-mechatronics.com\/cs\/wp-json\/wp\/v2\/media?parent=12842"}],"wp:term":[{"taxonomy":"product_brand","embeddable":true,"href":"https:\/\/ptm-mechatronics.com\/cs\/wp-json\/wp\/v2\/product_brand?post=12842"},{"taxonomy":"product_cat","embeddable":true,"href":"https:\/\/ptm-mechatronics.com\/cs\/wp-json\/wp\/v2\/product_cat?post=12842"},{"taxonomy":"product_tag","embeddable":true,"href":"https:\/\/ptm-mechatronics.com\/cs\/wp-json\/wp\/v2\/product_tag?post=12842"}],"curies":[{"name":"wp","href":"https:\/\/api.w.org\/{rel}","templated":true}]}}