{"id":12776,"date":"2025-01-21T10:18:58","date_gmt":"2025-01-21T09:18:58","guid":{"rendered":"https:\/\/ptm-mechatronics.com\/?post_type=product&#038;p=12776"},"modified":"2026-03-09T11:23:12","modified_gmt":"2026-03-09T10:23:12","slug":"druckluftmotor-atex-pmo1800-mit-anschlussblock","status":"publish","type":"product","link":"https:\/\/ptm-mechatronics.com\/cs\/product\/druckluftmotor-atex-pmo1800-mit-anschlussblock\/","title":{"rendered":"Vzduchov\u00fd motor ATEX, PMO1800 s p\u0159ipojovac\u00edm blokem"},"content":{"rendered":"<div id=\"tab-description\" class=\"woocommerce-Tabs-panel woocommerce-Tabs-panel--description panel entry-content active\" role=\"tabpanel\" aria-labelledby=\"tab-title-description\">\n<div id=\"tab-description\" class=\"woocommerce-Tabs-panel woocommerce-Tabs-panel--description panel entry-content active\" role=\"tabpanel\" aria-labelledby=\"tab-title-description\">\n<p>Pneumatick\u00e9 motory PTM jsou ide\u00e1ln\u00edm \u0159e\u0161en\u00edm pro n\u00e1ro\u010dn\u00e9 pr\u016fmyslov\u00e9 aplikace, kde je nejd\u016fle\u017eit\u011bj\u0161\u00ed robustnost a \u00fa\u010dinnost. D\u00edky sv\u00e9 \u010dist\u011b mechanick\u00e9 konstrukci a p\u016fsobiv\u00e9mu v\u00fdkonu jsou vhodn\u00e9 pro \u0161irokou \u0161k\u00e1lu aplikac\u00ed - od integrace do syst\u00e9m\u016f a stroj\u016f a\u017e po p\u0159esn\u00e9 generov\u00e1n\u00ed rota\u010dn\u00edch a oto\u010dn\u00fdch pohyb\u016f. Integrovan\u00fd p\u0159ipojovac\u00ed blok zaji\u0161\u0165uje del\u0161\u00ed \u017eivotnost v\u00fdrobku pro aplikace v jednom sm\u011bru ot\u00e1\u010den\u00ed (s n\u00e1bojem sm\u011b\u0159uj\u00edc\u00edm proti sm\u011bru hodinov\u00fdch ru\u010di\u010dek).<\/p>\n<h4>P\u0159ehled v\u00fdhod<\/h4>\n<ul>\n<li>Inovativn\u00ed princip radi\u00e1ln\u00edho p\u00edstu: vysok\u00e1 \u00fa\u010dinnost s minim\u00e1ln\u00ed spot\u0159ebou vzduchu v kombinaci s vysok\u00fdm to\u010div\u00fdm momentem.<\/li>\n<li>N\u00e1kladov\u011b efektivn\u00ed alternativa: Modern\u00ed a \u00fasporn\u00e9 \u0159e\u0161en\u00ed ve srovn\u00e1n\u00ed s b\u011b\u017en\u00fdmi lamelov\u00fdmi motory.<\/li>\n<li>Flexibilita pou\u017eit\u00ed: Lze provozovat ve sm\u011bru i proti sm\u011bru hodinov\u00fdch ru\u010di\u010dek, lze nakl\u00e1dat i v klidu.<\/li>\n<li>Kompaktn\u00ed proveden\u00ed: Ide\u00e1ln\u00ed pro pou\u017eit\u00ed i tam, kde je m\u00e1lo m\u00edsta.<\/li>\n<\/ul>\n<h4>Pro bezpe\u010dn\u00e9 pou\u017eit\u00ed v prost\u0159ed\u00ed s nebezpe\u010d\u00edm v\u00fdbuchu<\/h4>\n<p>Model ATEX pneumatick\u00fdch motor\u016f PTM nab\u00edz\u00ed spolehlivou ochranu proti v\u00fdbuchu a spl\u0148uje po\u017eadavky z\u00f3n ATEX 1, 2, 21 a 22, tak\u017ee je ide\u00e1ln\u00ed pro aplikace s kritick\u00fdmi bezpe\u010dnostn\u00edmi po\u017eadavky.<\/p>\n<p>Pneumatick\u00e9 motory PTM v sob\u011b spojuj\u00ed v\u00fdkon, \u00fa\u010dinnost a v\u0161estrannost - ide\u00e1ln\u00ed volba pro modern\u00ed pr\u016fmyslov\u00e9 po\u017eadavky.<\/p>\n<\/div>\n<\/div>","protected":false},"excerpt":{"rendered":"<p>V\u00fdkonn\u00fd vzduchov\u00fd motor, energeticky \u00fa\u010dinn\u00fd, n\u00edzk\u00e1 spot\u0159eba vzduchu, velmi vysok\u00e1 \u00fa\u010dinnost a velmi vysok\u00fd to\u010div\u00fd moment. Bezpe\u010dn\u00e1 ochrana proti v\u00fdbuchu v z\u00f3n\u00e1ch ATEX 1, 2, 21 a 22. Vybaven p\u0159ipojovac\u00edm blokem pro dlouh\u00fd provozn\u00ed v\u00fdkon v jednom sm\u011bru ot\u00e1\u010den\u00ed.<\/p>","protected":false},"featured_media":15312,"comment_status":"open","ping_status":"closed","template":"","meta":{"_acf_changed":false},"product_brand":[],"product_cat":[428,463],"product_tag":[],"class_list":{"0":"post-12776","1":"product","2":"type-product","3":"status-publish","4":"has-post-thumbnail","6":"product_cat-antriebstechnik","7":"product_cat-druckluftmotor-atex","8":"product_shipping_class-karton-paketversand","9":"pa_antriebsart-pneumatisch","10":"pa_antriebswelle-o19mm-mit-passfeder-6n9","11":"pa_atex-zone-122122","12":"pa_dichtung-ptfe","13":"pa_durchmesser-159mm","14":"pa_ex-gas-ex-ii-2-g-ex-h-iic-t5-gb-x","15":"pa_ex-staub-ex-ii-2-d-ex-h-iiic-t100c-db-x","16":"pa_geraeuschpegel-75db","17":"pa_labs-oel-und-silikonfrei","18":"pa_material-gehaeuse-aluminium-eloxiert","19":"pa_model-pmo-1800-ex","20":"pa_schutzart-ip67","21":"pa_steckverschraubung-abluft-schlauch-o12mm","22":"pa_steckverschraubung-zuluft-schlauch-o8mm","23":"pa_versorgung-5-6bar","25":"first","26":"instock","27":"taxable","28":"shipping-taxable","29":"purchasable","30":"product-type-variable"},"bundled_by":[],"bundle_stock_status":"instock","bundle_stock_quantity":null,"bundle_virtual":false,"bundle_layout":"","bundle_add_to_cart_form_location":"","bundle_editable_in_cart":false,"bundle_sold_individually_context":"","bundle_item_grouping":"","bundle_min_size":"","bundle_max_size":"","bundle_price":[],"bundled_items":[],"bundle_sell_ids":[],"exclude_global_add_ons":[],"addons":[],"acf":[],"_links":{"self":[{"href":"https:\/\/ptm-mechatronics.com\/cs\/wp-json\/wp\/v2\/product\/12776","targetHints":{"allow":["GET"]}}],"collection":[{"href":"https:\/\/ptm-mechatronics.com\/cs\/wp-json\/wp\/v2\/product"}],"about":[{"href":"https:\/\/ptm-mechatronics.com\/cs\/wp-json\/wp\/v2\/types\/product"}],"replies":[{"embeddable":true,"href":"https:\/\/ptm-mechatronics.com\/cs\/wp-json\/wp\/v2\/comments?post=12776"}],"wp:featuredmedia":[{"embeddable":true,"href":"https:\/\/ptm-mechatronics.com\/cs\/wp-json\/wp\/v2\/media\/15312"}],"wp:attachment":[{"href":"https:\/\/ptm-mechatronics.com\/cs\/wp-json\/wp\/v2\/media?parent=12776"}],"wp:term":[{"taxonomy":"product_brand","embeddable":true,"href":"https:\/\/ptm-mechatronics.com\/cs\/wp-json\/wp\/v2\/product_brand?post=12776"},{"taxonomy":"product_cat","embeddable":true,"href":"https:\/\/ptm-mechatronics.com\/cs\/wp-json\/wp\/v2\/product_cat?post=12776"},{"taxonomy":"product_tag","embeddable":true,"href":"https:\/\/ptm-mechatronics.com\/cs\/wp-json\/wp\/v2\/product_tag?post=12776"}],"curies":[{"name":"wp","href":"https:\/\/api.w.org\/{rel}","templated":true}]}}