{"id":12698,"date":"2025-01-20T08:08:31","date_gmt":"2025-01-20T07:08:31","guid":{"rendered":"https:\/\/ptm-mechatronics.com\/?post_type=product&#038;p=12698"},"modified":"2026-01-28T14:02:19","modified_gmt":"2026-01-28T13:02:19","slug":"druckluftmotor-basic-pmo450","status":"publish","type":"product","link":"https:\/\/ptm-mechatronics.com\/cs\/product\/druckluftmotor-basic-pmo450\/","title":{"rendered":"Z\u00e1kladn\u00ed pneumatick\u00fd motor, PMO450"},"content":{"rendered":"<p>Pneumatick\u00e9 motory PTM zaujmou svou mimo\u0159\u00e1dn\u011b robustn\u00ed, \u010dist\u011b mechanickou konstrukc\u00ed a v\u00fdjime\u010dn\u00fdm v\u00fdkonem. Lze je pou\u017e\u00edt pro \u0161irokou \u0161k\u00e1lu aplikac\u00ed - a\u0165 u\u017e jako pohon ve stroj\u00edch a syst\u00e9mech, nebo pro generov\u00e1n\u00ed rota\u010dn\u00edch a oto\u010dn\u00fdch pohyb\u016f. D\u00edky sv\u00e9 propracovan\u00e9 konstrukci a inovativn\u00ed technologii p\u0159edstavuj\u00ed modern\u00ed a \u00faspornou alternativu ke konven\u010dn\u00edm lamelov\u00fdm motor\u016fm.<\/p>\n<h4>\u00da\u010dinn\u00e1 technologie radi\u00e1ln\u00edch p\u00edst\u016f<\/h4>\n<p>Pneumatick\u00e9 motory PTM jsou zalo\u017eeny na vysoce \u00fa\u010dinn\u00e9m principu radi\u00e1ln\u00edho p\u00edstu, kter\u00fd se vyzna\u010duje minim\u00e1ln\u00ed spot\u0159ebou vzduchu a p\u016fsobiv\u011b vysokou \u00fa\u010dinnost\u00ed. I v n\u00e1ro\u010dn\u00fdch aplikac\u00edch poskytuj\u00ed motory vynikaj\u00edc\u00ed to\u010div\u00fd moment a z\u016fst\u00e1vaj\u00ed pru\u017en\u00e9 a\u017e do zastaven\u00ed. Provoz je mo\u017en\u00fd jak v protism\u011bru, tak ve sm\u011bru hodinov\u00fdch ru\u010di\u010dek, co\u017e zaru\u010duje maxim\u00e1ln\u00ed flexibilitu.<\/p>\n<h4>Kompaktn\u00ed a p\u0159izp\u016fsobiv\u00fd<\/h4>\n<p>Pneumatick\u00e9 motory PTM lze d\u00edky jejich kompaktn\u00edm rozm\u011br\u016fm snadno integrovat do t\u00e9m\u011b\u0159 ka\u017ed\u00e9 aplikace. Bez probl\u00e9m\u016f zapadaj\u00ed do st\u00e1vaj\u00edc\u00edch syst\u00e9m\u016f a d\u00edky sv\u00fdm mal\u00fdm rozm\u011br\u016fm a vysok\u00e9mu v\u00fdkonu nab\u00edzej\u00ed prostorov\u011b \u00fasporn\u00e9 \u0159e\u0161en\u00ed.<\/p>\n<h4>P\u0159ehled v\u00fdhod:<\/h4>\n<ul>\n<li>Robustn\u00ed, \u010dist\u011b mechanick\u00e1 konstrukce<\/li>\n<li>Vysoce \u00fa\u010dinn\u00e1 technologie radi\u00e1ln\u00edch p\u00edst\u016f pro n\u00edzkou spot\u0159ebu vzduchu<\/li>\n<li>Vysok\u00e1 \u00fa\u010dinnost a vynikaj\u00edc\u00ed to\u010div\u00fd moment<\/li>\n<li>Kompaktn\u00ed rozm\u011bry pro snadnou integraci<\/li>\n<li>Ot\u00e1\u010den\u00ed proti sm\u011bru hodinov\u00fdch ru\u010di\u010dek a ve sm\u011bru hodinov\u00fdch ru\u010di\u010dek a mo\u017enost zat\u00ed\u017een\u00ed v klidu.<\/li>\n<li>T\u0159\u00edda kryt\u00ed IP67: odolnost proti st\u0159\u00edkaj\u00edc\u00ed vod\u011b a pono\u0159en\u00ed do vody<\/li>\n<\/ul>","protected":false},"excerpt":{"rendered":"<p>Z\u00e1kladn\u00ed vzduchov\u00fd motor - \u00faspora energie d\u00edky efektivn\u00ed technologii. Mimo\u0159\u00e1dn\u011b \u00fa\u010dinn\u00fd a v\u00fdkonn\u00fd vzduchov\u00fd motor dosahuje velmi vysok\u00e9 \u00fa\u010dinnosti a velmi vysok\u00e9ho to\u010div\u00e9ho momentu navzdory minim\u00e1ln\u00ed spot\u0159eb\u011b vzduchu.<\/p>","protected":false},"featured_media":15308,"comment_status":"open","ping_status":"closed","template":"","meta":{"_acf_changed":false},"product_brand":[],"product_cat":[428,429],"product_tag":[],"class_list":{"0":"post-12698","1":"product","2":"type-product","3":"status-publish","4":"has-post-thumbnail","6":"product_cat-antriebstechnik","7":"product_cat-druckluftmotor-basic","8":"product_shipping_class-karton-paketversand","9":"pa_antriebsart-pneumatisch","10":"pa_antriebswelle-o14mm-mit-passfeder-5n9","11":"pa_dichtung-nbr","12":"pa_labs-oel-und-silikonfrei","13":"pa_luftanschluesse-2xm6x075","14":"pa_material-gehaeuse-aluminium-eloxiert","15":"pa_model-pmo-450-ba","16":"pa_schutzart-ip67","17":"pa_steckverschraubung-2xschlauch-o6mm","18":"pa_versorgung-5-6bar","20":"first","21":"instock","22":"taxable","23":"shipping-taxable","24":"purchasable","25":"product-type-variable"},"bundled_by":[],"bundle_stock_status":"instock","bundle_stock_quantity":null,"bundle_virtual":false,"bundle_layout":"","bundle_add_to_cart_form_location":"","bundle_editable_in_cart":false,"bundle_sold_individually_context":"","bundle_item_grouping":"","bundle_min_size":"","bundle_max_size":"","bundle_price":[],"bundled_items":[],"bundle_sell_ids":[],"exclude_global_add_ons":[],"addons":[],"acf":[],"_links":{"self":[{"href":"https:\/\/ptm-mechatronics.com\/cs\/wp-json\/wp\/v2\/product\/12698","targetHints":{"allow":["GET"]}}],"collection":[{"href":"https:\/\/ptm-mechatronics.com\/cs\/wp-json\/wp\/v2\/product"}],"about":[{"href":"https:\/\/ptm-mechatronics.com\/cs\/wp-json\/wp\/v2\/types\/product"}],"replies":[{"embeddable":true,"href":"https:\/\/ptm-mechatronics.com\/cs\/wp-json\/wp\/v2\/comments?post=12698"}],"wp:featuredmedia":[{"embeddable":true,"href":"https:\/\/ptm-mechatronics.com\/cs\/wp-json\/wp\/v2\/media\/15308"}],"wp:attachment":[{"href":"https:\/\/ptm-mechatronics.com\/cs\/wp-json\/wp\/v2\/media?parent=12698"}],"wp:term":[{"taxonomy":"product_brand","embeddable":true,"href":"https:\/\/ptm-mechatronics.com\/cs\/wp-json\/wp\/v2\/product_brand?post=12698"},{"taxonomy":"product_cat","embeddable":true,"href":"https:\/\/ptm-mechatronics.com\/cs\/wp-json\/wp\/v2\/product_cat?post=12698"},{"taxonomy":"product_tag","embeddable":true,"href":"https:\/\/ptm-mechatronics.com\/cs\/wp-json\/wp\/v2\/product_tag?post=12698"}],"curies":[{"name":"wp","href":"https:\/\/api.w.org\/{rel}","templated":true}]}}