{"id":12696,"date":"2025-01-16T10:42:58","date_gmt":"2025-01-16T09:42:58","guid":{"rendered":"https:\/\/ptm-mechatronics.com\/?post_type=product&#038;p=12696"},"modified":"2025-11-07T15:53:03","modified_gmt":"2025-11-07T14:53:03","slug":"steckverschraubung-fuer-druckluftmotor-pmo450-900","status":"publish","type":"product","link":"https:\/\/ptm-mechatronics.com\/cs\/product\/steckverschraubung-fuer-druckluftmotor-pmo450-900\/","title":{"rendered":"N\u00e1suvn\u00e9 \u0161rouben\u00ed pro pneumatick\u00fd motor PMO450\/900"},"content":{"rendered":"<p class=\"\" data-start=\"129\" data-end=\"207\">N\u00e1suvn\u00e9 \u0161rouben\u00ed pro pneumatick\u00e9 motory PTM - bezpe\u010dn\u00e9, rychl\u00e9, spolehliv\u00e9<\/p>\n<p class=\"\" data-start=\"209\" data-end=\"529\">Vysoce kvalitn\u00ed n\u00e1suvn\u00e9 \u0161rouben\u00ed pro pneumatick\u00e9 motory PTM zaji\u0161\u0165uje bezpe\u010dn\u00e9 a t\u011bsn\u00e9 spojen\u00ed mezi p\u0159\u00edvodem vzduchu a pohonem. D\u00edky p\u0159esn\u00e9mu ulo\u017een\u00ed a robustn\u00ed konstrukci zaru\u010duje spolehliv\u00fd provoz va\u0161ich syst\u00e9m\u016f stla\u010den\u00e9ho vzduchu - a to i v n\u00e1ro\u010dn\u00fdch pr\u016fmyslov\u00fdch podm\u00ednk\u00e1ch.<\/p>\n<p class=\"\" data-start=\"531\" data-end=\"872\">D\u00edky snadn\u00e9 manipulaci umo\u017e\u0148uje \u0161rouben\u00ed push-in rychl\u00e9 p\u0159ipojen\u00ed bez pou\u017eit\u00ed dal\u0161\u00edch n\u00e1stroj\u016f, a je proto ide\u00e1ln\u00ed pro \u00fadr\u017ebu, v\u00fdm\u011bnu nebo flexibiln\u00ed instalaci. Je dokonale p\u0159izp\u016fsobeno pro p\u0159ipojen\u00ed pneumatick\u00fdch motor\u016f PTM a p\u0159esv\u011bd\u010d\u00ed svou odolnost\u00ed, t\u011bsnost\u00ed a vysokou procesn\u00ed spolehlivost\u00ed.<\/p>\n<p class=\"\" data-start=\"874\" data-end=\"905\">P\u0159ehled v\u00fdhod:<\/p>\n<ul>\n<li data-start=\"908\" data-end=\"942\">Vhodn\u00e9 pro pneumatick\u00e9 motory PTM<\/li>\n<li data-start=\"908\" data-end=\"942\">Mont\u00e1\u017e bez pou\u017eit\u00ed n\u00e1\u0159ad\u00ed<\/li>\n<li data-start=\"908\" data-end=\"942\">Bezpe\u010dn\u00e9 p\u0159ipojen\u00ed vzduchu<\/li>\n<li data-start=\"908\" data-end=\"942\">Robustn\u00ed pr\u016fmyslov\u00e1 kvalita<\/li>\n<li data-start=\"908\" data-end=\"942\">Vysok\u00fd t\u011bsnic\u00ed v\u00fdkon<\/li>\n<li data-start=\"908\" data-end=\"942\">Snadn\u00e1 \u00fadr\u017eba<\/li>\n<\/ul>","protected":false},"excerpt":{"rendered":"<p>Dv\u011b n\u00e1suvn\u00e9 spojky pro hadice o pr\u016fm\u011bru 6 mm, z\u00e1vit M6x0,75. Bezpe\u010dn\u00e9, t\u011bsn\u00e9 a bezn\u00e1strojov\u00e9 p\u0159ipojen\u00ed k p\u0159\u00edvodu vzduchu, ide\u00e1ln\u00ed pro rychlou a spolehlivou instalaci v pr\u016fmyslov\u00fdch aplikac\u00edch.<\/p>","protected":false},"featured_media":15486,"comment_status":"open","ping_status":"closed","template":"","meta":{"_acf_changed":false},"product_brand":[],"product_cat":[2745,1906],"product_tag":[2759,2760,2761,2762,2763,2764,2765,2766,2757,2758],"class_list":{"0":"post-12696","1":"product","2":"type-product","3":"status-publish","4":"has-post-thumbnail","6":"product_cat-ersatzteile","7":"product_cat-zubehoer-druckluftmotor","8":"product_tag-ptm-luftanschluss","9":"product_tag-steckkupplung-druckluftmotor","10":"product_tag-ptm-verbindungstechnik","11":"product_tag-druckluftanschluss-motor","12":"product_tag-pneumatik-steckverschraubung","13":"product_tag-schnellkupplung-ptm","14":"product_tag-zubehoer-ptm-antrieb","15":"product_tag-druckluftverschraubung-kaufen","16":"product_tag-steckverschraubung-ptm","17":"product_tag-druckluftmotor-anschluss","18":"product_shipping_class-karton-paketversand","20":"first","21":"instock","22":"taxable","23":"shipping-taxable","24":"purchasable","25":"product-type-simple"},"bundled_by":[],"bundle_stock_status":"instock","bundle_stock_quantity":null,"bundle_virtual":false,"bundle_layout":"","bundle_add_to_cart_form_location":"","bundle_editable_in_cart":false,"bundle_sold_individually_context":"","bundle_item_grouping":"","bundle_min_size":"","bundle_max_size":"","bundle_price":[],"bundled_items":[],"bundle_sell_ids":[],"exclude_global_add_ons":[],"addons":[],"acf":[],"_links":{"self":[{"href":"https:\/\/ptm-mechatronics.com\/cs\/wp-json\/wp\/v2\/product\/12696","targetHints":{"allow":["GET"]}}],"collection":[{"href":"https:\/\/ptm-mechatronics.com\/cs\/wp-json\/wp\/v2\/product"}],"about":[{"href":"https:\/\/ptm-mechatronics.com\/cs\/wp-json\/wp\/v2\/types\/product"}],"replies":[{"embeddable":true,"href":"https:\/\/ptm-mechatronics.com\/cs\/wp-json\/wp\/v2\/comments?post=12696"}],"wp:featuredmedia":[{"embeddable":true,"href":"https:\/\/ptm-mechatronics.com\/cs\/wp-json\/wp\/v2\/media\/15486"}],"wp:attachment":[{"href":"https:\/\/ptm-mechatronics.com\/cs\/wp-json\/wp\/v2\/media?parent=12696"}],"wp:term":[{"taxonomy":"product_brand","embeddable":true,"href":"https:\/\/ptm-mechatronics.com\/cs\/wp-json\/wp\/v2\/product_brand?post=12696"},{"taxonomy":"product_cat","embeddable":true,"href":"https:\/\/ptm-mechatronics.com\/cs\/wp-json\/wp\/v2\/product_cat?post=12696"},{"taxonomy":"product_tag","embeddable":true,"href":"https:\/\/ptm-mechatronics.com\/cs\/wp-json\/wp\/v2\/product_tag?post=12696"}],"curies":[{"name":"wp","href":"https:\/\/api.w.org\/{rel}","templated":true}]}}