{"id":12494,"date":"2024-11-14T11:06:50","date_gmt":"2024-11-14T10:06:50","guid":{"rendered":"https:\/\/ptm-mechatronics.com\/?post_type=product&#038;p=12494"},"modified":"2025-11-07T15:56:13","modified_gmt":"2025-11-07T14:56:13","slug":"elektrisches-ruehrwerk-mit-traverse-fuer-ibc-container","status":"publish","type":"product","link":"https:\/\/ptm-mechatronics.com\/cs\/product\/elektrisches-ruehrwerk-mit-traverse-fuer-ibc-container\/","title":{"rendered":"Elektrick\u00e9 m\u00edchadlo s pojezdem pro IBC a kontejnery"},"content":{"rendered":"<p>Elektrick\u00e9 m\u00edchadlo pro IBC a kontejnery - flexibiln\u00ed, v\u00fdkonn\u00e9 a snadno ovladateln\u00e9<\/p>\n<p>Na\u0161e elektrick\u00e1 m\u00edchadla pro IBC a kontejnery zaujmou snadnou manipulac\u00ed a robustn\u00ed kvalitou. D\u00edky praktick\u00e9 p\u0159\u00ed\u010dce z vysoce kvalitn\u00ed nerezov\u00e9 oceli V4A (1.4404) m\u016f\u017eete m\u00edchadlo rychle a bezpe\u010dn\u011b p\u0159ipevnit k n\u00e1dob\u011b. D\u00edky dv\u011bma rychloup\u00ednac\u00edm svork\u00e1m je instalace hotov\u00e1 b\u011bhem n\u011bkolika sekund!<\/p>\n<p>Pojezd je flexibiln\u011b nastaviteln\u00fd a vhodn\u00fd pro IBC kontejnery o objemu 600 a\u017e 1200 litr\u016f. M\u00edchadlo se dod\u00e1v\u00e1 kompletn\u011b p\u0159ipraven\u00e9 k pou\u017eit\u00ed, v\u010detn\u011b odpov\u00eddaj\u00edc\u00ed m\u00edchac\u00ed h\u0159\u00eddele a speci\u00e1ln\u011b navr\u017een\u00e9ho v\u00fdkyvn\u00e9ho m\u00edchadla eco-Cup, rovn\u011b\u017e vyroben\u00e9ho z odoln\u00e9 nerezov\u00e9 oceli V4A (1.4404).<\/p>\n<p>Voliteln\u011b lze ot\u00e1\u010dky p\u0159esn\u011b a pohodln\u011b regulovat a ode\u010d\u00edtat pomoc\u00ed frekven\u010dn\u00edho m\u011bni\u010de s ochrann\u00fdm obvodem motoru a nouzov\u00fdm zastaven\u00edm. P\u0159edmontovan\u00e1 oka pro vysokozdvi\u017en\u00fd voz\u00edk zaji\u0161\u0165uj\u00ed nekomplikovanou p\u0159epravu a jsou ide\u00e1ln\u00ed pro pou\u017eit\u00ed s vysokozdvi\u017en\u00fdm voz\u00edkem.<\/p>\n<h3 data-start=\"1337\" data-end=\"1549\"><span class=\"_fadeIn_m1hgl_8\">Va\u0161e mo\u017enosti:<\/span><\/h3>\n<p>T\u0159i \u00farovn\u011b v\u00fdkonu podle va\u0161ich po\u017eadavk\u016f:<\/p>\n<ul>\n<li>Pro kapaliny s viskozitou do 2 000 mPas.<\/li>\n<li>Pro kapaliny do viskozity 10 000 mPas.<\/li>\n<li>Pro kapaliny do viskozity 50 000 mPas.<\/li>\n<\/ul>\n<p>Syst\u00e9m rychl\u00e9 v\u00fdm\u011bny h\u0159\u00eddele m\u00edchadla:<br \/>\nNa\u0161e <a href=\"https:\/\/youtu.be\/TjagGW4DoyA?feature=shared\" target=\"_blank\" rel=\"noopener\">rychlov\u00fdm\u011bnn\u00fd syst\u00e9m eco-Quick<\/a> nab\u00edz\u00ed rychlou a \u010distou v\u00fdm\u011bnu h\u0159\u00eddele m\u00edchadla b\u011bhem n\u011bkolika sekund bez pou\u017eit\u00ed dal\u0161\u00edho n\u00e1\u0159ad\u00ed.<\/p>\n<p>Frekven\u010dn\u00ed m\u011bni\u010d:<br \/>\nVyberte si frekven\u010dn\u00ed m\u011bni\u010d, kter\u00fd se montuje p\u0159\u00edmo na spot\u0159ebi\u010d, nebo m\u011bni\u010d, kter\u00fd lze namontovat na ze\u010f na m\u00edst\u011b.<\/p>\n<p>D\u016fle\u017eit\u00e9 upozorn\u011bn\u00ed:<br \/>\nProto\u017ee kontejnery IBC nejsou standardizovan\u00e9, \u017e\u00e1d\u00e1me v\u00e1s, abyste si p\u0159edem pe\u010dliv\u011b zkontrolovali rozm\u011bry kontejner\u016f. V p\u0159\u00edpad\u011b jak\u00fdchkoli dotaz\u016f n\u00e1s nev\u00e1hejte kontaktovat - r\u00e1di v\u00e1m osobn\u011b porad\u00edme!<\/p>\n<p>Rozsah dod\u00e1vky:<br \/>\nM\u00edchadlo se dod\u00e1v\u00e1 bez n\u00e1doby.<\/p>","protected":false},"excerpt":{"rendered":"<p>V\u00fdkonn\u00e9 m\u00edchadlo IBC pln\u011b vybaven\u00e9 m\u00edchac\u00ed h\u0159\u00eddel\u00ed, m\u00edchac\u00edm prvkem a pojezdem. Elektromotor je k dispozici ve t\u0159ech v\u00fdkonov\u00fdch variant\u00e1ch.<\/p>","protected":false},"featured_media":15481,"comment_status":"open","ping_status":"closed","template":"","meta":{"_acf_changed":false},"product_brand":[],"product_cat":[614,595],"product_tag":[],"class_list":{"0":"post-12494","1":"product","2":"type-product","3":"status-publish","4":"has-post-thumbnail","6":"product_cat-containerruehrwerke","7":"product_cat-ruehrwerkstechnik","8":"product_shipping_class-europalette-speditionsversand","9":"pa_antriebsart-elektrisch","10":"pa_behaeltervolumen-ibc","11":"pa_durchmesser-ruehrwelle-25mm","12":"pa_frequenzumrichter-ohne","13":"pa_frequenzumrichter-am-geraet","14":"pa_frequenzumrichter-zur-wandmontage","15":"pa_geeignete-ibc-groessen-600-1200-liter","16":"pa_laenge-ruehrwelle-ca-795mm-ab-deckeloberkante","17":"pa_material-traverse-v4a-edelstahl-1-4404","18":"pa_motorart-stirnradgetriebemotor","19":"pa_motorgroessen-0-411-1-min-15kw-32nm-bis-2-000mpas","20":"pa_motorgroessen-0-245-1-min-15kw-58nm-bis-10-000mpas","21":"pa_motorgroessen-0-337-1-min-3kw-85nm-bis-50-000mpas","22":"pa_ruehrorgan-becherruehrorgan-eco-cup-500mm","23":"pa_schaltart-dreieck-stern","24":"pa_schnellwechselsystem-mit-gewindeverbindung","25":"pa_schnellwechselsystem-mit-schnellwechselsystem","26":"pa_typ-traversenruehrwerk","28":"first","29":"instock","30":"taxable","31":"shipping-taxable","32":"purchasable","33":"product-type-variable"},"bundled_by":[],"bundle_stock_status":"instock","bundle_stock_quantity":null,"bundle_virtual":false,"bundle_layout":"","bundle_add_to_cart_form_location":"","bundle_editable_in_cart":false,"bundle_sold_individually_context":"","bundle_item_grouping":"","bundle_min_size":"","bundle_max_size":"","bundle_price":[],"bundled_items":[],"bundle_sell_ids":[],"exclude_global_add_ons":[],"addons":[],"acf":[],"_links":{"self":[{"href":"https:\/\/ptm-mechatronics.com\/cs\/wp-json\/wp\/v2\/product\/12494","targetHints":{"allow":["GET"]}}],"collection":[{"href":"https:\/\/ptm-mechatronics.com\/cs\/wp-json\/wp\/v2\/product"}],"about":[{"href":"https:\/\/ptm-mechatronics.com\/cs\/wp-json\/wp\/v2\/types\/product"}],"replies":[{"embeddable":true,"href":"https:\/\/ptm-mechatronics.com\/cs\/wp-json\/wp\/v2\/comments?post=12494"}],"wp:featuredmedia":[{"embeddable":true,"href":"https:\/\/ptm-mechatronics.com\/cs\/wp-json\/wp\/v2\/media\/15481"}],"wp:attachment":[{"href":"https:\/\/ptm-mechatronics.com\/cs\/wp-json\/wp\/v2\/media?parent=12494"}],"wp:term":[{"taxonomy":"product_brand","embeddable":true,"href":"https:\/\/ptm-mechatronics.com\/cs\/wp-json\/wp\/v2\/product_brand?post=12494"},{"taxonomy":"product_cat","embeddable":true,"href":"https:\/\/ptm-mechatronics.com\/cs\/wp-json\/wp\/v2\/product_cat?post=12494"},{"taxonomy":"product_tag","embeddable":true,"href":"https:\/\/ptm-mechatronics.com\/cs\/wp-json\/wp\/v2\/product_tag?post=12494"}],"curies":[{"name":"wp","href":"https:\/\/api.w.org\/{rel}","templated":true}]}}