{"id":10475,"date":"2024-07-16T09:34:35","date_gmt":"2024-07-16T07:34:35","guid":{"rendered":"https:\/\/ptm-mechatronics.com\/?post_type=product&#038;p=10475"},"modified":"2025-11-07T15:52:44","modified_gmt":"2025-11-07T14:52:44","slug":"ruehrwerk-fuer-schuetz-impeller-system-antrieb-atex-zone-1","status":"publish","type":"product","link":"https:\/\/ptm-mechatronics.com\/cs\/product\/ruehrwerk-fuer-schuetz-impeller-system-antrieb-atex-zone-1\/","title":{"rendered":"M\u00edchadlo pro syst\u00e9m ob\u011b\u017en\u00fdch kol se styka\u010dem - pohon pro z\u00f3nu ATEX 1"},"content":{"rendered":"<p>Na\u0161e m\u00edchadla pro ob\u011b\u017en\u00e1 kola Sch\u00fctz se skl\u00e1daj\u00ed z v\u00fdkonn\u00e9ho pneumatick\u00e9ho pohonu, p\u0159\u00ed\u010dn\u00e9ho nosn\u00edku z vysoce kvalitn\u00ed nerezov\u00e9 oceli V4A 1.4404 a mont\u00e1\u017en\u00edho prostoru pro upevn\u011bn\u00ed h\u0159\u00eddele m\u00edchadla k pohonu pomoc\u00ed na\u0161eho patentovan\u00e9ho syst\u00e9mu. <a href=\"https:\/\/ptm-mechatronics.com\/cs\/schnelle-saubere-prozesswechsel\/\" target=\"_blank\" rel=\"noopener\">rychlov\u00fdm\u011bnn\u00fd syst\u00e9m eco-Quick<\/a>.<\/p>\n<p>M\u00edchadlo m\u016f\u017eete k n\u00e1dob\u011b snadno p\u0159ipevnit pomoc\u00ed dvou rychloup\u00ednac\u00edch svorek na p\u0159\u00ed\u010dn\u00edku. H\u0159\u00eddel m\u00edchadla (v obchod\u011b jsou k dispozici t\u0159i r\u016fzn\u00e9 d\u00e9lky, viz p\u0159\u00edslu\u0161enstv\u00ed) pak lze p\u0159ipojit p\u0159es mont\u00e1\u017en\u00ed prostor s krytem. D\u00edky na\u0161emu rychlov\u00fdm\u011bnn\u00e9mu syst\u00e9mu eco-Quick k tomu nepot\u0159ebujete \u017e\u00e1dn\u00e9 n\u00e1\u0159ad\u00ed. Syst\u00e9m eco-Quick lze jedn\u00edm pohybem otev\u0159\u00edt a po vlo\u017een\u00ed h\u0159\u00eddele m\u00edchadla zav\u0159\u00edt. Va\u0161e m\u00edchadlo je po p\u0159ipojen\u00ed vzduchu p\u0159ipraveno k pou\u017eit\u00ed.<\/p>\n<p>Rozsah dod\u00e1vky bez n\u00e1doby ob\u011b\u017en\u00e9ho kola styka\u010de, bez h\u0159\u00eddele m\u00edchadla<\/p>","protected":false},"excerpt":{"rendered":"<p>V\u00fdkonn\u00e9 m\u00edchadlo IBC pln\u011b vybaven\u00e9 p\u0159\u00ed\u010dn\u00fdm nosn\u00edkem z vysoce kvalitn\u00ed nerezov\u00e9 oceli s mont\u00e1\u017en\u00edm prostorem, certifikovan\u00e9 pro z\u00f3nu ATEX 1.<\/p>","protected":false},"featured_media":15477,"comment_status":"open","ping_status":"closed","template":"","meta":{"_acf_changed":false},"product_brand":[],"product_cat":[595,614],"product_tag":[],"class_list":{"0":"post-10475","1":"product","2":"type-product","3":"status-publish","4":"has-post-thumbnail","6":"product_cat-ruehrwerkstechnik","7":"product_cat-containerruehrwerke","8":"product_shipping_class-karton-paketversand","9":"pa_antriebsart-pneumatisch","10":"pa_atex-zone-122122","11":"pa_behaeltervolumen-ibc","12":"pa_dichtung-ptfe","13":"pa_drehmoment-32nm","14":"pa_drehzahl-0-300-1-min","15":"pa_ex-gas-ex-ii-2-g-ex-h-iic-t5-gb-x","16":"pa_ex-staub-ex-ii-2-d-ex-h-iiic-t100c-db-x","17":"pa_geeignete-ibc-groessen-600-1200-liter","18":"pa_geraeuschpegel-75db","19":"pa_labs-oel-und-silikonfrei","20":"pa_material-gehaeuse-aluminium-eloxiert","21":"pa_material-traverse-v4a-edelstahl-1-4404","22":"pa_mittlerer-luftverbrauch-200l-min","23":"pa_schutzart-ip67","24":"pa_steckverschraubung-abluft-schlauch-o12mm","25":"pa_steckverschraubung-zuluft-schlauch-o8mm","26":"pa_typ-traversenruehrwerk","27":"pa_versorgung-5-6bar","29":"first","30":"instock","31":"taxable","32":"shipping-taxable","33":"purchasable","34":"product-type-simple"},"bundled_by":[],"bundle_stock_status":"instock","bundle_stock_quantity":null,"bundle_virtual":false,"bundle_layout":"","bundle_add_to_cart_form_location":"","bundle_editable_in_cart":false,"bundle_sold_individually_context":"","bundle_item_grouping":"","bundle_min_size":"","bundle_max_size":"","bundle_price":[],"bundled_items":[],"bundle_sell_ids":[],"exclude_global_add_ons":[],"addons":[],"acf":[],"_links":{"self":[{"href":"https:\/\/ptm-mechatronics.com\/cs\/wp-json\/wp\/v2\/product\/10475","targetHints":{"allow":["GET"]}}],"collection":[{"href":"https:\/\/ptm-mechatronics.com\/cs\/wp-json\/wp\/v2\/product"}],"about":[{"href":"https:\/\/ptm-mechatronics.com\/cs\/wp-json\/wp\/v2\/types\/product"}],"replies":[{"embeddable":true,"href":"https:\/\/ptm-mechatronics.com\/cs\/wp-json\/wp\/v2\/comments?post=10475"}],"wp:featuredmedia":[{"embeddable":true,"href":"https:\/\/ptm-mechatronics.com\/cs\/wp-json\/wp\/v2\/media\/15477"}],"wp:attachment":[{"href":"https:\/\/ptm-mechatronics.com\/cs\/wp-json\/wp\/v2\/media?parent=10475"}],"wp:term":[{"taxonomy":"product_brand","embeddable":true,"href":"https:\/\/ptm-mechatronics.com\/cs\/wp-json\/wp\/v2\/product_brand?post=10475"},{"taxonomy":"product_cat","embeddable":true,"href":"https:\/\/ptm-mechatronics.com\/cs\/wp-json\/wp\/v2\/product_cat?post=10475"},{"taxonomy":"product_tag","embeddable":true,"href":"https:\/\/ptm-mechatronics.com\/cs\/wp-json\/wp\/v2\/product_tag?post=10475"}],"curies":[{"name":"wp","href":"https:\/\/api.w.org\/{rel}","templated":true}]}}