{"id":10450,"date":"2024-07-08T10:20:45","date_gmt":"2024-07-08T08:20:45","guid":{"rendered":"https:\/\/ptm-mechatronics.com\/?post_type=product&#038;p=10450"},"modified":"2025-11-07T15:52:39","modified_gmt":"2025-11-07T14:52:39","slug":"deckel-eco-cap-10-fuer-10-20-liter-eimer","status":"publish","type":"product","link":"https:\/\/ptm-mechatronics.com\/cs\/product\/deckel-eco-cap-10-fuer-10-20-liter-eimer\/","title":{"rendered":"V\u00edko eco-Cap 10 pro 10-20litrov\u00e9 kbel\u00edky"},"content":{"rendered":"<h1 data-start=\"252\" data-end=\"323\"><span style=\"font-size: 75%;\"><span class=\"_fadeIn_m1hgl_8\">V\u00edko z nerezov\u00e9 oceli <\/span><span class=\"_fadeIn_m1hgl_8\">s <\/span><span class=\"_fadeIn_m1hgl_8\">Up\u00ednac\u00ed za\u0159\u00edzen\u00ed - <\/span><span class=\"_fadeIn_m1hgl_8\">bezpe\u010dn\u00e9, <\/span><span class=\"_fadeIn_m1hgl_8\">flexibiln\u00ed, <\/span><span class=\"_fadeIn_m1hgl_8\">vysok\u00e1 kvalita<\/span><\/span><\/h1>\n<p data-start=\"325\" data-end=\"630\"><span class=\"_fadeIn_m1hgl_8\">Tento <\/span><span class=\"_fadeIn_m1hgl_8\">vysok\u00e1 kvalita <\/span><span class=\"_fadeIn_m1hgl_8\">V\u00edko <\/span><span class=\"_fadeIn_m1hgl_8\">z <\/span><span class=\"_fadeIn_m1hgl_8\">V4A <\/span><span class=\"_fadeIn_m1hgl_8\">Nerezov\u00e1 ocel (<\/span><span class=\"_fadeIn_m1hgl_8\">1.4404)<\/span> <span class=\"_fadeIn_m1hgl_8\">byl <\/span><span class=\"_fadeIn_m1hgl_8\">zejm\u00e9na <\/span><span class=\"_fadeIn_m1hgl_8\">pro <\/span><span class=\"_fadeIn_m1hgl_8\">na <\/span><span class=\"_fadeIn_m1hgl_8\">bezpe\u010dn\u00fd <\/span><span class=\"_fadeIn_m1hgl_8\">Pou\u017eijte <\/span><span class=\"_fadeIn_m1hgl_8\">na adrese <\/span><span class=\"_fadeIn_m1hgl_8\">M\u00edchac\u00ed sudy <\/span><span class=\"_fadeIn_m1hgl_8\">a <\/span><span class=\"_fadeIn_m1hgl_8\">M\u00edchac\u00ed n\u00e1doby<\/span> <span class=\"_fadeIn_m1hgl_8\">navr\u017een. <\/span><span class=\"_fadeIn_m1hgl_8\">Na str\u00e1nk\u00e1ch <\/span><span class=\"_fadeIn_m1hgl_8\">robustn\u00ed <\/span><span class=\"_fadeIn_m1hgl_8\">a <\/span><span class=\"_fadeIn_m1hgl_8\">odolnost proti korozi <\/span><span class=\"_fadeIn_m1hgl_8\">Proveden\u00ed<\/span> <span class=\"_fadeIn_m1hgl_8\">vhodn\u00e9 <\/span><span class=\"_fadeIn_m1hgl_8\">s\u00e1m <\/span><span class=\"_fadeIn_m1hgl_8\">ide\u00e1ln\u00ed <\/span><span class=\"_fadeIn_m1hgl_8\">pro <\/span><span class=\"_fadeIn_m1hgl_8\">kritick\u00e9 z hlediska hygieny <\/span><span class=\"_fadeIn_m1hgl_8\">Aplikace <\/span><span class=\"_fadeIn_m1hgl_8\">na adrese <\/span><span class=\"_fadeIn_m1hgl_8\">na <\/span><span class=\"_fadeIn_m1hgl_8\">Potraviny, <\/span><span class=\"_fadeIn_m1hgl_8\">Farmaceutick\u00e9 <\/span><span class=\"_fadeIn_m1hgl_8\">a <\/span><span class=\"_fadeIn_m1hgl_8\">Chemick\u00fd pr\u016fmysl<\/span><span class=\"_fadeIn_m1hgl_8\">.<\/span><\/p>\n<p data-start=\"632\" data-end=\"987\"><span class=\"_fadeIn_m1hgl_8\">Vybaven\u00ed <\/span><span class=\"_fadeIn_m1hgl_8\">s <\/span><span class=\"_fadeIn_m1hgl_8\">dva <\/span><span class=\"_fadeIn_m1hgl_8\">flexibiln\u00ed <\/span><span class=\"_fadeIn_m1hgl_8\">Up\u00ednac\u00ed za\u0159\u00edzen\u00ed<\/span><span class=\"_fadeIn_m1hgl_8\">, <\/span><span class=\"_fadeIn_m1hgl_8\">umo\u017e\u0148uje <\/span><span class=\"_fadeIn_m1hgl_8\">na <\/span><span class=\"_fadeIn_m1hgl_8\">V\u00edko <\/span><span class=\"_fadeIn_m1hgl_8\">jeden <\/span><span class=\"_fadeIn_m1hgl_8\">stabiln\u00ed <\/span><span class=\"_fadeIn_m1hgl_8\">a <\/span><span class=\"_fadeIn_m1hgl_8\">bezpe\u010dn\u00fd <\/span><span class=\"_fadeIn_m1hgl_8\">Fixace<\/span> <span class=\"_fadeIn_m1hgl_8\">na adrese <\/span><span class=\"_fadeIn_m1hgl_8\">Sudy <\/span><span class=\"_fadeIn_m1hgl_8\">s <\/span><span class=\"_fadeIn_m1hgl_8\">jeden <\/span><span class=\"_fadeIn_m1hgl_8\">Pr\u016fm\u011br <\/span><span class=\"_fadeIn_m1hgl_8\">z <\/span><span class=\"_fadeIn_m1hgl_8\">230 <\/span><span class=\"_fadeIn_m1hgl_8\">do <\/span><span class=\"_fadeIn_m1hgl_8\">300 <\/span><span class=\"_fadeIn_m1hgl_8\">mm<\/span><span class=\"_fadeIn_m1hgl_8\">. <\/span><span class=\"_fadeIn_m1hgl_8\">Na str\u00e1nk\u00e1ch <\/span><span class=\"_fadeIn_m1hgl_8\">nastaviteln\u00fd <\/span><span class=\"_fadeIn_m1hgl_8\">Up\u00ednac\u00ed mechanismus <\/span><span class=\"_fadeIn_m1hgl_8\">poskytuje <\/span><span class=\"_fadeIn_m1hgl_8\">pro <\/span><span class=\"_fadeIn_m1hgl_8\">jeden <\/span><span class=\"_fadeIn_m1hgl_8\">pevn\u00e9 <\/span><span class=\"_fadeIn_m1hgl_8\">Seda\u010dka <\/span><span class=\"_fadeIn_m1hgl_8\">a <\/span><span class=\"_fadeIn_m1hgl_8\">hod\u00ed se na <\/span><span class=\"_fadeIn_m1hgl_8\">s\u00e1m <\/span><span class=\"_fadeIn_m1hgl_8\">r\u016fzn\u00e9 <\/span><span class=\"_fadeIn_m1hgl_8\">Velikosti kontejner\u016f <\/span><span class=\"_fadeIn_m1hgl_8\">bezprobl\u00e9mov\u00e9 <\/span><span class=\"_fadeIn_m1hgl_8\">na - <\/span><span class=\"_fadeIn_m1hgl_8\">ide\u00e1ln\u00ed <\/span><span class=\"_fadeIn_m1hgl_8\">pro <\/span><span class=\"_fadeIn_m1hgl_8\">zm\u011bna <\/span><span class=\"_fadeIn_m1hgl_8\">Velikosti kontejner\u016f <\/span><span class=\"_fadeIn_m1hgl_8\">a <\/span><span class=\"_fadeIn_m1hgl_8\">mobiln\u00ed <\/span><span class=\"_fadeIn_m1hgl_8\">Aplikace.<\/span><\/p>\n<p data-start=\"989\" data-end=\"1020\"><span class=\"_fadeIn_m1hgl_8\">V\u00fdhody <\/span><span class=\"_fadeIn_m1hgl_8\">na adrese <\/span><span class=\"_fadeIn_m1hgl_8\">jeden <\/span><span class=\"_fadeIn_m1hgl_8\">Pohled:<\/span><\/p>\n<ul>\n<li data-start=\"1023\" data-end=\"1062\"><span class=\"_fadeIn_m1hgl_8\">Z <\/span><span class=\"_fadeIn_m1hgl_8\">vysok\u00e1 kvalita <\/span><span class=\"_fadeIn_m1hgl_8\">V4A <\/span><span class=\"_fadeIn_m1hgl_8\">Nerezov\u00e1 ocel <\/span><span class=\"_fadeIn_m1hgl_8\">1.4404F<\/span><\/li>\n<li data-start=\"1023\" data-end=\"1062\"><span class=\"_fadeIn_m1hgl_8\">v\u00edce lexibiln\u00ed <\/span><span class=\"_fadeIn_m1hgl_8\">Rozsah up\u00edn\u00e1n\u00ed: <\/span><span class=\"_fadeIn_m1hgl_8\">230-<\/span><span class=\"_fadeIn_m1hgl_8\">300 mm<\/span><\/li>\n<li data-start=\"1023\" data-end=\"1062\"><span class=\"_fadeIn_m1hgl_8\">Dva <\/span><span class=\"_fadeIn_m1hgl_8\">Up\u00ednac\u00ed za\u0159\u00edzen\u00ed <\/span><span class=\"_fadeIn_m1hgl_8\">pro <\/span><span class=\"_fadeIn_m1hgl_8\">bezpe\u010dn\u00fd <\/span><span class=\"_fadeIn_m1hgl_8\">Zastavte<\/span><\/li>\n<li data-start=\"1023\" data-end=\"1062\"><span class=\"_fadeIn_m1hgl_8\">Odolnost proti korozi <\/span><span class=\"_fadeIn_m1hgl_8\">a <\/span><span class=\"_fadeIn_m1hgl_8\">Hygienick\u00e9<\/span><\/li>\n<li data-start=\"1023\" data-end=\"1062\"><span class=\"_fadeIn_m1hgl_8\">Ide\u00e1ln\u00ed <\/span><span class=\"_fadeIn_m1hgl_8\">pro <\/span><span class=\"_fadeIn_m1hgl_8\">Pr\u016fmysl, <\/span><span class=\"_fadeIn_m1hgl_8\">Laborato\u0159 <\/span><span class=\"_fadeIn_m1hgl_8\">a <\/span><span class=\"_fadeIn_m1hgl_8\">V\u00fdroba<\/span><\/li>\n<li data-start=\"1023\" data-end=\"1062\"><span class=\"_fadeIn_m1hgl_8\">Kompatibiln\u00ed <\/span><span class=\"_fadeIn_m1hgl_8\">s <\/span><span class=\"_fadeIn_m1hgl_8\">Agit\u00e1tory <\/span><span class=\"_fadeIn_m1hgl_8\">a <\/span><span class=\"_fadeIn_m1hgl_8\">Sestavy v\u00edka<\/span><\/li>\n<li data-start=\"1023\" data-end=\"1062\"><span class=\"_fadeIn_m1hgl_8\">Pro <\/span><span class=\"_fadeIn_m1hgl_8\">zm\u011bna <\/span><span class=\"_fadeIn_m1hgl_8\">Pr\u016fm\u011br hlavn\u011b <\/span><span class=\"_fadeIn_m1hgl_8\">vhodn\u00e9<\/span><\/li>\n<\/ul>","protected":false},"excerpt":{"rendered":"<p><span class=\"_fadeIn_m1hgl_8\">Kryt z nerezov\u00e9 oceli V4A <\/span><span class=\"_fadeIn_m1hgl_8\">s <\/span><span class=\"_fadeIn_m1hgl_8\">flexibiln\u00ed <\/span><span class=\"_fadeIn_m1hgl_8\">Up\u00ednac\u00ed za\u0159\u00edzen\u00ed <\/span><span class=\"_fadeIn_m1hgl_8\">pro <\/span><span class=\"_fadeIn_m1hgl_8\">Sudy <\/span><span class=\"_fadeIn_m1hgl_8\">s <\/span><span class=\"_fadeIn_m1hgl_8\">230-<\/span><span class=\"_fadeIn_m1hgl_8\">300 mm <\/span><span class=\"_fadeIn_m1hgl_8\">pr\u016fm\u011br (10-20litrov\u00e9 kbel\u00edky nebo 25kilogramov\u00e9 va\u0159e\u010dky).<\/span><\/p>","protected":false},"featured_media":15470,"comment_status":"open","ping_status":"closed","template":"","meta":{"_acf_changed":false},"product_brand":[],"product_cat":[594,595,612],"product_tag":[2926,2927,2915,2919,2920,2921,2922,2923,2924,2925],"class_list":{"0":"post-10450","1":"product","2":"type-product","3":"status-publish","4":"has-post-thumbnail","6":"product_cat-zubehoer","7":"product_cat-ruehrwerkstechnik","8":"product_cat-kleingebinderuehrwerke","9":"product_tag-deckel-mit-spannmechanismus","10":"product_tag-industrie-edelstahldeckel","11":"product_tag-hygienischer-fassdeckel","12":"product_tag-edelstahldeckel-v4a","13":"product_tag-deckel-ruehrfass-edelstahl","14":"product_tag-spannvorrichtung-deckel","15":"product_tag-deckel-mit-variabler-spannweite","16":"product_tag-ruehrwerksdeckel-edelstahl","17":"product_tag-edelstahl-deckel-230-300-mm","18":"product_tag-deckel-fuer-mischbehaelter","19":"product_shipping_class-karton-paketversand","20":"pa_behaeltervolumen-10-20-liter","21":"pa_mgl-fassdurchmesser-230-300mm","23":"first","24":"instock","25":"taxable","26":"shipping-taxable","27":"purchasable","28":"product-type-simple"},"bundled_by":[],"bundle_stock_status":"instock","bundle_stock_quantity":null,"bundle_virtual":false,"bundle_layout":"","bundle_add_to_cart_form_location":"","bundle_editable_in_cart":false,"bundle_sold_individually_context":"","bundle_item_grouping":"","bundle_min_size":"","bundle_max_size":"","bundle_price":[],"bundled_items":[],"bundle_sell_ids":[],"exclude_global_add_ons":[],"addons":[],"acf":[],"_links":{"self":[{"href":"https:\/\/ptm-mechatronics.com\/cs\/wp-json\/wp\/v2\/product\/10450","targetHints":{"allow":["GET"]}}],"collection":[{"href":"https:\/\/ptm-mechatronics.com\/cs\/wp-json\/wp\/v2\/product"}],"about":[{"href":"https:\/\/ptm-mechatronics.com\/cs\/wp-json\/wp\/v2\/types\/product"}],"replies":[{"embeddable":true,"href":"https:\/\/ptm-mechatronics.com\/cs\/wp-json\/wp\/v2\/comments?post=10450"}],"wp:featuredmedia":[{"embeddable":true,"href":"https:\/\/ptm-mechatronics.com\/cs\/wp-json\/wp\/v2\/media\/15470"}],"wp:attachment":[{"href":"https:\/\/ptm-mechatronics.com\/cs\/wp-json\/wp\/v2\/media?parent=10450"}],"wp:term":[{"taxonomy":"product_brand","embeddable":true,"href":"https:\/\/ptm-mechatronics.com\/cs\/wp-json\/wp\/v2\/product_brand?post=10450"},{"taxonomy":"product_cat","embeddable":true,"href":"https:\/\/ptm-mechatronics.com\/cs\/wp-json\/wp\/v2\/product_cat?post=10450"},{"taxonomy":"product_tag","embeddable":true,"href":"https:\/\/ptm-mechatronics.com\/cs\/wp-json\/wp\/v2\/product_tag?post=10450"}],"curies":[{"name":"wp","href":"https:\/\/api.w.org\/{rel}","templated":true}]}}