{"id":10434,"date":"2024-07-04T09:08:32","date_gmt":"2024-07-04T07:08:32","guid":{"rendered":"https:\/\/ptm-mechatronics.com\/?post_type=product&#038;p=10434"},"modified":"2025-11-07T15:52:39","modified_gmt":"2025-11-07T14:52:39","slug":"tri-clamp-ruehrwerk","status":"publish","type":"product","link":"https:\/\/ptm-mechatronics.com\/cs\/product\/tri-clamp-ruehrwerk\/","title":{"rendered":"Trojsvorkov\u00e9 m\u00edchadlo"},"content":{"rendered":"<p class=\"\" data-start=\"126\" data-end=\"206\">M\u00edchadla Tri Clamp na m\u00edru - dokonale p\u0159izp\u016fsoben\u00e1 va\u0161im po\u017eadavk\u016fm<\/p>\n<p class=\"\" data-start=\"208\" data-end=\"519\">P\u0159izp\u016fsobte si m\u00edchadlo Tri Clamp sv\u00fdm individu\u00e1ln\u00edm po\u017eadavk\u016fm: Vyberte si flexibiln\u011b po\u017eadovan\u00fd v\u00fdkon motoru a spr\u00e1vnou velikost p\u0159ipojen\u00ed Tri Clamp. Kombinujeme komponenty optim\u00e1ln\u011b pro va\u0161i oblast pou\u017eit\u00ed - p\u0159esn\u00e9, \u00fa\u010dinn\u00e9 a navr\u017een\u00e9 pro nejvy\u0161\u0161\u00ed kvalitu.<\/p>\n<p class=\"\" data-start=\"521\" data-end=\"796\">K dispozici jsou dv\u011b mo\u017enosti upevn\u011bn\u00ed h\u0159\u00eddele m\u00edchadla: Bu\u010f se rozhodnete pro klasick\u00fd z\u00e1vitov\u00fd n\u00e1boj, nebo pro n\u00e1\u0161 patentovan\u00fd rychlov\u00fdm\u011bnn\u00fd syst\u00e9m eco-Quick, kter\u00fd umo\u017e\u0148uje mimo\u0159\u00e1dn\u011b rychlou a snadnou v\u00fdm\u011bnu h\u0159\u00eddele m\u00edchadla.<\/p>\n<p class=\"\" data-start=\"798\" data-end=\"1003\">N\u00e1\u0161 zku\u0161en\u00fd t\u00fdm v\u00e1m r\u00e1d porad\u00ed s v\u00fdb\u011brem vhodn\u00e9ho m\u00edchadla Tri Clamp pro va\u0161i konkr\u00e9tn\u00ed aplikaci. Kontaktujte n\u00e1s p\u0159\u00edmo - spole\u010dn\u011b najdeme dokonal\u00e9 \u0159e\u0161en\u00ed!<\/p>\n<p class=\"\" data-start=\"1005\" data-end=\"1126\"><em data-start=\"1005\" data-end=\"1126\">(P\u0159\u00edklady obr\u00e1zk\u016f produkt\u016f: Nerezov\u00e9 m\u00edchadlo eco-Drive INOX s trojsvorkou, nerezov\u00e9 m\u00edchadlo eco-Seal INOX s trojsvorkou).<\/em><\/p>","protected":false},"excerpt":{"rendered":"<p>Na\u0161e p\u0159izp\u016fsobiteln\u00e1 m\u00edchadla Tri Clamp kombinuj\u00ed voln\u011b voliteln\u00fd v\u00fdkon motoru a p\u0159ipojen\u00ed Tri Clamp se z\u00e1vitov\u00fdm n\u00e1bojem nebo na\u0161\u00edm patentovan\u00fdm rychlov\u00fdm\u011bnn\u00fdm syst\u00e9mem eco-Quick.<\/p>","protected":false},"featured_media":15464,"comment_status":"open","ping_status":"closed","template":"","meta":{"_acf_changed":false},"product_brand":[],"product_cat":[595,596,632],"product_tag":[2824,2825,2826,2827,2828,2829,2830,2831,2832,2833],"class_list":{"0":"post-10434","1":"product","2":"type-product","3":"status-publish","4":"has-post-thumbnail","6":"product_cat-ruehrwerkstechnik","7":"product_cat-laborruehrer","8":"product_cat-ruehrwerksantriebe","9":"product_tag-tri-clamp-ruehrwerk","10":"product_tag-edelstahlruehrwerk-tri-clamp","11":"product_tag-ruehrwerk-tri-clamp-anschluss","12":"product_tag-schnellwechselsystem-eco-quick","13":"product_tag-individuell-konfigurierbares-ruehrwerk","14":"product_tag-ruehrwerk-mit-gewindenabe","15":"product_tag-motorleistung-ruehrwerk-waehlen","16":"product_tag-tri-clamp-ruehrwerk-kaufen","17":"product_tag-edelstahlruehrwerk-online","18":"product_tag-tri-clamp-ruehrtechnik","19":"product_shipping_class-karton-paketversand","21":"first","22":"outofstock","23":"taxable","24":"shipping-taxable","25":"product-type-simple"},"bundled_by":[],"bundle_stock_status":"outofstock","bundle_stock_quantity":null,"bundle_virtual":false,"bundle_layout":"","bundle_add_to_cart_form_location":"","bundle_editable_in_cart":false,"bundle_sold_individually_context":"","bundle_item_grouping":"","bundle_min_size":"","bundle_max_size":"","bundle_price":[],"bundled_items":[],"bundle_sell_ids":[],"exclude_global_add_ons":[],"addons":[],"acf":[],"_links":{"self":[{"href":"https:\/\/ptm-mechatronics.com\/cs\/wp-json\/wp\/v2\/product\/10434","targetHints":{"allow":["GET"]}}],"collection":[{"href":"https:\/\/ptm-mechatronics.com\/cs\/wp-json\/wp\/v2\/product"}],"about":[{"href":"https:\/\/ptm-mechatronics.com\/cs\/wp-json\/wp\/v2\/types\/product"}],"replies":[{"embeddable":true,"href":"https:\/\/ptm-mechatronics.com\/cs\/wp-json\/wp\/v2\/comments?post=10434"}],"wp:featuredmedia":[{"embeddable":true,"href":"https:\/\/ptm-mechatronics.com\/cs\/wp-json\/wp\/v2\/media\/15464"}],"wp:attachment":[{"href":"https:\/\/ptm-mechatronics.com\/cs\/wp-json\/wp\/v2\/media?parent=10434"}],"wp:term":[{"taxonomy":"product_brand","embeddable":true,"href":"https:\/\/ptm-mechatronics.com\/cs\/wp-json\/wp\/v2\/product_brand?post=10434"},{"taxonomy":"product_cat","embeddable":true,"href":"https:\/\/ptm-mechatronics.com\/cs\/wp-json\/wp\/v2\/product_cat?post=10434"},{"taxonomy":"product_tag","embeddable":true,"href":"https:\/\/ptm-mechatronics.com\/cs\/wp-json\/wp\/v2\/product_tag?post=10434"}],"curies":[{"name":"wp","href":"https:\/\/api.w.org\/{rel}","templated":true}]}}